{"id":137239,"date":"2024-09-13T16:14:27","date_gmt":"2024-09-13T14:14:27","guid":{"rendered":"https:\/\/www.orentees.com\/location-vetement-de-ski-val-thorens-2\/"},"modified":"2024-12-17T12:26:35","modified_gmt":"2024-12-17T11:26:35","slug":"location-vetement-de-ski-brides-les-bains","status":"publish","type":"page","link":"https:\/\/www.orentees.com\/de\/location-vetement-de-ski-brides-les-bains\/","title":{"rendered":"Skibekleidungsverleih \u2013 Brides-les-Bains \u2013 O&#039;rentees"},"content":{"rendered":"<div data-elementor-type=\"wp-page\" data-elementor-id=\"137239\" class=\"elementor elementor-137239\" data-elementor-settings=\"{&quot;element_pack_global_tooltip_width&quot;:{&quot;unit&quot;:&quot;px&quot;,&quot;size&quot;:&quot;&quot;,&quot;sizes&quot;:[]},&quot;element_pack_global_tooltip_width_tablet&quot;:{&quot;unit&quot;:&quot;px&quot;,&quot;size&quot;:&quot;&quot;,&quot;sizes&quot;:[]},&quot;element_pack_global_tooltip_width_mobile&quot;:{&quot;unit&quot;:&quot;px&quot;,&quot;size&quot;:&quot;&quot;,&quot;sizes&quot;:[]},&quot;element_pack_global_tooltip_padding&quot;:{&quot;unit&quot;:&quot;px&quot;,&quot;top&quot;:&quot;&quot;,&quot;right&quot;:&quot;&quot;,&quot;bottom&quot;:&quot;&quot;,&quot;left&quot;:&quot;&quot;,&quot;isLinked&quot;:true},&quot;element_pack_global_tooltip_padding_tablet&quot;:{&quot;unit&quot;:&quot;px&quot;,&quot;top&quot;:&quot;&quot;,&quot;right&quot;:&quot;&quot;,&quot;bottom&quot;:&quot;&quot;,&quot;left&quot;:&quot;&quot;,&quot;isLinked&quot;:true},&quot;element_pack_global_tooltip_padding_mobile&quot;:{&quot;unit&quot;:&quot;px&quot;,&quot;top&quot;:&quot;&quot;,&quot;right&quot;:&quot;&quot;,&quot;bottom&quot;:&quot;&quot;,&quot;left&quot;:&quot;&quot;,&quot;isLinked&quot;:true},&quot;element_pack_global_tooltip_border_radius&quot;:{&quot;unit&quot;:&quot;px&quot;,&quot;top&quot;:&quot;&quot;,&quot;right&quot;:&quot;&quot;,&quot;bottom&quot;:&quot;&quot;,&quot;left&quot;:&quot;&quot;,&quot;isLinked&quot;:true},&quot;element_pack_global_tooltip_border_radius_tablet&quot;:{&quot;unit&quot;:&quot;px&quot;,&quot;top&quot;:&quot;&quot;,&quot;right&quot;:&quot;&quot;,&quot;bottom&quot;:&quot;&quot;,&quot;left&quot;:&quot;&quot;,&quot;isLinked&quot;:true},&quot;element_pack_global_tooltip_border_radius_mobile&quot;:{&quot;unit&quot;:&quot;px&quot;,&quot;top&quot;:&quot;&quot;,&quot;right&quot;:&quot;&quot;,&quot;bottom&quot;:&quot;&quot;,&quot;left&quot;:&quot;&quot;,&quot;isLinked&quot;:true}}\" data-elementor-post-type=\"page\">\n\t\t\t\t<div class=\"elementor-element elementor-element-bb1fbd8 wd-section-stretch e-flex e-con-boxed e-con e-parent\" data-id=\"bb1fbd8\" data-element_type=\"container\" data-settings=\"{&quot;background_background&quot;:&quot;classic&quot;}\">\n\t\t\t\t\t<div class=\"e-con-inner\">\n\t\t<div class=\"elementor-element elementor-element-31b2211 e-con-full e-flex e-con e-parent\" data-id=\"31b2211\" data-element_type=\"container\">\n\t\t\t\t<div class=\"elementor-element elementor-element-659e61d elementor-widget elementor-widget-heading\" data-id=\"659e61d\" data-element_type=\"widget\" data-widget_type=\"heading.default\">\n\t\t\t\t<div class=\"elementor-widget-container\">\n\t\t\t\t\t<h2 class=\"elementor-heading-title elementor-size-default\">Unser Station Point<\/h2>\t\t\t\t<\/div>\n\t\t\t\t<\/div>\n\t\t\t\t<div class=\"elementor-element elementor-element-23d998e elementor-widget elementor-widget-wd_text_block\" data-id=\"23d998e\" data-element_type=\"widget\" data-widget_type=\"wd_text_block.default\">\n\t\t\t\t<div class=\"elementor-widget-container\">\n\t\t\t\t\t\t\t<div class=\"wd-text-block reset-last-child text-left\">\n\t\t\t\n\t\t\t<p>&quot;Brides les Bains&quot;<\/p>\n\t\t\t\t\t<\/div>\n\t\t\t\t\t\t<\/div>\n\t\t\t\t<\/div>\n\t\t\t\t<\/div>\n\t\t\t\t\t<\/div>\n\t\t\t\t<\/div>\n\t\t<div class=\"elementor-element elementor-element-c873888 e-flex e-con-boxed e-con e-parent\" data-id=\"c873888\" data-element_type=\"container\">\n\t\t\t\t\t<div class=\"e-con-inner\">\n\t\t<div class=\"elementor-element elementor-element-3bb645f e-flex e-con-boxed e-con e-parent\" data-id=\"3bb645f\" data-element_type=\"container\" data-settings=\"{&quot;background_background&quot;:&quot;classic&quot;}\">\n\t\t\t\t\t<div class=\"e-con-inner\">\n\t\t<div class=\"elementor-element elementor-element-73518e8 e-con-full e-flex e-con e-parent\" data-id=\"73518e8\" data-element_type=\"container\">\n\t\t\t\t<div class=\"elementor-element elementor-element-f58e351 elementor-widget elementor-widget-heading\" data-id=\"f58e351\" data-element_type=\"widget\" data-widget_type=\"heading.default\">\n\t\t\t\t<div class=\"elementor-widget-container\">\n\t\t\t\t\t<h2 class=\"elementor-heading-title elementor-size-default\">GL\u00dcCKLICHE BERGE<\/h2>\t\t\t\t<\/div>\n\t\t\t\t<\/div>\n\t\t\t\t<div class=\"elementor-element elementor-element-83a5061 elementor-widget elementor-widget-wd_text_block\" data-id=\"83a5061\" data-element_type=\"widget\" data-widget_type=\"wd_text_block.default\">\n\t\t\t\t<div class=\"elementor-widget-container\">\n\t\t\t\t\t\t\t<div class=\"wd-text-block reset-last-child text-left\">\n\t\t\t\n\t\t\t<p>SPORT 2000<\/p>\n\t\t\t\t\t<\/div>\n\t\t\t\t\t\t<\/div>\n\t\t\t\t<\/div>\n\t\t\t\t<div class=\"elementor-element elementor-element-6717e72 elementor-widget-divider--view-line elementor-widget elementor-widget-divider\" data-id=\"6717e72\" data-element_type=\"widget\" data-widget_type=\"divider.default\">\n\t\t\t\t<div class=\"elementor-widget-container\">\n\t\t\t\t\t\t\t<div class=\"elementor-divider\">\n\t\t\t<span class=\"elementor-divider-separator\">\n\t\t\t\t\t\t<\/span>\n\t\t<\/div>\n\t\t\t\t\t\t<\/div>\n\t\t\t\t<\/div>\n\t\t\t\t<div class=\"elementor-element elementor-element-93705ae elementor-widget__width-initial color-scheme-inherit text-left elementor-widget elementor-widget-text-editor\" data-id=\"93705ae\" data-element_type=\"widget\" data-widget_type=\"text-editor.default\">\n\t\t\t\t<div class=\"elementor-widget-container\">\n\t\t\t\t\t\t\t\t\t<p>39 Rue Aristide Briand<\/p><p>73570 Brides-les-Bains<\/p>\t\t\t\t\t\t\t\t<\/div>\n\t\t\t\t<\/div>\n\t\t\t\t<div class=\"elementor-element elementor-element-6359e72 elementor-widget elementor-widget-heading\" data-id=\"6359e72\" data-element_type=\"widget\" data-widget_type=\"heading.default\">\n\t\t\t\t<div class=\"elementor-widget-container\">\n\t\t\t\t\t<h6 class=\"elementor-heading-title elementor-size-default\">\u00d6ffnungstage:<\/h6>\t\t\t\t<\/div>\n\t\t\t\t<\/div>\n\t\t\t\t<div class=\"elementor-element elementor-element-68ebe33 elementor-widget__width-initial color-scheme-inherit text-left elementor-widget elementor-widget-text-editor\" data-id=\"68ebe33\" data-element_type=\"widget\" data-widget_type=\"text-editor.default\">\n\t\t\t\t<div class=\"elementor-widget-container\">\n\t\t\t\t\t\t\t\t\t<p>Montag, Dienstag, Mittwoch, Donnerstag, Freitag, Samstag, Sonntag<\/p>\t\t\t\t\t\t\t\t<\/div>\n\t\t\t\t<\/div>\n\t\t\t\t<div class=\"elementor-element elementor-element-4c2c8c8 elementor-widget elementor-widget-heading\" data-id=\"4c2c8c8\" data-element_type=\"widget\" data-widget_type=\"heading.default\">\n\t\t\t\t<div class=\"elementor-widget-container\">\n\t\t\t\t\t<h6 class=\"elementor-heading-title elementor-size-default\">Zeitpl\u00e4ne :<\/h6>\t\t\t\t<\/div>\n\t\t\t\t<\/div>\n\t\t\t\t<div class=\"elementor-element elementor-element-a9dcd8a elementor-widget__width-initial color-scheme-inherit text-left elementor-widget elementor-widget-text-editor\" data-id=\"a9dcd8a\" data-element_type=\"widget\" data-widget_type=\"text-editor.default\">\n\t\t\t\t<div class=\"elementor-widget-container\">\n\t\t\t\t\t\t\t\t\t<p>8:30 \u2013 12:00 Uhr \/ 15:30 \u2013 19:00 Uhr<\/p>\t\t\t\t\t\t\t\t<\/div>\n\t\t\t\t<\/div>\n\t\t\t\t<\/div>\n\t\t<div class=\"elementor-element elementor-element-cd145fc e-con-full e-flex e-con e-parent\" data-id=\"cd145fc\" data-element_type=\"container\">\n\t\t\t\t<div class=\"elementor-element elementor-element-e27ca46 elementor-widget elementor-widget-google_maps\" data-id=\"e27ca46\" data-element_type=\"widget\" data-widget_type=\"google_maps.default\">\n\t\t\t\t<div class=\"elementor-widget-container\">\n\t\t\t\t\t\t\t<div class=\"elementor-custom-embed\">\n\t\t\t<iframe loading=\"lazy\"\n\t\t\t\t\tsrc=\"https:\/\/maps.google.com\/maps?q=sport%202000%20happy%20mountains&#038;t=m&#038;z=17&#038;output=embed&#038;iwloc=near\"\n\t\t\t\t\ttitle=\"Sport 2000 Happy Mountains\"\n\t\t\t\t\taria-label=\"Sport 2000 Happy Mountains\"\n\t\t\t><\/iframe>\n\t\t<\/div>\n\t\t\t\t\t\t<\/div>\n\t\t\t\t<\/div>\n\t\t\t\t<\/div>\n\t\t\t\t\t<\/div>\n\t\t\t\t<\/div>\n\t\t<div class=\"elementor-element elementor-element-c19a3ef e-flex e-con-boxed e-con e-parent\" data-id=\"c19a3ef\" data-element_type=\"container\" data-settings=\"{&quot;background_background&quot;:&quot;classic&quot;}\">\n\t\t\t\t\t<div class=\"e-con-inner\">\n\t\t<div class=\"elementor-element elementor-element-0c6821a e-con-full e-flex e-con e-parent\" data-id=\"0c6821a\" data-element_type=\"container\">\n\t\t\t\t<div class=\"elementor-element elementor-element-a3c488d elementor-widget elementor-widget-wd_text_block\" data-id=\"a3c488d\" data-element_type=\"widget\" data-widget_type=\"wd_text_block.default\">\n\t\t\t\t<div class=\"elementor-widget-container\">\n\t\t\t\t\t\t\t<div class=\"wd-text-block reset-last-child text-left\">\n\t\t\t\n\t\t\t<p>Pr\u00e4sentation<\/p>\n\t\t\t\t\t<\/div>\n\t\t\t\t\t\t<\/div>\n\t\t\t\t<\/div>\n\t\t\t\t<div class=\"elementor-element elementor-element-b9b1a82 elementor-widget elementor-widget-wd_text_block\" data-id=\"b9b1a82\" data-element_type=\"widget\" data-widget_type=\"wd_text_block.default\">\n\t\t\t\t<div class=\"elementor-widget-container\">\n\t\t\t\t\t\t\t<div class=\"wd-text-block reset-last-child text-left\">\n\t\t\t\n\t\t\tDas Team von Sport 2000 hei\u00dft Sie in Brides-les-Bains herzlich willkommen. Unser engagiertes Team ber\u00e4t Sie gerne bei der Auswahl Ihrer Skiausr\u00fcstung. Snowboards k\u00f6nnen Sie mieten und kaufen. Im Gesch\u00e4ft finden Sie au\u00dferdem einen Verkaufsbereich f\u00fcr Skibekleidung und Zubeh\u00f6r.\n\t\t\t\t\t<\/div>\n\t\t\t\t\t\t<\/div>\n\t\t\t\t<\/div>\n\t\t\t\t<div class=\"elementor-element elementor-element-f983482 elementor-widget elementor-widget-heading\" data-id=\"f983482\" data-element_type=\"widget\" data-widget_type=\"heading.default\">\n\t\t\t\t<div class=\"elementor-widget-container\">\n\t\t\t\t\t<h6 class=\"elementor-heading-title elementor-size-default\">Das kleine \u201e+\u201c:<\/h6>\t\t\t\t<\/div>\n\t\t\t\t<\/div>\n\t\t\t\t<div class=\"elementor-element elementor-element-35b88be elementor-widget elementor-widget-wd_text_block\" data-id=\"35b88be\" data-element_type=\"widget\" data-widget_type=\"wd_text_block.default\">\n\t\t\t\t<div class=\"elementor-widget-container\">\n\t\t\t\t\t\t\t<div class=\"wd-text-block reset-last-child text-left\">\n\t\t\t\n\t\t\t<p>Sparen Sie Zeit und holen Sie Ihre Ausr\u00fcstung bereits am Vortag Ihres ersten Miettages ab 17:30 Uhr ab.<\/p>\n\t\t\t\t\t<\/div>\n\t\t\t\t\t\t<\/div>\n\t\t\t\t<\/div>\n\t\t\t\t<div class=\"elementor-element elementor-element-5fee7bf elementor-mobile-align-center elementor-align-left elementor-widget elementor-widget-button\" data-id=\"5fee7bf\" data-element_type=\"widget\" data-widget_type=\"button.default\">\n\t\t\t\t<div class=\"elementor-widget-container\">\n\t\t\t\t\t\t\t\t\t<div class=\"elementor-button-wrapper\">\n\t\t\t\t\t<a class=\"elementor-button elementor-button-link elementor-size-sm\" href=\"https:\/\/location-ski.sport2000.fr\/magasins\/876-sport-2000-happy-mountains\" target=\"_blank\" rel=\"nofollow\">\n\t\t\t\t\t\t<span class=\"elementor-button-content-wrapper\">\n\t\t\t\t\t\t\t\t\t<span class=\"elementor-button-text\">Mieten Sie Ihre Skier<\/span>\n\t\t\t\t\t<\/span>\n\t\t\t\t\t<\/a>\n\t\t\t\t<\/div>\n\t\t\t\t\t\t\t\t<\/div>\n\t\t\t\t<\/div>\n\t\t\t\t<\/div>\n\t\t<div class=\"elementor-element elementor-element-6aab80b e-con-full e-flex e-con e-parent\" data-id=\"6aab80b\" data-element_type=\"container\">\n\t\t\t\t<div class=\"elementor-element elementor-element-7e5b257 elementor-widget elementor-widget-image\" data-id=\"7e5b257\" data-element_type=\"widget\" data-widget_type=\"image.default\">\n\t\t\t\t<div class=\"elementor-widget-container\">\n\t\t\t\t\t\t\t\t\t\t\t\t\t\t\t<img loading=\"lazy\" decoding=\"async\" width=\"1196\" height=\"671\" src=\"https:\/\/www.orentees.com\/wp-content\/uploads\/Location-combinaison-de-ski-a-brides-les-bains-Happy-mountain-sport-2000-by-Orentees.webp\" class=\"attachment-full size-full wp-image-137245\" alt=\"Location combinaison de ski a brides les bains Happy mountain sport 2000 by Orentees\" \/>\t\t\t\t\t\t\t\t\t\t\t\t\t\t\t<\/div>\n\t\t\t\t<\/div>\n\t\t\t\t<\/div>\n\t\t\t\t\t<\/div>\n\t\t\t\t<\/div>\n\t\t\t\t\t<\/div>\n\t\t\t\t<\/div>\n\t\t<div class=\"elementor-element elementor-element-a83e447 wd-section-stretch e-flex e-con-boxed e-con e-parent\" data-id=\"a83e447\" data-element_type=\"container\" data-settings=\"{&quot;background_background&quot;:&quot;classic&quot;}\">\n\t\t\t\t\t<div class=\"e-con-inner\">\n\t\t<div class=\"elementor-element elementor-element-5cdfca3 e-con-full e-flex e-con e-parent\" data-id=\"5cdfca3\" data-element_type=\"container\">\n\t\t\t\t<div class=\"elementor-element elementor-element-f0fc095 elementor-widget elementor-widget-heading\" data-id=\"f0fc095\" data-element_type=\"widget\" data-widget_type=\"heading.default\">\n\t\t\t\t<div class=\"elementor-widget-container\">\n\t\t\t\t\t<h2 class=\"elementor-heading-title elementor-size-default\">DER STATION<\/h2>\t\t\t\t<\/div>\n\t\t\t\t<\/div>\n\t\t\t\t<div class=\"elementor-element elementor-element-ad6475b elementor-widget elementor-widget-wd_text_block\" data-id=\"ad6475b\" data-element_type=\"widget\" data-widget_type=\"wd_text_block.default\">\n\t\t\t\t<div class=\"elementor-widget-container\">\n\t\t\t\t\t\t\t<div class=\"wd-text-block reset-last-child text-left\">\n\t\t\t\n\t\t\t<p>Brides les Bains<\/p>\n\t\t\t\t\t<\/div>\n\t\t\t\t\t\t<\/div>\n\t\t\t\t<\/div>\n\t\t\t\t<div class=\"elementor-element elementor-element-f1a74a1 elementor-widget-divider--view-line elementor-widget elementor-widget-divider\" data-id=\"f1a74a1\" data-element_type=\"widget\" data-widget_type=\"divider.default\">\n\t\t\t\t<div class=\"elementor-widget-container\">\n\t\t\t\t\t\t\t<div class=\"elementor-divider\">\n\t\t\t<span class=\"elementor-divider-separator\">\n\t\t\t\t\t\t<\/span>\n\t\t<\/div>\n\t\t\t\t\t\t<\/div>\n\t\t\t\t<\/div>\n\t\t\t\t<div class=\"elementor-element elementor-element-c58e6ea elementor-widget elementor-widget-wd_text_block\" data-id=\"c58e6ea\" data-element_type=\"widget\" data-widget_type=\"wd_text_block.default\">\n\t\t\t\t<div class=\"elementor-widget-container\">\n\t\t\t\t\t\t\t<div class=\"wd-text-block reset-last-child text-left\">\n\t\t\t\n\t\t\t<p>Im Herzen des Tarentaise-Tals und am Rande des Vanoise-Nationalparks liegt das Dorf Brides-les-Bains. Genie\u00dfen Sie einen Kurort mit Zugang zum wundersch\u00f6nen Skigebiet 3 Vall\u00e9es. Der Transfer zwischen den beiden ist dank der Olympe-Seilbahn m\u00f6glich, die Sie in 25 Minuten von einer Welt in die andere bringt.<\/p><p>Je nach Schneelage ist es sogar m\u00f6glich, das Dorf mit Skiern zu erreichen und dabei einen H\u00f6henunterschied von nicht weniger als 2000 m zu \u00fcberwinden.<br \/>Genie\u00dfen Sie nach Ihren Skitagen ein 2100 m\u00b2 gro\u00dfes Fitnesscenter: das gro\u00dfe Thermalbad, das 7 Tage die Woche ge\u00f6ffnet ist.<\/p>\n\t\t\t\t\t<\/div>\n\t\t\t\t\t\t<\/div>\n\t\t\t\t<\/div>\n\t\t\t\t<\/div>\n\t\t<div class=\"elementor-element elementor-element-1baea52 e-con-full e-flex e-con e-parent\" data-id=\"1baea52\" data-element_type=\"container\">\n\t\t\t\t<div class=\"elementor-element elementor-element-58c1373 elementor-widget-divider--view-line elementor-widget elementor-widget-divider\" data-id=\"58c1373\" data-element_type=\"widget\" data-widget_type=\"divider.default\">\n\t\t\t\t<div class=\"elementor-widget-container\">\n\t\t\t\t\t\t\t<div class=\"elementor-divider\">\n\t\t\t<span class=\"elementor-divider-separator\">\n\t\t\t\t\t\t<\/span>\n\t\t<\/div>\n\t\t\t\t\t\t<\/div>\n\t\t\t\t<\/div>\n\t\t\t\t<div class=\"elementor-element elementor-element-6bdc6f3 elementor-widget elementor-widget-wd_text_block\" data-id=\"6bdc6f3\" data-element_type=\"widget\" data-widget_type=\"wd_text_block.default\">\n\t\t\t\t<div class=\"elementor-widget-container\">\n\t\t\t\t\t\t\t<div class=\"wd-text-block reset-last-child text-left\">\n\t\t\t\n\t\t\t<p>Info<\/p>\n\t\t\t\t\t<\/div>\n\t\t\t\t\t\t<\/div>\n\t\t\t\t<\/div>\n\t\t\t\t<div class=\"elementor-element elementor-element-c7f27ae elementor-widget elementor-widget-wd_text_block\" data-id=\"c7f27ae\" data-element_type=\"widget\" data-widget_type=\"wd_text_block.default\">\n\t\t\t\t<div class=\"elementor-widget-container\">\n\t\t\t\t\t\t\t<div class=\"wd-text-block reset-last-child text-left\">\n\t\t\t\n\t\t\t<p>Praktiken<\/p>\n\t\t\t\t\t<\/div>\n\t\t\t\t\t\t<\/div>\n\t\t\t\t<\/div>\n\t\t\t\t<div class=\"elementor-element elementor-element-6935ecf elementor-widget elementor-widget-wd_text_block\" data-id=\"6935ecf\" data-element_type=\"widget\" data-widget_type=\"wd_text_block.default\">\n\t\t\t\t<div class=\"elementor-widget-container\">\n\t\t\t\t\t\t\t<div class=\"wd-text-block reset-last-child text-left\">\n\t\t\t\n\t\t\t<p>Standort: Nordalpen (73)<\/p><p>Stationsh\u00f6he: 600m<\/p><p>Anzahl der Titel: 83<\/p><p>H\u00f6henlage der Pisten: 600 bis 3200m<\/p>\n\t\t\t\t\t<\/div>\n\t\t\t\t\t\t<\/div>\n\t\t\t\t<\/div>\n\t\t\t\t<\/div>\n\t\t\t\t\t<\/div>\n\t\t\t\t<\/div>\n\t\t<div class=\"elementor-element elementor-element-618c779 wd-section-stretch e-flex e-con-boxed e-con e-parent\" data-id=\"618c779\" data-element_type=\"container\" data-settings=\"{&quot;background_background&quot;:&quot;classic&quot;}\">\n\t\t\t\t\t<div class=\"e-con-inner\">\n\t\t<div class=\"elementor-element elementor-element-fd6965a e-con-full e-flex e-con e-parent\" data-id=\"fd6965a\" data-element_type=\"container\">\n\t\t\t\t<div class=\"elementor-element elementor-element-e89b13f elementor-widget-divider--view-line elementor-widget elementor-widget-divider\" data-id=\"e89b13f\" data-element_type=\"widget\" data-widget_type=\"divider.default\">\n\t\t\t\t<div class=\"elementor-widget-container\">\n\t\t\t\t\t\t\t<div class=\"elementor-divider\">\n\t\t\t<span class=\"elementor-divider-separator\">\n\t\t\t\t\t\t<\/span>\n\t\t<\/div>\n\t\t\t\t\t\t<\/div>\n\t\t\t\t<\/div>\n\t\t\t\t<div class=\"elementor-element elementor-element-31bd67e elementor-widget elementor-widget-wd_text_block\" data-id=\"31bd67e\" data-element_type=\"widget\" data-widget_type=\"wd_text_block.default\">\n\t\t\t\t<div class=\"elementor-widget-container\">\n\t\t\t\t\t\t\t<div class=\"wd-text-block reset-last-child text-left\">\n\t\t\t\n\t\t\t<p>Unsere Skischule<\/p>\n\t\t\t\t\t<\/div>\n\t\t\t\t\t\t<\/div>\n\t\t\t\t<\/div>\n\t\t\t\t<div class=\"elementor-element elementor-element-b41de67 elementor-widget elementor-widget-wd_text_block\" data-id=\"b41de67\" data-element_type=\"widget\" data-widget_type=\"wd_text_block.default\">\n\t\t\t\t<div class=\"elementor-widget-container\">\n\t\t\t\t\t\t\t<div class=\"wd-text-block reset-last-child text-left\">\n\t\t\t\n\t\t\t<p>Favorit<\/p>\n\t\t\t\t\t<\/div>\n\t\t\t\t\t\t<\/div>\n\t\t\t\t<\/div>\n\t\t\t\t<div class=\"elementor-element elementor-element-36ee44a elementor-widget elementor-widget-wd_text_block\" data-id=\"36ee44a\" data-element_type=\"widget\" data-widget_type=\"wd_text_block.default\">\n\t\t\t\t<div class=\"elementor-widget-container\">\n\t\t\t\t\t\t\t<div class=\"wd-text-block reset-last-child text-left\">\n\t\t\t\n\t\t\t<p>Skibro<\/p><p>\u00dcberall in Frankreich und Europa<\/p><p>\u00a0<\/p>\n\t\t\t\t\t<\/div>\n\t\t\t\t\t\t<\/div>\n\t\t\t\t<\/div>\n\t\t\t\t<div class=\"elementor-element elementor-element-7dc0062 elementor-widget elementor-widget-wd_text_block\" data-id=\"7dc0062\" data-element_type=\"widget\" data-widget_type=\"wd_text_block.default\">\n\t\t\t\t<div class=\"elementor-widget-container\">\n\t\t\t\t\t\t\t<div class=\"wd-text-block reset-last-child text-left\">\n\t\t\t\n\t\t\t<p><span style=\"color: #ffffff;\"><a style=\"color: #f7f1e0;\" href=\"https:\/\/www.skibro.com\/en?&amp;partnerId=79ce8b13-727c-45f0-b9ba-cbd12c7eadc8&amp;utm_source=lespetitsmontagnard&amp;utm_medium=affiliate&amp;utm_campaign=Newsletter\" target=\"_blank\" rel=\"noopener\">Webseite<\/a><\/span><\/p>\n\t\t\t\t\t<\/div>\n\t\t\t\t\t\t<\/div>\n\t\t\t\t<\/div>\n\t\t\t\t<div class=\"elementor-element elementor-element-2c95bec elementor-widget elementor-widget-wd_text_block\" data-id=\"2c95bec\" data-element_type=\"widget\" data-widget_type=\"wd_text_block.default\">\n\t\t\t\t<div class=\"elementor-widget-container\">\n\t\t\t\t\t\t\t<div class=\"wd-text-block reset-last-child text-left\">\n\t\t\t\n\t\t\t<p>Finden Sie dank unseres Partners SkiBro die Schule oder den Skilehrer, die Sie brauchen, damit Ihr Skiausflug ein echter Erfolg wird.<\/p><p>\u00a0<\/p>\n\t\t\t\t\t<\/div>\n\t\t\t\t\t\t<\/div>\n\t\t\t\t<\/div>\n\t\t\t\t<\/div>\n\t\t<div class=\"elementor-element elementor-element-12ef9c8 e-con-full e-flex e-con e-parent\" data-id=\"12ef9c8\" data-element_type=\"container\">\n\t\t\t\t<div class=\"elementor-element elementor-element-392f160 elementor-widget-divider--view-line elementor-widget elementor-widget-divider\" data-id=\"392f160\" data-element_type=\"widget\" data-widget_type=\"divider.default\">\n\t\t\t\t<div class=\"elementor-widget-container\">\n\t\t\t\t\t\t\t<div class=\"elementor-divider\">\n\t\t\t<span class=\"elementor-divider-separator\">\n\t\t\t\t\t\t<\/span>\n\t\t<\/div>\n\t\t\t\t\t\t<\/div>\n\t\t\t\t<\/div>\n\t\t\t\t<div class=\"elementor-element elementor-element-dcc1c1a elementor-widget elementor-widget-wd_text_block\" data-id=\"dcc1c1a\" data-element_type=\"widget\" data-widget_type=\"wd_text_block.default\">\n\t\t\t\t<div class=\"elementor-widget-container\">\n\t\t\t\t\t\t\t<div class=\"wd-text-block reset-last-child text-left\">\n\t\t\t\n\t\t\t<p>Wie<\/p>\n\t\t\t\t\t<\/div>\n\t\t\t\t\t\t<\/div>\n\t\t\t\t<\/div>\n\t\t\t\t<div class=\"elementor-element elementor-element-616d247 elementor-widget elementor-widget-wd_text_block\" data-id=\"616d247\" data-element_type=\"widget\" data-widget_type=\"wd_text_block.default\">\n\t\t\t\t<div class=\"elementor-widget-container\">\n\t\t\t\t\t\t\t<div class=\"wd-text-block reset-last-child text-left\">\n\t\t\t\n\t\t\t<p>Anfahrt<\/p>\n\t\t\t\t\t<\/div>\n\t\t\t\t\t\t<\/div>\n\t\t\t\t<\/div>\n\t\t\t\t<div class=\"elementor-element elementor-element-27332c7 elementor-widget elementor-widget-wd_text_block\" data-id=\"27332c7\" data-element_type=\"widget\" data-widget_type=\"wd_text_block.default\">\n\t\t\t\t<div class=\"elementor-widget-container\">\n\t\t\t\t\t\t\t<div class=\"wd-text-block reset-last-child text-left\">\n\t\t\t\n\t\t\t<p>F\u00fcr die Anreise mit dem Zug ist der n\u00e4chstgelegene Bahnhof Mo\u00fbtiers. Zwischen dem Bahnhof und dem Resort verkehren Shuttlebusse.<\/p><p>Nutzen Sie im Resort die kostenlosen Shuttles, die w\u00e4hrend der Saison t\u00e4glich verkehren.<br \/>Wenn Sie mit dem Auto anreisen, sollten Sie Fahrgemeinschaften in Betracht ziehen; das ist einfach und umweltfreundlich.<\/p>\n\t\t\t\t\t<\/div>\n\t\t\t\t\t\t<\/div>\n\t\t\t\t<\/div>\n\t\t\t\t<\/div>\n\t\t\t\t\t<\/div>\n\t\t\t\t<\/div>\n\t\t<div class=\"elementor-element elementor-element-6216574 e-con-full e-flex e-con e-parent\" data-id=\"6216574\" data-element_type=\"container\">\n\t\t\t\t<div class=\"elementor-element elementor-element-53e5624 elementor-hidden-mobile elementor-widget elementor-widget-image\" data-id=\"53e5624\" data-element_type=\"widget\" data-widget_type=\"image.default\">\n\t\t\t\t<div class=\"elementor-widget-container\">\n\t\t\t\t\t\t\t\t\t\t\t\t\t\t\t<img decoding=\"async\" src=\"https:\/\/www.orentees.com\/wp-content\/uploads\/Picto-profitez.svg\" class=\"attachment-full size-full wp-image-32945\" alt=\"\" \/>\t\t\t\t\t\t\t\t\t\t\t\t\t\t\t<\/div>\n\t\t\t\t<\/div>\n\t\t<div class=\"elementor-element elementor-element-30d4540 e-con-full e-flex e-con e-parent\" data-id=\"30d4540\" data-element_type=\"container\">\n\t\t\t\t<div class=\"elementor-element elementor-element-8d47bc2 elementor-widget elementor-widget-html\" data-id=\"8d47bc2\" data-element_type=\"widget\" data-widget_type=\"html.default\">\n\t\t\t\t<div class=\"elementor-widget-container\">\n\t\t\t\t\t   <h1 style=\"font-family: 'Lexend', Sans-serif\">\n    <strong>SKIAUSR\u00dcSTUNG VERLEIH<\/strong><br>in Brides les Bains\n<\/h1>\n\t\t\t\t<\/div>\n\t\t\t\t<\/div>\n\t\t\t\t<div class=\"elementor-element elementor-element-a70c556 elementor-mobile-align-center elementor-align-left elementor-widget elementor-widget-button\" data-id=\"a70c556\" data-element_type=\"widget\" data-widget_type=\"button.default\">\n\t\t\t\t<div class=\"elementor-widget-container\">\n\t\t\t\t\t\t\t\t\t<div class=\"elementor-button-wrapper\">\n\t\t\t\t\t<a class=\"elementor-button elementor-button-link elementor-size-sm\" href=\"https:\/\/www.orentees.com\/de\/pc\/location-vetement-de-ski\/\" femme=\"\">\n\t\t\t\t\t\t<span class=\"elementor-button-content-wrapper\">\n\t\t\t\t\t\t\t\t\t<span class=\"elementor-button-text\">Zu vermieten<\/span>\n\t\t\t\t\t<\/span>\n\t\t\t\t\t<\/a>\n\t\t\t\t<\/div>\n\t\t\t\t\t\t\t\t<\/div>\n\t\t\t\t<\/div>\n\t\t\t\t<\/div>\n\t\t\t\t<\/div>\n\t\t\t\t<\/div>","protected":false},"excerpt":{"rendered":"<p>Notre Point station &#8220;Brides les Bains&#8221; HAPPY MOUNTAINS SPORT 2000 39 Rue Aristide Briand 73570 Brides-les-Bains Jours d&#8217;ouverture : Lundi,<\/p>","protected":false},"author":2,"featured_media":0,"parent":0,"menu_order":0,"comment_status":"closed","ping_status":"closed","template":"","meta":{"_acf_changed":false,"footnotes":""},"categories":[],"tags":[4055,4097],"class_list":["post-137239","page","type-page","status-publish","hentry","tag-point_station","tag-brides-les-bains"],"_links":{"self":[{"href":"https:\/\/www.orentees.com\/de\/wp-json\/wp\/v2\/pages\/137239","targetHints":{"allow":["GET"]}}],"collection":[{"href":"https:\/\/www.orentees.com\/de\/wp-json\/wp\/v2\/pages"}],"about":[{"href":"https:\/\/www.orentees.com\/de\/wp-json\/wp\/v2\/types\/page"}],"author":[{"embeddable":true,"href":"https:\/\/www.orentees.com\/de\/wp-json\/wp\/v2\/users\/2"}],"replies":[{"embeddable":true,"href":"https:\/\/www.orentees.com\/de\/wp-json\/wp\/v2\/comments?post=137239"}],"version-history":[{"count":18,"href":"https:\/\/www.orentees.com\/de\/wp-json\/wp\/v2\/pages\/137239\/revisions"}],"predecessor-version":[{"id":150299,"href":"https:\/\/www.orentees.com\/de\/wp-json\/wp\/v2\/pages\/137239\/revisions\/150299"}],"wp:attachment":[{"href":"https:\/\/www.orentees.com\/de\/wp-json\/wp\/v2\/media?parent=137239"}],"wp:term":[{"taxonomy":"category","embeddable":true,"href":"https:\/\/www.orentees.com\/de\/wp-json\/wp\/v2\/categories?post=137239"},{"taxonomy":"post_tag","embeddable":true,"href":"https:\/\/www.orentees.com\/de\/wp-json\/wp\/v2\/tags?post=137239"}],"curies":[{"name":"wp","href":"https:\/\/api.w.org\/{rel}","templated":true}]}}