{"id":138293,"date":"2024-09-17T16:16:37","date_gmt":"2024-09-17T14:16:37","guid":{"rendered":"https:\/\/www.orentees.com\/location-vetement-de-ski-peyragudes-2\/"},"modified":"2024-12-17T15:52:45","modified_gmt":"2024-12-17T14:52:45","slug":"location-vetement-de-ski-saint-gaudens","status":"publish","type":"page","link":"https:\/\/www.orentees.com\/de\/location-vetement-de-ski-saint-gaudens\/","title":{"rendered":"Skibekleidungsverleih \u2013 Saint Gaudens \u2013 O&#039;rentees"},"content":{"rendered":"<div data-elementor-type=\"wp-page\" data-elementor-id=\"138293\" class=\"elementor elementor-138293\" data-elementor-settings=\"{&quot;element_pack_global_tooltip_width&quot;:{&quot;unit&quot;:&quot;px&quot;,&quot;size&quot;:&quot;&quot;,&quot;sizes&quot;:[]},&quot;element_pack_global_tooltip_width_tablet&quot;:{&quot;unit&quot;:&quot;px&quot;,&quot;size&quot;:&quot;&quot;,&quot;sizes&quot;:[]},&quot;element_pack_global_tooltip_width_mobile&quot;:{&quot;unit&quot;:&quot;px&quot;,&quot;size&quot;:&quot;&quot;,&quot;sizes&quot;:[]},&quot;element_pack_global_tooltip_padding&quot;:{&quot;unit&quot;:&quot;px&quot;,&quot;top&quot;:&quot;&quot;,&quot;right&quot;:&quot;&quot;,&quot;bottom&quot;:&quot;&quot;,&quot;left&quot;:&quot;&quot;,&quot;isLinked&quot;:true},&quot;element_pack_global_tooltip_padding_tablet&quot;:{&quot;unit&quot;:&quot;px&quot;,&quot;top&quot;:&quot;&quot;,&quot;right&quot;:&quot;&quot;,&quot;bottom&quot;:&quot;&quot;,&quot;left&quot;:&quot;&quot;,&quot;isLinked&quot;:true},&quot;element_pack_global_tooltip_padding_mobile&quot;:{&quot;unit&quot;:&quot;px&quot;,&quot;top&quot;:&quot;&quot;,&quot;right&quot;:&quot;&quot;,&quot;bottom&quot;:&quot;&quot;,&quot;left&quot;:&quot;&quot;,&quot;isLinked&quot;:true},&quot;element_pack_global_tooltip_border_radius&quot;:{&quot;unit&quot;:&quot;px&quot;,&quot;top&quot;:&quot;&quot;,&quot;right&quot;:&quot;&quot;,&quot;bottom&quot;:&quot;&quot;,&quot;left&quot;:&quot;&quot;,&quot;isLinked&quot;:true},&quot;element_pack_global_tooltip_border_radius_tablet&quot;:{&quot;unit&quot;:&quot;px&quot;,&quot;top&quot;:&quot;&quot;,&quot;right&quot;:&quot;&quot;,&quot;bottom&quot;:&quot;&quot;,&quot;left&quot;:&quot;&quot;,&quot;isLinked&quot;:true},&quot;element_pack_global_tooltip_border_radius_mobile&quot;:{&quot;unit&quot;:&quot;px&quot;,&quot;top&quot;:&quot;&quot;,&quot;right&quot;:&quot;&quot;,&quot;bottom&quot;:&quot;&quot;,&quot;left&quot;:&quot;&quot;,&quot;isLinked&quot;:true}}\" data-elementor-post-type=\"page\">\n\t\t\t\t<div class=\"elementor-element elementor-element-bb1fbd8 wd-section-stretch e-flex e-con-boxed e-con e-parent\" data-id=\"bb1fbd8\" data-element_type=\"container\" data-settings=\"{&quot;background_background&quot;:&quot;classic&quot;}\">\n\t\t\t\t\t<div class=\"e-con-inner\">\n\t\t<div class=\"elementor-element elementor-element-31b2211 e-con-full e-flex e-con e-parent\" data-id=\"31b2211\" data-element_type=\"container\">\n\t\t\t\t<div class=\"elementor-element elementor-element-659e61d elementor-widget elementor-widget-heading\" data-id=\"659e61d\" data-element_type=\"widget\" data-widget_type=\"heading.default\">\n\t\t\t\t<div class=\"elementor-widget-container\">\n\t\t\t\t\t<h2 class=\"elementor-heading-title elementor-size-default\">Unser Station Point<\/h2>\t\t\t\t<\/div>\n\t\t\t\t<\/div>\n\t\t\t\t<div class=\"elementor-element elementor-element-23d998e elementor-widget elementor-widget-wd_text_block\" data-id=\"23d998e\" data-element_type=\"widget\" data-widget_type=\"wd_text_block.default\">\n\t\t\t\t<div class=\"elementor-widget-container\">\n\t\t\t\t\t\t\t<div class=\"wd-text-block reset-last-child text-left\">\n\t\t\t\n\t\t\t<p>&quot;Saint Gaudens&quot;<\/p>\n\t\t\t\t\t<\/div>\n\t\t\t\t\t\t<\/div>\n\t\t\t\t<\/div>\n\t\t\t\t<\/div>\n\t\t\t\t\t<\/div>\n\t\t\t\t<\/div>\n\t\t<div class=\"elementor-element elementor-element-c873888 e-flex e-con-boxed e-con e-parent\" data-id=\"c873888\" data-element_type=\"container\">\n\t\t\t\t\t<div class=\"e-con-inner\">\n\t\t<div class=\"elementor-element elementor-element-3bb645f e-flex e-con-boxed e-con e-parent\" data-id=\"3bb645f\" data-element_type=\"container\" data-settings=\"{&quot;background_background&quot;:&quot;classic&quot;}\">\n\t\t\t\t\t<div class=\"e-con-inner\">\n\t\t<div class=\"elementor-element elementor-element-73518e8 e-con-full e-flex e-con e-parent\" data-id=\"73518e8\" data-element_type=\"container\">\n\t\t\t\t<div class=\"elementor-element elementor-element-f58e351 elementor-widget elementor-widget-heading\" data-id=\"f58e351\" data-element_type=\"widget\" data-widget_type=\"heading.default\">\n\t\t\t\t<div class=\"elementor-widget-container\">\n\t\t\t\t\t<h2 class=\"elementor-heading-title elementor-size-default\">Die Stapa<\/h2>\t\t\t\t<\/div>\n\t\t\t\t<\/div>\n\t\t\t\t<div class=\"elementor-element elementor-element-83a5061 elementor-widget elementor-widget-wd_text_block\" data-id=\"83a5061\" data-element_type=\"widget\" data-widget_type=\"wd_text_block.default\">\n\t\t\t\t<div class=\"elementor-widget-container\">\n\t\t\t\t\t\t\t<div class=\"wd-text-block reset-last-child text-left\">\n\t\t\t\n\t\t\t<p>Skiverleih<\/p>\n\t\t\t\t\t<\/div>\n\t\t\t\t\t\t<\/div>\n\t\t\t\t<\/div>\n\t\t\t\t<div class=\"elementor-element elementor-element-6717e72 elementor-widget-divider--view-line elementor-widget elementor-widget-divider\" data-id=\"6717e72\" data-element_type=\"widget\" data-widget_type=\"divider.default\">\n\t\t\t\t<div class=\"elementor-widget-container\">\n\t\t\t\t\t\t\t<div class=\"elementor-divider\">\n\t\t\t<span class=\"elementor-divider-separator\">\n\t\t\t\t\t\t<\/span>\n\t\t<\/div>\n\t\t\t\t\t\t<\/div>\n\t\t\t\t<\/div>\n\t\t\t\t<div class=\"elementor-element elementor-element-93705ae elementor-widget__width-initial color-scheme-inherit text-left elementor-widget elementor-widget-text-editor\" data-id=\"93705ae\" data-element_type=\"widget\" data-widget_type=\"text-editor.default\">\n\t\t\t\t<div class=\"elementor-widget-container\">\n\t\t\t\t\t\t\t\t\t<p>13 Bd L\u00e9on Gambetta<\/p><div class=\"elementor-element elementor-element-6de45f61 elementor-widget elementor-widget-heading\" data-id=\"6de45f61\" data-element_type=\"widget\" data-widget_type=\"heading.default\"><div class=\"elementor-widget-container\"><p>31800 Saint-Gaudens<\/p><\/div><\/div>\t\t\t\t\t\t\t\t<\/div>\n\t\t\t\t<\/div>\n\t\t\t\t<div class=\"elementor-element elementor-element-6359e72 elementor-widget elementor-widget-heading\" data-id=\"6359e72\" data-element_type=\"widget\" data-widget_type=\"heading.default\">\n\t\t\t\t<div class=\"elementor-widget-container\">\n\t\t\t\t\t<h6 class=\"elementor-heading-title elementor-size-default\">\u00d6ffnungstage:<\/h6>\t\t\t\t<\/div>\n\t\t\t\t<\/div>\n\t\t\t\t<div class=\"elementor-element elementor-element-68ebe33 elementor-widget__width-initial color-scheme-inherit text-left elementor-widget elementor-widget-text-editor\" data-id=\"68ebe33\" data-element_type=\"widget\" data-widget_type=\"text-editor.default\">\n\t\t\t\t<div class=\"elementor-widget-container\">\n\t\t\t\t\t\t\t\t\t<p>Dienstag, Mittwoch, Donnerstag, Freitag, Samstag, Sonntag<\/p>\t\t\t\t\t\t\t\t<\/div>\n\t\t\t\t<\/div>\n\t\t\t\t<div class=\"elementor-element elementor-element-4c2c8c8 elementor-widget elementor-widget-heading\" data-id=\"4c2c8c8\" data-element_type=\"widget\" data-widget_type=\"heading.default\">\n\t\t\t\t<div class=\"elementor-widget-container\">\n\t\t\t\t\t<h6 class=\"elementor-heading-title elementor-size-default\">Zeitpl\u00e4ne :<\/h6>\t\t\t\t<\/div>\n\t\t\t\t<\/div>\n\t\t\t\t<div class=\"elementor-element elementor-element-a9dcd8a elementor-widget__width-initial color-scheme-inherit text-left elementor-widget elementor-widget-text-editor\" data-id=\"a9dcd8a\" data-element_type=\"widget\" data-widget_type=\"text-editor.default\">\n\t\t\t\t<div class=\"elementor-widget-container\">\n\t\t\t\t\t\t\t\t\t<p>10:00 \u2013 14:00 Uhr \/ 16:00 \u2013 19:00 Uhr<\/p>\t\t\t\t\t\t\t\t<\/div>\n\t\t\t\t<\/div>\n\t\t\t\t<\/div>\n\t\t<div class=\"elementor-element elementor-element-cd145fc e-con-full e-flex e-con e-parent\" data-id=\"cd145fc\" data-element_type=\"container\">\n\t\t\t\t<div class=\"elementor-element elementor-element-e27ca46 elementor-widget elementor-widget-google_maps\" data-id=\"e27ca46\" data-element_type=\"widget\" data-widget_type=\"google_maps.default\">\n\t\t\t\t<div class=\"elementor-widget-container\">\n\t\t\t\t\t\t\t<div class=\"elementor-custom-embed\">\n\t\t\t<iframe loading=\"lazy\"\n\t\t\t\t\tsrc=\"https:\/\/maps.google.com\/maps?q=L%27estapa%2C%20saint%20gaudens&#038;t=m&#038;z=17&#038;output=embed&#038;iwloc=near\"\n\t\t\t\t\ttitle=\"Die Estapa, Saint Gaudens\"\n\t\t\t\t\taria-label=\"Die Estapa, Saint Gaudens\"\n\t\t\t><\/iframe>\n\t\t<\/div>\n\t\t\t\t\t\t<\/div>\n\t\t\t\t<\/div>\n\t\t\t\t<\/div>\n\t\t\t\t\t<\/div>\n\t\t\t\t<\/div>\n\t\t<div class=\"elementor-element elementor-element-c19a3ef e-flex e-con-boxed e-con e-parent\" data-id=\"c19a3ef\" data-element_type=\"container\" data-settings=\"{&quot;background_background&quot;:&quot;classic&quot;}\">\n\t\t\t\t\t<div class=\"e-con-inner\">\n\t\t<div class=\"elementor-element elementor-element-0c6821a e-con-full e-flex e-con e-parent\" data-id=\"0c6821a\" data-element_type=\"container\">\n\t\t\t\t<div class=\"elementor-element elementor-element-a3c488d elementor-widget elementor-widget-wd_text_block\" data-id=\"a3c488d\" data-element_type=\"widget\" data-widget_type=\"wd_text_block.default\">\n\t\t\t\t<div class=\"elementor-widget-container\">\n\t\t\t\t\t\t\t<div class=\"wd-text-block reset-last-child text-left\">\n\t\t\t\n\t\t\t<p>Pr\u00e4sentation<\/p>\n\t\t\t\t\t<\/div>\n\t\t\t\t\t\t<\/div>\n\t\t\t\t<\/div>\n\t\t\t\t<div class=\"elementor-element elementor-element-b9b1a82 elementor-widget elementor-widget-wd_text_block\" data-id=\"b9b1a82\" data-element_type=\"widget\" data-widget_type=\"wd_text_block.default\">\n\t\t\t\t<div class=\"elementor-widget-container\">\n\t\t\t\t\t\t\t<div class=\"wd-text-block reset-last-child text-left\">\n\t\t\t\n\t\t\t<p>Der Sportladen und Skiverleih Estapa im Herzen von Saint Gaudens ist eine wahre Fundgrube f\u00fcr Berg- und Outdoorsportbegeisterte.<\/p><p>Estapa bietet eine gro\u00dfe Auswahl an hochwertiger Skiausr\u00fcstung und ist sowohl f\u00fcr Anf\u00e4nger als auch f\u00fcr erfahrene Skifahrer geeignet. Das Gesch\u00e4ft zeichnet sich durch sein umfangreiches Produktsortiment aus, das Skier, Snowboards sowie Kletter- und Mountainbike-Ausr\u00fcstung von Top-Marken umfasst und alle Bed\u00fcrfnisse von Sportlern erf\u00fcllt.<\/p><p>Neben dem Verleih bietet L&#039;Estapa eine gro\u00dfe Auswahl an neuer und gebrauchter Ausr\u00fcstung und bietet so f\u00fcr jeden Geldbeutel das Passende. Neben Bergaktivit\u00e4ten (Schneeschuhwandern, Orientierungslauf, Biathlon usw.)<\/p>\n\t\t\t\t\t<\/div>\n\t\t\t\t\t\t<\/div>\n\t\t\t\t<\/div>\n\t\t\t\t<div class=\"elementor-element elementor-element-f983482 elementor-widget elementor-widget-heading\" data-id=\"f983482\" data-element_type=\"widget\" data-widget_type=\"heading.default\">\n\t\t\t\t<div class=\"elementor-widget-container\">\n\t\t\t\t\t<h6 class=\"elementor-heading-title elementor-size-default\">Das kleine \u201e+\u201c:<\/h6>\t\t\t\t<\/div>\n\t\t\t\t<\/div>\n\t\t\t\t<div class=\"elementor-element elementor-element-35b88be elementor-widget elementor-widget-wd_text_block\" data-id=\"35b88be\" data-element_type=\"widget\" data-widget_type=\"wd_text_block.default\">\n\t\t\t\t<div class=\"elementor-widget-container\">\n\t\t\t\t\t\t\t<div class=\"wd-text-block reset-last-child text-left\">\n\t\t\t\n\t\t\t<p>Die Kaffeeabteilung zum Durstl\u00f6schen ist einfach TOP!<\/p>\n\t\t\t\t\t<\/div>\n\t\t\t\t\t\t<\/div>\n\t\t\t\t<\/div>\n\t\t\t\t<div class=\"elementor-element elementor-element-5fee7bf elementor-mobile-align-center elementor-align-left elementor-widget elementor-widget-button\" data-id=\"5fee7bf\" data-element_type=\"widget\" data-widget_type=\"button.default\">\n\t\t\t\t<div class=\"elementor-widget-container\">\n\t\t\t\t\t\t\t\t\t<div class=\"elementor-button-wrapper\">\n\t\t\t\t\t<a class=\"elementor-button elementor-button-link elementor-size-sm\" href=\"https:\/\/l-estapa.notresphere.com\/location-materiel\" target=\"_blank\" rel=\"nofollow\">\n\t\t\t\t\t\t<span class=\"elementor-button-content-wrapper\">\n\t\t\t\t\t\t\t\t\t<span class=\"elementor-button-text\">Mieten Sie Ihre Skier<\/span>\n\t\t\t\t\t<\/span>\n\t\t\t\t\t<\/a>\n\t\t\t\t<\/div>\n\t\t\t\t\t\t\t\t<\/div>\n\t\t\t\t<\/div>\n\t\t\t\t<\/div>\n\t\t<div class=\"elementor-element elementor-element-6aab80b e-con-full e-flex e-con e-parent\" data-id=\"6aab80b\" data-element_type=\"container\">\n\t\t\t\t<div class=\"elementor-element elementor-element-7e5b257 elementor-widget elementor-widget-image\" data-id=\"7e5b257\" data-element_type=\"widget\" data-widget_type=\"image.default\">\n\t\t\t\t<div class=\"elementor-widget-container\">\n\t\t\t\t\t\t\t\t\t\t\t\t\t\t\t<img loading=\"lazy\" decoding=\"async\" width=\"1024\" height=\"644\" src=\"https:\/\/www.orentees.com\/wp-content\/uploads\/location-vetement-de-ski-a-Saint-Gaudens-chez-lestapa-By-Orentees.webp\" class=\"attachment-full size-full wp-image-138307\" alt=\"location vetement de ski a Saint Gaudens chez lestapa By Orentees\" \/>\t\t\t\t\t\t\t\t\t\t\t\t\t\t\t<\/div>\n\t\t\t\t<\/div>\n\t\t\t\t<\/div>\n\t\t\t\t\t<\/div>\n\t\t\t\t<\/div>\n\t\t\t\t\t<\/div>\n\t\t\t\t<\/div>\n\t\t<div class=\"elementor-element elementor-element-a83e447 wd-section-stretch e-flex e-con-boxed e-con e-parent\" data-id=\"a83e447\" data-element_type=\"container\" data-settings=\"{&quot;background_background&quot;:&quot;classic&quot;}\">\n\t\t\t\t\t<div class=\"e-con-inner\">\n\t\t<div class=\"elementor-element elementor-element-5cdfca3 e-con-full e-flex e-con e-parent\" data-id=\"5cdfca3\" data-element_type=\"container\">\n\t\t\t\t<div class=\"elementor-element elementor-element-f0fc095 elementor-widget elementor-widget-heading\" data-id=\"f0fc095\" data-element_type=\"widget\" data-widget_type=\"heading.default\">\n\t\t\t\t<div class=\"elementor-widget-container\">\n\t\t\t\t\t<h2 class=\"elementor-heading-title elementor-size-default\">DER STATION<\/h2>\t\t\t\t<\/div>\n\t\t\t\t<\/div>\n\t\t\t\t<div class=\"elementor-element elementor-element-ad6475b elementor-widget elementor-widget-wd_text_block\" data-id=\"ad6475b\" data-element_type=\"widget\" data-widget_type=\"wd_text_block.default\">\n\t\t\t\t<div class=\"elementor-widget-container\">\n\t\t\t\t\t\t\t<div class=\"wd-text-block reset-last-child text-left\">\n\t\t\t\n\t\t\t<p>Saint Gaudens<\/p>\n\t\t\t\t\t<\/div>\n\t\t\t\t\t\t<\/div>\n\t\t\t\t<\/div>\n\t\t\t\t<div class=\"elementor-element elementor-element-f1a74a1 elementor-widget-divider--view-line elementor-widget elementor-widget-divider\" data-id=\"f1a74a1\" data-element_type=\"widget\" data-widget_type=\"divider.default\">\n\t\t\t\t<div class=\"elementor-widget-container\">\n\t\t\t\t\t\t\t<div class=\"elementor-divider\">\n\t\t\t<span class=\"elementor-divider-separator\">\n\t\t\t\t\t\t<\/span>\n\t\t<\/div>\n\t\t\t\t\t\t<\/div>\n\t\t\t\t<\/div>\n\t\t\t\t<div class=\"elementor-element elementor-element-c58e6ea elementor-widget elementor-widget-wd_text_block\" data-id=\"c58e6ea\" data-element_type=\"widget\" data-widget_type=\"wd_text_block.default\">\n\t\t\t\t<div class=\"elementor-widget-container\">\n\t\t\t\t\t\t\t<div class=\"wd-text-block reset-last-child text-left\">\n\t\t\t\n\t\t\t<p>Saint-Gaudens, im Herzen der Pyren\u00e4en in Okzitanien gelegen, ist der ideale Ausgangspunkt, um die umliegenden Skigebiete zu erkunden. Diese historische Stadt bietet eine faszinierende Mischung aus Kultur und Erbe \u2013 ideal f\u00fcr Wintersportler.<\/p><p>Das eine Autostunde entfernte Mourtis ist besonders bei Familien beliebt.<\/p><p>Superbagn\u00e8res, mit der Seilbahn von Luchon aus erreichbar.<\/p><p>Peyragudes, bekannt f\u00fcr seinen Modernismus und seine gut pr\u00e4parierten Pisten, ist ein Paradies f\u00fcr Skifahrer.<\/p>\n\t\t\t\t\t<\/div>\n\t\t\t\t\t\t<\/div>\n\t\t\t\t<\/div>\n\t\t\t\t<\/div>\n\t\t<div class=\"elementor-element elementor-element-1baea52 e-con-full e-flex e-con e-parent\" data-id=\"1baea52\" data-element_type=\"container\">\n\t\t\t\t<\/div>\n\t\t\t\t\t<\/div>\n\t\t\t\t<\/div>\n\t\t<div class=\"elementor-element elementor-element-618c779 wd-section-stretch e-flex e-con-boxed e-con e-parent\" data-id=\"618c779\" data-element_type=\"container\" data-settings=\"{&quot;background_background&quot;:&quot;classic&quot;}\">\n\t\t\t\t\t<div class=\"e-con-inner\">\n\t\t<div class=\"elementor-element elementor-element-fd6965a e-con-full e-flex e-con e-parent\" data-id=\"fd6965a\" data-element_type=\"container\">\n\t\t\t\t<div class=\"elementor-element elementor-element-e89b13f elementor-widget-divider--view-line elementor-widget elementor-widget-divider\" data-id=\"e89b13f\" data-element_type=\"widget\" data-widget_type=\"divider.default\">\n\t\t\t\t<div class=\"elementor-widget-container\">\n\t\t\t\t\t\t\t<div class=\"elementor-divider\">\n\t\t\t<span class=\"elementor-divider-separator\">\n\t\t\t\t\t\t<\/span>\n\t\t<\/div>\n\t\t\t\t\t\t<\/div>\n\t\t\t\t<\/div>\n\t\t\t\t<div class=\"elementor-element elementor-element-31bd67e elementor-widget elementor-widget-wd_text_block\" data-id=\"31bd67e\" data-element_type=\"widget\" data-widget_type=\"wd_text_block.default\">\n\t\t\t\t<div class=\"elementor-widget-container\">\n\t\t\t\t\t\t\t<div class=\"wd-text-block reset-last-child text-left\">\n\t\t\t\n\t\t\t<p>Unsere Skischule<\/p>\n\t\t\t\t\t<\/div>\n\t\t\t\t\t\t<\/div>\n\t\t\t\t<\/div>\n\t\t\t\t<div class=\"elementor-element elementor-element-b41de67 elementor-widget elementor-widget-wd_text_block\" data-id=\"b41de67\" data-element_type=\"widget\" data-widget_type=\"wd_text_block.default\">\n\t\t\t\t<div class=\"elementor-widget-container\">\n\t\t\t\t\t\t\t<div class=\"wd-text-block reset-last-child text-left\">\n\t\t\t\n\t\t\t<p>Favorit<\/p>\n\t\t\t\t\t<\/div>\n\t\t\t\t\t\t<\/div>\n\t\t\t\t<\/div>\n\t\t\t\t<div class=\"elementor-element elementor-element-36ee44a elementor-widget elementor-widget-wd_text_block\" data-id=\"36ee44a\" data-element_type=\"widget\" data-widget_type=\"wd_text_block.default\">\n\t\t\t\t<div class=\"elementor-widget-container\">\n\t\t\t\t\t\t\t<div class=\"wd-text-block reset-last-child text-left\">\n\t\t\t\n\t\t\t<p>SkiBro<\/p><p>\u00dcberall in Frankreich und Europa<\/p>\n\t\t\t\t\t<\/div>\n\t\t\t\t\t\t<\/div>\n\t\t\t\t<\/div>\n\t\t\t\t<div class=\"elementor-element elementor-element-7dc0062 elementor-widget elementor-widget-wd_text_block\" data-id=\"7dc0062\" data-element_type=\"widget\" data-widget_type=\"wd_text_block.default\">\n\t\t\t\t<div class=\"elementor-widget-container\">\n\t\t\t\t\t\t\t<div class=\"wd-text-block reset-last-child text-left\">\n\t\t\t\n\t\t\t<p><span style=\"color: #ffffff;\"><a style=\"color: #f7f1e0;\" href=\"https:\/\/www.skibro.com\/en?&amp;partnerId=79ce8b13-727c-45f0-b9ba-cbd12c7eadc8&amp;utm_source=lespetitsmontagnard&amp;utm_medium=affiliate&amp;utm_campaign=Newsletter\" target=\"_blank\" rel=\"noopener\">Webseite<\/a><\/span><\/p>\n\t\t\t\t\t<\/div>\n\t\t\t\t\t\t<\/div>\n\t\t\t\t<\/div>\n\t\t\t\t<div class=\"elementor-element elementor-element-2c95bec elementor-widget elementor-widget-wd_text_block\" data-id=\"2c95bec\" data-element_type=\"widget\" data-widget_type=\"wd_text_block.default\">\n\t\t\t\t<div class=\"elementor-widget-container\">\n\t\t\t\t\t\t\t<div class=\"wd-text-block reset-last-child text-left\">\n\t\t\t\n\t\t\t<p>Finden Sie dank unseres Partners SkiBro die Schule oder den Skilehrer, die Sie brauchen, damit Ihr Skiausflug ein echter Erfolg wird.<\/p>\n\t\t\t\t\t<\/div>\n\t\t\t\t\t\t<\/div>\n\t\t\t\t<\/div>\n\t\t\t\t<\/div>\n\t\t<div class=\"elementor-element elementor-element-12ef9c8 e-con-full e-flex e-con e-parent\" data-id=\"12ef9c8\" data-element_type=\"container\">\n\t\t\t\t<div class=\"elementor-element elementor-element-392f160 elementor-widget-divider--view-line elementor-widget elementor-widget-divider\" data-id=\"392f160\" data-element_type=\"widget\" data-widget_type=\"divider.default\">\n\t\t\t\t<div class=\"elementor-widget-container\">\n\t\t\t\t\t\t\t<div class=\"elementor-divider\">\n\t\t\t<span class=\"elementor-divider-separator\">\n\t\t\t\t\t\t<\/span>\n\t\t<\/div>\n\t\t\t\t\t\t<\/div>\n\t\t\t\t<\/div>\n\t\t\t\t<div class=\"elementor-element elementor-element-dcc1c1a elementor-widget elementor-widget-wd_text_block\" data-id=\"dcc1c1a\" data-element_type=\"widget\" data-widget_type=\"wd_text_block.default\">\n\t\t\t\t<div class=\"elementor-widget-container\">\n\t\t\t\t\t\t\t<div class=\"wd-text-block reset-last-child text-left\">\n\t\t\t\n\t\t\t<p>Wie<\/p>\n\t\t\t\t\t<\/div>\n\t\t\t\t\t\t<\/div>\n\t\t\t\t<\/div>\n\t\t\t\t<div class=\"elementor-element elementor-element-616d247 elementor-widget elementor-widget-wd_text_block\" data-id=\"616d247\" data-element_type=\"widget\" data-widget_type=\"wd_text_block.default\">\n\t\t\t\t<div class=\"elementor-widget-container\">\n\t\t\t\t\t\t\t<div class=\"wd-text-block reset-last-child text-left\">\n\t\t\t\n\t\t\t<p>Anfahrt<\/p>\n\t\t\t\t\t<\/div>\n\t\t\t\t\t\t<\/div>\n\t\t\t\t<\/div>\n\t\t\t\t<div class=\"elementor-element elementor-element-27332c7 elementor-widget elementor-widget-wd_text_block\" data-id=\"27332c7\" data-element_type=\"widget\" data-widget_type=\"wd_text_block.default\">\n\t\t\t\t<div class=\"elementor-widget-container\">\n\t\t\t\t\t\t\t<div class=\"wd-text-block reset-last-child text-left\">\n\t\t\t\n\t\t\t<p>F\u00fcr Bahnreisende ist der SNCF-Bahnhof sehr gut erreichbar. Andernfalls empfiehlt sich die Bildung von Fahrgemeinschaften.<\/p><p>Und wer mit dem Auto anreisen m\u00f6chte, sollte \u00fcber Fahrgemeinschaften nachdenken: Das ist einfach und g\u00fcnstig!<\/p>\n\t\t\t\t\t<\/div>\n\t\t\t\t\t\t<\/div>\n\t\t\t\t<\/div>\n\t\t\t\t<\/div>\n\t\t\t\t\t<\/div>\n\t\t\t\t<\/div>\n\t\t<div class=\"elementor-element elementor-element-6216574 e-con-full e-flex e-con e-parent\" data-id=\"6216574\" data-element_type=\"container\">\n\t\t\t\t<div class=\"elementor-element elementor-element-53e5624 elementor-hidden-mobile elementor-widget elementor-widget-image\" data-id=\"53e5624\" data-element_type=\"widget\" data-widget_type=\"image.default\">\n\t\t\t\t<div class=\"elementor-widget-container\">\n\t\t\t\t\t\t\t\t\t\t\t\t\t\t\t<img decoding=\"async\" src=\"https:\/\/www.orentees.com\/wp-content\/uploads\/Picto-profitez.svg\" class=\"attachment-full size-full wp-image-32945\" alt=\"\" \/>\t\t\t\t\t\t\t\t\t\t\t\t\t\t\t<\/div>\n\t\t\t\t<\/div>\n\t\t<div class=\"elementor-element elementor-element-30d4540 e-con-full e-flex e-con e-parent\" data-id=\"30d4540\" data-element_type=\"container\">\n\t\t\t\t<div class=\"elementor-element elementor-element-8d47bc2 elementor-widget elementor-widget-html\" data-id=\"8d47bc2\" data-element_type=\"widget\" data-widget_type=\"html.default\">\n\t\t\t\t<div class=\"elementor-widget-container\">\n\t\t\t\t\t   <h1 style=\"font-family: 'Lexend', Sans-serif\">\n    <strong>SKIAUSR\u00dcSTUNG VERLEIH<\/strong><br>in Saint Gaudens\n<\/h1>\n\t\t\t\t<\/div>\n\t\t\t\t<\/div>\n\t\t\t\t<div class=\"elementor-element elementor-element-a70c556 elementor-mobile-align-center elementor-align-left elementor-widget elementor-widget-button\" data-id=\"a70c556\" data-element_type=\"widget\" data-widget_type=\"button.default\">\n\t\t\t\t<div class=\"elementor-widget-container\">\n\t\t\t\t\t\t\t\t\t<div class=\"elementor-button-wrapper\">\n\t\t\t\t\t<a class=\"elementor-button elementor-button-link elementor-size-sm\" href=\"https:\/\/www.orentees.com\/de\/pc\/location-vetement-de-ski\/\" femme=\"\">\n\t\t\t\t\t\t<span class=\"elementor-button-content-wrapper\">\n\t\t\t\t\t\t\t\t\t<span class=\"elementor-button-text\">Zu vermieten<\/span>\n\t\t\t\t\t<\/span>\n\t\t\t\t\t<\/a>\n\t\t\t\t<\/div>\n\t\t\t\t\t\t\t\t<\/div>\n\t\t\t\t<\/div>\n\t\t\t\t<\/div>\n\t\t\t\t<\/div>\n\t\t<div class=\"elementor-element elementor-element-8cd9fbc e-con-full e-flex e-con e-parent\" data-id=\"8cd9fbc\" data-element_type=\"container\">\n\t\t\t\t<div class=\"elementor-element elementor-element-ec5d799 elementor-widget elementor-widget-wd_text_block\" data-id=\"ec5d799\" data-element_type=\"widget\" data-widget_type=\"wd_text_block.default\">\n\t\t\t\t<div class=\"elementor-widget-container\">\n\t\t\t\t\t\t\t<div class=\"wd-text-block reset-last-child text-left\">\n\t\t\t\n\t\t\t<h2><strong>Mieten Sie Ihre Skikleidung in Saint-Gaudens, dem Tor zu den Pyren\u00e4en<\/strong><\/h2><p>Bereiten Sie sich mit unserem Skiverleih in Saint-Gaudens auf Ihr Abenteuer in den Pyren\u00e4en vor. Dank unserer idealen Lage und der N\u00e4he zu den umliegenden Skigebieten bietet unsere technische Kleidung Komfort, Stil und Leistung f\u00fcr einen erfolgreichen Tag auf der Piste.<\/p><p>Entscheiden Sie sich f\u00fcr eine praktische und umweltfreundliche L\u00f6sung, die Ihre Vorbereitungen vereinfacht und gleichzeitig die Umwelt schont. Erkunden Sie von diesem Tor zu den Pyren\u00e4en aus majest\u00e4tische Berge und bezaubernde Landschaften f\u00fcr einen unvergesslichen Urlaub in aller Ruhe.<\/p>\n\t\t\t\t\t<\/div>\n\t\t\t\t\t\t<\/div>\n\t\t\t\t<\/div>\n\t\t\t\t<\/div>\n\t\t\t\t<\/div>","protected":false},"excerpt":{"rendered":"<p>Notre Point station &#8220;Saint Gaudens&#8221; L&#8217;estapa Ski Rental 13 Bd L\u00e9on Gambetta 31800 Saint-Gaudens Jours d&#8217;ouverture : Mardi, Mercredi, Jeudi,<\/p>","protected":false},"author":2,"featured_media":0,"parent":0,"menu_order":0,"comment_status":"closed","ping_status":"closed","template":"","meta":{"_acf_changed":false,"footnotes":""},"categories":[],"tags":[4055,4159],"class_list":["post-138293","page","type-page","status-publish","hentry","tag-point_station","tag-saint-gaudens"],"_links":{"self":[{"href":"https:\/\/www.orentees.com\/de\/wp-json\/wp\/v2\/pages\/138293","targetHints":{"allow":["GET"]}}],"collection":[{"href":"https:\/\/www.orentees.com\/de\/wp-json\/wp\/v2\/pages"}],"about":[{"href":"https:\/\/www.orentees.com\/de\/wp-json\/wp\/v2\/types\/page"}],"author":[{"embeddable":true,"href":"https:\/\/www.orentees.com\/de\/wp-json\/wp\/v2\/users\/2"}],"replies":[{"embeddable":true,"href":"https:\/\/www.orentees.com\/de\/wp-json\/wp\/v2\/comments?post=138293"}],"version-history":[{"count":18,"href":"https:\/\/www.orentees.com\/de\/wp-json\/wp\/v2\/pages\/138293\/revisions"}],"predecessor-version":[{"id":161467,"href":"https:\/\/www.orentees.com\/de\/wp-json\/wp\/v2\/pages\/138293\/revisions\/161467"}],"wp:attachment":[{"href":"https:\/\/www.orentees.com\/de\/wp-json\/wp\/v2\/media?parent=138293"}],"wp:term":[{"taxonomy":"category","embeddable":true,"href":"https:\/\/www.orentees.com\/de\/wp-json\/wp\/v2\/categories?post=138293"},{"taxonomy":"post_tag","embeddable":true,"href":"https:\/\/www.orentees.com\/de\/wp-json\/wp\/v2\/tags?post=138293"}],"curies":[{"name":"wp","href":"https:\/\/api.w.org\/{rel}","templated":true}]}}