{"id":138321,"date":"2024-09-17T16:52:30","date_gmt":"2024-09-17T14:52:30","guid":{"rendered":"https:\/\/www.orentees.com\/location-vetement-de-ski-peyragudes-2\/"},"modified":"2024-12-17T13:52:23","modified_gmt":"2024-12-17T12:52:23","slug":"location-vetement-de-ski-le-mourtis","status":"publish","type":"page","link":"https:\/\/www.orentees.com\/de\/location-vetement-de-ski-le-mourtis\/","title":{"rendered":"Location v\u00eatement de ski &#8211; Le Mourtis &#8211; O&#8217;rentees"},"content":{"rendered":"<div data-elementor-type=\"wp-page\" data-elementor-id=\"138321\" class=\"elementor elementor-138321\" data-elementor-settings=\"{&quot;element_pack_global_tooltip_width&quot;:{&quot;unit&quot;:&quot;px&quot;,&quot;size&quot;:&quot;&quot;,&quot;sizes&quot;:[]},&quot;element_pack_global_tooltip_width_tablet&quot;:{&quot;unit&quot;:&quot;px&quot;,&quot;size&quot;:&quot;&quot;,&quot;sizes&quot;:[]},&quot;element_pack_global_tooltip_width_mobile&quot;:{&quot;unit&quot;:&quot;px&quot;,&quot;size&quot;:&quot;&quot;,&quot;sizes&quot;:[]},&quot;element_pack_global_tooltip_padding&quot;:{&quot;unit&quot;:&quot;px&quot;,&quot;top&quot;:&quot;&quot;,&quot;right&quot;:&quot;&quot;,&quot;bottom&quot;:&quot;&quot;,&quot;left&quot;:&quot;&quot;,&quot;isLinked&quot;:true},&quot;element_pack_global_tooltip_padding_tablet&quot;:{&quot;unit&quot;:&quot;px&quot;,&quot;top&quot;:&quot;&quot;,&quot;right&quot;:&quot;&quot;,&quot;bottom&quot;:&quot;&quot;,&quot;left&quot;:&quot;&quot;,&quot;isLinked&quot;:true},&quot;element_pack_global_tooltip_padding_mobile&quot;:{&quot;unit&quot;:&quot;px&quot;,&quot;top&quot;:&quot;&quot;,&quot;right&quot;:&quot;&quot;,&quot;bottom&quot;:&quot;&quot;,&quot;left&quot;:&quot;&quot;,&quot;isLinked&quot;:true},&quot;element_pack_global_tooltip_border_radius&quot;:{&quot;unit&quot;:&quot;px&quot;,&quot;top&quot;:&quot;&quot;,&quot;right&quot;:&quot;&quot;,&quot;bottom&quot;:&quot;&quot;,&quot;left&quot;:&quot;&quot;,&quot;isLinked&quot;:true},&quot;element_pack_global_tooltip_border_radius_tablet&quot;:{&quot;unit&quot;:&quot;px&quot;,&quot;top&quot;:&quot;&quot;,&quot;right&quot;:&quot;&quot;,&quot;bottom&quot;:&quot;&quot;,&quot;left&quot;:&quot;&quot;,&quot;isLinked&quot;:true},&quot;element_pack_global_tooltip_border_radius_mobile&quot;:{&quot;unit&quot;:&quot;px&quot;,&quot;top&quot;:&quot;&quot;,&quot;right&quot;:&quot;&quot;,&quot;bottom&quot;:&quot;&quot;,&quot;left&quot;:&quot;&quot;,&quot;isLinked&quot;:true}}\" data-elementor-post-type=\"page\">\n\t\t\t\t<div class=\"elementor-element elementor-element-bb1fbd8 wd-section-stretch e-flex e-con-boxed e-con e-parent\" data-id=\"bb1fbd8\" data-element_type=\"container\" data-settings=\"{&quot;background_background&quot;:&quot;classic&quot;}\">\n\t\t\t\t\t<div class=\"e-con-inner\">\n\t\t<div class=\"elementor-element elementor-element-31b2211 e-con-full e-flex e-con e-parent\" data-id=\"31b2211\" data-element_type=\"container\">\n\t\t\t\t<div class=\"elementor-element elementor-element-659e61d elementor-widget elementor-widget-heading\" data-id=\"659e61d\" data-element_type=\"widget\" data-widget_type=\"heading.default\">\n\t\t\t\t<div class=\"elementor-widget-container\">\n\t\t\t\t\t<h2 class=\"elementor-heading-title elementor-size-default\">Unser Station Point<\/h2>\t\t\t\t<\/div>\n\t\t\t\t<\/div>\n\t\t\t\t<div class=\"elementor-element elementor-element-23d998e elementor-widget elementor-widget-wd_text_block\" data-id=\"23d998e\" data-element_type=\"widget\" data-widget_type=\"wd_text_block.default\">\n\t\t\t\t<div class=\"elementor-widget-container\">\n\t\t\t\t\t\t\t<div class=\"wd-text-block reset-last-child text-left\">\n\t\t\t\n\t\t\t<p>\u201eDie Mourtis\u201c<\/p>\n\t\t\t\t\t<\/div>\n\t\t\t\t\t\t<\/div>\n\t\t\t\t<\/div>\n\t\t\t\t<\/div>\n\t\t\t\t\t<\/div>\n\t\t\t\t<\/div>\n\t\t<div class=\"elementor-element elementor-element-c873888 e-flex e-con-boxed e-con e-parent\" data-id=\"c873888\" data-element_type=\"container\">\n\t\t\t\t\t<div class=\"e-con-inner\">\n\t\t<div class=\"elementor-element elementor-element-3bb645f e-flex e-con-boxed e-con e-parent\" data-id=\"3bb645f\" data-element_type=\"container\" data-settings=\"{&quot;background_background&quot;:&quot;classic&quot;}\">\n\t\t\t\t\t<div class=\"e-con-inner\">\n\t\t<div class=\"elementor-element elementor-element-73518e8 e-con-full e-flex e-con e-parent\" data-id=\"73518e8\" data-element_type=\"container\">\n\t\t\t\t<div class=\"elementor-element elementor-element-f58e351 elementor-widget elementor-widget-heading\" data-id=\"f58e351\" data-element_type=\"widget\" data-widget_type=\"heading.default\">\n\t\t\t\t<div class=\"elementor-widget-container\">\n\t\t\t\t\t<h2 class=\"elementor-heading-title elementor-size-default\">Tuc des Teiches<\/h2>\t\t\t\t<\/div>\n\t\t\t\t<\/div>\n\t\t\t\t<div class=\"elementor-element elementor-element-83a5061 elementor-widget elementor-widget-wd_text_block\" data-id=\"83a5061\" data-element_type=\"widget\" data-widget_type=\"wd_text_block.default\">\n\t\t\t\t<div class=\"elementor-widget-container\">\n\t\t\t\t\t\t\t<div class=\"wd-text-block reset-last-child text-left\">\n\t\t\t\n\t\t\t<p>\u00dcbernachtung mit Fr\u00fchst\u00fcck<\/p>\n\t\t\t\t\t<\/div>\n\t\t\t\t\t\t<\/div>\n\t\t\t\t<\/div>\n\t\t\t\t<div class=\"elementor-element elementor-element-6717e72 elementor-widget-divider--view-line elementor-widget elementor-widget-divider\" data-id=\"6717e72\" data-element_type=\"widget\" data-widget_type=\"divider.default\">\n\t\t\t\t<div class=\"elementor-widget-container\">\n\t\t\t\t\t\t\t<div class=\"elementor-divider\">\n\t\t\t<span class=\"elementor-divider-separator\">\n\t\t\t\t\t\t<\/span>\n\t\t<\/div>\n\t\t\t\t\t\t<\/div>\n\t\t\t\t<\/div>\n\t\t\t\t<div class=\"elementor-element elementor-element-93705ae elementor-widget__width-initial color-scheme-inherit text-left elementor-widget elementor-widget-text-editor\" data-id=\"93705ae\" data-element_type=\"widget\" data-widget_type=\"text-editor.default\">\n\t\t\t\t<div class=\"elementor-widget-container\">\n\t\t\t\t\t\t\t\t\t<p>Die Courraous \u2013<\/p><p>Bahnhof Mourtis<\/p><div class=\"elementor-element elementor-element-6de45f61 elementor-widget elementor-widget-heading\" data-id=\"6de45f61\" data-element_type=\"widget\" data-widget_type=\"heading.default\"><div class=\"elementor-widget-container\"><p>31440 BOUTX<\/p><\/div><\/div>\t\t\t\t\t\t\t\t<\/div>\n\t\t\t\t<\/div>\n\t\t\t\t<div class=\"elementor-element elementor-element-6359e72 elementor-widget elementor-widget-heading\" data-id=\"6359e72\" data-element_type=\"widget\" data-widget_type=\"heading.default\">\n\t\t\t\t<div class=\"elementor-widget-container\">\n\t\t\t\t\t<h6 class=\"elementor-heading-title elementor-size-default\">\u00d6ffnungstage:<\/h6>\t\t\t\t<\/div>\n\t\t\t\t<\/div>\n\t\t\t\t<div class=\"elementor-element elementor-element-68ebe33 elementor-widget__width-initial color-scheme-inherit text-left elementor-widget elementor-widget-text-editor\" data-id=\"68ebe33\" data-element_type=\"widget\" data-widget_type=\"text-editor.default\">\n\t\t\t\t<div class=\"elementor-widget-container\">\n\t\t\t\t\t\t\t\t\t<p>Montag, Dienstag, Mittwoch, Donnerstag, Freitag, Samstag, Sonntag<\/p>\t\t\t\t\t\t\t\t<\/div>\n\t\t\t\t<\/div>\n\t\t\t\t<div class=\"elementor-element elementor-element-4c2c8c8 elementor-widget elementor-widget-heading\" data-id=\"4c2c8c8\" data-element_type=\"widget\" data-widget_type=\"heading.default\">\n\t\t\t\t<div class=\"elementor-widget-container\">\n\t\t\t\t\t<h6 class=\"elementor-heading-title elementor-size-default\">Zeitpl\u00e4ne :<\/h6>\t\t\t\t<\/div>\n\t\t\t\t<\/div>\n\t\t\t\t<div class=\"elementor-element elementor-element-a9dcd8a elementor-widget__width-initial color-scheme-inherit text-left elementor-widget elementor-widget-text-editor\" data-id=\"a9dcd8a\" data-element_type=\"widget\" data-widget_type=\"text-editor.default\">\n\t\t\t\t<div class=\"elementor-widget-container\">\n\t\t\t\t\t\t\t\t\t<p>9 \u2013 12 Uhr \/ 12 \u2013 17 Uhr<\/p>\t\t\t\t\t\t\t\t<\/div>\n\t\t\t\t<\/div>\n\t\t\t\t<\/div>\n\t\t<div class=\"elementor-element elementor-element-cd145fc e-con-full e-flex e-con e-parent\" data-id=\"cd145fc\" data-element_type=\"container\">\n\t\t\t\t<div class=\"elementor-element elementor-element-e27ca46 elementor-widget elementor-widget-google_maps\" data-id=\"e27ca46\" data-element_type=\"widget\" data-widget_type=\"google_maps.default\">\n\t\t\t\t<div class=\"elementor-widget-container\">\n\t\t\t\t\t\t\t<div class=\"elementor-custom-embed\">\n\t\t\t<iframe loading=\"lazy\"\n\t\t\t\t\tsrc=\"https:\/\/maps.google.com\/maps?q=tuc%20de%20l%27etang%2C%20boutx&#038;t=m&#038;z=17&#038;output=embed&#038;iwloc=near\"\n\t\t\t\t\ttitle=\"Teich Tuc, Boutx\"\n\t\t\t\t\taria-label=\"Teich Tuc, Boutx\"\n\t\t\t><\/iframe>\n\t\t<\/div>\n\t\t\t\t\t\t<\/div>\n\t\t\t\t<\/div>\n\t\t\t\t<\/div>\n\t\t\t\t\t<\/div>\n\t\t\t\t<\/div>\n\t\t<div class=\"elementor-element elementor-element-c19a3ef e-flex e-con-boxed e-con e-parent\" data-id=\"c19a3ef\" data-element_type=\"container\" data-settings=\"{&quot;background_background&quot;:&quot;classic&quot;}\">\n\t\t\t\t\t<div class=\"e-con-inner\">\n\t\t<div class=\"elementor-element elementor-element-0c6821a e-con-full e-flex e-con e-parent\" data-id=\"0c6821a\" data-element_type=\"container\">\n\t\t\t\t<div class=\"elementor-element elementor-element-a3c488d elementor-widget elementor-widget-wd_text_block\" data-id=\"a3c488d\" data-element_type=\"widget\" data-widget_type=\"wd_text_block.default\">\n\t\t\t\t<div class=\"elementor-widget-container\">\n\t\t\t\t\t\t\t<div class=\"wd-text-block reset-last-child text-left\">\n\t\t\t\n\t\t\t<p>Pr\u00e4sentation<\/p>\n\t\t\t\t\t<\/div>\n\t\t\t\t\t\t<\/div>\n\t\t\t\t<\/div>\n\t\t\t\t<div class=\"elementor-element elementor-element-b9b1a82 elementor-widget elementor-widget-wd_text_block\" data-id=\"b9b1a82\" data-element_type=\"widget\" data-widget_type=\"wd_text_block.default\">\n\t\t\t\t<div class=\"elementor-widget-container\">\n\t\t\t\t\t\t\t<div class=\"wd-text-block reset-last-child text-left\">\n\t\t\t\n\t\t\t<p>Le Tuc de l&#039;Etang bietet komfortable und einladende Unterk\u00fcnfte f\u00fcr jedes Budget, von Bed &amp; Breakfast bis Halbpension, sowie f\u00fcr Gruppen geeignete Pakete.<\/p><p>Das Restaurant serviert k\u00f6stliche regionale Produkte in einer einfachen, gro\u00dfz\u00fcgigen K\u00fcche. Die Bar bietet Tapas und Unterhaltung \u2013 ideal zum Entspannen nach einem Ski- oder Wandertag.<\/p><p>Freuen Sie sich auf eine wundersch\u00f6ne Sonnenterrasse mit atemberaubender Aussicht auf die umliegende Natur.<\/p>\n\t\t\t\t\t<\/div>\n\t\t\t\t\t\t<\/div>\n\t\t\t\t<\/div>\n\t\t\t\t<div class=\"elementor-element elementor-element-f983482 elementor-widget elementor-widget-heading\" data-id=\"f983482\" data-element_type=\"widget\" data-widget_type=\"heading.default\">\n\t\t\t\t<div class=\"elementor-widget-container\">\n\t\t\t\t\t<h6 class=\"elementor-heading-title elementor-size-default\">Das kleine \u201e+\u201c:<\/h6>\t\t\t\t<\/div>\n\t\t\t\t<\/div>\n\t\t\t\t<div class=\"elementor-element elementor-element-35b88be elementor-widget elementor-widget-wd_text_block\" data-id=\"35b88be\" data-element_type=\"widget\" data-widget_type=\"wd_text_block.default\">\n\t\t\t\t<div class=\"elementor-widget-container\">\n\t\t\t\t\t\t\t<div class=\"wd-text-block reset-last-child text-left\">\n\t\t\t\n\t\t\t<p>Das Hotel bietet au\u00dferdem einen Ski- und Fahrradverleih sowie zahlreiche Aktivit\u00e4ten in den Bergen.<\/p>\n\t\t\t\t\t<\/div>\n\t\t\t\t\t\t<\/div>\n\t\t\t\t<\/div>\n\t\t\t\t<div class=\"elementor-element elementor-element-5fee7bf elementor-mobile-align-center elementor-align-left elementor-widget elementor-widget-button\" data-id=\"5fee7bf\" data-element_type=\"widget\" data-widget_type=\"button.default\">\n\t\t\t\t<div class=\"elementor-widget-container\">\n\t\t\t\t\t\t\t\t\t<div class=\"elementor-button-wrapper\">\n\t\t\t\t\t<a class=\"elementor-button elementor-button-link elementor-size-sm\" href=\"https:\/\/le-tuc-de-letang.notresphere.com\/location-materiel\" target=\"_blank\" rel=\"nofollow\">\n\t\t\t\t\t\t<span class=\"elementor-button-content-wrapper\">\n\t\t\t\t\t\t\t\t\t<span class=\"elementor-button-text\">Mieten Sie Ihre Skier<\/span>\n\t\t\t\t\t<\/span>\n\t\t\t\t\t<\/a>\n\t\t\t\t<\/div>\n\t\t\t\t\t\t\t\t<\/div>\n\t\t\t\t<\/div>\n\t\t\t\t<\/div>\n\t\t<div class=\"elementor-element elementor-element-6aab80b e-con-full e-flex e-con e-parent\" data-id=\"6aab80b\" data-element_type=\"container\">\n\t\t\t\t<div class=\"elementor-element elementor-element-7e5b257 elementor-widget elementor-widget-image\" data-id=\"7e5b257\" data-element_type=\"widget\" data-widget_type=\"image.default\">\n\t\t\t\t<div class=\"elementor-widget-container\">\n\t\t\t\t\t\t\t\t\t\t\t\t\t\t\t<img loading=\"lazy\" decoding=\"async\" width=\"680\" height=\"510\" src=\"https:\/\/www.orentees.com\/wp-content\/uploads\/Location-vetement-de-ski-au-Tuc-de-letang-Le-Mourtis-by-Orentees.webp\" class=\"attachment-full size-full wp-image-138327\" alt=\"Location vetement de ski au Tuc de letang Le Mourtis by Orentees\" \/>\t\t\t\t\t\t\t\t\t\t\t\t\t\t\t<\/div>\n\t\t\t\t<\/div>\n\t\t\t\t<\/div>\n\t\t\t\t\t<\/div>\n\t\t\t\t<\/div>\n\t\t\t\t\t<\/div>\n\t\t\t\t<\/div>\n\t\t<div class=\"elementor-element elementor-element-a83e447 wd-section-stretch e-flex e-con-boxed e-con e-parent\" data-id=\"a83e447\" data-element_type=\"container\" data-settings=\"{&quot;background_background&quot;:&quot;classic&quot;}\">\n\t\t\t\t\t<div class=\"e-con-inner\">\n\t\t<div class=\"elementor-element elementor-element-5cdfca3 e-con-full e-flex e-con e-parent\" data-id=\"5cdfca3\" data-element_type=\"container\">\n\t\t\t\t<div class=\"elementor-element elementor-element-f0fc095 elementor-widget elementor-widget-heading\" data-id=\"f0fc095\" data-element_type=\"widget\" data-widget_type=\"heading.default\">\n\t\t\t\t<div class=\"elementor-widget-container\">\n\t\t\t\t\t<h2 class=\"elementor-heading-title elementor-size-default\">DER STATION<\/h2>\t\t\t\t<\/div>\n\t\t\t\t<\/div>\n\t\t\t\t<div class=\"elementor-element elementor-element-ad6475b elementor-widget elementor-widget-wd_text_block\" data-id=\"ad6475b\" data-element_type=\"widget\" data-widget_type=\"wd_text_block.default\">\n\t\t\t\t<div class=\"elementor-widget-container\">\n\t\t\t\t\t\t\t<div class=\"wd-text-block reset-last-child text-left\">\n\t\t\t\n\t\t\t<p>Die Mourtis<\/p>\n\t\t\t\t\t<\/div>\n\t\t\t\t\t\t<\/div>\n\t\t\t\t<\/div>\n\t\t\t\t<div class=\"elementor-element elementor-element-f1a74a1 elementor-widget-divider--view-line elementor-widget elementor-widget-divider\" data-id=\"f1a74a1\" data-element_type=\"widget\" data-widget_type=\"divider.default\">\n\t\t\t\t<div class=\"elementor-widget-container\">\n\t\t\t\t\t\t\t<div class=\"elementor-divider\">\n\t\t\t<span class=\"elementor-divider-separator\">\n\t\t\t\t\t\t<\/span>\n\t\t<\/div>\n\t\t\t\t\t\t<\/div>\n\t\t\t\t<\/div>\n\t\t\t\t<div class=\"elementor-element elementor-element-c58e6ea elementor-widget elementor-widget-wd_text_block\" data-id=\"c58e6ea\" data-element_type=\"widget\" data-widget_type=\"wd_text_block.default\">\n\t\t\t\t<div class=\"elementor-widget-container\">\n\t\t\t\t\t\t\t<div class=\"wd-text-block reset-last-child text-left\">\n\t\t\t\n\t\t\t<p>Im Herzen der Pyren\u00e4en gelegen, bietet das Skigebiet Le Mourtis Wintersportlern ein unvergessliches Erlebnis. Dieses freundliche und malerische Resort in der Region Haute-Garonne ist ein wahres Paradies f\u00fcr Skifahrer und Snowboarder aller Niveaus.<\/p><p>Le Mourtis erstreckt sich \u00fcber ein beeindruckendes Skigebiet und bietet abwechslungsreiche Pisten, die sich durch verschneite Tannenw\u00e4lder schl\u00e4ngeln. Egal ob Anf\u00e4nger oder erfahrener Skifahrer, die Pisten von Le Mourtis werden Sie mit ihrer Vielfalt und nat\u00fcrlichen Sch\u00f6nheit begeistern. Familien werden besonders die sichere Umgebung und das vielf\u00e4ltige Angebot f\u00fcr Kinder zu sch\u00e4tzen wissen.<\/p>\n\t\t\t\t\t<\/div>\n\t\t\t\t\t\t<\/div>\n\t\t\t\t<\/div>\n\t\t\t\t<\/div>\n\t\t<div class=\"elementor-element elementor-element-1baea52 e-con-full e-flex e-con e-parent\" data-id=\"1baea52\" data-element_type=\"container\">\n\t\t\t\t<div class=\"elementor-element elementor-element-58c1373 elementor-widget-divider--view-line elementor-widget elementor-widget-divider\" data-id=\"58c1373\" data-element_type=\"widget\" data-widget_type=\"divider.default\">\n\t\t\t\t<div class=\"elementor-widget-container\">\n\t\t\t\t\t\t\t<div class=\"elementor-divider\">\n\t\t\t<span class=\"elementor-divider-separator\">\n\t\t\t\t\t\t<\/span>\n\t\t<\/div>\n\t\t\t\t\t\t<\/div>\n\t\t\t\t<\/div>\n\t\t\t\t<div class=\"elementor-element elementor-element-6bdc6f3 elementor-widget elementor-widget-wd_text_block\" data-id=\"6bdc6f3\" data-element_type=\"widget\" data-widget_type=\"wd_text_block.default\">\n\t\t\t\t<div class=\"elementor-widget-container\">\n\t\t\t\t\t\t\t<div class=\"wd-text-block reset-last-child text-left\">\n\t\t\t\n\t\t\t<p>Info<\/p>\n\t\t\t\t\t<\/div>\n\t\t\t\t\t\t<\/div>\n\t\t\t\t<\/div>\n\t\t\t\t<div class=\"elementor-element elementor-element-c7f27ae elementor-widget elementor-widget-wd_text_block\" data-id=\"c7f27ae\" data-element_type=\"widget\" data-widget_type=\"wd_text_block.default\">\n\t\t\t\t<div class=\"elementor-widget-container\">\n\t\t\t\t\t\t\t<div class=\"wd-text-block reset-last-child text-left\">\n\t\t\t\n\t\t\t<p>Praktiken<\/p>\n\t\t\t\t\t<\/div>\n\t\t\t\t\t\t<\/div>\n\t\t\t\t<\/div>\n\t\t\t\t<div class=\"elementor-element elementor-element-6935ecf elementor-widget elementor-widget-wd_text_block\" data-id=\"6935ecf\" data-element_type=\"widget\" data-widget_type=\"wd_text_block.default\">\n\t\t\t\t<div class=\"elementor-widget-container\">\n\t\t\t\t\t\t\t<div class=\"wd-text-block reset-last-child text-left\">\n\t\t\t\n\t\t\t<p>Standort: Pyren\u00e4en (31)<\/p><p>Stationsh\u00f6he: 1600m<\/p><p>Anzahl der Titel: 20<\/p><p>H\u00f6henlage der Pisten: 1450 bis 1816m<\/p>\n\t\t\t\t\t<\/div>\n\t\t\t\t\t\t<\/div>\n\t\t\t\t<\/div>\n\t\t\t\t<\/div>\n\t\t\t\t\t<\/div>\n\t\t\t\t<\/div>\n\t\t<div class=\"elementor-element elementor-element-618c779 wd-section-stretch e-flex e-con-boxed e-con e-parent\" data-id=\"618c779\" data-element_type=\"container\" data-settings=\"{&quot;background_background&quot;:&quot;classic&quot;}\">\n\t\t\t\t\t<div class=\"e-con-inner\">\n\t\t<div class=\"elementor-element elementor-element-fd6965a e-con-full e-flex e-con e-parent\" data-id=\"fd6965a\" data-element_type=\"container\">\n\t\t\t\t<div class=\"elementor-element elementor-element-e89b13f elementor-widget-divider--view-line elementor-widget elementor-widget-divider\" data-id=\"e89b13f\" data-element_type=\"widget\" data-widget_type=\"divider.default\">\n\t\t\t\t<div class=\"elementor-widget-container\">\n\t\t\t\t\t\t\t<div class=\"elementor-divider\">\n\t\t\t<span class=\"elementor-divider-separator\">\n\t\t\t\t\t\t<\/span>\n\t\t<\/div>\n\t\t\t\t\t\t<\/div>\n\t\t\t\t<\/div>\n\t\t\t\t<div class=\"elementor-element elementor-element-31bd67e elementor-widget elementor-widget-wd_text_block\" data-id=\"31bd67e\" data-element_type=\"widget\" data-widget_type=\"wd_text_block.default\">\n\t\t\t\t<div class=\"elementor-widget-container\">\n\t\t\t\t\t\t\t<div class=\"wd-text-block reset-last-child text-left\">\n\t\t\t\n\t\t\t<p>Unsere Skischule<\/p>\n\t\t\t\t\t<\/div>\n\t\t\t\t\t\t<\/div>\n\t\t\t\t<\/div>\n\t\t\t\t<div class=\"elementor-element elementor-element-b41de67 elementor-widget elementor-widget-wd_text_block\" data-id=\"b41de67\" data-element_type=\"widget\" data-widget_type=\"wd_text_block.default\">\n\t\t\t\t<div class=\"elementor-widget-container\">\n\t\t\t\t\t\t\t<div class=\"wd-text-block reset-last-child text-left\">\n\t\t\t\n\t\t\t<p>Favorit<\/p>\n\t\t\t\t\t<\/div>\n\t\t\t\t\t\t<\/div>\n\t\t\t\t<\/div>\n\t\t\t\t<div class=\"elementor-element elementor-element-36ee44a elementor-widget elementor-widget-wd_text_block\" data-id=\"36ee44a\" data-element_type=\"widget\" data-widget_type=\"wd_text_block.default\">\n\t\t\t\t<div class=\"elementor-widget-container\">\n\t\t\t\t\t\t\t<div class=\"wd-text-block reset-last-child text-left\">\n\t\t\t\n\t\t\t<p>SkiBro<\/p><p>\u00dcberall in Frankreich und Europa<\/p>\n\t\t\t\t\t<\/div>\n\t\t\t\t\t\t<\/div>\n\t\t\t\t<\/div>\n\t\t\t\t<div class=\"elementor-element elementor-element-7dc0062 elementor-widget elementor-widget-wd_text_block\" data-id=\"7dc0062\" data-element_type=\"widget\" data-widget_type=\"wd_text_block.default\">\n\t\t\t\t<div class=\"elementor-widget-container\">\n\t\t\t\t\t\t\t<div class=\"wd-text-block reset-last-child text-left\">\n\t\t\t\n\t\t\t<p><span style=\"color: #ffffff;\"><a style=\"color: #f7f1e0;\" href=\"https:\/\/www.skibro.com\/en?&amp;partnerId=79ce8b13-727c-45f0-b9ba-cbd12c7eadc8&amp;utm_source=lespetitsmontagnard&amp;utm_medium=affiliate&amp;utm_campaign=Newsletter\" target=\"_blank\" rel=\"noopener\">Webseite<\/a><\/span><\/p>\n\t\t\t\t\t<\/div>\n\t\t\t\t\t\t<\/div>\n\t\t\t\t<\/div>\n\t\t\t\t<div class=\"elementor-element elementor-element-2c95bec elementor-widget elementor-widget-wd_text_block\" data-id=\"2c95bec\" data-element_type=\"widget\" data-widget_type=\"wd_text_block.default\">\n\t\t\t\t<div class=\"elementor-widget-container\">\n\t\t\t\t\t\t\t<div class=\"wd-text-block reset-last-child text-left\">\n\t\t\t\n\t\t\t<p>Finden Sie dank unseres Partners SkiBro die Schule oder den Skilehrer, die Sie brauchen, damit Ihr Skiausflug ein echter Erfolg wird.<\/p>\n\t\t\t\t\t<\/div>\n\t\t\t\t\t\t<\/div>\n\t\t\t\t<\/div>\n\t\t\t\t<\/div>\n\t\t<div class=\"elementor-element elementor-element-12ef9c8 e-con-full e-flex e-con e-parent\" data-id=\"12ef9c8\" data-element_type=\"container\">\n\t\t\t\t<div class=\"elementor-element elementor-element-392f160 elementor-widget-divider--view-line elementor-widget elementor-widget-divider\" data-id=\"392f160\" data-element_type=\"widget\" data-widget_type=\"divider.default\">\n\t\t\t\t<div class=\"elementor-widget-container\">\n\t\t\t\t\t\t\t<div class=\"elementor-divider\">\n\t\t\t<span class=\"elementor-divider-separator\">\n\t\t\t\t\t\t<\/span>\n\t\t<\/div>\n\t\t\t\t\t\t<\/div>\n\t\t\t\t<\/div>\n\t\t\t\t<div class=\"elementor-element elementor-element-dcc1c1a elementor-widget elementor-widget-wd_text_block\" data-id=\"dcc1c1a\" data-element_type=\"widget\" data-widget_type=\"wd_text_block.default\">\n\t\t\t\t<div class=\"elementor-widget-container\">\n\t\t\t\t\t\t\t<div class=\"wd-text-block reset-last-child text-left\">\n\t\t\t\n\t\t\t<p>Wie<\/p>\n\t\t\t\t\t<\/div>\n\t\t\t\t\t\t<\/div>\n\t\t\t\t<\/div>\n\t\t\t\t<div class=\"elementor-element elementor-element-616d247 elementor-widget elementor-widget-wd_text_block\" data-id=\"616d247\" data-element_type=\"widget\" data-widget_type=\"wd_text_block.default\">\n\t\t\t\t<div class=\"elementor-widget-container\">\n\t\t\t\t\t\t\t<div class=\"wd-text-block reset-last-child text-left\">\n\t\t\t\n\t\t\t<p>Anfahrt<\/p>\n\t\t\t\t\t<\/div>\n\t\t\t\t\t\t<\/div>\n\t\t\t\t<\/div>\n\t\t\t\t<div class=\"elementor-element elementor-element-27332c7 elementor-widget elementor-widget-wd_text_block\" data-id=\"27332c7\" data-element_type=\"widget\" data-widget_type=\"wd_text_block.default\">\n\t\t\t\t<div class=\"elementor-widget-container\">\n\t\t\t\t\t\t\t<div class=\"wd-text-block reset-last-child text-left\">\n\t\t\t\n\t\t\t<p>Wer mit dem Auto anreisen m\u00f6chte, sollte \u00fcber Fahrgemeinschaften nachdenken; das ist einfach und g\u00fcnstig!<\/p>\n\t\t\t\t\t<\/div>\n\t\t\t\t\t\t<\/div>\n\t\t\t\t<\/div>\n\t\t\t\t<\/div>\n\t\t\t\t\t<\/div>\n\t\t\t\t<\/div>\n\t\t<div class=\"elementor-element elementor-element-6216574 e-con-full e-flex e-con e-parent\" data-id=\"6216574\" data-element_type=\"container\">\n\t\t\t\t<div class=\"elementor-element elementor-element-53e5624 elementor-hidden-mobile elementor-widget elementor-widget-image\" data-id=\"53e5624\" data-element_type=\"widget\" data-widget_type=\"image.default\">\n\t\t\t\t<div class=\"elementor-widget-container\">\n\t\t\t\t\t\t\t\t\t\t\t\t\t\t\t<img decoding=\"async\" src=\"https:\/\/www.orentees.com\/wp-content\/uploads\/Picto-profitez.svg\" class=\"attachment-full size-full wp-image-32945\" alt=\"\" \/>\t\t\t\t\t\t\t\t\t\t\t\t\t\t\t<\/div>\n\t\t\t\t<\/div>\n\t\t<div class=\"elementor-element elementor-element-30d4540 e-con-full e-flex e-con e-parent\" data-id=\"30d4540\" data-element_type=\"container\">\n\t\t\t\t<div class=\"elementor-element elementor-element-8d47bc2 elementor-widget elementor-widget-html\" data-id=\"8d47bc2\" data-element_type=\"widget\" data-widget_type=\"html.default\">\n\t\t\t\t<div class=\"elementor-widget-container\">\n\t\t\t\t\t   <h1 style=\"font-family: 'Lexend', Sans-serif\">\n    <strong>SKIAUSR\u00dcSTUNG VERLEIH<\/strong><br>in Le Mourtis\n<\/h1>\n\t\t\t\t<\/div>\n\t\t\t\t<\/div>\n\t\t\t\t<div class=\"elementor-element elementor-element-a70c556 elementor-mobile-align-center elementor-align-left elementor-widget elementor-widget-button\" data-id=\"a70c556\" data-element_type=\"widget\" data-widget_type=\"button.default\">\n\t\t\t\t<div class=\"elementor-widget-container\">\n\t\t\t\t\t\t\t\t\t<div class=\"elementor-button-wrapper\">\n\t\t\t\t\t<a class=\"elementor-button elementor-button-link elementor-size-sm\" href=\"https:\/\/www.orentees.com\/de\/pc\/location-vetement-de-ski\/\" femme=\"\">\n\t\t\t\t\t\t<span class=\"elementor-button-content-wrapper\">\n\t\t\t\t\t\t\t\t\t<span class=\"elementor-button-text\">Zu vermieten<\/span>\n\t\t\t\t\t<\/span>\n\t\t\t\t\t<\/a>\n\t\t\t\t<\/div>\n\t\t\t\t\t\t\t\t<\/div>\n\t\t\t\t<\/div>\n\t\t\t\t<\/div>\n\t\t\t\t<\/div>\n\t\t\t\t<\/div>","protected":false},"excerpt":{"rendered":"<p>Notre Point station &#8220;Le Mourtis&#8221; Tuc de l&#8217;\u00e9taNg Bed &amp; Breakfast Les Courraous &#8211; Station du Mourtis 31440 BOUTX Jours<\/p>","protected":false},"author":2,"featured_media":0,"parent":0,"menu_order":0,"comment_status":"closed","ping_status":"closed","template":"","meta":{"_acf_changed":false,"footnotes":""},"categories":[],"tags":[4055,4161],"class_list":["post-138321","page","type-page","status-publish","hentry","tag-point_station","tag-le-mourtis"],"_links":{"self":[{"href":"https:\/\/www.orentees.com\/de\/wp-json\/wp\/v2\/pages\/138321","targetHints":{"allow":["GET"]}}],"collection":[{"href":"https:\/\/www.orentees.com\/de\/wp-json\/wp\/v2\/pages"}],"about":[{"href":"https:\/\/www.orentees.com\/de\/wp-json\/wp\/v2\/types\/page"}],"author":[{"embeddable":true,"href":"https:\/\/www.orentees.com\/de\/wp-json\/wp\/v2\/users\/2"}],"replies":[{"embeddable":true,"href":"https:\/\/www.orentees.com\/de\/wp-json\/wp\/v2\/comments?post=138321"}],"version-history":[{"count":12,"href":"https:\/\/www.orentees.com\/de\/wp-json\/wp\/v2\/pages\/138321\/revisions"}],"predecessor-version":[{"id":150599,"href":"https:\/\/www.orentees.com\/de\/wp-json\/wp\/v2\/pages\/138321\/revisions\/150599"}],"wp:attachment":[{"href":"https:\/\/www.orentees.com\/de\/wp-json\/wp\/v2\/media?parent=138321"}],"wp:term":[{"taxonomy":"category","embeddable":true,"href":"https:\/\/www.orentees.com\/de\/wp-json\/wp\/v2\/categories?post=138321"},{"taxonomy":"post_tag","embeddable":true,"href":"https:\/\/www.orentees.com\/de\/wp-json\/wp\/v2\/tags?post=138321"}],"curies":[{"name":"wp","href":"https:\/\/api.w.org\/{rel}","templated":true}]}}