{"id":105555,"date":"2023-11-27T19:12:00","date_gmt":"2023-11-27T18:12:00","guid":{"rendered":"https:\/\/www.orentees.com\/?post_type=product&#038;p=105555"},"modified":"2025-01-13T22:43:20","modified_gmt":"2025-01-13T21:43:20","slug":"location-tenue-ski-femme-columbia-highland-summit","status":"publish","type":"product","link":"https:\/\/www.orentees.com\/de\/product\/location-tenue-ski-femme-columbia-highland-summit\/","title":{"rendered":"COLUMBIA HIGHLAND SUMMIT DAMEN-SKIOUTFIT-VERLEIH"},"content":{"rendered":"","protected":false},"excerpt":{"rendered":"<p style=\"text-align: left; font-size: 18px;\"><strong>Pr\u00e4sentation<\/strong><\/p>\n<p>Machen Sie sich bereit f\u00fcr ein au\u00dfergew\u00f6hnliches Pistenerlebnis mit unserem Damen-Skioutfit <strong>Gipfel des Columbia Highland<\/strong> ! Sie werden das ultimative Duo entdecken, das Stil, technische Leistung und umweltbewusstes Engagement vereint. Sie werden dem Charme dieser Skijacke und des dazu passenden Overalls nicht widerstehen k\u00f6nnen, die Ihnen bei jedem Wetter das Beste bieten.<\/p>\n<p>Die Skijacke <strong>Columbia<\/strong> Highland Summit ist einfach ein Must-have. Mit seiner wasserdichten und atmungsaktiven Oberfl\u00e4che, kombiniert mit leichter Isolierung und Omni-Heat\u2122 Infinity-Futter, sorgt es daf\u00fcr, dass Sie <strong>warm bleiben<\/strong> und zum <strong>trocken<\/strong> Den ganzen Tag lang. Egal bei welchem Wetter, diese Jacke ist dein treuer Begleiter. Sie verf\u00fcgt \u00fcber eine verstellbare, helmkompatible Kapuze, einen Kinnschutz, einen verstellbaren Saum, ein verl\u00e4ngertes R\u00fcckenteil und einen Schneefang, der dich vor K\u00e4lte und Wind sch\u00fctzt.<\/p>\n<p>Skioveralls <strong>Hochlandgipfel<\/strong> ist auch ein wichtiger Teil Ihrer Ausr\u00fcstung. Wasserdicht und atmungsaktiv dank Technologie <strong>Omni-Tech\u2122<\/strong>, es bietet leichte Isolierung und ein Futter <strong>Omni-Heat\u2122 Infinity<\/strong> h\u00e4lt die W\u00e4rme drinnen und h\u00e4lt den Schnee drau\u00dfen. Die neu gestaltete Silhouette, die vorgeformten Knie und der verstellbare Bund erm\u00f6glichen Ihnen freie und elegante Bewegungen auf der Piste.<\/p>\n<p>&nbsp;<\/p>\n<h3 style=\"font-size: 23px; font-weight: 600;\">Vorteile<\/h3>\n<table style=\"text-align: center; vertical-align: middle; border-color: #c8d4d0;\" border=\"1\">\n<tbody>\n<tr>\n<th>Hitze<\/th>\n<th>Undurchl\u00e4ssigkeit<\/th>\n<th>Atmungsaktivit\u00e4t<\/th>\n<th>\u00d6ko-Hinweis<\/th>\n<\/tr>\n<tr style=\"font-size: 1.1em; color: #f59f40;\">\n<td>\u25cf\u25cf\u25cf\u25cf\u25cb<\/td>\n<td>\u25cf\u25cf\u25cf\u25cf\u25cb<\/td>\n<td>\u25cf\u25cf\u25cf\u25cf\u25cb<\/td>\n<td>\u25cf\u25cf\u25cb\u25cb\u25cb<\/td>\n<\/tr>\n<\/tbody>\n<\/table>\n<p>&nbsp;<\/p>\n<hr \/>","protected":false},"featured_media":135741,"template":"","meta":{"_acf_changed":false},"product_brand":[],"product_cat":[4479,3055,4189,3439],"product_tag":[],"class_list":{"0":"post-105555","1":"product","2":"type-product","3":"status-publish","4":"has-post-thumbnail","6":"product_cat-location-vetement-snow","7":"product_cat-location-vetement-de-ski","8":"product_cat-location-vetement-de-ski-columbia","9":"product_cat-femme","10":"pa_couleur-pantalon-beige","11":"pa_couleur-veste-beige","12":"pa_couleur-veste-bleu-ciel","13":"pa_coupe-pantalon-regular","14":"pa_coupe-veste-regular","15":"pa_genre-femme","16":"pa_impermeabilite-10000-mm","17":"pa_marque-columbia","18":"pa_respirabilite-10000-gr-m2","19":"pa_taille-s","20":"pa_taille-m","21":"pa_taille-l","22":"pa_type-produit-tenue-complete","24":"first","25":"instock","26":"sale","27":"virtual","28":"taxable","29":"purchasable","30":"product-type-bundle"},"bundled_by":[],"bundle_stock_status":"instock","bundle_stock_quantity":9,"bundle_virtual":false,"bundle_layout":"default","bundle_add_to_cart_form_location":"default","bundle_editable_in_cart":false,"bundle_sold_individually_context":"product","bundle_item_grouping":"parent","bundle_min_size":"","bundle_max_size":"","bundled_items":[{"bundled_item_id":23261,"product_id":105181,"menu_order":0,"quantity_min":1,"quantity_max":1,"quantity_default":1,"priced_individually":true,"shipped_individually":false,"override_title":true,"title":"Jacke","override_description":true,"description":"Gr\u00f6\u00dfe ausw\u00e4hlen:","optional":false,"hide_thumbnail":false,"discount":"50","override_variations":false,"allowed_variations":[],"override_default_variation_attributes":false,"default_variation_attributes":[],"single_product_visibility":"visible","cart_visibility":"visible","order_visibility":"visible","single_product_price_visibility":"hidden","cart_price_visibility":"hidden","order_price_visibility":"hidden","stock_status":"in_stock"},{"bundled_item_id":23263,"product_id":105193,"menu_order":1,"quantity_min":1,"quantity_max":1,"quantity_default":1,"priced_individually":true,"shipped_individually":false,"override_title":true,"title":"Hose","override_description":true,"description":"Gr\u00f6\u00dfe ausw\u00e4hlen:","optional":false,"hide_thumbnail":false,"discount":"50","override_variations":false,"allowed_variations":[],"override_default_variation_attributes":false,"default_variation_attributes":[],"single_product_visibility":"visible","cart_visibility":"visible","order_visibility":"visible","single_product_price_visibility":"hidden","cart_price_visibility":"hidden","order_price_visibility":"hidden","stock_status":"in_stock"},{"bundled_item_id":23265,"product_id":33234,"menu_order":2,"quantity_min":1,"quantity_max":1,"quantity_default":1,"priced_individually":true,"shipped_individually":false,"override_title":true,"title":"Seconde couche Polaire \/ Fleece - MILLET -","override_description":false,"description":"16 \u20ac \/ location","optional":true,"hide_thumbnail":false,"discount":"","override_variations":false,"allowed_variations":[],"override_default_variation_attributes":false,"default_variation_attributes":[],"single_product_visibility":"visible","cart_visibility":"visible","order_visibility":"visible","single_product_price_visibility":"hidden","cart_price_visibility":"hidden","order_price_visibility":"hidden","stock_status":"in_stock"},{"bundled_item_id":23267,"product_id":32868,"menu_order":3,"quantity_min":1,"quantity_max":1,"quantity_default":1,"priced_individually":true,"shipped_individually":true,"override_title":true,"title":"Masque Ski \/ Goggles -JULBO -","override_description":false,"description":"16 \u20ac \/ location","optional":true,"hide_thumbnail":false,"discount":"","override_variations":false,"allowed_variations":[],"override_default_variation_attributes":false,"default_variation_attributes":[],"single_product_visibility":"visible","cart_visibility":"visible","order_visibility":"visible","single_product_price_visibility":"hidden","cart_price_visibility":"hidden","order_price_visibility":"hidden","stock_status":"in_stock"},{"bundled_item_id":23269,"product_id":30100,"menu_order":4,"quantity_min":1,"quantity_max":2,"quantity_default":1,"priced_individually":true,"shipped_individually":false,"override_title":true,"title":"Gants \/ Gloves - RACER -","override_description":false,"description":"16 \u20ac \/ location","optional":true,"hide_thumbnail":false,"discount":"","override_variations":true,"allowed_variations":[30998,30999,31000,31001],"override_default_variation_attributes":false,"default_variation_attributes":[],"single_product_visibility":"visible","cart_visibility":"visible","order_visibility":"visible","single_product_price_visibility":"hidden","cart_price_visibility":"hidden","order_price_visibility":"hidden","stock_status":"in_stock"},{"bundled_item_id":23271,"product_id":156143,"menu_order":5,"quantity_min":1,"quantity_max":1,"quantity_default":1,"priced_individually":true,"shipped_individually":false,"override_title":false,"title":"Bonnet ski - ROSSIGNOL -","override_description":false,"description":"","optional":true,"hide_thumbnail":false,"discount":"","override_variations":false,"allowed_variations":[],"override_default_variation_attributes":false,"default_variation_attributes":[],"single_product_visibility":"visible","cart_visibility":"visible","order_visibility":"visible","single_product_price_visibility":"hidden","cart_price_visibility":"hidden","order_price_visibility":"hidden","stock_status":"in_stock"},{"bundled_item_id":23273,"product_id":160963,"menu_order":6,"quantity_min":1,"quantity_max":1,"quantity_default":1,"priced_individually":true,"shipped_individually":false,"override_title":false,"title":"Bonnet ski - Odlo","override_description":false,"description":"","optional":true,"hide_thumbnail":false,"discount":"","override_variations":false,"allowed_variations":[],"override_default_variation_attributes":false,"default_variation_attributes":[],"single_product_visibility":"visible","cart_visibility":"visible","order_visibility":"visible","single_product_price_visibility":"hidden","cart_price_visibility":"hidden","order_price_visibility":"hidden","stock_status":"in_stock"},{"bundled_item_id":23275,"product_id":75247,"menu_order":7,"quantity_min":1,"quantity_max":1,"quantity_default":1,"priced_individually":true,"shipped_individually":false,"override_title":true,"title":"Tour de cou - Neck warmer","override_description":false,"description":"6 \u20ac \/ Miete","optional":true,"hide_thumbnail":false,"discount":"","override_variations":false,"allowed_variations":[],"override_default_variation_attributes":false,"default_variation_attributes":[],"single_product_visibility":"visible","cart_visibility":"visible","order_visibility":"visible","single_product_price_visibility":"hidden","cart_price_visibility":"hidden","order_price_visibility":"hidden","stock_status":"in_stock"},{"bundled_item_id":23277,"product_id":33267,"menu_order":8,"quantity_min":1,"quantity_max":2,"quantity_default":1,"priced_individually":true,"shipped_individually":false,"override_title":true,"title":"T-Shirt ML Active Wam - ODLO -","override_description":false,"description":"16 \u20ac \/ location","optional":true,"hide_thumbnail":false,"discount":"","override_variations":false,"allowed_variations":[],"override_default_variation_attributes":false,"default_variation_attributes":[],"single_product_visibility":"visible","cart_visibility":"visible","order_visibility":"visible","single_product_price_visibility":"hidden","cart_price_visibility":"hidden","order_price_visibility":"hidden","stock_status":"in_stock"},{"bundled_item_id":23279,"product_id":33277,"menu_order":9,"quantity_min":1,"quantity_max":2,"quantity_default":1,"priced_individually":true,"shipped_individually":false,"override_title":true,"title":"Collant long \/ Base layer pants Active Wam - ODLO -","override_description":false,"description":"16 \u20ac \/ location","optional":true,"hide_thumbnail":false,"discount":"","override_variations":false,"allowed_variations":[],"override_default_variation_attributes":false,"default_variation_attributes":[],"single_product_visibility":"visible","cart_visibility":"visible","order_visibility":"visible","single_product_price_visibility":"hidden","cart_price_visibility":"hidden","order_price_visibility":"hidden","stock_status":"in_stock"},{"bundled_item_id":23281,"product_id":33325,"menu_order":10,"quantity_min":1,"quantity_max":3,"quantity_default":1,"priced_individually":true,"shipped_individually":false,"override_title":true,"title":"Skisocken - MONNET -","override_description":false,"description":"6 \u20ac \/ Miete","optional":true,"hide_thumbnail":false,"discount":"","override_variations":false,"allowed_variations":[],"override_default_variation_attributes":false,"default_variation_attributes":[],"single_product_visibility":"visible","cart_visibility":"visible","order_visibility":"visible","single_product_price_visibility":"hidden","cart_price_visibility":"hidden","order_price_visibility":"hidden","stock_status":"in_stock"},{"bundled_item_id":23283,"product_id":29974,"menu_order":11,"quantity_min":1,"quantity_max":1,"quantity_default":1,"priced_individually":true,"shipped_individually":true,"override_title":true,"title":"Apr\u00e8s-Ski \/ Snow boots - SOREL -","override_description":false,"description":"36 \u20ac \/ location","optional":true,"hide_thumbnail":false,"discount":"","override_variations":false,"allowed_variations":[],"override_default_variation_attributes":false,"default_variation_attributes":[],"single_product_visibility":"visible","cart_visibility":"visible","order_visibility":"visible","single_product_price_visibility":"hidden","cart_price_visibility":"hidden","order_price_visibility":"hidden","stock_status":"in_stock"},{"bundled_item_id":23285,"product_id":31106,"menu_order":12,"quantity_min":1,"quantity_max":1,"quantity_default":1,"priced_individually":true,"shipped_individually":true,"override_title":false,"title":"ASSURANCE ANNULATION (+5 \u20ac)","override_description":false,"description":"","optional":true,"hide_thumbnail":true,"discount":"","override_variations":false,"allowed_variations":[],"override_default_variation_attributes":false,"default_variation_attributes":[],"single_product_visibility":"visible","cart_visibility":"visible","order_visibility":"visible","single_product_price_visibility":"hidden","cart_price_visibility":"hidden","order_price_visibility":"hidden","stock_status":"in_stock"},{"bundled_item_id":23287,"product_id":31104,"menu_order":13,"quantity_min":1,"quantity_max":1,"quantity_default":1,"priced_individually":true,"shipped_individually":true,"override_title":false,"title":"ASSURANCE TRANQUILIT\u00c9 (+5 \u20ac)","override_description":false,"description":"","optional":true,"hide_thumbnail":true,"discount":"","override_variations":false,"allowed_variations":[],"override_default_variation_attributes":false,"default_variation_attributes":[],"single_product_visibility":"visible","cart_visibility":"visible","order_visibility":"visible","single_product_price_visibility":"hidden","cart_price_visibility":"hidden","order_price_visibility":"hidden","stock_status":"in_stock"},{"bundled_item_id":23289,"product_id":156093,"menu_order":14,"quantity_min":1,"quantity_max":1,"quantity_default":1,"priced_individually":true,"shipped_individually":false,"override_title":false,"title":"Sac \u00e0 Dos ski 25 L - ROSSIGNOL -","override_description":false,"description":"","optional":true,"hide_thumbnail":false,"discount":"","override_variations":false,"allowed_variations":[],"override_default_variation_attributes":false,"default_variation_attributes":[],"single_product_visibility":"visible","cart_visibility":"visible","order_visibility":"visible","single_product_price_visibility":"hidden","cart_price_visibility":"hidden","order_price_visibility":"hidden","stock_status":"in_stock"}],"bundle_sell_ids":[],"_links":{"self":[{"href":"https:\/\/www.orentees.com\/de\/wp-json\/wp\/v2\/product\/105555","targetHints":{"allow":["GET"]}}],"collection":[{"href":"https:\/\/www.orentees.com\/de\/wp-json\/wp\/v2\/product"}],"about":[{"href":"https:\/\/www.orentees.com\/de\/wp-json\/wp\/v2\/types\/product"}],"version-history":[{"count":13,"href":"https:\/\/www.orentees.com\/de\/wp-json\/wp\/v2\/product\/105555\/revisions"}],"predecessor-version":[{"id":161061,"href":"https:\/\/www.orentees.com\/de\/wp-json\/wp\/v2\/product\/105555\/revisions\/161061"}],"wp:featuredmedia":[{"embeddable":true,"href":"https:\/\/www.orentees.com\/de\/wp-json\/wp\/v2\/media\/135741"}],"wp:attachment":[{"href":"https:\/\/www.orentees.com\/de\/wp-json\/wp\/v2\/media?parent=105555"}],"wp:term":[{"taxonomy":"product_brand","embeddable":true,"href":"https:\/\/www.orentees.com\/de\/wp-json\/wp\/v2\/product_brand?post=105555"},{"taxonomy":"product_cat","embeddable":true,"href":"https:\/\/www.orentees.com\/de\/wp-json\/wp\/v2\/product_cat?post=105555"},{"taxonomy":"product_tag","embeddable":true,"href":"https:\/\/www.orentees.com\/de\/wp-json\/wp\/v2\/product_tag?post=105555"}],"curies":[{"name":"wp","href":"https:\/\/api.w.org\/{rel}","templated":true}]}}