{"id":126925,"date":"2024-03-13T17:42:17","date_gmt":"2024-03-13T16:42:17","guid":{"rendered":"https:\/\/www.orentees.com\/?post_type=product&#038;p=126925"},"modified":"2025-05-08T18:20:01","modified_gmt":"2025-05-08T16:20:01","slug":"location-canon-eos-r50-teleobjectif","status":"publish","type":"product","link":"https:\/\/www.orentees.com\/de\/product\/location-canon-eos-r50-teleobjectif\/","title":{"rendered":"Fotoverleih: Canon EOS R50 &amp; Teleobjektiv"},"content":{"rendered":"<h3><strong>Mietpaket: Canon EOS R50 Kamera &amp; Teleobjektiv<\/strong><\/h3>\n<p>Begeben Sie sich mit unserem Canon EOS R50 Mietpaket auf ein Abenteuer: Ihr unverzichtbarer Begleiter, um die Sch\u00f6nheit der Natur, die Intensit\u00e4t des Sports und die Magie Ihrer Reisen einzufangen und jeden Moment in eine unvergessliche Erinnerung zu verwandeln.<\/p>\n<p><span style=\"text-decoration: underline;\"><strong>Inhalt des zur Miete angebotenen Pakets:<\/strong><\/span><br \/>\n\u2013 Canon EOS R50 Hybridkamera<br \/>\n\u2013 RF-S 18-45mm \u201eWeitwinkel\u201c-Objektiv<br \/>\n\u2013 RF-S 55-210MM \u201eTeleobjektiv\u201c<br \/>\n\u2013 2 Batterien<br \/>\n\u2013 1 Ladeger\u00e4t<br \/>\n\u2013 1 microSD-Karte 128 GB<br \/>\n\u2013 1 Stativ bis zu 1,55 m<br \/>\n\u2013 1 Lowe Aufbewahrungsrucksack<\/p>\n<p><span style=\"text-decoration: underline;\"><strong>HAUPTMERKMALE DER CANON EOS R50:<\/strong><\/span><\/p>\n<table border=\"1\">\n<tbody>\n<tr style=\"background-color: #f2f2f2; text-align: center; font-weight: bold;\">\n<th>Eigenschaften \/ Produkt<\/th>\n<th>Canon EOS R50<\/th>\n<th>Canon RF-S 18-45mm<\/th>\n<th>Canon RF-S 55-210 mm<\/th>\n<\/tr>\n<tr>\n<td><strong>Hauptmerkmale<\/strong><\/td>\n<td>\u2013 Sensor: 24,2 MP APS-C CMOS<br \/>\n\u2013 Prozessor: DIGIC X<br \/>\n\u2013 Anschluss: RF, RF-S; EF\/EF-S \u00fcber Adapter<br \/>\n\u2013 Stabilisierung: Durch Objektiv oder digital<br \/>\n\u2013 Fokussierung: Dual Pixel CMOS AF II, bis zu 651 Zonen<br \/>\n\u2013 Belichtung: 384 Zonen, Einzelbildmodi, Servo-AF<br \/>\n\u2013 ISO: 100-32.000, erweiterbar auf 51.200<br \/>\n\u2013 Verschlusszeit: 1\/4000 s bis 1\/8000 s<br \/>\n\u2013 Sucher: OLED, 2,36 Mio. Bildpunkte<br \/>\n\u2013 LCD-Bildschirm: 7,5 cm, 1,62 Millionen Pixel, Touchscreen<br \/>\n\u2013 Video: 4K UHD, Full HD<br \/>\n\u2013 Speicher: SD\/SDHC\/SDXC, UHS-I<br \/>\n\u2013 Anschl\u00fcsse: USB-C, WLAN, Bluetooth 4.2<br \/>\n\u2013 Batterie: LP-E17, ~440 Aufnahmen<\/td>\n<td>\u2013 Bildgr\u00f6\u00dfe: APS-C<br \/>\n\u2013 Brennweite: 18-45 mm (entspricht 29-72 mm)<br \/>\n\u2013 Blickwinkel: 64\u00b030\u2032 \u2013 33\u00b040\u2032<br \/>\n\u2013 Konstruktion: 7 Elemente, 2 asph\u00e4rische PMo<br \/>\n\u2013 Blende: f\/22 bis f\/32<br \/>\n\u2013 Minimale Fokussierdistanz: 0,2 m bis 0,35 m<br \/>\n\u2013 Maximale Vergr\u00f6\u00dferung: x0,14 bis x0,16<br \/>\n\u2013 Bildstabilisator: OIS 4 Stufen, kombinierter IBIS x OIS 6,5 Stufen<br \/>\n\u2013 AF-Motor: STM<br \/>\n\u2013 Filterdurchmesser: 49 mm<br \/>\n\u2013 Zubeh\u00f6r: Kappe, Sonnenblende, Tasche, R\u00fccksitzkappe<br \/>\n\u2013 Weitere Merkmale: Nicht wasserdicht<\/td>\n<td>\u2013 Bildgr\u00f6\u00dfe: APS-C<br \/>\n\u2013 Brennweite: 88-336 mm (\u00e4quivalent)<br \/>\n\u2013 Konstruktion: 11 Elemente, 2 UD, 1 asph\u00e4risches PMo<br \/>\n\u2013 Blende: f\/22 bis f\/32<br \/>\n\u2013 Minimale Fokussierdistanz: 0,73 m bis 1,0 m<br \/>\n\u2013 Maximale Vergr\u00f6\u00dferung: 0,28x<br \/>\n\u2013 Bildstabilisator: OIS 4,5 Blendenstufen, IBIS 7 Blendenstufen kompatibel<br \/>\n\u2013 AF-Motor: STM<br \/>\n\u2013 Filterdurchmesser: 55 mm<br \/>\n\u2013 Abmessungen und Gewicht: 69 x 135 mm, 270 g<br \/>\n\u2013 Weitere Merkmale: Nicht wasserdicht<\/td>\n<\/tr>\n<tr>\n<td><strong>Abmessungen und Gewicht<\/strong><\/td>\n<td>116,3 x 85,5 x 68,8 mm; 328 g (nur Geh\u00e4use)<\/td>\n<td>69 \u00d7 44,3 mm, 130 g<\/td>\n<td>69 x 135 mm, 270 g<\/td>\n<\/tr>\n<\/tbody>\n<\/table>","protected":false},"excerpt":{"rendered":"<p style=\"text-align: left; font-size: 18px;\"><strong>Pr\u00e4sentation:<\/strong><\/p>\n<p>Das von uns angebotene Mietpaket beinhaltet das neueste Modell von <strong>Kanon<\/strong>, DER <strong>EOS R50<\/strong>, A <strong>Hybridkamera<\/strong> Entwickelt f\u00fcr all jene, die die Welt der Fotografie mit einer Ausr\u00fcstung von h\u00f6herer Qualit\u00e4t als der eines Smartphones erkunden m\u00f6chten.<\/p>\n<p><strong>Dieses Paket ist idealerweise komplett<\/strong> f\u00fcr Naturliebhaber, Reisende und Outdoor-Begeisterte, die suchen <strong>Unvergessliche Momente pr\u00e4zise und in hoher Qualit\u00e4t festhalten<\/strong>.<\/p>\n<p>Es beinhaltet die<strong>EOS R50<\/strong> begleitet von einem RF-S 18-45mm Objektiv f\u00fcr <strong>Weitwinkelaufnahmen<\/strong>sowie ein <strong>Teleobjektiv<\/strong> RF-S 55-210mm f\u00fcr <strong>Zoomen Sie auf entfernte Objekte heran, ohne an Qualit\u00e4t zu verlieren.<\/strong> Mit <strong>zwei Batterien<\/strong> Im Lieferumfang enthalten f\u00fcr maximale Akkulaufzeit, ein Ladeger\u00e4t zum Aufladen unterwegs, eine Karte <strong>128 GB microSD<\/strong> um all Ihre Erinnerungen zu speichern, ein <strong>stabiles Stativ<\/strong> f\u00fcr scharfe Sch\u00fcsse und ein <strong>praktischer Rucksack zum Tragen des gesamten Sets<\/strong>Dieser Rucksack ist der ideale Reisebegleiter f\u00fcr Ihre Abenteuer.<\/p>\n<p>Die Kamera bietet beeindruckende Funktionen wie zum Beispiel <strong>24,2 Megapixel APS-C CMOS-Sensor<\/strong>eine Empfindlichkeit <strong>ISO-erweiterbar bis zu 51200<\/strong> f\u00fcr klare Fotos auch bei schwachem Licht, nahtlose Konnektivit\u00e4t dank <strong>Bluetooth<\/strong> Und <strong>W-lan,<\/strong> und ein <strong>4K-UHD-Videofunktion<\/strong> f\u00fcr atemberaubende Sequenzen.<\/p>\n<hr \/>\n<p style=\"text-align: center;\"><em><strong>Pierres Meinung:<\/strong> \u201eMit diesem Canon EOS R50 Kit und seinen Teleobjektiven wird jede Aufnahme zu einem Kunstwerk. Es ist die perfekte Wahl, um jeden Moment des Lebens mit unvergleichlicher Qualit\u00e4t und Flexibilit\u00e4t festzuhalten.\u201c<\/em><em>&#8220;<\/em><\/p>\n<hr \/>\n<p>&nbsp;<\/p>\n<p><em><span lang=\"fr\" style=\"font-size: 10pt; font-family: Verdana, sans-serif; color: #000000;\" xml:lang=\"fr\">* Foto nicht bindend<\/span><\/em><\/p>\n<p><span style=\"font-size: 10pt;\"> ** Basierend auf einer 8-t\u00e4gigen Miete<\/span><\/p>","protected":false},"featured_media":144503,"template":"","meta":{"_acf_changed":false},"product_brand":[],"product_cat":[3835],"product_tag":[],"class_list":{"0":"post-126925","1":"product","2":"type-product","3":"status-publish","4":"has-post-thumbnail","6":"product_cat-photo-video-voyage","7":"pa_dimension-1163-x-855-x-688-mm","8":"pa_marque-canon","10":"first","11":"instock","12":"taxable","13":"shipping-taxable","14":"purchasable","15":"product-type-simple"},"bundled_by":["134147"],"bundle_stock_status":"instock","bundle_stock_quantity":0,"bundle_virtual":false,"bundle_layout":"","bundle_add_to_cart_form_location":"","bundle_editable_in_cart":false,"bundle_sold_individually_context":"","bundle_item_grouping":"","bundle_min_size":"","bundle_max_size":"","bundled_items":[],"bundle_sell_ids":[],"_links":{"self":[{"href":"https:\/\/www.orentees.com\/de\/wp-json\/wp\/v2\/product\/126925","targetHints":{"allow":["GET"]}}],"collection":[{"href":"https:\/\/www.orentees.com\/de\/wp-json\/wp\/v2\/product"}],"about":[{"href":"https:\/\/www.orentees.com\/de\/wp-json\/wp\/v2\/types\/product"}],"version-history":[{"count":5,"href":"https:\/\/www.orentees.com\/de\/wp-json\/wp\/v2\/product\/126925\/revisions"}],"predecessor-version":[{"id":182625,"href":"https:\/\/www.orentees.com\/de\/wp-json\/wp\/v2\/product\/126925\/revisions\/182625"}],"wp:featuredmedia":[{"embeddable":true,"href":"https:\/\/www.orentees.com\/de\/wp-json\/wp\/v2\/media\/144503"}],"wp:attachment":[{"href":"https:\/\/www.orentees.com\/de\/wp-json\/wp\/v2\/media?parent=126925"}],"wp:term":[{"taxonomy":"product_brand","embeddable":true,"href":"https:\/\/www.orentees.com\/de\/wp-json\/wp\/v2\/product_brand?post=126925"},{"taxonomy":"product_cat","embeddable":true,"href":"https:\/\/www.orentees.com\/de\/wp-json\/wp\/v2\/product_cat?post=126925"},{"taxonomy":"product_tag","embeddable":true,"href":"https:\/\/www.orentees.com\/de\/wp-json\/wp\/v2\/product_tag?post=126925"}],"curies":[{"name":"wp","href":"https:\/\/api.w.org\/{rel}","templated":true}]}}