{"id":126959,"date":"2024-03-13T19:34:56","date_gmt":"2024-03-13T18:34:56","guid":{"rendered":"https:\/\/www.orentees.com\/?post_type=product&#038;p=126959"},"modified":"2024-09-30T14:30:07","modified_gmt":"2024-09-30T12:30:07","slug":"gopro-12-et-accessoires","status":"publish","type":"product","link":"https:\/\/www.orentees.com\/de\/product\/gopro-12-et-accessoires\/","title":{"rendered":"Gopro 12 und Zubeh\u00f6r"},"content":{"rendered":"<h3><strong>Mietpaket: Gopro 12 Schwarz und Zubeh\u00f6r<\/strong><\/h3>\n<p>Das GoPro 12 Black-Paket, angereichert mit verschiedenen Zubeh\u00f6rteilen wie dem schwimmenden Griff, dem Schutzgeh\u00e4use und verschiedenen Halterungen, pr\u00e4sentiert sich als optimale L\u00f6sung zur Bilderfassung, die auf die spezifischen Anforderungen von Skifahrern, Reisenden und Wanderern zugeschnitten ist, die ihre Heldentaten und Entdeckungen mit beispielloser Pr\u00e4zision und Bildqualit\u00e4t dokumentieren m\u00f6chten.<\/p>\n<p><span style=\"text-decoration: underline;\"><strong>Inhalt des zur Miete angebotenen Pakets:<\/strong><\/span><br \/>\n\u2013 Gopro 12 Schwarze Kamera<br \/>\n\u2013 Wasserdichte Schutzh\u00fclle<br \/>\n\u2013 Schwimmender Griff<br \/>\n\u2013 2 Batterien<br \/>\n\u2013 1 Ladeger\u00e4t<br \/>\n\u2013 1 microSD-Karte 128 GB<br \/>\n\u2013 Tragetasche<br \/>\n\u2013 Frontbefestigungsleiste<br \/>\n\u2013 Brustgurt<br \/>\n\u2013 Flexible Befestigung<br \/>\n\u2013 1 Klebehalterung<\/p>\n<p><span style=\"text-decoration: underline;\"><strong>GOPRO 12 SCHWARZ HAUPTMERKMALE:<\/strong><\/span><\/p>\n<table style=\"width: 100%; border-collapse: collapse;\" border=\"1\">\n<tbody>\n<tr style=\"background-color: #f2f2f2; text-align: center;\">\n<th>Hauptmerkmale<\/th>\n<\/tr>\n<tr>\n<td style=\"text-align: left;\"><strong>Abmessungen (B x H x T):<\/strong> 71,8 B x 50,8 H x 33,6 T (mm)<br \/>\n<strong>Gewicht:<\/strong> 154 g (Kamera mit Montagestangen und Akku), 121 g (ohne Akku)<br \/>\n<strong>Batterie:<\/strong> Herausnehmbarer 1720 mAh Enduro-Akku<br \/>\n<strong>Bildschirme:<\/strong> R\u00fcckseite: 2,27-Zoll-Touchscreen, Vorderseite: 1,4-Zoll-Farbbildschirm<br \/>\n<strong>Robust und wasserdicht:<\/strong> 10 m ohne Schutzgeh\u00e4use. 60 m mit Schutzgeh\u00e4use.<br \/>\n<strong>Festsetzung:<\/strong> Integrierte Befestigung durch Gelenkstangen, \u00bc-20 Befestigung<br \/>\n<strong>Abnehmbares wasserdichtes Schutzglas:<\/strong> Ja<br \/>\n<strong>microSD-Speicher:<\/strong> Mindestens 1 microSD V30 oder UHS-3<br \/>\n<strong>Anschluss:<\/strong> USB-C, HDMI-Anschluss, Medienmodul (H9B\/H10B\/H11B\/H12B)<br \/>\n<strong>Betriebstemperatur:<\/strong> -10 \u00baC \u2013 35 \u00baC<br \/>\n\u2026und alle weiteren genannten Features f\u00fcr eine vollst\u00e4ndige Pr\u00e4sentation.<\/td>\n<\/tr>\n<\/tbody>\n<\/table>","protected":false},"excerpt":{"rendered":"<p style=\"text-align: left; font-size: 18px;\"><strong>Pr\u00e4sentation:<\/strong><\/p>\n<p>Entdecken Sie das ultimative Abenteuerpaket mit dem <strong>GoPro 12 Schwarz<\/strong>, die vielseitigste Action-Kamera und <strong>robust<\/strong>, ausgestattet, um jeden Moment Ihrer Expeditionen mit atemberaubender Klarheit festzuhalten.<\/p>\n<p>Dieses Paket enth\u00e4lt nicht nur die GoPro 12 Black, mit ihren Abmessungen <strong>kompakt und leicht<\/strong> 154 g (Kamera mit Montagestangen und Akku), aber auch eine Reihe wichtiger Zubeh\u00f6rteile.<\/p>\n<p>Genie\u00dfen Sie zwei 1720 mAh Enduro-Batterien f\u00fcr eine <strong>erweiterte Autonomie<\/strong>, ein Ladeger\u00e4t zum Aufladen, wo immer Sie sind, eine Tragetasche f\u00fcr optimalen Schutz und Organisation und eine Karte <strong>128 GB microSD<\/strong> um all Ihre Abenteuer zu speichern.<\/p>\n<p>F\u00fcr den vielseitigen Einsatz ist die <strong>Paket enth\u00e4lt<\/strong> Au\u00dferdem sind ein schwimmender Griff, ein bis zu 60 Meter wasserdichtes Schutzgeh\u00e4use, ein Stirnband, eine flexible Halterung und eine Brusthalterung vorhanden, sodass Sie f\u00fcr jede Aufnahmeperspektive ger\u00fcstet sind.<\/p>\n<p>Die GoPro 12 Black selbst <strong>beeindruckt durch seine Bildqualit\u00e4t<\/strong> in einer Aufl\u00f6sung von bis zu 5,3K, ein <strong>Stabilisierung<\/strong> HyperSmooth 6.0-Video und verschiedene Aufnahmemodi f\u00fcr Fotos und Videos <strong>atemberaubend unter allen Bedingungen<\/strong>.<\/p>\n<hr \/>\n<p style=\"text-align: center;\"><em><strong>Pierres Meinung:<\/strong> \u201eDieses GoPro 12 Black Pack ist mit all seinem Zubeh\u00f6r so toll, dass jeder Ausflug zu einem filmreifen Abenteuer wird. Die Bildqualit\u00e4t, die Akkulaufzeit und die Benutzerfreundlichkeit erm\u00f6glichten es mir, unglaubliche Momente festzuhalten, ohne mir Gedanken \u00fcber die Ausr\u00fcstung machen zu m\u00fcssen. Ich kann es allen Abenteuer-Enthusiasten w\u00e4rmstens empfehlen!<\/em><em>&#8220;<\/em><\/p>\n<hr \/>\n<p>&nbsp;<\/p>\n<p><em><span lang=\"fr\" style=\"font-size: 10pt; font-family: Verdana, sans-serif; color: #000000;\" xml:lang=\"fr\">* Foto nicht bindend<\/span><\/em><\/p>\n<p><span style=\"font-size: 10pt;\"> ** Basierend auf einer 8-t\u00e4gigen Miete<\/span><\/p>","protected":false},"featured_media":144511,"template":"","meta":{"_acf_changed":false},"product_brand":[],"product_cat":[3835],"product_tag":[],"class_list":{"0":"post-126959","1":"product","2":"type-product","3":"status-publish","4":"has-post-thumbnail","6":"product_cat-photo-video-voyage","7":"pa_dimension-718-x-508-x-336-mm","8":"pa_marque-gopro","10":"first","11":"instock","12":"taxable","13":"shipping-taxable","14":"purchasable","15":"product-type-simple"},"bundled_by":["130009"],"bundle_stock_status":"instock","bundle_stock_quantity":1,"bundle_virtual":false,"bundle_layout":"","bundle_add_to_cart_form_location":"","bundle_editable_in_cart":false,"bundle_sold_individually_context":"","bundle_item_grouping":"","bundle_min_size":"","bundle_max_size":"","bundled_items":[],"bundle_sell_ids":[],"_links":{"self":[{"href":"https:\/\/www.orentees.com\/de\/wp-json\/wp\/v2\/product\/126959","targetHints":{"allow":["GET"]}}],"collection":[{"href":"https:\/\/www.orentees.com\/de\/wp-json\/wp\/v2\/product"}],"about":[{"href":"https:\/\/www.orentees.com\/de\/wp-json\/wp\/v2\/types\/product"}],"version-history":[{"count":2,"href":"https:\/\/www.orentees.com\/de\/wp-json\/wp\/v2\/product\/126959\/revisions"}],"predecessor-version":[{"id":144859,"href":"https:\/\/www.orentees.com\/de\/wp-json\/wp\/v2\/product\/126959\/revisions\/144859"}],"wp:featuredmedia":[{"embeddable":true,"href":"https:\/\/www.orentees.com\/de\/wp-json\/wp\/v2\/media\/144511"}],"wp:attachment":[{"href":"https:\/\/www.orentees.com\/de\/wp-json\/wp\/v2\/media?parent=126959"}],"wp:term":[{"taxonomy":"product_brand","embeddable":true,"href":"https:\/\/www.orentees.com\/de\/wp-json\/wp\/v2\/product_brand?post=126959"},{"taxonomy":"product_cat","embeddable":true,"href":"https:\/\/www.orentees.com\/de\/wp-json\/wp\/v2\/product_cat?post=126959"},{"taxonomy":"product_tag","embeddable":true,"href":"https:\/\/www.orentees.com\/de\/wp-json\/wp\/v2\/product_tag?post=126959"}],"curies":[{"name":"wp","href":"https:\/\/api.w.org\/{rel}","templated":true}]}}