{"id":126979,"date":"2024-03-13T20:30:04","date_gmt":"2024-03-13T19:30:04","guid":{"rendered":"https:\/\/www.orentees.com\/?post_type=product&#038;p=126979"},"modified":"2024-09-30T15:03:35","modified_gmt":"2024-09-30T13:03:35","slug":"location-dji-mini-4-pro-et-accessoires","status":"publish","type":"product","link":"https:\/\/www.orentees.com\/de\/product\/location-dji-mini-4-pro-et-accessoires\/","title":{"rendered":"DJI Mini 4 Pro und Zubeh\u00f6rverleih"},"content":{"rendered":"<h3><strong>Mietpaket: DJI mini 4 pro und Zubeh\u00f6r<\/strong><\/h3>\n<p>Das DJI Mini 4 Pro Bundle ist das ultimative Werkzeug f\u00fcr Reisende und Wanderer, die die Pracht nat\u00fcrlicher Landschaften mit beispielloser Tragbarkeit und au\u00dfergew\u00f6hnlicher Bildqualit\u00e4t einfangen m\u00f6chten, wodurch jedes Abenteuer noch unvergesslicher wird.<\/p>\n<p><span style=\"text-decoration: underline;\"><strong>Inhalt des zur Miete angebotenen Pakets:<\/strong><\/span><br \/>\n\u2013 DJI Mini 4 Pro Drohne<br \/>\n\u2013 Fernbedienung mit Bildschirm<br \/>\n\u2013 3 Batterien<br \/>\n\u2013 1 Ladeger\u00e4t<br \/>\n\u2013 1 microSD-Karte 128 GB<br \/>\n\u2013 Tragetasche<\/p>\n<p><span style=\"text-decoration: underline;\"><strong>DJI MINI 4 PRO HAUPTMERKMALE:<\/strong><\/span><\/p>\n<table style=\"width: 100%; border-collapse: collapse;\" border=\"1\">\n<tbody>\n<tr style=\"background-color: #f2f2f2; text-align: center;\">\n<th style=\"padding: 10px;\">TECHNISCHE EIGENSCHAFTEN<\/th>\n<\/tr>\n<tr>\n<td style=\"padding: 10px;\"><strong>DJI Mini 4 Pro Drohne:<\/strong><br \/>\n<strong>Kamera:<\/strong><br \/>\nMarke: DJI<br \/>\nSensor: 1\/1,3-Zoll-CMOS, effektive Pixel: 48 MP<br \/>\nBrennweite: 24 mm<br \/>\nMaximale Bildgr\u00f6\u00dfe: 8064 x 6048 Pixel<br \/>\nVideoaufl\u00f6sungen: H.264\/H.265 \/ 4K: 3840 x 2160 @ 24\/25\/30\/48\/50\/60\/100 fps \/ FHD: 1920 x 1080 @ 24\/25\/30\/48\/50\/60\/100\/200 fps<br \/>\nVideoformat: MP4 (MPEG-4 AVC\/H.264, HEVC\/H.265)<br \/>\nFotoaufl\u00f6sung: 8064 x 6048<br \/>\nFotoformat(e): JPEG\/DNG (RAW)<br \/>\nFotomodus: Einzelbild: 12 und 48 MP Serienbild: 12 MP, 3\/5\/7 Aufnahmen 48 MP, 3 Aufnahmen Automatische Belichtungsreihe (AEB): 12 MP, 3\/5\/7 Aufnahmen in 0,7 EV-Schritten 48 MP, 3 Aufnahmen in 0,7 EV-Schritten Intervall: 12 MP, 2\/3\/5\/7\/10\/15\/20\/30\/60 Sekunden<br \/>\n\u2026und alle anderen genannten Spezifikationen.<\/td>\n<\/tr>\n<\/tbody>\n<\/table>","protected":false},"excerpt":{"rendered":"<p style=\"text-align: left; font-size: 18px;\"><strong>Pr\u00e4sentation:<\/strong><\/p>\n<p>Begeben Sie sich auf ein unvergessliches Abenteuer mit dem <strong>DJI Mini 4 Pro-Paket<\/strong>, <strong>das ultimative Reiseaccessoire<\/strong> f\u00fcr Liebhaber von Wandern, Biwakieren und Outdoor-Erkundungen.<\/p>\n<p>Das <strong>ultraleichte Drohne<\/strong>, nur wiegen <strong>249 Gramm<\/strong>, passt problemlos in Ihren Rucksack und ist jederzeit bereit zum Abheben f\u00fcr<strong> die Erhabenheit der Natur verewigen<\/strong> aus spektakul\u00e4ren Winkeln. Mit seiner F\u00e4higkeit, bis zu 20 km zu fliegen und seiner 4K HDR-Videoaufl\u00f6sung mit 60 Bildern pro Sekunde f\u00e4ngt der DJI Mini 4 Pro die Sch\u00f6nheit wilder Landschaften mit atemberaubender Klarheit und lebendigen Farben ein.<\/p>\n<p>Ihr <strong>beeindruckende 48 MP Fotoaufl\u00f6sung<\/strong> erfasst die feinsten Details, von schneebedeckten Gipfeln und \u00fcppigen T\u00e4lern bis hin zu kristallklaren Seen und dichten W\u00e4ldern.<\/p>\n<p>DER <strong>DJI Mini 4 Pro<\/strong> ist nicht nur eine Drohne, sondern Ihr perfekter Begleiter f\u00fcr die Dokumentation Ihrer Outdoor-Abenteuer. Mit der drehbaren Kamera, der Fernbedienung und dem GPS k\u00f6nnen Sie ganz einfach Flugrouten planen und atemberaubende Panoramen einfangen.<\/p>\n<p>Mit 3 Intelligent Flight Batteries f\u00fcr bis zu 45 Minuten Flugzeit, einer Zweiwege-Ladestation und einer Umh\u00e4ngetasche sorgt dieses Paket daf\u00fcr, dass Sie keinen magischen Moment verpassen.<\/p>","protected":false},"featured_media":144905,"template":"","meta":{"_acf_changed":false},"product_brand":[],"product_cat":[3835],"product_tag":[],"class_list":{"0":"post-126979","1":"product","2":"type-product","3":"status-publish","4":"has-post-thumbnail","6":"product_cat-photo-video-voyage","7":"pa_dimension-718-x-508-x-336-mm","8":"pa_marque-dji","10":"first","11":"instock","12":"taxable","13":"shipping-taxable","14":"purchasable","15":"product-type-simple"},"bundled_by":[],"bundle_stock_status":"instock","bundle_stock_quantity":1,"bundle_virtual":false,"bundle_layout":"","bundle_add_to_cart_form_location":"","bundle_editable_in_cart":false,"bundle_sold_individually_context":"","bundle_item_grouping":"","bundle_min_size":"","bundle_max_size":"","bundled_items":[],"bundle_sell_ids":[],"_links":{"self":[{"href":"https:\/\/www.orentees.com\/de\/wp-json\/wp\/v2\/product\/126979","targetHints":{"allow":["GET"]}}],"collection":[{"href":"https:\/\/www.orentees.com\/de\/wp-json\/wp\/v2\/product"}],"about":[{"href":"https:\/\/www.orentees.com\/de\/wp-json\/wp\/v2\/types\/product"}],"version-history":[{"count":9,"href":"https:\/\/www.orentees.com\/de\/wp-json\/wp\/v2\/product\/126979\/revisions"}],"predecessor-version":[{"id":144913,"href":"https:\/\/www.orentees.com\/de\/wp-json\/wp\/v2\/product\/126979\/revisions\/144913"}],"wp:featuredmedia":[{"embeddable":true,"href":"https:\/\/www.orentees.com\/de\/wp-json\/wp\/v2\/media\/144905"}],"wp:attachment":[{"href":"https:\/\/www.orentees.com\/de\/wp-json\/wp\/v2\/media?parent=126979"}],"wp:term":[{"taxonomy":"product_brand","embeddable":true,"href":"https:\/\/www.orentees.com\/de\/wp-json\/wp\/v2\/product_brand?post=126979"},{"taxonomy":"product_cat","embeddable":true,"href":"https:\/\/www.orentees.com\/de\/wp-json\/wp\/v2\/product_cat?post=126979"},{"taxonomy":"product_tag","embeddable":true,"href":"https:\/\/www.orentees.com\/de\/wp-json\/wp\/v2\/product_tag?post=126979"}],"curies":[{"name":"wp","href":"https:\/\/api.w.org\/{rel}","templated":true}]}}