{"id":127027,"date":"2024-03-14T19:28:11","date_gmt":"2024-03-14T18:28:11","guid":{"rendered":"https:\/\/www.orentees.com\/?post_type=product&#038;p=127027"},"modified":"2024-10-08T13:29:05","modified_gmt":"2024-10-08T11:29:05","slug":"camera-insta360-x3-et-accessoires","status":"publish","type":"product","link":"https:\/\/www.orentees.com\/de\/product\/camera-insta360-x3-et-accessoires\/","title":{"rendered":"Insta360 X3 Kamera und Zubeh\u00f6r"},"content":{"rendered":"<h3><strong>Mietpaket: Insta360 X3 und Zubeh\u00f6r<\/strong><\/h3>\n<p>Das Insta360 X3-Paket mit seinen fortschrittlichen Funktionen zur Aufnahme von Videos und Fotos in hoher Aufl\u00f6sung, seiner robusten Haltbarkeit und dem praktischen Zubeh\u00f6r ist ideal f\u00fcr Skifahrer, Reisende und Wanderer, die ihre Abenteuer mit Pr\u00e4zision und Kreativit\u00e4t aus verschiedenen Winkeln und unter verschiedenen Bedingungen festhalten m\u00f6chten.<\/p>\n<p>&nbsp;<\/p>\n<table border=\"1\">\n<tbody>\n<tr style=\"background-color: #d3d3d3; text-align: center;\">\n<td>Insta360 X3<\/td>\n<\/tr>\n<tr>\n<td><b>Hauptmerkmale<\/b><br \/>\nBlende: F1.9<br \/>\n35-mm-\u00e4quivalente Brennweite: 6,7 mm<br \/>\nFotoaufl\u00f6sung: 72 MP (11968 \u00d7 5984), 18 MP (5952 \u00d7 2976)<br \/>\nVideoaufl\u00f6sung:<br \/>\n360:<br \/>\n5,7K: 5760\u00d72880@30\/25\/24fps<br \/>\n4K: 3840\u00d71920@60\/50\/30\/25\/24fps<br \/>\n3K: 3008\u00d71504@100fps<br \/>\nEinzelobjektivmodus:<br \/>\n4K: 3840\u00d72160 bei 30\/25\/24fps<br \/>\n3,6K: 3584\u00d72016 bei 60\/50\/30\/25\/24fps<br \/>\n2,7K: 2720\u00d71530@60\/50\/30\/25\/24<br \/>\n1080P: 1920\u00d71088 bei 60\/50\/30\/25\/24fps<br \/>\nFotoformat: insp, DNG Raw (PureShot)<br \/>\nVideoformat: Einzelobjektiv: MP4, 360: INSV<br \/>\nFotomodi: Standard, HDR, Burst, Intervall, Starlapse<br \/>\nVideomodi: Standard, Active HDR, Zeitraffer, TimeShift, Bullet Time, Loop-Aufnahme, Voraufnahme<br \/>\nFarbprofile: Lebendig, Standard, LOG<br \/>\nGewicht: 180 g<br \/>\nAbmessungen (L x H x B): 46,0*114,0*33,1 mm<br \/>\nAutonomie: 81 min<br \/>\nMaximale Video-Bitrate: 120 Mbit\/s<br \/>\nGyroskop: 6-Achsen-Gyroskop<br \/>\nLive-Streams: 360-Grad-Live-Streams, Live-Stream-Zuschneiden<br \/>\nBelichtungswert: \u00b14EV<br \/>\nISO-Bereich: 100\uff5e3200<br \/>\nVerschlusszeit: Foto: 1\/8000 \u2013 120 s, Video: 1\/8000 \u2013 an der Grenze der Bilder pro Sekunde<br \/>\nWei\u00dfabgleich: 2000K \u2013 10000K<br \/>\nAudiomodi: Windreduzierung, Stereo, Richtungsverst\u00e4rkung<br \/>\nAudioformat: 48 kHz, 16 Bit, AAC<br \/>\nBluetooth: BLE 5.0<br \/>\nWLAN: 2,4 GHz, 5 GHz, 802.11a\/b\/g\/n\/ac<br \/>\nUSB: Typ C<br \/>\nMicro-SD-Karte: Unterst\u00fctzt<br \/>\nBatteriekapazit\u00e4t: 1800 mAh<br \/>\nLademethode: USB Typ C<br \/>\nLadezeit: 90 Min. (5 V\/3 A)<br \/>\nBetriebstemperatur: Von -20\u00b0C bis 40\u00b0C<\/td>\n<\/tr>\n<tr>\n<td><b>Zubeh\u00f6r<\/b><br \/>\n1x Invisible Action Selfie Stick Ausziehbar bis zu 1m,<br \/>\n1x Objektivdeckel,<br \/>\n1x Tragetasche,<br \/>\n1x MicroSD,<br \/>\n1x Stativ<\/td>\n<\/tr>\n<\/tbody>\n<\/table>\n<p>&nbsp;<\/p>","protected":false},"excerpt":{"rendered":"<p style=\"text-align: left; font-size: 18px;\"><strong>Pr\u00e4sentation:<\/strong><\/p>\n<p>Tauchen Sie ein in die Welt Ihrer Bergausfl\u00fcge, Wanderungen, Biwaks oder Reisen mit dem Insta360 X3 Kamera-Mietpaket, das speziell f\u00fcr Outdoor- und Abenteuerfans entwickelt wurde. Dieses Paket enth\u00e4lt die revolution\u00e4re Insta360 X3 Kamera, die mit ihren 360-Grad-Videos in 5,7K-Aufl\u00f6sung und Fotos mit bis zu 72 MP atemberaubende Momente festh\u00e4lt, sodass jedes Detail Ihrer Skiausfl\u00fcge, Wanderungen oder N\u00e4chte unter dem Sternenhimmel in h\u00f6chster Wiedergabetreue verewigt wird. Dank der F1.9-Blende und verschiedener Aufnahmemodi wie Active HDR und TimeShift sind Sie bestens ger\u00fcstet, um die Sch\u00f6nheit der Natur bei jedem Licht und jeder Bewegung einzufangen.<\/p>\n<p>Das Set enth\u00e4lt alles, was moderne Abenteurer brauchen: einen unsichtbaren Selfie-Stick f\u00fcr dynamische Aufnahmen ohne st\u00f6rende Ausr\u00fcstung, ein Schneekit f\u00fcr makellose Bilder selbst unter h\u00e4rtesten Winterbedingungen, einen Objektivdeckel zum Schutz vor Wind und Wetter, eine Tragetasche f\u00fcr einfachen Transport, eine microSD-Karte zum Speichern all Ihrer Erinnerungen und ein Stativ f\u00fcr stabile, professionelle Aufnahmen. Mit ihrem leichten Design (180 g) und einer Akkulaufzeit von 81 Minuten ist diese Kamera der perfekte Begleiter f\u00fcr lange Abenteuertage. Sie bietet Robustheit und fortschrittliche Technik f\u00fcr herausragende Leistung unter allen Bedingungen \u2013 vom Tiefschnee bis zu anspruchsvollen Trails.<\/p>\n<p>&nbsp;<\/p>\n<hr \/>\n<p style=\"text-align: center;\"><em><strong>Pierres Meinung:<\/strong> \u201eDas Insta360 X3 Camera Pack verwandelt jeden Moment Ihres Ski-, Wander- oder Biwakabenteuers in eine epische Erinnerung, die sich dank der au\u00dfergew\u00f6hnlichen Bildqualit\u00e4t und Benutzerfreundlichkeit leicht wiedererleben l\u00e4sst.<\/em><em>&#8220;<\/em><\/p>\n<hr \/>\n<p>&nbsp;<\/p>\n<p><em><span lang=\"fr\" style=\"font-size: 10pt; font-family: Verdana, sans-serif; color: #000000;\" xml:lang=\"fr\">* Foto nicht bindend<\/span><\/em><\/p>\n<p><span style=\"font-size: 10pt;\"> ** Basierend auf einer 8-t\u00e4gigen Miete<\/span><\/p>","protected":false},"featured_media":144513,"template":"","meta":{"_acf_changed":false},"product_brand":[],"product_cat":[3835],"product_tag":[],"class_list":{"0":"post-127027","1":"product","2":"type-product","3":"status-publish","4":"has-post-thumbnail","6":"product_cat-photo-video-voyage","7":"pa_dimension-46-x-114-x-33-mm","8":"pa_marque-insta360","10":"first","11":"instock","12":"taxable","13":"shipping-taxable","14":"purchasable","15":"product-type-simple"},"bundled_by":["129997"],"bundle_stock_status":"instock","bundle_stock_quantity":1,"bundle_virtual":false,"bundle_layout":"","bundle_add_to_cart_form_location":"","bundle_editable_in_cart":false,"bundle_sold_individually_context":"","bundle_item_grouping":"","bundle_min_size":"","bundle_max_size":"","bundled_items":[],"bundle_sell_ids":[],"_links":{"self":[{"href":"https:\/\/www.orentees.com\/de\/wp-json\/wp\/v2\/product\/127027","targetHints":{"allow":["GET"]}}],"collection":[{"href":"https:\/\/www.orentees.com\/de\/wp-json\/wp\/v2\/product"}],"about":[{"href":"https:\/\/www.orentees.com\/de\/wp-json\/wp\/v2\/types\/product"}],"version-history":[{"count":3,"href":"https:\/\/www.orentees.com\/de\/wp-json\/wp\/v2\/product\/127027\/revisions"}],"predecessor-version":[{"id":146709,"href":"https:\/\/www.orentees.com\/de\/wp-json\/wp\/v2\/product\/127027\/revisions\/146709"}],"wp:featuredmedia":[{"embeddable":true,"href":"https:\/\/www.orentees.com\/de\/wp-json\/wp\/v2\/media\/144513"}],"wp:attachment":[{"href":"https:\/\/www.orentees.com\/de\/wp-json\/wp\/v2\/media?parent=127027"}],"wp:term":[{"taxonomy":"product_brand","embeddable":true,"href":"https:\/\/www.orentees.com\/de\/wp-json\/wp\/v2\/product_brand?post=127027"},{"taxonomy":"product_cat","embeddable":true,"href":"https:\/\/www.orentees.com\/de\/wp-json\/wp\/v2\/product_cat?post=127027"},{"taxonomy":"product_tag","embeddable":true,"href":"https:\/\/www.orentees.com\/de\/wp-json\/wp\/v2\/product_tag?post=127027"}],"curies":[{"name":"wp","href":"https:\/\/api.w.org\/{rel}","templated":true}]}}