{"id":127105,"date":"2024-03-15T12:17:16","date_gmt":"2024-03-15T11:17:16","guid":{"rendered":"https:\/\/www.orentees.com\/?post_type=product&#038;p=127105"},"modified":"2024-09-30T18:40:47","modified_gmt":"2024-09-30T16:40:47","slug":"location-valise-desley-70-cm","status":"publish","type":"product","link":"https:\/\/www.orentees.com\/de\/product\/location-valise-desley-70-cm\/","title":{"rendered":"Desley 70 cm Kofferverleih"},"content":{"rendered":"","protected":false},"excerpt":{"rendered":"<p style=\"text-align: left; font-size: 18px;\"><strong>Pr\u00e4sentation:<\/strong><\/p>\n<p>Entscheiden Sie sich mit unserem Mietwagenangebot f\u00fcr eine sorgenfreie Reisel\u00f6sung. <strong>Desley Koffer<\/strong>, ideal f\u00fcr Weltenbummler und abenteuerlustige Familien. Dieses 70 cm gro\u00dfe Gep\u00e4ckst\u00fcck vereint <strong>gro\u00dfz\u00fcgige Kapazit\u00e4t<\/strong> von 80,5 Litern und einem <strong>robustes Design<\/strong> aus Polypropylen und bietet einen organisierten und sicheren Platz f\u00fcr alles, was Sie w\u00e4hrend Ihrer Ausfl\u00fcge brauchen.<\/p>\n<p>Die Marke <strong>Desley<\/strong>, ein Synonym f\u00fcr Qualit\u00e4t und Innovation, hat sich der Bereitstellung praktischer und stilvoller Reisel\u00f6sungen verschrieben, die den Bed\u00fcrfnissen moderner Reisender gerecht werden. <strong>TSA-Schloss<\/strong> Codeschloss sorgt f\u00fcr die Sicherheit Ihrer Sachen, w\u00e4hrend der Securitech Zip-Verschluss den Schutz vor Einbruch verdoppelt. Sein <strong>gut gestalteter Innenraum<\/strong>, ausgestattet mit zwei gro\u00dfen gef\u00fctterten F\u00e4chern mit Rei\u00dfverschluss-Unterteilungen und Haltegurten, erleichtert die Organisation Ihrer Kleidung und Accessoires.<\/p>\n<p>Dar\u00fcber hinaus ist der Koffer <strong>gleitet leicht dank seiner vier Doppel-Lenkrollen<\/strong>und die weichen Griffe erm\u00f6glichen eine <strong>komfortable Handhabung<\/strong> in allen Umgebungen.<\/p>\n<p>Mieten Sie diesen aufgegebenen Koffer <strong>Desley<\/strong> bedeutet, zu genie\u00dfen eine <strong>Reisen Sie mit leichtem Gep\u00e4ck, ohne den Aufwand, ein gro\u00dfes Gep\u00e4ckst\u00fcck zu Hause zu lagern<\/strong>und profitieren Sie gleichzeitig von der Flexibilit\u00e4t und Eleganz dieser renommierten Marke.<\/p>","protected":false},"featured_media":145129,"template":"","meta":{"_acf_changed":false},"product_brand":[],"product_cat":[3645,3643],"product_tag":[],"class_list":{"0":"post-127105","1":"product","2":"type-product","3":"status-publish","4":"has-post-thumbnail","6":"product_cat-bagagerie-voyage","7":"product_cat-location-equipement-voyage","8":"pa_dimension-l47-0-x-h70-5-x-p31-0-cm","9":"pa_marque-delsey","10":"pa_volume-sac-a-dos-en-litre-80-5","12":"first","13":"instock","14":"taxable","15":"shipping-taxable","16":"purchasable","17":"product-type-simple"},"bundled_by":[],"bundle_stock_status":"instock","bundle_stock_quantity":1,"bundle_virtual":false,"bundle_layout":"","bundle_add_to_cart_form_location":"","bundle_editable_in_cart":false,"bundle_sold_individually_context":"","bundle_item_grouping":"","bundle_min_size":"","bundle_max_size":"","bundled_items":[],"bundle_sell_ids":[],"_links":{"self":[{"href":"https:\/\/www.orentees.com\/de\/wp-json\/wp\/v2\/product\/127105","targetHints":{"allow":["GET"]}}],"collection":[{"href":"https:\/\/www.orentees.com\/de\/wp-json\/wp\/v2\/product"}],"about":[{"href":"https:\/\/www.orentees.com\/de\/wp-json\/wp\/v2\/types\/product"}],"version-history":[{"count":2,"href":"https:\/\/www.orentees.com\/de\/wp-json\/wp\/v2\/product\/127105\/revisions"}],"predecessor-version":[{"id":145131,"href":"https:\/\/www.orentees.com\/de\/wp-json\/wp\/v2\/product\/127105\/revisions\/145131"}],"wp:featuredmedia":[{"embeddable":true,"href":"https:\/\/www.orentees.com\/de\/wp-json\/wp\/v2\/media\/145129"}],"wp:attachment":[{"href":"https:\/\/www.orentees.com\/de\/wp-json\/wp\/v2\/media?parent=127105"}],"wp:term":[{"taxonomy":"product_brand","embeddable":true,"href":"https:\/\/www.orentees.com\/de\/wp-json\/wp\/v2\/product_brand?post=127105"},{"taxonomy":"product_cat","embeddable":true,"href":"https:\/\/www.orentees.com\/de\/wp-json\/wp\/v2\/product_cat?post=127105"},{"taxonomy":"product_tag","embeddable":true,"href":"https:\/\/www.orentees.com\/de\/wp-json\/wp\/v2\/product_tag?post=127105"}],"curies":[{"name":"wp","href":"https:\/\/api.w.org\/{rel}","templated":true}]}}