{"id":129909,"date":"2024-05-01T10:30:05","date_gmt":"2024-05-01T08:30:05","guid":{"rendered":"https:\/\/www.orentees.com\/?post_type=product&#038;p=129909"},"modified":"2024-09-30T12:17:28","modified_gmt":"2024-09-30T10:17:28","slug":"location-oreiller-gonflable-camping","status":"publish","type":"product","link":"https:\/\/www.orentees.com\/de\/product\/location-oreiller-gonflable-camping\/","title":{"rendered":"Aufblasbare Kissenverleih f\u00fcrs Camping"},"content":{"rendered":"<h3><strong>Aufblasbare Kissenverleih f\u00fcrs Camping<\/strong><\/h3>\n<p>Das Geheimnis f\u00fcr einen erholsamen Schlaf beim Camping: Mieten Sie Ihr Kissen.<\/p>\n<p>Das aufblasbare Campingkissen sorgt f\u00fcr erholsame N\u00e4chte. Aufgeblasen ist es kompakt und bietet gro\u00dfz\u00fcgige Ma\u00dfe von 36 cm x 36 cm.<\/p>\n<p>&nbsp;<\/p>","protected":false},"excerpt":{"rendered":"<p style=\"text-align: left; font-size: 18px;\"><strong>Pr\u00e4sentation:<\/strong><\/p>\n<p>Das aufblasbare Trigano-Kissen ist nicht nur ein einfaches Accessoire, sondern wird zu einem unverzichtbaren Begleiter f\u00fcr Ihre Outdoor-Abenteuer!<\/p>\n<p>Dieses kompakte und clever designte Kissen ist die ideale L\u00f6sung f\u00fcr alle, die maximalen Komfort suchen, ohne dabei Platz im Gep\u00e4ck zu opfern. Im entleerten Zustand verschwindet es praktisch in Ihrer Ausr\u00fcstung, sodass Sie es bis zum entscheidenden Moment kaum bemerken.<\/p>\n<p>Aufgeblasen verwandelt es sich in ein perfekt dimensioniertes Zusatzkissen (36 x 36 cm) und bietet dank seines Bezugs in Pfirsichhaut-Optik, der W\u00e4rme- und Feuchtigkeitsstau minimiert, bemerkenswerten Komfort. Dadurch eignet sich das Kissen besonders gut f\u00fcr Campingausfl\u00fcge oder auch f\u00fcr eine entspannende Pause im Auto.<\/p>\n<p>&nbsp;<\/p>\n<hr \/>\n<p style=\"text-align: center;\"><em><strong>Martins Meinung:<\/strong> \u201eBei meinen Ausfl\u00fcgen in die Natur ist guter Schlaf unerl\u00e4sslich. Mit diesem Trigano-Kissen sind meine N\u00e4chte unter dem Sternenhimmel nun gleichbedeutend mit Komfort. Es ist so leicht und kompakt, dass es f\u00fcr mich zur Gewohnheit geworden ist, es immer dabei zu haben.\u201c<\/em><\/p>\n<hr \/>\n<p><em><span lang=\"fr\" style=\"font-size: 10pt; font-family: Verdana, sans-serif; color: #000000;\" xml:lang=\"fr\">* Foto nicht bindend<\/span><\/em><\/p>\n<p><span style=\"font-size: 10pt;\"> ** Basierend auf einer 8-t\u00e4gigen Miete<\/span><\/p>","protected":false},"featured_media":144635,"template":"","meta":{"_acf_changed":false},"product_brand":[],"product_cat":[3649,3685],"product_tag":[],"class_list":{"0":"post-129909","1":"product","2":"type-product","3":"status-publish","4":"has-post-thumbnail","6":"product_cat-location-materiel-bivouac","7":"product_cat-location-materiel-camping","9":"first","10":"instock","11":"taxable","12":"shipping-taxable","13":"purchasable","14":"product-type-simple"},"bundled_by":["30227","30236"],"bundle_stock_status":"instock","bundle_stock_quantity":60,"bundle_virtual":false,"bundle_layout":"","bundle_add_to_cart_form_location":"","bundle_editable_in_cart":false,"bundle_sold_individually_context":"","bundle_item_grouping":"","bundle_min_size":"","bundle_max_size":"","bundled_items":[],"bundle_sell_ids":[],"_links":{"self":[{"href":"https:\/\/www.orentees.com\/de\/wp-json\/wp\/v2\/product\/129909","targetHints":{"allow":["GET"]}}],"collection":[{"href":"https:\/\/www.orentees.com\/de\/wp-json\/wp\/v2\/product"}],"about":[{"href":"https:\/\/www.orentees.com\/de\/wp-json\/wp\/v2\/types\/product"}],"version-history":[{"count":2,"href":"https:\/\/www.orentees.com\/de\/wp-json\/wp\/v2\/product\/129909\/revisions"}],"predecessor-version":[{"id":144699,"href":"https:\/\/www.orentees.com\/de\/wp-json\/wp\/v2\/product\/129909\/revisions\/144699"}],"wp:featuredmedia":[{"embeddable":true,"href":"https:\/\/www.orentees.com\/de\/wp-json\/wp\/v2\/media\/144635"}],"wp:attachment":[{"href":"https:\/\/www.orentees.com\/de\/wp-json\/wp\/v2\/media?parent=129909"}],"wp:term":[{"taxonomy":"product_brand","embeddable":true,"href":"https:\/\/www.orentees.com\/de\/wp-json\/wp\/v2\/product_brand?post=129909"},{"taxonomy":"product_cat","embeddable":true,"href":"https:\/\/www.orentees.com\/de\/wp-json\/wp\/v2\/product_cat?post=129909"},{"taxonomy":"product_tag","embeddable":true,"href":"https:\/\/www.orentees.com\/de\/wp-json\/wp\/v2\/product_tag?post=129909"}],"curies":[{"name":"wp","href":"https:\/\/api.w.org\/{rel}","templated":true}]}}