{"id":149847,"date":"2024-10-16T08:00:13","date_gmt":"2024-10-16T06:00:13","guid":{"rendered":"https:\/\/www.orentees.com\/?post_type=product&#038;p=149847"},"modified":"2025-01-13T22:43:52","modified_gmt":"2025-01-13T21:43:52","slug":"location-tenue-ski-fille-rossignol-staci-girl","status":"publish","type":"product","link":"https:\/\/www.orentees.com\/de\/product\/location-tenue-ski-fille-rossignol-staci-girl\/","title":{"rendered":"ROSSIGNOL STACI GIRL M\u00c4DCHEN-SKIOUTFIT-VERLEIH"},"content":{"rendered":"","protected":false},"excerpt":{"rendered":"<p style=\"text-align: left; font-size: 18px;\"><strong>Pr\u00e4sentation:<\/strong><\/p>\n<p>Dort<strong> Rossignol Staci Girl Ski-Outfit<\/strong> kombiniert <strong>Eleganz, W\u00e4rme und Schutz<\/strong> damit junge Skifahrer ihre Tage auf der Piste in vollen Z\u00fcgen genie\u00dfen k\u00f6nnen. Die Staci Jacke, ausgestattet mit High-Loft PolyDown-Isolierung, bietet eine <strong>W\u00e4rme vergleichbar mit der von Daunen<\/strong>, unter Beibehaltung einer <strong>Leichtigkeit<\/strong> und optimale Bewegungsfreiheit. Mit einer wasserdichten und atmungsaktiven Membran (20.000\/15.000) garantiert sie effektiven Schutz vor schlechtem Wetter, w\u00e4hrend der Schneefang und die verstellbaren \u00c4rmelb\u00fcndchen f\u00fcr <strong>optimaler Komfort<\/strong>.<\/p>\n<p>Die passende Hose, <strong>leicht und isolierend<\/strong>, rundet das Outfit ab und bietet dank Gamaschen und Fleecefutter zus\u00e4tzlichen Schutz vor Schnee.<\/p>\n<p>Mieten Sie dieses Outfit bei O&#039;rentees und lassen Sie Ihre Kinder unter besten Bedingungen die Pisten in Les Arcs oder Chamonix unsicher machen.<\/p>\n<h3 style=\"font-size: 23px; font-weight: 600;\">Vorteile<\/h3>\n<table style=\"text-align: center; vertical-align: middle; border-color: #c8d4d0;\" border=\"1\">\n<tbody>\n<tr>\n<th>Hitze<\/th>\n<th>Undurchl\u00e4ssigkeit<\/th>\n<th>Atmungsaktivit\u00e4t<\/th>\n<th>\u00d6ko-Hinweis<\/th>\n<\/tr>\n<tr style=\"font-size: 1.1em; color: #f59f40;\">\n<td>\u25cf\u25cf\u25cf\u25cf\u25cb<\/td>\n<td>\u25cf\u25cf\u25cf\u25cf\u25cf<\/td>\n<td>\u25cf\u25cf\u25cf\u25cf\u25cb<\/td>\n<td>\u25cf\u25cf\u25cf\u25cf\u25cb<\/td>\n<\/tr>\n<\/tbody>\n<\/table>\n<p>&nbsp;<\/p>\n<hr \/>","protected":false},"featured_media":156969,"template":"","meta":{"_acf_changed":false},"product_brand":[],"product_cat":[4481,3055,3107,4185,3057],"product_tag":[],"class_list":{"0":"post-149847","1":"product","2":"type-product","3":"status-publish","4":"has-post-thumbnail","6":"product_cat-location-vetement-grand-froid","7":"product_cat-location-vetement-de-ski","8":"product_cat-fille","9":"product_cat-location-vetement-ski-rossignol","10":"product_cat-enfant","11":"pa_couleur-pantalon-bleu","12":"pa_couleur-veste-bleu","13":"pa_coupe-pantalon-regular","14":"pa_coupe-veste-regular","15":"pa_genre-enfant","16":"pa_genre-fille","17":"pa_impermeabilite-20000-mm","18":"pa_marque-rossignol","19":"pa_respirabilite-15000-gr-m2","20":"pa_taille-12-ans","21":"pa_taille-14-ans","22":"pa_taille-16-ans","23":"pa_type-produit-tenue-complete","25":"first","26":"instock","27":"sale","28":"virtual","29":"taxable","30":"purchasable","31":"product-type-bundle"},"bundled_by":[],"bundle_stock_status":"instock","bundle_stock_quantity":11,"bundle_virtual":false,"bundle_layout":"default","bundle_add_to_cart_form_location":"default","bundle_editable_in_cart":false,"bundle_sold_individually_context":"product","bundle_item_grouping":"parent","bundle_min_size":"","bundle_max_size":"","bundled_items":[{"bundled_item_id":24079,"product_id":149823,"menu_order":0,"quantity_min":1,"quantity_max":1,"quantity_default":1,"priced_individually":true,"shipped_individually":false,"override_title":true,"title":"Jacke","override_description":true,"description":"Gr\u00f6\u00dfe w\u00e4hlen","optional":false,"hide_thumbnail":false,"discount":"50","override_variations":false,"allowed_variations":[],"override_default_variation_attributes":false,"default_variation_attributes":[],"single_product_visibility":"visible","cart_visibility":"visible","order_visibility":"visible","single_product_price_visibility":"hidden","cart_price_visibility":"hidden","order_price_visibility":"hidden","stock_status":"in_stock"},{"bundled_item_id":24081,"product_id":149833,"menu_order":1,"quantity_min":1,"quantity_max":1,"quantity_default":1,"priced_individually":true,"shipped_individually":false,"override_title":true,"title":"Hose","override_description":true,"description":"Gr\u00f6\u00dfe w\u00e4hlen","optional":false,"hide_thumbnail":false,"discount":"50","override_variations":false,"allowed_variations":[],"override_default_variation_attributes":false,"default_variation_attributes":[],"single_product_visibility":"visible","cart_visibility":"visible","order_visibility":"visible","single_product_price_visibility":"hidden","cart_price_visibility":"hidden","order_price_visibility":"hidden","stock_status":"in_stock"},{"bundled_item_id":24083,"product_id":33360,"menu_order":2,"quantity_min":1,"quantity_max":1,"quantity_default":1,"priced_individually":true,"shipped_individually":false,"override_title":true,"title":"Seconde couche Polaire \/ Fleece - ODLO-","override_description":false,"description":"11 \u20ac \/ Miete","optional":true,"hide_thumbnail":false,"discount":"","override_variations":false,"allowed_variations":[],"override_default_variation_attributes":true,"default_variation_attributes":[{"id":51,"name":"Gr\u00f6\u00dfe","option":"12-ans"}],"single_product_visibility":"visible","cart_visibility":"visible","order_visibility":"visible","single_product_price_visibility":"hidden","cart_price_visibility":"hidden","order_price_visibility":"hidden","stock_status":"in_stock"},{"bundled_item_id":24085,"product_id":33045,"menu_order":3,"quantity_min":1,"quantity_max":1,"quantity_default":1,"priced_individually":true,"shipped_individually":false,"override_title":true,"title":"Masque de ski Enfant","override_description":false,"description":"11 \u20ac \/ Miete","optional":true,"hide_thumbnail":false,"discount":"","override_variations":false,"allowed_variations":[],"override_default_variation_attributes":false,"default_variation_attributes":[],"single_product_visibility":"visible","cart_visibility":"visible","order_visibility":"visible","single_product_price_visibility":"hidden","cart_price_visibility":"hidden","order_price_visibility":"hidden","stock_status":"in_stock"},{"bundled_item_id":24087,"product_id":30096,"menu_order":4,"quantity_min":1,"quantity_max":2,"quantity_default":1,"priced_individually":true,"shipped_individually":false,"override_title":true,"title":"Gants Enfant","override_description":false,"description":"11 \u20ac \/ Miete","optional":true,"hide_thumbnail":false,"discount":"","override_variations":true,"allowed_variations":[30980,30981,30982],"override_default_variation_attributes":true,"default_variation_attributes":[{"id":51,"name":"Gr\u00f6\u00dfe","option":"12-ans"}],"single_product_visibility":"visible","cart_visibility":"visible","order_visibility":"visible","single_product_price_visibility":"hidden","cart_price_visibility":"hidden","order_price_visibility":"hidden","stock_status":"in_stock"},{"bundled_item_id":24089,"product_id":160963,"menu_order":5,"quantity_min":1,"quantity_max":1,"quantity_default":1,"priced_individually":true,"shipped_individually":false,"override_title":false,"title":"Bonnet ski - Odlo","override_description":false,"description":"","optional":true,"hide_thumbnail":false,"discount":"","override_variations":false,"allowed_variations":[],"override_default_variation_attributes":false,"default_variation_attributes":[],"single_product_visibility":"visible","cart_visibility":"visible","order_visibility":"visible","single_product_price_visibility":"hidden","cart_price_visibility":"hidden","order_price_visibility":"hidden","stock_status":"in_stock"},{"bundled_item_id":24091,"product_id":75247,"menu_order":6,"quantity_min":1,"quantity_max":1,"quantity_default":1,"priced_individually":true,"shipped_individually":false,"override_title":true,"title":"Tour de cou - Neck warmer","override_description":true,"description":"6 \u20ac \/ Miete","optional":true,"hide_thumbnail":false,"discount":"","override_variations":false,"allowed_variations":[],"override_default_variation_attributes":false,"default_variation_attributes":[],"single_product_visibility":"visible","cart_visibility":"visible","order_visibility":"visible","single_product_price_visibility":"hidden","cart_price_visibility":"hidden","order_price_visibility":"hidden","stock_status":"in_stock"},{"bundled_item_id":24093,"product_id":33286,"menu_order":7,"quantity_min":1,"quantity_max":2,"quantity_default":1,"priced_individually":true,"shipped_individually":false,"override_title":true,"title":"T-Shirt ML Active Wam - ODLO -","override_description":false,"description":"11 \u20ac \/ Miete","optional":true,"hide_thumbnail":false,"discount":"","override_variations":true,"allowed_variations":[33291,33294,33295],"override_default_variation_attributes":true,"default_variation_attributes":[{"id":0,"name":"Gr\u00f6\u00dfe","option":"12 ans"}],"single_product_visibility":"visible","cart_visibility":"visible","order_visibility":"visible","single_product_price_visibility":"hidden","cart_price_visibility":"hidden","order_price_visibility":"hidden","stock_status":"in_stock"},{"bundled_item_id":24095,"product_id":33296,"menu_order":8,"quantity_min":1,"quantity_max":2,"quantity_default":1,"priced_individually":true,"shipped_individually":false,"override_title":true,"title":"Collant long \/ Base layer pants Active Wam - ODLO -","override_description":false,"description":"11 \u20ac \/ Miete","optional":true,"hide_thumbnail":false,"discount":"","override_variations":true,"allowed_variations":[33301,33302,33303],"override_default_variation_attributes":true,"default_variation_attributes":[{"id":0,"name":"Gr\u00f6\u00dfe","option":"12 ans"}],"single_product_visibility":"visible","cart_visibility":"visible","order_visibility":"visible","single_product_price_visibility":"hidden","cart_price_visibility":"hidden","order_price_visibility":"hidden","stock_status":"in_stock"},{"bundled_item_id":24097,"product_id":33307,"menu_order":9,"quantity_min":1,"quantity_max":3,"quantity_default":1,"priced_individually":true,"shipped_individually":false,"override_title":true,"title":"Skisocken - MONNET -","override_description":false,"description":"4 \u20ac \/ location","optional":true,"hide_thumbnail":false,"discount":"","override_variations":false,"allowed_variations":[],"override_default_variation_attributes":false,"default_variation_attributes":[],"single_product_visibility":"visible","cart_visibility":"visible","order_visibility":"visible","single_product_price_visibility":"hidden","cart_price_visibility":"hidden","order_price_visibility":"hidden","stock_status":"in_stock"},{"bundled_item_id":24099,"product_id":29950,"menu_order":10,"quantity_min":1,"quantity_max":1,"quantity_default":1,"priced_individually":true,"shipped_individually":false,"override_title":true,"title":"Apr\u00e8s-Ski Junior - SOREL","override_description":false,"description":"31 \u20ac \/ location","optional":true,"hide_thumbnail":false,"discount":"","override_variations":false,"allowed_variations":[],"override_default_variation_attributes":false,"default_variation_attributes":[],"single_product_visibility":"visible","cart_visibility":"visible","order_visibility":"visible","single_product_price_visibility":"hidden","cart_price_visibility":"hidden","order_price_visibility":"hidden","stock_status":"in_stock"},{"bundled_item_id":24101,"product_id":29974,"menu_order":11,"quantity_min":1,"quantity_max":1,"quantity_default":1,"priced_individually":true,"shipped_individually":false,"override_title":true,"title":"Apr\u00e8s-Ski Femme - SOREL","override_description":false,"description":"36 \u20ac \/ location","optional":true,"hide_thumbnail":false,"discount":"","override_variations":false,"allowed_variations":[],"override_default_variation_attributes":false,"default_variation_attributes":[],"single_product_visibility":"visible","cart_visibility":"visible","order_visibility":"visible","single_product_price_visibility":"hidden","cart_price_visibility":"hidden","order_price_visibility":"hidden","stock_status":"in_stock"},{"bundled_item_id":24103,"product_id":31106,"menu_order":12,"quantity_min":1,"quantity_max":1,"quantity_default":1,"priced_individually":true,"shipped_individually":true,"override_title":false,"title":"ASSURANCE ANNULATION (+5 \u20ac)","override_description":false,"description":"","optional":true,"hide_thumbnail":true,"discount":"","override_variations":false,"allowed_variations":[],"override_default_variation_attributes":false,"default_variation_attributes":[],"single_product_visibility":"visible","cart_visibility":"visible","order_visibility":"visible","single_product_price_visibility":"hidden","cart_price_visibility":"hidden","order_price_visibility":"hidden","stock_status":"in_stock"},{"bundled_item_id":24105,"product_id":31104,"menu_order":13,"quantity_min":1,"quantity_max":1,"quantity_default":1,"priced_individually":true,"shipped_individually":true,"override_title":false,"title":"ASSURANCE TRANQUILIT\u00c9 (+5 \u20ac)","override_description":false,"description":"","optional":true,"hide_thumbnail":true,"discount":"","override_variations":false,"allowed_variations":[],"override_default_variation_attributes":false,"default_variation_attributes":[],"single_product_visibility":"visible","cart_visibility":"visible","order_visibility":"visible","single_product_price_visibility":"hidden","cart_price_visibility":"hidden","order_price_visibility":"hidden","stock_status":"in_stock"}],"bundle_sell_ids":[],"_links":{"self":[{"href":"https:\/\/www.orentees.com\/de\/wp-json\/wp\/v2\/product\/149847","targetHints":{"allow":["GET"]}}],"collection":[{"href":"https:\/\/www.orentees.com\/de\/wp-json\/wp\/v2\/product"}],"about":[{"href":"https:\/\/www.orentees.com\/de\/wp-json\/wp\/v2\/types\/product"}],"version-history":[{"count":12,"href":"https:\/\/www.orentees.com\/de\/wp-json\/wp\/v2\/product\/149847\/revisions"}],"predecessor-version":[{"id":161237,"href":"https:\/\/www.orentees.com\/de\/wp-json\/wp\/v2\/product\/149847\/revisions\/161237"}],"wp:featuredmedia":[{"embeddable":true,"href":"https:\/\/www.orentees.com\/de\/wp-json\/wp\/v2\/media\/156969"}],"wp:attachment":[{"href":"https:\/\/www.orentees.com\/de\/wp-json\/wp\/v2\/media?parent=149847"}],"wp:term":[{"taxonomy":"product_brand","embeddable":true,"href":"https:\/\/www.orentees.com\/de\/wp-json\/wp\/v2\/product_brand?post=149847"},{"taxonomy":"product_cat","embeddable":true,"href":"https:\/\/www.orentees.com\/de\/wp-json\/wp\/v2\/product_cat?post=149847"},{"taxonomy":"product_tag","embeddable":true,"href":"https:\/\/www.orentees.com\/de\/wp-json\/wp\/v2\/product_tag?post=149847"}],"curies":[{"name":"wp","href":"https:\/\/api.w.org\/{rel}","templated":true}]}}