{"id":157279,"date":"2024-11-26T13:26:12","date_gmt":"2024-11-26T12:26:12","guid":{"rendered":"https:\/\/www.orentees.com\/?post_type=product&#038;p=157279"},"modified":"2024-11-26T17:08:17","modified_gmt":"2024-11-26T16:08:17","slug":"reparation-pantalon-legging","status":"publish","type":"product","link":"https:\/\/www.orentees.com\/de\/product\/reparation-pantalon-legging\/","title":{"rendered":"Reparaturhosen \/ Leggings"},"content":{"rendered":"","protected":false},"excerpt":{"rendered":"<div class=\"flex max-w-full flex-col flex-grow\">\n<div class=\"min-h-8 text-message flex w-full flex-col items-end gap-2 whitespace-normal break-words [.text-message+&amp;]:mt-5\" dir=\"auto\" data-message-author-role=\"assistant\" data-message-id=\"6a1c2d3d-2322-4e97-86c0-7deba26dfd35\" data-message-model-slug=\"gpt-4o\">\n<div class=\"flex w-full flex-col gap-1 empty:hidden first:pt-[3px]\">\n<div class=\"markdown prose w-full break-words dark:prose-invert light\">\n<h3>Hosen, Leggings oder Shorts reparieren \u2013 So erhalten Sie Ihre Outdoor-Ausr\u00fcstung<\/h3>\n<p>Verleihen Sie Ihren Funktionshosen und -shorts (zum Wandern, Klettern, Radfahren, Laufen usw.) mit unserem umweltfreundlichen, auf Upcycling basierenden Reparaturservice neues Leben. Jede Reparatur wird sorgf\u00e4ltig durchgef\u00fchrt, um die urspr\u00fcngliche Leistung Ihres Kleidungsst\u00fccks (St\u00e4rke, Flexibilit\u00e4t, Atmungsaktivit\u00e4t) zu erhalten und gleichzeitig das urspr\u00fcngliche Design zu wahren.<\/p>\n<p>Wir f\u00fchren verschiedene Reparaturen durch: Wir flicken lose N\u00e4hte, reparieren L\u00f6cher oder Risse und ersetzen besch\u00e4digte Rei\u00dfverschl\u00fcsse (Rei\u00dfverschluss, Schieber oder wasserdichter Streifen), Kn\u00f6pfe, Klettverschl\u00fcsse, Clips oder Gummib\u00e4nder. Bei Bedarf verwenden wir wiederverwendete Materialien, immer im Einklang mit dem Aussehen und den Eigenschaften Ihrer Ausr\u00fcstung.<\/p>\n<p>Kombinieren Sie mit unserem Service Haltbarkeit, Leistung und reduzierte Umweltbelastung. Bereiten Sie Ihre Hosen, Leggings oder Shorts auf neue Abenteuer vor und tragen Sie gleichzeitig zu einem verantwortungsvolleren Konsum bei.<\/p>\n<\/div>\n<\/div>\n<\/div>\n<\/div>","protected":false},"featured_media":157167,"template":"","meta":{"_acf_changed":false},"product_brand":[],"product_cat":[4413],"product_tag":[],"class_list":{"0":"post-157279","1":"product","2":"type-product","3":"status-publish","4":"has-post-thumbnail","6":"product_cat-entretien-reparation","8":"first","9":"instock","10":"virtual","11":"taxable","12":"purchasable","13":"product-type-simple"},"bundled_by":[],"bundle_stock_status":"instock","bundle_stock_quantity":null,"bundle_virtual":false,"bundle_layout":"","bundle_add_to_cart_form_location":"","bundle_editable_in_cart":false,"bundle_sold_individually_context":"","bundle_item_grouping":"","bundle_min_size":"","bundle_max_size":"","bundled_items":[],"bundle_sell_ids":[],"_links":{"self":[{"href":"https:\/\/www.orentees.com\/de\/wp-json\/wp\/v2\/product\/157279","targetHints":{"allow":["GET"]}}],"collection":[{"href":"https:\/\/www.orentees.com\/de\/wp-json\/wp\/v2\/product"}],"about":[{"href":"https:\/\/www.orentees.com\/de\/wp-json\/wp\/v2\/types\/product"}],"version-history":[{"count":2,"href":"https:\/\/www.orentees.com\/de\/wp-json\/wp\/v2\/product\/157279\/revisions"}],"predecessor-version":[{"id":157337,"href":"https:\/\/www.orentees.com\/de\/wp-json\/wp\/v2\/product\/157279\/revisions\/157337"}],"wp:featuredmedia":[{"embeddable":true,"href":"https:\/\/www.orentees.com\/de\/wp-json\/wp\/v2\/media\/157167"}],"wp:attachment":[{"href":"https:\/\/www.orentees.com\/de\/wp-json\/wp\/v2\/media?parent=157279"}],"wp:term":[{"taxonomy":"product_brand","embeddable":true,"href":"https:\/\/www.orentees.com\/de\/wp-json\/wp\/v2\/product_brand?post=157279"},{"taxonomy":"product_cat","embeddable":true,"href":"https:\/\/www.orentees.com\/de\/wp-json\/wp\/v2\/product_cat?post=157279"},{"taxonomy":"product_tag","embeddable":true,"href":"https:\/\/www.orentees.com\/de\/wp-json\/wp\/v2\/product_tag?post=157279"}],"curies":[{"name":"wp","href":"https:\/\/api.w.org\/{rel}","templated":true}]}}