{"id":157295,"date":"2024-11-26T13:39:38","date_gmt":"2024-11-26T12:39:38","guid":{"rendered":"https:\/\/www.orentees.com\/?post_type=product&#038;p=157295"},"modified":"2024-11-26T17:08:32","modified_gmt":"2024-11-26T16:08:32","slug":"reparation-tente-bivouac-camping","status":"publish","type":"product","link":"https:\/\/www.orentees.com\/de\/product\/reparation-tente-bivouac-camping\/","title":{"rendered":"Biwakzelt Reparatur \u2013 Camping"},"content":{"rendered":"","protected":false},"excerpt":{"rendered":"<h3>Zeltreparatur \u2013 Bewahren Sie Ihre Abenteuer durch Upcycling<\/h3>\n<p>Verl\u00e4ngern Sie die Lebensdauer Ihres 3- oder 4-Jahreszeiten-Biwakzelts und schonen Sie gleichzeitig die Umwelt mit unserem spezialisierten Reparaturservice auf Basis von Upcycling. Jeder Eingriff wird mit Sorgfalt durchgef\u00fchrt, um die urspr\u00fcnglichen Eigenschaften Ihres Zeltes (Wasserdichtigkeit, Robustheit, Stabilit\u00e4t) zu erhalten und gleichzeitig das urspr\u00fcngliche Design zu wahren.<\/p>\n<p>Zu unseren Leistungen geh\u00f6ren die Impr\u00e4gnierung von \u00dcberzelten, die Reparatur oder der Austausch besch\u00e4digter Stangen, die Ausbesserung von L\u00f6chern, Rissen und losen N\u00e4hten sowie der Austausch von Rei\u00dfverschl\u00fcssen, Klettverschl\u00fcssen, Gurten und Clips. Wir verwenden, wann immer m\u00f6glich, recycelte Materialien und gew\u00e4hrleisten gleichzeitig die Robustheit und Leistung, die f\u00fcr Ihre Outdoor-Abenteuer unerl\u00e4sslich sind.<\/p>\n<p>Entscheiden Sie sich f\u00fcr einen nachhaltigen und verantwortungsvollen Ansatz. Mit unserer Expertise ist Ihr Zelt bereit f\u00fcr neue H\u00f6hen und reduziert gleichzeitig die Auswirkungen auf die Umwelt.<\/p>","protected":false},"featured_media":157175,"template":"","meta":{"_acf_changed":false},"product_brand":[],"product_cat":[4413],"product_tag":[],"class_list":{"0":"post-157295","1":"product","2":"type-product","3":"status-publish","4":"has-post-thumbnail","6":"product_cat-entretien-reparation","8":"first","9":"instock","10":"virtual","11":"taxable","12":"purchasable","13":"product-type-simple"},"bundled_by":[],"bundle_stock_status":"instock","bundle_stock_quantity":null,"bundle_virtual":false,"bundle_layout":"","bundle_add_to_cart_form_location":"","bundle_editable_in_cart":false,"bundle_sold_individually_context":"","bundle_item_grouping":"","bundle_min_size":"","bundle_max_size":"","bundled_items":[],"bundle_sell_ids":[],"_links":{"self":[{"href":"https:\/\/www.orentees.com\/de\/wp-json\/wp\/v2\/product\/157295","targetHints":{"allow":["GET"]}}],"collection":[{"href":"https:\/\/www.orentees.com\/de\/wp-json\/wp\/v2\/product"}],"about":[{"href":"https:\/\/www.orentees.com\/de\/wp-json\/wp\/v2\/types\/product"}],"version-history":[{"count":2,"href":"https:\/\/www.orentees.com\/de\/wp-json\/wp\/v2\/product\/157295\/revisions"}],"predecessor-version":[{"id":157341,"href":"https:\/\/www.orentees.com\/de\/wp-json\/wp\/v2\/product\/157295\/revisions\/157341"}],"wp:featuredmedia":[{"embeddable":true,"href":"https:\/\/www.orentees.com\/de\/wp-json\/wp\/v2\/media\/157175"}],"wp:attachment":[{"href":"https:\/\/www.orentees.com\/de\/wp-json\/wp\/v2\/media?parent=157295"}],"wp:term":[{"taxonomy":"product_brand","embeddable":true,"href":"https:\/\/www.orentees.com\/de\/wp-json\/wp\/v2\/product_brand?post=157295"},{"taxonomy":"product_cat","embeddable":true,"href":"https:\/\/www.orentees.com\/de\/wp-json\/wp\/v2\/product_cat?post=157295"},{"taxonomy":"product_tag","embeddable":true,"href":"https:\/\/www.orentees.com\/de\/wp-json\/wp\/v2\/product_tag?post=157295"}],"curies":[{"name":"wp","href":"https:\/\/api.w.org\/{rel}","templated":true}]}}