{"id":178841,"date":"2025-03-12T08:20:48","date_gmt":"2025-03-12T07:20:48","guid":{"rendered":"https:\/\/www.orentees.com\/?post_type=product&#038;p=178841"},"modified":"2025-03-13T18:44:41","modified_gmt":"2025-03-13T17:44:41","slug":"location-tente-msr-hubba-hubba-bikepack-2-p","status":"publish","type":"product","link":"https:\/\/www.orentees.com\/de\/product\/location-tente-msr-hubba-hubba-bikepack-2-p\/","title":{"rendered":"MSR HUBBA Hubba Bikepack 2-Personen-Zeltverleih"},"content":{"rendered":"<h1 data-start=\"111\" data-end=\"208\"><strong data-start=\"113\" data-end=\"206\">MSR Hubba Hubba\u2122 Bikepack 2-Personen-Zelt \u2013 Leichter Komfort f\u00fcr Zwei-Personen-Bikepacking<\/strong><\/h1>\n<p data-start=\"210\" data-end=\"604\">Perfekt f\u00fcr Liebhaber von <strong data-start=\"242\" data-end=\"257\">Bikepacking<\/strong>, Dort <strong data-start=\"262\" data-end=\"300\">MSR Hubba Hubba\u2122 Fahrradrucksack 2-Personen<\/strong> ist ein ultraleichtes und kompaktes Zelt, das f\u00fcr Radfahrer entwickelt wurde, die zu zweit reisen m\u00f6chten, ohne auf Komfort verzichten zu m\u00fcssen. Dank seines optimierten Formats und seiner <strong data-start=\"459\" data-end=\"493\">spezielle Fahrradaufbewahrungstasche<\/strong>, es l\u00e4sst sich einfach an der <strong data-start=\"526\" data-end=\"536\">Lenker<\/strong> oder die <strong data-start=\"543\" data-end=\"552\">rahmen<\/strong>, wodurch jeder Schritt Ihres Abenteuers einfacher wird.<\/p>\n<p data-start=\"606\" data-end=\"858\">Hergestellt mit <strong data-start=\"625\" data-end=\"661\">starke und langlebige Materialien<\/strong>, dieses Zelt garantiert <strong data-start=\"684\" data-end=\"736\">hervorragender Wetterschutz<\/strong>und gew\u00e4hrleistet gleichzeitig eine <strong data-start=\"759\" data-end=\"783\">optimale Bel\u00fcftung<\/strong> f\u00fcr angenehme N\u00e4chte, auch w\u00e4hrend der anspruchsvollsten Expeditionen.<\/p>\n<hr data-start=\"860\" data-end=\"863\" \/>\n<h2 data-start=\"865\" data-end=\"942\"><strong data-start=\"868\" data-end=\"940\">Technische Eigenschaften des MSR Hubba Hubba\u2122 Bikepack 2P Zeltes<\/strong><\/h2>\n<ul data-start=\"943\" data-end=\"1380\">\n<li data-start=\"943\" data-end=\"973\"><strong data-start=\"945\" data-end=\"957\">F\u00e4higkeit<\/strong> : 2 Personen<\/li>\n<li data-start=\"974\" data-end=\"1017\"><strong data-start=\"976\" data-end=\"993\">Mindestgewicht<\/strong> : 1,40 kg (3 lb 1 oz)<\/li>\n<li data-start=\"1018\" data-end=\"1062\"><strong data-start=\"1020\" data-end=\"1037\">Verpacktes Gewicht<\/strong> : 1,71 kg (3 lb 12 oz)<\/li>\n<li data-start=\"1063\" data-end=\"1110\"><strong data-start=\"1065\" data-end=\"1087\">Innenfl\u00e4che<\/strong> : 2,7 m\u00b2 (29 Quadratfu\u00df)<\/li>\n<li data-start=\"1111\" data-end=\"1160\"><strong data-start=\"1113\" data-end=\"1134\">Vestib\u00fcloberfl\u00e4che<\/strong> : 1,62 m\u00b2 (17,5 Quadratfu\u00df)<\/li>\n<li data-start=\"1161\" data-end=\"1204\"><strong data-start=\"1163\" data-end=\"1185\">Innenh\u00f6he<\/strong> : 100 cm (39 Zoll)<\/li>\n<li data-start=\"1205\" data-end=\"1233\"><strong data-start=\"1207\" data-end=\"1227\">Anzahl T\u00fcren<\/strong> : 2<\/li>\n<li data-start=\"1234\" data-end=\"1260\"><strong data-start=\"1236\" data-end=\"1254\">Anzahl der Masten<\/strong> : 2<\/li>\n<li data-start=\"1261\" data-end=\"1293\"><strong data-start=\"1263\" data-end=\"1285\">Freistehendes Zelt<\/strong> : Ja<\/li>\n<li data-start=\"1294\" data-end=\"1357\"><strong data-start=\"1296\" data-end=\"1317\">Gefaltete Abmessungen<\/strong> : 39 x 17 x 13 cm (15,5 x 6,5 x 5 Zoll)<\/li>\n<li data-start=\"1358\" data-end=\"1380\"><strong data-start=\"1360\" data-end=\"1371\">Farbe<\/strong> : Gr\u00fcn<\/li>\n<\/ul>\n<hr data-start=\"1382\" data-end=\"1385\" \/>\n<h2 data-start=\"1387\" data-end=\"1453\"><strong data-start=\"1390\" data-end=\"1451\">Ein robustes und leistungsstarkes Design f\u00fcr Bikepacking<\/strong><\/h2>\n<p data-start=\"1455\" data-end=\"2091\">\u2714 <strong data-start=\"1457\" data-end=\"1472\">Doppeldach<\/strong> : 20D Ripstop-Nylon mit Polyetherurethan- und Silikonbeschichtung (1200 mm) \u2013 flammhemmend frei, bietet effektiven wasserdichten Schutz.<br data-start=\"1623\" data-end=\"1626\" \/>\u2714 <strong data-start=\"1628\" data-end=\"1639\">Schlafzimmer<\/strong> : 20D Ripstop-Nylon mit wasserabweisender C0 DWR-Behandlung und <strong data-start=\"1696\" data-end=\"1734\">10D Mikronetz-Polyesternetz<\/strong> f\u00fcr optimale Bel\u00fcftung und Schutz vor Insekten.<br data-start=\"1803\" data-end=\"1806\" \/>\u2714 <strong data-start=\"1808\" data-end=\"1815\">Boden<\/strong> : 20D Ripstop-Nylon mit Polyetherurethan-Beschichtung (1200 mm) und wasserabweisender C0 DWR-Behandlung, die eine hervorragende Isolierung gegen Feuchtigkeit gew\u00e4hrleistet.<br data-start=\"1964\" data-end=\"1967\" \/>\u2714 <strong data-start=\"1969\" data-end=\"1990\">Ultrafeines Netz<\/strong> : Sch\u00fctzt vor Insekten und <strong data-start=\"2022\" data-end=\"2060\">Maximierung der Luftzirkulation<\/strong> um Kondensation zu vermeiden.<\/p>\n<hr data-start=\"2093\" data-end=\"2096\" \/>\n<h2 data-start=\"2098\" data-end=\"2154\"><strong data-start=\"2101\" data-end=\"2152\">Komplette Ausr\u00fcstung f\u00fcr Ihre Radabenteuer<\/strong><\/h2>\n<ul data-start=\"2156\" data-end=\"2448\">\n<li data-start=\"2156\" data-end=\"2202\"><strong data-start=\"2158\" data-end=\"2200\">Komplettzelt (Schlafraum + \u00dcberzelt)<\/strong><\/li>\n<li data-start=\"2203\" data-end=\"2263\"><strong data-start=\"2205\" data-end=\"2261\">Ultrakompakte Aufbewahrungstasche, geeignet f\u00fcr Bikepacking<\/strong><\/li>\n<li data-start=\"2264\" data-end=\"2335\"><strong data-start=\"2266\" data-end=\"2333\">DAC Featherlite NFL-Aluminiumstangen und spezielle Tragetasche<\/strong><\/li>\n<li data-start=\"2336\" data-end=\"2397\"><strong data-start=\"2338\" data-end=\"2395\">8 leichte Sardinenstangen + Abspannleinen f\u00fcr eine solide Befestigung<\/strong><\/li>\n<li data-start=\"2398\" data-end=\"2448\"><strong data-start=\"2400\" data-end=\"2446\">Zeltheringtasche und Montageanleitung<\/strong><\/li>\n<\/ul>\n<hr data-start=\"2450\" data-end=\"2453\" \/>\n<h2 data-start=\"2455\" data-end=\"2541\"><strong data-start=\"2458\" data-end=\"2539\">Warum sollten Sie das MSR Hubba Hubba\u2122 Bikepack 2-Personen-Zelt mieten?<\/strong><\/h2>\n<p data-start=\"2543\" data-end=\"3111\">\u2714 <strong data-start=\"2545\" data-end=\"2567\">Leicht und kompakt<\/strong> : Optimiertes Gewicht und ein <strong data-start=\"2594\" data-end=\"2619\">an das Fahrrad angepasstes Format<\/strong>, ideal zum Bikepacking.<br data-start=\"2647\" data-end=\"2650\" \/>\u2714 <strong data-start=\"2652\" data-end=\"2670\">Schnelle Montage<\/strong> : Intuitives System mit <strong data-start=\"2695\" data-end=\"2724\">farbcodierte Reifen<\/strong>, wodurch eine <strong data-start=\"2740\" data-end=\"2762\">Expressmontage<\/strong>.<br data-start=\"2763\" data-end=\"2766\" \/>\u2714 <strong data-start=\"2768\" data-end=\"2787\">Maximaler Komfort<\/strong> : 2 gro\u00dfe T\u00fcren und Apsiden bieten <strong data-start=\"2826\" data-end=\"2879\">einfacher Zugriff und gro\u00dfz\u00fcgiger Stauraum<\/strong>.<br data-start=\"2880\" data-end=\"2883\" \/>\u2714 <strong data-start=\"2885\" data-end=\"2915\">Wetterbest\u00e4ndigkeit<\/strong> : Hochwertige Materialien f\u00fcr <strong data-start=\"2954\" data-end=\"2987\">trotze Regen und Wind<\/strong>.<br data-start=\"2988\" data-end=\"2991\" \/>\u2714 <strong data-start=\"2993\" data-end=\"3027\">Nachhaltige und wirtschaftliche L\u00f6sung<\/strong> : <strong data-start=\"3030\" data-end=\"3057\">Mieten statt kaufen<\/strong> um leistungsstarke Ger\u00e4te unverbindlich zu testen.<\/p>\n<hr data-start=\"3113\" data-end=\"3116\" \/>\n<p data-start=\"3118\" data-end=\"3223\"><strong data-start=\"3118\" data-end=\"3221\">Entscheiden Sie sich f\u00fcr die Miete des MSR Hubba Hubba\u2122 Bikepack 2-Personen-Zelts und brechen Sie ganz unbesorgt auf!<\/strong><\/p>\n<p data-start=\"3225\" data-end=\"3442\" data-is-last-node=\"\" data-is-only-node=\"\">Ob Sie planen eine <strong data-start=\"3248\" data-end=\"3276\">Bikepacking-Roadtrip<\/strong>, A <strong data-start=\"3282\" data-end=\"3315\">mehrt\u00e4giger Versand<\/strong> oder ein <strong data-start=\"3322\" data-end=\"3345\">Abenteuerwochenende<\/strong>Dieses leichte, robuste und praktische Zelt ist der ideale Begleiter f\u00fcr Ihre N\u00e4chte in der freien Natur.<\/p>","protected":false},"excerpt":{"rendered":"<p style=\"text-align: left; font-size: 18px;\"><strong>Pr\u00e4sentation:<\/strong><\/p>\n<p data-start=\"115\" data-end=\"481\">Entdecken Sie die <strong data-start=\"128\" data-end=\"180\">MSR Hubba Hubba Bikepack 2P Zeltverleih<\/strong>, die ideale Ausr\u00fcstung f\u00fcr Ihre Abenteuer in <strong data-start=\"223\" data-end=\"245\">Bikepacking f\u00fcr zwei<\/strong> ! Speziell f\u00fcr Radfahrer entwickelt, die auf der Suche nach <strong data-start=\"299\" data-end=\"343\">Leichtigkeit, Kompaktheit und Leistung<\/strong>, dieses ultraleichte Zelt ist perfekt f\u00fcr eine <strong data-start=\"391\" data-end=\"408\">Duo-Reise<\/strong>, egal ob f\u00fcr eine kurze Expedition oder eine Fernreise.<\/p>\n<p data-start=\"483\" data-end=\"935\">Mit einem <strong data-start=\"491\" data-end=\"519\">Mindestgewicht von 1,40 kg <\/strong>(1,71 kg serienm\u00e4\u00dfig) l\u00e4sst es sich leicht transportieren auf dem <strong data-start=\"558\" data-end=\"594\">Lenker, Rahmen oder Packtaschen<\/strong>, dank seiner <strong data-start=\"608\" data-end=\"644\">ultrakompakter Kompressionsbeutel<\/strong>. Ihr <strong data-start=\"650\" data-end=\"680\">schnelle und intuitive Montage<\/strong> macht es zu einem wertvollen Verb\u00fcndeten nach einem langen Tag auf dem Rad: seine <strong data-start=\"749\" data-end=\"772\">selbsttragendes System<\/strong> und sein <strong data-start=\"780\" data-end=\"824\">DAC Featherlite NFL Aluminiumk\u00f6rbe<\/strong> gew\u00e4hrleisten eine <strong data-start=\"838\" data-end=\"879\">optimale Stabilit\u00e4t und Widerstandsf\u00e4higkeit<\/strong>, selbst bei rauen Wetterbedingungen.<\/p>\n<p data-start=\"937\" data-end=\"1408\">Ideal f\u00fcr die <strong data-start=\"952\" data-end=\"974\">Duo-Bikepacking<\/strong>, dieses Zelt <strong data-start=\"988\" data-end=\"1001\">3 Jahreszeiten<\/strong> sch\u00fctzt Sie effektiv vor Wind und Regen und sorgt gleichzeitig f\u00fcr <strong data-start=\"1072\" data-end=\"1096\">optimale Bel\u00fcftung<\/strong> dank seiner Mesh-Eins\u00e4tze und seiner <strong data-start=\"1133\" data-end=\"1161\">zwei T\u00fcren mit Apsiden<\/strong>, die einfachen Zugriff und zus\u00e4tzlichen Stauraum f\u00fcr Ihre Ausr\u00fcstung bieten. Seine <strong data-start=\"1262\" data-end=\"1288\">Ripstop-Nylongewebe<\/strong> mit <strong data-start=\"1294\" data-end=\"1319\">Xtreme Shield\u2122-Beschichtung<\/strong> garantiert eine <strong data-start=\"1333\" data-end=\"1359\">lang anhaltende Wasserdichtigkeit<\/strong>, f\u00fcr angenehme N\u00e4chte in der freien Natur.<\/p>\n<p>Es sch\u00fctzt Sie wirklich 3 Jahreszeiten lang.<\/p>\n<p>Auch als Paket erh\u00e4ltlich<\/p>\n<p>Hinweis: Alle unsere Zelte werden mit einer Bodenplane zum Schutz vor Abnutzung und zur Verbesserung der Wasserdichtigkeit und des Komforts geliefert.<\/p>\n<hr \/>\n<p style=\"text-align: center;\"><em><strong>Pierres Meinung:<\/strong> \u201eDas Mieten des Hubba Hubba Bikepack 2P ist die Garantie f\u00fcr zuverl\u00e4ssige Ausr\u00fcstung f\u00fcr eine erfolgreiche Bikepacking-Expedition zu zweit! Seine geringe Stellfl\u00e4che und Robustheit machen es zu einem idealen Zelt f\u00fcr leichtes Reisen, ohne auf Komfort verzichten zu m\u00fcssen.\u201c<\/em><em>&#8220;<\/em><\/p>\n<hr \/>\n<p>&nbsp;<\/p>\n<p>&nbsp;<\/p>\n<p style=\"text-align: left; font-size: 12px; font family: Acier;\"><strong><a href=\"https:\/\/www.orentees.com\/de\/faq\/#retourtente\">WICHTIGE INFORMATIONEN ZUR R\u00dcCKGABE VON ZELTEN UND ARTIKELN: <span style=\"text-decoration: underline; font-size: 16px;\"> LESEN SIE HIER<\/span><\/a><\/strong><\/p>\n<p>&nbsp;<\/p>\n<p><em><span lang=\"fr\" style=\"font-size: 10pt; font-family: Verdana, sans-serif; color: #000000;\" xml:lang=\"fr\">* Foto nicht bindend<\/span><\/em><\/p>\n<p><span style=\"font-size: 10pt;\"> ** Basierend auf einer 8-t\u00e4gigen Miete<\/span><\/p>","protected":false},"featured_media":178821,"template":"","meta":{"_acf_changed":false},"product_brand":[],"product_cat":[3763,3673],"product_tag":[],"class_list":{"0":"post-178841","1":"product","2":"type-product","3":"status-publish","4":"has-post-thumbnail","6":"product_cat-tente-bikepacking","7":"product_cat-location-bikepacking","9":"first","10":"instock","11":"taxable","12":"shipping-taxable","13":"purchasable","14":"product-type-simple"},"bundled_by":["178917"],"bundle_stock_status":"instock","bundle_stock_quantity":2,"bundle_virtual":false,"bundle_layout":"","bundle_add_to_cart_form_location":"","bundle_editable_in_cart":false,"bundle_sold_individually_context":"","bundle_item_grouping":"","bundle_min_size":"","bundle_max_size":"","bundled_items":[],"bundle_sell_ids":[],"_links":{"self":[{"href":"https:\/\/www.orentees.com\/de\/wp-json\/wp\/v2\/product\/178841","targetHints":{"allow":["GET"]}}],"collection":[{"href":"https:\/\/www.orentees.com\/de\/wp-json\/wp\/v2\/product"}],"about":[{"href":"https:\/\/www.orentees.com\/de\/wp-json\/wp\/v2\/types\/product"}],"version-history":[{"count":4,"href":"https:\/\/www.orentees.com\/de\/wp-json\/wp\/v2\/product\/178841\/revisions"}],"predecessor-version":[{"id":179189,"href":"https:\/\/www.orentees.com\/de\/wp-json\/wp\/v2\/product\/178841\/revisions\/179189"}],"wp:featuredmedia":[{"embeddable":true,"href":"https:\/\/www.orentees.com\/de\/wp-json\/wp\/v2\/media\/178821"}],"wp:attachment":[{"href":"https:\/\/www.orentees.com\/de\/wp-json\/wp\/v2\/media?parent=178841"}],"wp:term":[{"taxonomy":"product_brand","embeddable":true,"href":"https:\/\/www.orentees.com\/de\/wp-json\/wp\/v2\/product_brand?post=178841"},{"taxonomy":"product_cat","embeddable":true,"href":"https:\/\/www.orentees.com\/de\/wp-json\/wp\/v2\/product_cat?post=178841"},{"taxonomy":"product_tag","embeddable":true,"href":"https:\/\/www.orentees.com\/de\/wp-json\/wp\/v2\/product_tag?post=178841"}],"curies":[{"name":"wp","href":"https:\/\/api.w.org\/{rel}","templated":true}]}}