{"id":29950,"date":"2019-10-12T17:06:50","date_gmt":"2019-10-12T15:06:50","guid":{"rendered":"https:\/\/www.orentees.com\/?post_type=product&#038;p=29950"},"modified":"2025-12-23T15:52:26","modified_gmt":"2025-12-23T14:52:26","slug":"apres-ski-sorel-junior-yoot-pac-nylon","status":"publish","type":"product","link":"https:\/\/www.orentees.com\/de\/product\/apres-ski-sorel-junior-yoot-pac-nylon\/","title":{"rendered":"AFTER-SKI SOREL JUNIOR YOOT PAC NYLON"},"content":{"rendered":"<h3>Schneestiefel f\u00fcr Kinder Sorel Yoot Pac Nylon Junior<\/h3>\n<p>Absolut wasserdicht und mit unvergleichlichem Komfort ausgestattet, bleiben Kinder dank des Fleecefutters trocken und warm.<\/p>\n<\/p>\n<p>Erh\u00e4ltlich in den Gr\u00f6\u00dfen 32 bis 39. Sie sind mit einer Gummisohle f\u00fcr besseren Halt ausgestattet.<\/p>","protected":false},"excerpt":{"rendered":"<p>Ab 4,50 \u20ac\/Tag*<\/p>","protected":false},"featured_media":143555,"template":"","meta":{"_acf_changed":false},"product_brand":[],"product_cat":[3051],"product_tag":[],"class_list":{"0":"post-29950","1":"product","2":"type-product","3":"status-publish","4":"has-post-thumbnail","6":"product_cat-accueil","7":"pa_pointure-3491","8":"pa_pointure-3493","9":"pa_pointure-3495","10":"pa_pointure-3497","11":"pa_pointure-3499","12":"pa_pointure-3501","13":"pa_pointure-3503","14":"pa_pointure-3505","16":"first","17":"instock","18":"taxable","19":"shipping-taxable","20":"purchasable","21":"product-type-variable","22":"has-default-attributes"},"bundled_by":["38888","38904","97491","97597","97633","97651","97671","97679","97687","97869","97887","97905","97923","98801","98811","105651","105653","105907","105909","149509","149569","149635","149847","161265","161271","384169","384421","384436","384443","384459","384981","385029","387902"],"bundle_stock_status":"instock","bundle_stock_quantity":null,"bundle_virtual":false,"bundle_layout":"","bundle_add_to_cart_form_location":"","bundle_editable_in_cart":false,"bundle_sold_individually_context":"","bundle_item_grouping":"","bundle_min_size":"","bundle_max_size":"","bundled_items":[],"bundle_sell_ids":[],"_links":{"self":[{"href":"https:\/\/www.orentees.com\/de\/wp-json\/wp\/v2\/product\/29950","targetHints":{"allow":["GET"]}}],"collection":[{"href":"https:\/\/www.orentees.com\/de\/wp-json\/wp\/v2\/product"}],"about":[{"href":"https:\/\/www.orentees.com\/de\/wp-json\/wp\/v2\/types\/product"}],"version-history":[{"count":8,"href":"https:\/\/www.orentees.com\/de\/wp-json\/wp\/v2\/product\/29950\/revisions"}],"predecessor-version":[{"id":388730,"href":"https:\/\/www.orentees.com\/de\/wp-json\/wp\/v2\/product\/29950\/revisions\/388730"}],"wp:featuredmedia":[{"embeddable":true,"href":"https:\/\/www.orentees.com\/de\/wp-json\/wp\/v2\/media\/143555"}],"wp:attachment":[{"href":"https:\/\/www.orentees.com\/de\/wp-json\/wp\/v2\/media?parent=29950"}],"wp:term":[{"taxonomy":"product_brand","embeddable":true,"href":"https:\/\/www.orentees.com\/de\/wp-json\/wp\/v2\/product_brand?post=29950"},{"taxonomy":"product_cat","embeddable":true,"href":"https:\/\/www.orentees.com\/de\/wp-json\/wp\/v2\/product_cat?post=29950"},{"taxonomy":"product_tag","embeddable":true,"href":"https:\/\/www.orentees.com\/de\/wp-json\/wp\/v2\/product_tag?post=29950"}],"curies":[{"name":"wp","href":"https:\/\/api.w.org\/{rel}","templated":true}]}}