{"id":30152,"date":"2020-03-29T17:41:45","date_gmt":"2020-03-29T15:41:45","guid":{"rendered":"https:\/\/www.orentees.com\/?post_type=product&#038;p=30152"},"modified":"2024-10-08T13:05:58","modified_gmt":"2024-10-08T11:05:58","slug":"location-sac-a-dos-randonnee-50l","status":"publish","type":"product","link":"https:\/\/www.orentees.com\/de\/product\/location-sac-a-dos-randonnee-50l\/","title":{"rendered":"50L Wanderrucksack mieten"},"content":{"rendered":"<h3><strong>50L Rucksackverleih zum Wandern \u2013 Trekking<\/strong><\/h3>\n<p>Dieser Millet-Rucksack ist f\u00fcr Bergsteigen und Fernwanderungen konzipiert. Gro\u00dfz\u00fcgig, robust, ergonomisch und vielseitig \u2013 er ist f\u00fcr lange Abenteuer konzipiert.<\/p>\n<p>Dank seiner zahlreichen Einstellm\u00f6glichkeiten bietet er einen hohen Tragekomfort. Der R\u00fccken ist bel\u00fcftet und leitet Schwei\u00df effektiv ab.<\/p>\n<p>Der Rucksack erm\u00f6glicht die schnelle und einfache Befestigung von Eispickeln und Wanderst\u00f6cken: sehr praktisch in der Anwendung.<\/p>\n<p>Die Koffer\u00f6ffnung erm\u00f6glicht einen einfachen Zugriff auf alle verstauten Gegenst\u00e4nde. Au\u00dferdem ist eine Regenh\u00fclle im Lieferumfang enthalten, die sich ganz einfach anbringen l\u00e4sst.<\/p>\n<p><strong>Zusamenfassend:<\/strong><\/p>\n<ul>\n<li>Fassungsverm\u00f6gen 50 Liter,<\/li>\n<li>Gewicht 1,9 kg,<\/li>\n<li>Zentraler Zugang, Koffertyp, sehr praktisch,<\/li>\n<li>Zahlreiche Trageausr\u00fcstungen,<\/li>\n<li>Einfache und praktische Einstellungen,<\/li>\n<li>Hochleistungsg\u00fcrtel, der R\u00fcckenschmerzen wirksam lindert.<\/li>\n<\/ul>","protected":false},"excerpt":{"rendered":"<p style=\"text-align: left; font-size: 18px;\"><strong>Pr\u00e4sentation:<\/strong><\/p>\n<p><span id=\"p163\">Vielseitig, ideal f\u00fcr lange Wanderungen oder Familienausfl\u00fcge, der Millet Rucksack <span id=\"169\">HANANG<\/span> 50 bietet ein gro\u00dfes Stauvolumen. Seine kofferartige Bauch\u00f6ffnung ist sehr praktisch f\u00fcr den Zugriff auf die gesamte mitgef\u00fchrte Ausr\u00fcstung.<\/span><\/p>\n<p><span id=\"p163\">Dank seiner zahlreichen Einstellm\u00f6glichkeiten und seines robusten Gurtes k\u00f6nnen Sie problemlos schwere Lasten tragen. Dar\u00fcber hinaus ist der R\u00fccken effektiv bel\u00fcftet.<\/span><\/p>\n<p><span id=\"p175\">Es integriert eine sur <span id=\"176\" class=\"s-rg-t\">Tasche<\/span> Um effektiv vor Regen zu sch\u00fctzen, ist es au\u00dferdem mit Befestigungselementen ausgestattet, mit denen Sie eine gro\u00dfe Anzahl von Ger\u00e4ten befestigen k\u00f6nnen<\/span><span id=\"p177\">.<\/span><\/p>","protected":false},"featured_media":144555,"template":"","meta":{"_acf_changed":false},"product_brand":[],"product_cat":[3645],"product_tag":[],"class_list":{"0":"post-30152","1":"product","2":"type-product","3":"status-publish","4":"has-post-thumbnail","6":"product_cat-bagagerie-voyage","8":"first","9":"instock","10":"taxable","11":"shipping-taxable","12":"purchasable","13":"product-type-simple"},"bundled_by":["31803","35400","35403","35406","35417","36071","50770","50778","92979","179951","186205"],"bundle_stock_status":"instock","bundle_stock_quantity":23,"bundle_virtual":false,"bundle_layout":"","bundle_add_to_cart_form_location":"","bundle_editable_in_cart":false,"bundle_sold_individually_context":"","bundle_item_grouping":"","bundle_min_size":"","bundle_max_size":"","bundled_items":[],"bundle_sell_ids":[],"_links":{"self":[{"href":"https:\/\/www.orentees.com\/de\/wp-json\/wp\/v2\/product\/30152","targetHints":{"allow":["GET"]}}],"collection":[{"href":"https:\/\/www.orentees.com\/de\/wp-json\/wp\/v2\/product"}],"about":[{"href":"https:\/\/www.orentees.com\/de\/wp-json\/wp\/v2\/types\/product"}],"version-history":[{"count":6,"href":"https:\/\/www.orentees.com\/de\/wp-json\/wp\/v2\/product\/30152\/revisions"}],"predecessor-version":[{"id":184169,"href":"https:\/\/www.orentees.com\/de\/wp-json\/wp\/v2\/product\/30152\/revisions\/184169"}],"wp:featuredmedia":[{"embeddable":true,"href":"https:\/\/www.orentees.com\/de\/wp-json\/wp\/v2\/media\/144555"}],"wp:attachment":[{"href":"https:\/\/www.orentees.com\/de\/wp-json\/wp\/v2\/media?parent=30152"}],"wp:term":[{"taxonomy":"product_brand","embeddable":true,"href":"https:\/\/www.orentees.com\/de\/wp-json\/wp\/v2\/product_brand?post=30152"},{"taxonomy":"product_cat","embeddable":true,"href":"https:\/\/www.orentees.com\/de\/wp-json\/wp\/v2\/product_cat?post=30152"},{"taxonomy":"product_tag","embeddable":true,"href":"https:\/\/www.orentees.com\/de\/wp-json\/wp\/v2\/product_tag?post=30152"}],"curies":[{"name":"wp","href":"https:\/\/api.w.org\/{rel}","templated":true}]}}