{"id":30156,"date":"2020-03-29T18:13:08","date_gmt":"2020-03-29T16:13:08","guid":{"rendered":"https:\/\/www.orentees.com\/?post_type=product&#038;p=30156"},"modified":"2024-12-04T13:36:39","modified_gmt":"2024-12-04T12:36:39","slug":"location-oreiller-gonflable-premuim","status":"publish","type":"product","link":"https:\/\/www.orentees.com\/de\/product\/location-oreiller-gonflable-premuim\/","title":{"rendered":"Premium aufblasbares Kissen mieten"},"content":{"rendered":"<h3><strong>Verleih von aufblasbaren Premium-Biwakkissen<\/strong><\/h3>\n<p>Das Geheimnis einer erholsamen Nachtruhe, egal wo Sie sind, ist eine gute Kopfst\u00fctze.<\/p>\n<p>Das Aeros Premium-Kissen von Sea To Summit ist das Accessoire, das Ihr Abenteuer ver\u00e4ndern wird: Aufblasbar und mit Samtstoff \u00fcberzogen, bietet es ein sehr weiches und angenehmes Gef\u00fchl.<\/p>\n<p>Zusammengefaltet nimmt es keinen Platz in Ihrer Tasche ein.<\/p>","protected":false},"excerpt":{"rendered":"<p style=\"text-align: left; font-size: 18px;\"><strong>Pr\u00e4sentation:<\/strong><\/p>\n<p>Das Aeros Premium Pillow von Sea To Summit ist nicht nur ein Accessoire, es ist \u201eDAS ACCESSOIRE\u201c!<\/p>\n<p>F\u00fcr manche \u00fcberfl\u00fcssig, probieren Sie es aus und Sie werden es \u00fcbernehmen!<\/p>\n<p>Sehr kompakt und superleicht, es lohnt sich nicht, darauf zu verzichten.<\/p>\n<p>Aufgeblasen bietet es gro\u00dfz\u00fcgige Abmessungen (34 x 24 cm) und eine angenehme Dicke von 11 cm. Zusammengefaltet k\u00f6nnen Sie es vergessen!<\/p>\n<hr \/>\n<p style=\"text-align: center;\"><em><strong>Nancys Meinung:<\/strong> \u201eIch liebe Camping, aber noch mehr liebe ich es, gut zu schlafen. Mein Geheimnis? Ich vergesse nie mein aufblasbares Kissen!\u201c<\/em><\/p>\n<hr \/>\n<p><em><span lang=\"fr\" style=\"font-size: 10pt; font-family: Verdana, sans-serif; color: #000000;\" xml:lang=\"fr\">* Foto nicht bindend<\/span><\/em><\/p>\n<p><span style=\"font-size: 10pt;\"> ** Basierend auf einer 8-t\u00e4gigen Miete<\/span><\/p>","protected":false},"featured_media":144529,"template":"","meta":{"_acf_changed":false},"product_brand":[],"product_cat":[3649],"product_tag":[],"class_list":{"0":"post-30156","1":"product","2":"type-product","3":"status-publish","4":"has-post-thumbnail","6":"product_cat-location-materiel-bivouac","8":"first","9":"instock","10":"taxable","11":"shipping-taxable","12":"purchasable","13":"product-type-simple"},"bundled_by":["31803","35400","35403","35406","35417","35993","35997","36000","36036","36071","50795","87287","87891","87893","92979","178911","178917","179951","186205"],"bundle_stock_status":"instock","bundle_stock_quantity":42,"bundle_virtual":false,"bundle_layout":"","bundle_add_to_cart_form_location":"","bundle_editable_in_cart":false,"bundle_sold_individually_context":"","bundle_item_grouping":"","bundle_min_size":"","bundle_max_size":"","bundled_items":[],"bundle_sell_ids":[],"_links":{"self":[{"href":"https:\/\/www.orentees.com\/de\/wp-json\/wp\/v2\/product\/30156","targetHints":{"allow":["GET"]}}],"collection":[{"href":"https:\/\/www.orentees.com\/de\/wp-json\/wp\/v2\/product"}],"about":[{"href":"https:\/\/www.orentees.com\/de\/wp-json\/wp\/v2\/types\/product"}],"version-history":[{"count":3,"href":"https:\/\/www.orentees.com\/de\/wp-json\/wp\/v2\/product\/30156\/revisions"}],"predecessor-version":[{"id":146687,"href":"https:\/\/www.orentees.com\/de\/wp-json\/wp\/v2\/product\/30156\/revisions\/146687"}],"wp:featuredmedia":[{"embeddable":true,"href":"https:\/\/www.orentees.com\/de\/wp-json\/wp\/v2\/media\/144529"}],"wp:attachment":[{"href":"https:\/\/www.orentees.com\/de\/wp-json\/wp\/v2\/media?parent=30156"}],"wp:term":[{"taxonomy":"product_brand","embeddable":true,"href":"https:\/\/www.orentees.com\/de\/wp-json\/wp\/v2\/product_brand?post=30156"},{"taxonomy":"product_cat","embeddable":true,"href":"https:\/\/www.orentees.com\/de\/wp-json\/wp\/v2\/product_cat?post=30156"},{"taxonomy":"product_tag","embeddable":true,"href":"https:\/\/www.orentees.com\/de\/wp-json\/wp\/v2\/product_tag?post=30156"}],"curies":[{"name":"wp","href":"https:\/\/api.w.org\/{rel}","templated":true}]}}