{"id":30192,"date":"2020-03-30T18:58:01","date_gmt":"2020-03-30T16:58:01","guid":{"rendered":"https:\/\/www.orentees.com\/?post_type=product&#038;p=30192"},"modified":"2024-12-04T13:36:39","modified_gmt":"2024-12-04T12:36:39","slug":"location-batons-de-randonnee","status":"publish","type":"product","link":"https:\/\/www.orentees.com\/de\/product\/location-batons-de-randonnee\/","title":{"rendered":"Wanderstockverleih"},"content":{"rendered":"<p><strong>KOMPERDELL Explorer Contour Powerlock Trekkingst\u00f6cke<\/strong><\/p>\n<p>Komperdell-St\u00f6cke aus eloxiertem Aluminium, was ihnen eine hohe Widerstandsf\u00e4higkeit verleiht<\/p>\n<p>3 Str\u00e4nge, sie werden vergessen, sobald sie an Ihrem Rucksack befestigt sind.<\/p>\n<p>Sie sind von 105 bis 140 cm gr\u00f6\u00dfenverstellbar und passen sich jeder Gr\u00f6\u00dfe an.<\/p>","protected":false},"excerpt":{"rendered":"<h3>Wanderst\u00f6cke-Verleih von Komperdell.<\/h3>\n<ul>\n<li><span lang=\"fr\" xml:lang=\"fr\"> - Modell <strong>Explorer Contour Powerlock<\/strong>.<\/span><\/li>\n<li><span lang=\"fr\" xml:lang=\"fr\"> \u2013 3 Str\u00e4nge, verstellbar.<\/span><\/li>\n<li><span lang=\"fr\" xml:lang=\"fr\"> \u2013 sehr leicht und robust.<\/span><\/li>\n<\/ul>\n<hr \/>\n<p style=\"text-align: center;\"><em><strong>Pierres Meinung:<\/strong> &#8220;<span id=\"p8\">Sehr praktisch: Diese Wanderst\u00f6cke sind millimetergenau verstellbar und passen sich jedem Wanderer an.<\/span><span id=\"p11\"> Mir gefallen ihre geringe Gr\u00f6\u00dfe und ihr geringes Gewicht sehr gut.<\/span>&#8220;<\/em><\/p>\n<hr \/>\n<p>&nbsp;<\/p>\n<p><em><span lang=\"fr\" style=\"font-size: 10pt; font-family: Verdana, sans-serif; color: #000000;\" xml:lang=\"fr\">* Foto nicht bindend<\/span><\/em><\/p>\n<p><span style=\"font-size: 10pt;\"> ** Basierend auf einer 8-t\u00e4gigen Miete<\/span><\/p>","protected":false},"featured_media":144507,"template":"","meta":{"_acf_changed":false},"product_brand":[],"product_cat":[3671],"product_tag":[],"class_list":{"0":"post-30192","1":"product","2":"type-product","3":"status-publish","4":"has-post-thumbnail","6":"product_cat-location-materiel-randonnee","8":"first","9":"instock","10":"taxable","11":"shipping-taxable","12":"purchasable","13":"product-type-simple"},"bundled_by":["30215","31803","35400","35403","35406","35417","36071","36175","50565","50579","50770","50778","92979","144945","179951","186205"],"bundle_stock_status":"instock","bundle_stock_quantity":31,"bundle_virtual":false,"bundle_layout":"","bundle_add_to_cart_form_location":"","bundle_editable_in_cart":false,"bundle_sold_individually_context":"","bundle_item_grouping":"","bundle_min_size":"","bundle_max_size":"","bundled_items":[],"bundle_sell_ids":[],"_links":{"self":[{"href":"https:\/\/www.orentees.com\/de\/wp-json\/wp\/v2\/product\/30192","targetHints":{"allow":["GET"]}}],"collection":[{"href":"https:\/\/www.orentees.com\/de\/wp-json\/wp\/v2\/product"}],"about":[{"href":"https:\/\/www.orentees.com\/de\/wp-json\/wp\/v2\/types\/product"}],"version-history":[{"count":4,"href":"https:\/\/www.orentees.com\/de\/wp-json\/wp\/v2\/product\/30192\/revisions"}],"predecessor-version":[{"id":146695,"href":"https:\/\/www.orentees.com\/de\/wp-json\/wp\/v2\/product\/30192\/revisions\/146695"}],"wp:featuredmedia":[{"embeddable":true,"href":"https:\/\/www.orentees.com\/de\/wp-json\/wp\/v2\/media\/144507"}],"wp:attachment":[{"href":"https:\/\/www.orentees.com\/de\/wp-json\/wp\/v2\/media?parent=30192"}],"wp:term":[{"taxonomy":"product_brand","embeddable":true,"href":"https:\/\/www.orentees.com\/de\/wp-json\/wp\/v2\/product_brand?post=30192"},{"taxonomy":"product_cat","embeddable":true,"href":"https:\/\/www.orentees.com\/de\/wp-json\/wp\/v2\/product_cat?post=30192"},{"taxonomy":"product_tag","embeddable":true,"href":"https:\/\/www.orentees.com\/de\/wp-json\/wp\/v2\/product_tag?post=30192"}],"curies":[{"name":"wp","href":"https:\/\/api.w.org\/{rel}","templated":true}]}}