{"id":30236,"date":"2020-05-01T07:53:41","date_gmt":"2020-05-01T05:53:41","guid":{"rendered":"https:\/\/www.orentees.com\/?post_type=product&#038;p=30236"},"modified":"2025-06-20T08:49:10","modified_gmt":"2025-06-20T06:49:10","slug":"location-pack-tente-camping-4-pers","status":"publish","type":"product","link":"https:\/\/www.orentees.com\/de\/product\/location-pack-tente-camping-4-pers\/","title":{"rendered":"CAMPING-PAKET F\u00dcR 4 PERSONEN"},"content":{"rendered":"<h3 data-start=\"0\" data-end=\"55\"><strong data-start=\"4\" data-end=\"53\">Anpassbares Campingpaket f\u00fcr 4 Personen<\/strong><\/h3>\n<h4 data-start=\"56\" data-end=\"133\"><strong data-start=\"61\" data-end=\"131\">Zeltverleih und Ausr\u00fcstung f\u00fcr einen gelungenen Outdoor-Aufenthalt<\/strong><\/h4>\n<p data-start=\"135\" data-end=\"452\">Genie\u00dfen Sie eine <strong data-start=\"150\" data-end=\"192\">stressfreies Campingerlebnis<\/strong> mit unserem <strong data-start=\"204\" data-end=\"253\">anpassbares Campingpaket f\u00fcr 4 Personen<\/strong>. Ideal f\u00fcr Familien, Gruppen von Freunden oder Festivalbesucher, dieses Komplettpaket erm\u00f6glicht es Ihnen, <strong data-start=\"351\" data-end=\"381\">ein Campingzelt mieten<\/strong> mit allem, was Sie f\u00fcr einen komfortablen Aufenthalt im Herzen der Natur ben\u00f6tigen.<\/p>\n<hr data-start=\"454\" data-end=\"457\" \/>\n<h3 data-start=\"459\" data-end=\"488\"><strong data-start=\"463\" data-end=\"486\">Im Paket enthalten<\/strong><\/h3>\n<h4 data-start=\"490\" data-end=\"525\"><strong data-start=\"495\" data-end=\"523\">Trigano Ceylan 4XL Zelt<\/strong><\/h4>\n<ul data-start=\"527\" data-end=\"1419\">\n<li data-start=\"527\" data-end=\"774\"><strong data-start=\"529\" data-end=\"548\">Gro\u00dfz\u00fcgiger Raum<\/strong> : Mit seinen gro\u00dfz\u00fcgigen Abmessungen (<strong data-start=\"583\" data-end=\"645\">300 cm lang, 260 cm breit und 140 cm hoch<\/strong>), bietet dieses Kuppelzelt Platz f\u00fcr bis zu <strong data-start=\"689\" data-end=\"708\">vier Camper<\/strong>und bietet einen hervorragenden Kompromiss zwischen <strong data-start=\"747\" data-end=\"771\">Komfort und Funktionalit\u00e4t<\/strong>.<\/li>\n<li data-start=\"775\" data-end=\"1002\"><strong data-start=\"777\" data-end=\"801\">Robuste Konstruktion<\/strong> : Sein <strong data-start=\"807\" data-end=\"838\">Fiberglasstruktur<\/strong> garantiert eine <strong data-start=\"852\" data-end=\"874\">optimale Stabilit\u00e4t<\/strong>, w\u00e4hrend sein <strong data-start=\"891\" data-end=\"941\">Polyurethanbeschichtete Polyesterbeschichtung<\/strong> sorgt f\u00fcr eine <strong data-start=\"953\" data-end=\"999\">wirksamer Schutz vor schlechtem Wetter<\/strong>.<\/li>\n<li data-start=\"1003\" data-end=\"1195\"><strong data-start=\"1005\" data-end=\"1030\">Optimierte Bel\u00fcftung<\/strong> : Dank seiner <strong data-start=\"1044\" data-end=\"1091\">Raum mit Bel\u00fcftungs-Katzenklappen ausgestattet<\/strong>, das Zelt f\u00f6rdert eine <strong data-start=\"1115\" data-end=\"1145\">kontinuierliche Luftzirkulation<\/strong>, wodurch die Luftfeuchtigkeit reduziert und der Komfort verbessert wird.<\/li>\n<li data-start=\"1196\" data-end=\"1419\"><strong data-start=\"1198\" data-end=\"1220\">Praktische Aufbewahrung<\/strong> : Zwei <strong data-start=\"1228\" data-end=\"1261\">integrierte Aufbewahrungstaschen<\/strong> helfen, Ihre Sachen gut organisiert zu halten, und die<strong data-start=\"1318\" data-end=\"1346\">Apsis mit Bodenteppich<\/strong> bietet zus\u00e4tzlichen Stauraum f\u00fcr Ihre Campingausr\u00fcstung.<\/li>\n<\/ul>\n<hr data-start=\"1421\" data-end=\"1424\" \/>\n<h3 data-start=\"1426\" data-end=\"1467\"><strong data-start=\"1430\" data-end=\"1465\">Personalisierung und Zubeh\u00f6r<\/strong><\/h3>\n<p data-start=\"1469\" data-end=\"1588\">Um Ihr Erlebnis noch angenehmer zu gestalten, personalisieren Sie Ihr Paket mit zus\u00e4tzlicher Ausstattung:<\/p>\n<ul data-start=\"1590\" data-end=\"1872\">\n<li data-start=\"1590\" data-end=\"1664\"><strong data-start=\"1592\" data-end=\"1611\">Premium-Matratze<\/strong> f\u00fcr erholsamen Schlaf, auch in der freien Natur.<\/li>\n<li data-start=\"1665\" data-end=\"1747\"><strong data-start=\"1667\" data-end=\"1697\">Kuschelige Schlafs\u00e4cke<\/strong> um warm zu bleiben und bequem zu schlafen.<\/li>\n<li data-start=\"1748\" data-end=\"1872\"><strong data-start=\"1750\" data-end=\"1788\">Herde und K\u00fcchenzubeh\u00f6r<\/strong> um Ihre Mahlzeiten einfach mit campinggerechter Ausr\u00fcstung zuzubereiten.<\/li>\n<\/ul>\n<hr data-start=\"1874\" data-end=\"1877\" \/>\n<h3 data-start=\"1879\" data-end=\"1926\"><strong data-start=\"1883\" data-end=\"1924\">Warum sollten Sie sich f\u00fcr unser Campingpaket entscheiden?<\/strong><\/h3>\n<p data-start=\"1928\" data-end=\"2118\">Ob es f\u00fcr <strong data-start=\"1949\" data-end=\"1972\">Campingurlaub<\/strong>, A <strong data-start=\"1977\" data-end=\"2002\">Open-Air-Festival<\/strong> oder ein <strong data-start=\"2009\" data-end=\"2028\">Naturwochenende<\/strong>, UNSER <strong data-start=\"2036\" data-end=\"2083\">Zelt- und Ausr\u00fcstungsverleih<\/strong> bietet Ihnen mehrere Vorteile:<\/p>\n<ul data-start=\"2120\" data-end=\"2521\">\n<li data-start=\"2120\" data-end=\"2233\"><strong data-start=\"2122\" data-end=\"2149\">Eine Komplettl\u00f6sung<\/strong> : Die gesamte notwendige Ausr\u00fcstung f\u00fcr einen komfortablen Aufenthalt ist im Paket enthalten.<\/li>\n<li data-start=\"2234\" data-end=\"2354\"><strong data-start=\"2236\" data-end=\"2260\">Einfache Vermietung<\/strong> : Buchen Sie mit nur wenigen Klicks online und freuen Sie sich \u00fcber eine schnelle Lieferung \u00fcberall in Frankreich.<\/li>\n<li data-start=\"2355\" data-end=\"2521\"><strong data-start=\"2357\" data-end=\"2379\">Qualit\u00e4t und Komfort<\/strong> : Unsere Ausr\u00fcstung wird aufgrund ihrer Robustheit, Zweckm\u00e4\u00dfigkeit und ihres Komforts ausgew\u00e4hlt und garantiert ein gelungenes Outdoor-Erlebnis.<\/li>\n<\/ul>\n<hr data-start=\"2523\" data-end=\"2526\" \/>\n<h3 data-start=\"2528\" data-end=\"2561\"><strong data-start=\"2532\" data-end=\"2559\">Jetzt buchen<\/strong><\/h3>\n<p data-start=\"2563\" data-end=\"2828\">Beginnen Sie noch heute mit der Planung Ihres n\u00e4chsten Abenteuers, indem Sie <strong data-start=\"2616\" data-end=\"2686\">Buchung Ihres Zeltmiet- und Campingpakets f\u00fcr 4 Personen<\/strong>Mit unserem <strong data-start=\"2699\" data-end=\"2743\">flexibler und bequemer Mietservice<\/strong>, reisen Sie mit v\u00f6lliger Ruhe ab und genie\u00dfen Sie Ihren Aufenthalt im Herzen der Natur in vollen Z\u00fcgen.<\/p>\n<p data-start=\"2830\" data-end=\"2971\" data-is-last-node=\"\" data-is-only-node=\"\"><em data-start=\"2830\" data-end=\"2971\" data-is-last-node=\"\">(Bitte beachten Sie, dass die Zeltmodelle je nach Verf\u00fcgbarkeit variieren k\u00f6nnen, ihre Funktionen jedoch gleich bleiben.)<\/em><\/p>","protected":false},"excerpt":{"rendered":"<p><strong>Pr\u00e4sentation:<\/strong><\/p>\n<p>W\u00e4hlen Sie das Symbol <strong data-start=\"40\" data-end=\"61\">Zeltverleih<\/strong> mit unserem <strong data-start=\"73\" data-end=\"98\">4-Personen-Campingpaket<\/strong>, einschlie\u00dflich der <strong data-start=\"112\" data-end=\"132\">Ceylan 4XL Zelt<\/strong>, ideal f\u00fcr einen Kurzurlaub im Herzen der Natur. Perfekt f\u00fcr die <strong data-start=\"194\" data-end=\"216\">Familiencamping<\/strong>, DER <strong data-start=\"222\" data-end=\"248\">Open-Air-Festivals<\/strong> oder die <strong data-start=\"256\" data-end=\"280\">Biwakwochenenden<\/strong>, dieses Kuppelzelt vereint <strong data-start=\"305\" data-end=\"329\">Komfort und Funktionalit\u00e4t<\/strong>. Sein robustes Design mit einer Struktur in <strong data-start=\"376\" data-end=\"394\">Fiberglas<\/strong> und eine Beschichtung in <strong data-start=\"415\" data-end=\"451\">polyurethanbeschichtetes Polyester<\/strong>, bietet wirksamen Schutz vor schlechtem Wetter und bleibt gleichzeitig <strong data-start=\"523\" data-end=\"533\">Licht<\/strong> mit seinem <strong data-start=\"543\" data-end=\"551\">6 kg<\/strong>.<\/p>\n<p>Mit einer Gesamtfl\u00e4che von <strong>7,8 m\u00b2<\/strong> und einer komfortablen H\u00f6he von 140 cm bietet der Ceylan 4XL eine <strong>gro\u00dfz\u00fcgiges Platzangebot<\/strong> f\u00fcr alle Insassen. Der Vorraum und die integrierten Aufbewahrungstaschen erleichtern die Aufbewahrung Ihrer Ausr\u00fcstung, w\u00e4hrend die Bel\u00fcftungsluken f\u00fcr eine k\u00fchle und luftige Umgebung sorgen.<\/p>\n<p><strong>Produktvorteile:<\/strong><\/p>\n<p>Entdecken Sie die wesentlichen Vorteile des 4-Personen-Campingpakets: viel Stauraum dank Vorraum, mehrere Taschen zur Organisation Ihrer Sachen und hervorragende Bel\u00fcftung durch die Katzenklappen. Gestalten Sie Ihr Erlebnis individuell mit Optionen wie Premium-Matratzen, kuscheligen Schlafs\u00e4cken, einem Kocher und vielem mehr. Verwandeln Sie Ihren Outdoor-Aufenthalt in ein Abenteuer voller Luxus und Komfort.<\/p>\n<p>Hinweis: Schlafs\u00e4cke werden gestellt <span style=\"text-decoration: underline;\"><strong>mit<\/strong> <\/span>Bettw\u00e4sche (Schlafsack) das Zelt <span style=\"text-decoration: underline;\"><strong>mit<\/strong> <\/span>Bodenmatte (Fu\u00dfabdruck). Der Ofen <span style=\"text-decoration: underline;\"><strong>ohne<\/strong> <\/span>Gaskartusche (Norm EN 417)<\/p>\n<p>Mit unserem <strong data-start=\"1811\" data-end=\"1843\">Zeltverleih<\/strong>, genie\u00dfen Sie hochwertige Ausr\u00fcstung, einsatzbereit und geliefert, wohin Sie wollen.<\/p>","protected":false},"featured_media":179255,"template":"","meta":{"_acf_changed":false},"product_brand":[],"product_cat":[3885,3685],"product_tag":[],"class_list":{"0":"post-30236","1":"product","2":"type-product","3":"status-publish","4":"has-post-thumbnail","6":"product_cat-tente-materiel-camping","7":"product_cat-location-materiel-camping","9":"first","10":"instock","11":"virtual","12":"taxable","13":"purchasable","14":"product-type-bundle"},"bundled_by":[],"bundle_stock_status":"instock","bundle_stock_quantity":22,"bundle_virtual":false,"bundle_layout":"default","bundle_add_to_cart_form_location":"default","bundle_editable_in_cart":false,"bundle_sold_individually_context":"product","bundle_item_grouping":"parent","bundle_min_size":"","bundle_max_size":"","bundled_items":[{"bundled_item_id":2305,"product_id":30263,"menu_order":0,"quantity_min":1,"quantity_max":1,"quantity_default":1,"priced_individually":true,"shipped_individually":false,"override_title":true,"title":"Tente pour 4 personnes","override_description":true,"description":"","optional":false,"hide_thumbnail":false,"discount":"","override_variations":false,"allowed_variations":[],"override_default_variation_attributes":false,"default_variation_attributes":[],"single_product_visibility":"visible","cart_visibility":"visible","order_visibility":"visible","single_product_price_visibility":"hidden","cart_price_visibility":"hidden","order_price_visibility":"hidden","stock_status":"in_stock"},{"bundled_item_id":2307,"product_id":50809,"menu_order":1,"quantity_min":1,"quantity_max":1,"quantity_default":1,"priced_individually":true,"shipped_individually":false,"override_title":true,"title":"Abri de camping","override_description":true,"description":"2,50 \u20ac \/ Tag **","optional":true,"hide_thumbnail":false,"discount":"","override_variations":false,"allowed_variations":[],"override_default_variation_attributes":false,"default_variation_attributes":[],"single_product_visibility":"visible","cart_visibility":"visible","order_visibility":"visible","single_product_price_visibility":"hidden","cart_price_visibility":"hidden","order_price_visibility":"hidden","stock_status":"in_stock"},{"bundled_item_id":2309,"product_id":35423,"menu_order":2,"quantity_min":1,"quantity_max":4,"quantity_default":1,"priced_individually":true,"shipped_individually":false,"override_title":true,"title":"Premium-Matratze","override_description":true,"description":"3,75 \u20ac\/Tag **","optional":true,"hide_thumbnail":false,"discount":"","override_variations":false,"allowed_variations":[],"override_default_variation_attributes":false,"default_variation_attributes":[],"single_product_visibility":"visible","cart_visibility":"visible","order_visibility":"visible","single_product_price_visibility":"hidden","cart_price_visibility":"hidden","order_price_visibility":"hidden","stock_status":"in_stock"},{"bundled_item_id":2311,"product_id":129903,"menu_order":3,"quantity_min":1,"quantity_max":4,"quantity_default":1,"priced_individually":true,"shipped_individually":false,"override_title":true,"title":"Oreiller Premium \"Large\"","override_description":true,"description":"2 \u20ac \/ Tag **","optional":true,"hide_thumbnail":false,"discount":"","override_variations":false,"allowed_variations":[],"override_default_variation_attributes":false,"default_variation_attributes":[],"single_product_visibility":"visible","cart_visibility":"visible","order_visibility":"visible","single_product_price_visibility":"hidden","cart_price_visibility":"hidden","order_price_visibility":"hidden","stock_status":"in_stock"},{"bundled_item_id":2313,"product_id":30278,"menu_order":4,"quantity_min":1,"quantity_max":3,"quantity_default":1,"priced_individually":true,"shipped_individually":false,"override_title":true,"title":"Matratze","override_description":true,"description":"2,75 \u20ac\/Tag **","optional":true,"hide_thumbnail":false,"discount":"","override_variations":false,"allowed_variations":[],"override_default_variation_attributes":false,"default_variation_attributes":[],"single_product_visibility":"visible","cart_visibility":"visible","order_visibility":"visible","single_product_price_visibility":"hidden","cart_price_visibility":"hidden","order_price_visibility":"hidden","stock_status":"in_stock"},{"bundled_item_id":2315,"product_id":129909,"menu_order":5,"quantity_min":1,"quantity_max":4,"quantity_default":1,"priced_individually":true,"shipped_individually":false,"override_title":true,"title":"Oreiller gonflable","override_description":true,"description":"1 \u20ac \/ Tag **","optional":true,"hide_thumbnail":false,"discount":"","override_variations":false,"allowed_variations":[],"override_default_variation_attributes":false,"default_variation_attributes":[],"single_product_visibility":"visible","cart_visibility":"visible","order_visibility":"visible","single_product_price_visibility":"hidden","cart_price_visibility":"hidden","order_price_visibility":"hidden","stock_status":"in_stock"},{"bundled_item_id":2317,"product_id":30274,"menu_order":6,"quantity_min":1,"quantity_max":4,"quantity_default":1,"priced_individually":true,"shipped_individually":false,"override_title":true,"title":"Sac de couchage 10\u00b0 et drap","override_description":true,"description":"3,75 \u20ac\/Tag **","optional":true,"hide_thumbnail":false,"discount":"","override_variations":false,"allowed_variations":[],"override_default_variation_attributes":false,"default_variation_attributes":[],"single_product_visibility":"visible","cart_visibility":"visible","order_visibility":"visible","single_product_price_visibility":"hidden","cart_price_visibility":"hidden","order_price_visibility":"hidden","stock_status":"in_stock"},{"bundled_item_id":2319,"product_id":50808,"menu_order":7,"quantity_min":1,"quantity_max":4,"quantity_default":1,"priced_individually":true,"shipped_individually":false,"override_title":true,"title":"Sac de couchage 7\u00b0 et drap","override_description":true,"description":"3,75 \u20ac\/Tag **","optional":true,"hide_thumbnail":false,"discount":"","override_variations":false,"allowed_variations":[],"override_default_variation_attributes":false,"default_variation_attributes":[],"single_product_visibility":"visible","cart_visibility":"visible","order_visibility":"visible","single_product_price_visibility":"hidden","cart_price_visibility":"hidden","order_price_visibility":"hidden","stock_status":"in_stock"},{"bundled_item_id":2321,"product_id":35432,"menu_order":8,"quantity_min":1,"quantity_max":4,"quantity_default":1,"priced_individually":true,"shipped_individually":false,"override_title":true,"title":"Helinox-Stuhl","override_description":true,"description":"2,50 \u20ac \/ Tag **","optional":true,"hide_thumbnail":false,"discount":"","override_variations":false,"allowed_variations":[],"override_default_variation_attributes":false,"default_variation_attributes":[],"single_product_visibility":"visible","cart_visibility":"visible","order_visibility":"visible","single_product_price_visibility":"hidden","cart_price_visibility":"hidden","order_price_visibility":"hidden","stock_status":"in_stock"},{"bundled_item_id":2323,"product_id":35437,"menu_order":9,"quantity_min":1,"quantity_max":2,"quantity_default":1,"priced_individually":true,"shipped_individually":false,"override_title":true,"title":"Hekinox-Tabelle","override_description":true,"description":"3 \u20ac \/ Tag **","optional":true,"hide_thumbnail":false,"discount":"","override_variations":false,"allowed_variations":[],"override_default_variation_attributes":false,"default_variation_attributes":[],"single_product_visibility":"visible","cart_visibility":"visible","order_visibility":"visible","single_product_price_visibility":"hidden","cart_price_visibility":"hidden","order_price_visibility":"hidden","stock_status":"in_stock"},{"bundled_item_id":2325,"product_id":31014,"menu_order":10,"quantity_min":1,"quantity_max":4,"quantity_default":1,"priced_individually":true,"shipped_individually":false,"override_title":true,"title":"Scheinwerfer","override_description":true,"description":"1 \u20ac \/ Tag **","optional":true,"hide_thumbnail":false,"discount":"","override_variations":false,"allowed_variations":[],"override_default_variation_attributes":false,"default_variation_attributes":[],"single_product_visibility":"visible","cart_visibility":"visible","order_visibility":"visible","single_product_price_visibility":"hidden","cart_price_visibility":"hidden","order_price_visibility":"hidden","stock_status":"in_stock"},{"bundled_item_id":2327,"product_id":31015,"menu_order":11,"quantity_min":1,"quantity_max":1,"quantity_default":1,"priced_individually":true,"shipped_individually":false,"override_title":true,"title":"Lampe lanterne","override_description":true,"description":"1,50 \u20ac \/ Tag **","optional":true,"hide_thumbnail":false,"discount":"","override_variations":false,"allowed_variations":[],"override_default_variation_attributes":false,"default_variation_attributes":[],"single_product_visibility":"visible","cart_visibility":"visible","order_visibility":"visible","single_product_price_visibility":"hidden","cart_price_visibility":"hidden","order_price_visibility":"hidden","stock_status":"in_stock"},{"bundled_item_id":2329,"product_id":30284,"menu_order":12,"quantity_min":1,"quantity_max":1,"quantity_default":1,"priced_individually":true,"shipped_individually":false,"override_title":true,"title":"R\u00e9chaud (sans combustible)","override_description":true,"description":"1,75 \u20ac\/Tag **","optional":true,"hide_thumbnail":false,"discount":"","override_variations":false,"allowed_variations":[],"override_default_variation_attributes":false,"default_variation_attributes":[],"single_product_visibility":"visible","cart_visibility":"visible","order_visibility":"visible","single_product_price_visibility":"hidden","cart_price_visibility":"hidden","order_price_visibility":"hidden","stock_status":"in_stock"},{"bundled_item_id":2331,"product_id":35354,"menu_order":13,"quantity_min":1,"quantity_max":1,"quantity_default":1,"priced_individually":true,"shipped_individually":false,"override_title":true,"title":"Popote 4 personnes","override_description":true,"description":"4 \u20ac \/ Tag **","optional":true,"hide_thumbnail":false,"discount":"","override_variations":false,"allowed_variations":[],"override_default_variation_attributes":false,"default_variation_attributes":[],"single_product_visibility":"visible","cart_visibility":"visible","order_visibility":"visible","single_product_price_visibility":"hidden","cart_price_visibility":"hidden","order_price_visibility":"hidden","stock_status":"in_stock"},{"bundled_item_id":2333,"product_id":35359,"menu_order":14,"quantity_min":1,"quantity_max":1,"quantity_default":1,"priced_individually":true,"shipped_individually":false,"override_title":true,"title":"Po\u00eble - Faitout","override_description":true,"description":"3,15 \u20ac\/Tag **","optional":true,"hide_thumbnail":false,"discount":"","override_variations":false,"allowed_variations":[],"override_default_variation_attributes":false,"default_variation_attributes":[],"single_product_visibility":"visible","cart_visibility":"visible","order_visibility":"visible","single_product_price_visibility":"hidden","cart_price_visibility":"hidden","order_price_visibility":"hidden","stock_status":"in_stock"},{"bundled_item_id":2335,"product_id":31016,"menu_order":15,"quantity_min":1,"quantity_max":1,"quantity_default":1,"priced_individually":true,"shipped_individually":false,"override_title":true,"title":"Glaci\u00e8re 22 L","override_description":true,"description":"1,15 \u20ac\/Tag **","optional":true,"hide_thumbnail":false,"discount":"","override_variations":false,"allowed_variations":[],"override_default_variation_attributes":false,"default_variation_attributes":[],"single_product_visibility":"visible","cart_visibility":"visible","order_visibility":"visible","single_product_price_visibility":"hidden","cart_price_visibility":"hidden","order_price_visibility":"hidden","stock_status":"in_stock"},{"bundled_item_id":2337,"product_id":31104,"menu_order":16,"quantity_min":1,"quantity_max":1,"quantity_default":1,"priced_individually":true,"shipped_individually":true,"override_title":true,"title":"SORGENVERSICHERUNG (+\u20ac10)","override_description":false,"description":"","optional":true,"hide_thumbnail":true,"discount":"","override_variations":false,"allowed_variations":[],"override_default_variation_attributes":false,"default_variation_attributes":[],"single_product_visibility":"visible","cart_visibility":"visible","order_visibility":"visible","single_product_price_visibility":"hidden","cart_price_visibility":"hidden","order_price_visibility":"hidden","stock_status":"in_stock"},{"bundled_item_id":2339,"product_id":31106,"menu_order":17,"quantity_min":1,"quantity_max":1,"quantity_default":1,"priced_individually":true,"shipped_individually":true,"override_title":true,"title":"Reiser\u00fccktrittsversicherung (+\u20ac10)","override_description":false,"description":"","optional":true,"hide_thumbnail":true,"discount":"","override_variations":false,"allowed_variations":[],"override_default_variation_attributes":false,"default_variation_attributes":[],"single_product_visibility":"visible","cart_visibility":"visible","order_visibility":"visible","single_product_price_visibility":"hidden","cart_price_visibility":"hidden","order_price_visibility":"hidden","stock_status":"in_stock"}],"bundle_sell_ids":[],"_links":{"self":[{"href":"https:\/\/www.orentees.com\/de\/wp-json\/wp\/v2\/product\/30236","targetHints":{"allow":["GET"]}}],"collection":[{"href":"https:\/\/www.orentees.com\/de\/wp-json\/wp\/v2\/product"}],"about":[{"href":"https:\/\/www.orentees.com\/de\/wp-json\/wp\/v2\/types\/product"}],"version-history":[{"count":13,"href":"https:\/\/www.orentees.com\/de\/wp-json\/wp\/v2\/product\/30236\/revisions"}],"predecessor-version":[{"id":184667,"href":"https:\/\/www.orentees.com\/de\/wp-json\/wp\/v2\/product\/30236\/revisions\/184667"}],"wp:featuredmedia":[{"embeddable":true,"href":"https:\/\/www.orentees.com\/de\/wp-json\/wp\/v2\/media\/179255"}],"wp:attachment":[{"href":"https:\/\/www.orentees.com\/de\/wp-json\/wp\/v2\/media?parent=30236"}],"wp:term":[{"taxonomy":"product_brand","embeddable":true,"href":"https:\/\/www.orentees.com\/de\/wp-json\/wp\/v2\/product_brand?post=30236"},{"taxonomy":"product_cat","embeddable":true,"href":"https:\/\/www.orentees.com\/de\/wp-json\/wp\/v2\/product_cat?post=30236"},{"taxonomy":"product_tag","embeddable":true,"href":"https:\/\/www.orentees.com\/de\/wp-json\/wp\/v2\/product_tag?post=30236"}],"curies":[{"name":"wp","href":"https:\/\/api.w.org\/{rel}","templated":true}]}}