{"id":30259,"date":"2020-05-05T16:09:20","date_gmt":"2020-05-05T14:09:20","guid":{"rendered":"https:\/\/www.orentees.com\/?post_type=product&#038;p=30259"},"modified":"2025-03-13T18:44:21","modified_gmt":"2025-03-13T17:44:21","slug":"tente-camping-canyon-2xl-pour-2","status":"publish","type":"product","link":"https:\/\/www.orentees.com\/de\/product\/tente-camping-canyon-2xl-pour-2\/","title":{"rendered":"CANYON 2XL CAMPINGZELT F\u00dcR 2"},"content":{"rendered":"<h3><strong>CANYON 2XL JAMET Campingzelt<\/strong><\/h3>\n<p>JAMET ist f\u00fcr die Robustheit seiner Zelte bekannt und bietet uns ein 3-Stangen-Kuppelzelt, das sowohl ger\u00e4umig als auch leicht ist.<\/p>\n<p>Durch das integrierte Doppeldach ist es wasserdicht und sch\u00fctzt Sie vor schlechtem Wetter.<\/p>\n<p>Konzipiert f\u00fcrs Camping, kann es Sie dank seines geringen Gewichts und seiner geringen Gr\u00f6\u00dfe dennoch auf Wanderungen begleiten.<\/p>","protected":false},"excerpt":{"rendered":"<h3>Canyon 2XL Campingzeltverleih von JAMET.<\/h3>\n<ul>\n<li><span lang=\"fr\" xml:lang=\"fr\"> \u2013 2 Pl\u00e4tze, leichtes Modell.<\/span><\/li>\n<li><span lang=\"fr\" xml:lang=\"fr\"> \u2013 Kuppelzelt mit 3 Stangen. Einfach aufzubauen.<\/span><\/li>\n<li><span lang=\"fr\" xml:lang=\"fr\"> \u2013 Ger\u00e4umig mit gro\u00dfem Schlafzimmer und Markise<\/span><\/li>\n<li><span lang=\"fr\" xml:lang=\"fr\"> \u2013 Moskitonetzt\u00fcr<\/span><\/li>\n<\/ul>\n<hr \/>\n<p><em><strong>Pierres Meinung:<\/strong> \u201eEin 2-Sitzer-Modell, das viel Platz bietet. Wir sch\u00e4tzen seinen Komfort f\u00fcr tolle N\u00e4chte.\u201c<\/em><\/p>\n<hr \/>\n<p style=\"text-align: left; font-size: 12px; font family: Acier;\"><strong><a href=\"https:\/\/www.orentees.com\/de\/faq\/#retourtente\">WICHTIGE INFORMATIONEN ZUR R\u00dcCKGABE VON ZELTEN UND ARTIKELN: <span style=\"text-decoration: underline; font-size: 16px;\"> LESEN SIE HIER<\/span><\/a><\/strong><\/p>\n<p>&nbsp;<br \/>\n<em><span lang=\"fr\" xml:lang=\"fr\">* Foto nicht bindend<\/span><\/em><\/p>\n<p>** Basierend auf einer 8-t\u00e4gigen Miete<\/p>","protected":false},"featured_media":144645,"template":"","meta":{"_acf_changed":false},"product_brand":[],"product_cat":[3685,3687],"product_tag":[],"class_list":{"0":"post-30259","1":"product","2":"type-product","3":"status-publish","4":"has-post-thumbnail","6":"product_cat-location-materiel-camping","7":"product_cat-tente-camping","9":"first","10":"instock","11":"taxable","12":"shipping-taxable","13":"purchasable","14":"product-type-simple"},"bundled_by":["30227"],"bundle_stock_status":"instock","bundle_stock_quantity":13,"bundle_virtual":false,"bundle_layout":"","bundle_add_to_cart_form_location":"","bundle_editable_in_cart":false,"bundle_sold_individually_context":"","bundle_item_grouping":"","bundle_min_size":"","bundle_max_size":"","bundled_items":[],"bundle_sell_ids":[],"_links":{"self":[{"href":"https:\/\/www.orentees.com\/de\/wp-json\/wp\/v2\/product\/30259","targetHints":{"allow":["GET"]}}],"collection":[{"href":"https:\/\/www.orentees.com\/de\/wp-json\/wp\/v2\/product"}],"about":[{"href":"https:\/\/www.orentees.com\/de\/wp-json\/wp\/v2\/types\/product"}],"version-history":[{"count":3,"href":"https:\/\/www.orentees.com\/de\/wp-json\/wp\/v2\/product\/30259\/revisions"}],"predecessor-version":[{"id":179187,"href":"https:\/\/www.orentees.com\/de\/wp-json\/wp\/v2\/product\/30259\/revisions\/179187"}],"wp:featuredmedia":[{"embeddable":true,"href":"https:\/\/www.orentees.com\/de\/wp-json\/wp\/v2\/media\/144645"}],"wp:attachment":[{"href":"https:\/\/www.orentees.com\/de\/wp-json\/wp\/v2\/media?parent=30259"}],"wp:term":[{"taxonomy":"product_brand","embeddable":true,"href":"https:\/\/www.orentees.com\/de\/wp-json\/wp\/v2\/product_brand?post=30259"},{"taxonomy":"product_cat","embeddable":true,"href":"https:\/\/www.orentees.com\/de\/wp-json\/wp\/v2\/product_cat?post=30259"},{"taxonomy":"product_tag","embeddable":true,"href":"https:\/\/www.orentees.com\/de\/wp-json\/wp\/v2\/product_tag?post=30259"}],"curies":[{"name":"wp","href":"https:\/\/api.w.org\/{rel}","templated":true}]}}