{"id":30274,"date":"2020-05-05T17:37:23","date_gmt":"2020-05-05T15:37:23","guid":{"rendered":"https:\/\/www.orentees.com\/?post_type=product&#038;p=30274"},"modified":"2024-12-04T13:36:40","modified_gmt":"2024-12-04T12:36:40","slug":"location-sac-de-couchage-camping","status":"publish","type":"product","link":"https:\/\/www.orentees.com\/de\/product\/location-sac-de-couchage-camping\/","title":{"rendered":"Camping-Schlafsackverleih"},"content":{"rendered":"<h3><strong>TRIGANO Schlafsack<\/strong><\/h3>\n<p>Dieser Schlafsack ist ideal f\u00fcr Sommercamping; seine Komforttemperatur betr\u00e4gt 10 Grad.<\/p>\n<p>Da es weniger als 1 kg wiegt, ist es sehr leicht zu tragen.<\/p>\n<p>Es wird inklusive eines 100%-Schlaflakens und eines aufblasbaren Kissens vermietet.<\/p>","protected":false},"excerpt":{"rendered":"<p style=\"text-align: left; font-size: 18px;\"><strong>Pr\u00e4sentation:<\/strong><\/p>\n<p>Der Trigano-Schlafsack ist perfekt f\u00fcrs Sommercamping geeignet und wird mit einem Baumwolllaken geliefert.<\/p>\n<p>Die Komforttemperatur betr\u00e4gt 10\u00b0, was perfekt f\u00fcr etwas k\u00fchle N\u00e4chte ist.<\/p>\n<p>Durch seine rechteckige Form bietet es viel Platz.<\/p>\n<hr \/>\n<p style=\"text-align: center;\"><em><strong>Nancys Meinung:<\/strong> \u201eDer ultimative Schlafsack f\u00fcr Sommercamping \u2013 er ist sehr praktisch und l\u00e4sst sich zusammengefaltet nur sehr platzsparend verstauen.\u201c<\/em><em>&#8220;<\/em><\/p>\n<hr \/>\n<p>&nbsp;<\/p>\n<p><em><span lang=\"fr\" style=\"font-size: 10pt; font-family: Verdana, sans-serif; color: #000000;\" xml:lang=\"fr\">* Foto nicht bindend<\/span><\/em><\/p>\n<p><span style=\"font-size: 10pt;\">** Basierend auf einer 8-t\u00e4gigen Miete<\/span><\/p>","protected":false},"featured_media":144639,"template":"","meta":{"_acf_changed":false},"product_brand":[],"product_cat":[3685],"product_tag":[],"class_list":{"0":"post-30274","1":"product","2":"type-product","3":"status-publish","4":"has-post-thumbnail","6":"product_cat-location-materiel-camping","8":"first","9":"instock","10":"taxable","11":"shipping-taxable","12":"purchasable","13":"product-type-simple"},"bundled_by":["30227","30236","35438"],"bundle_stock_status":"instock","bundle_stock_quantity":27,"bundle_virtual":false,"bundle_layout":"","bundle_add_to_cart_form_location":"","bundle_editable_in_cart":false,"bundle_sold_individually_context":"","bundle_item_grouping":"","bundle_min_size":"","bundle_max_size":"","bundled_items":[],"bundle_sell_ids":[],"_links":{"self":[{"href":"https:\/\/www.orentees.com\/de\/wp-json\/wp\/v2\/product\/30274","targetHints":{"allow":["GET"]}}],"collection":[{"href":"https:\/\/www.orentees.com\/de\/wp-json\/wp\/v2\/product"}],"about":[{"href":"https:\/\/www.orentees.com\/de\/wp-json\/wp\/v2\/types\/product"}],"version-history":[{"count":2,"href":"https:\/\/www.orentees.com\/de\/wp-json\/wp\/v2\/product\/30274\/revisions"}],"predecessor-version":[{"id":144697,"href":"https:\/\/www.orentees.com\/de\/wp-json\/wp\/v2\/product\/30274\/revisions\/144697"}],"wp:featuredmedia":[{"embeddable":true,"href":"https:\/\/www.orentees.com\/de\/wp-json\/wp\/v2\/media\/144639"}],"wp:attachment":[{"href":"https:\/\/www.orentees.com\/de\/wp-json\/wp\/v2\/media?parent=30274"}],"wp:term":[{"taxonomy":"product_brand","embeddable":true,"href":"https:\/\/www.orentees.com\/de\/wp-json\/wp\/v2\/product_brand?post=30274"},{"taxonomy":"product_cat","embeddable":true,"href":"https:\/\/www.orentees.com\/de\/wp-json\/wp\/v2\/product_cat?post=30274"},{"taxonomy":"product_tag","embeddable":true,"href":"https:\/\/www.orentees.com\/de\/wp-json\/wp\/v2\/product_tag?post=30274"}],"curies":[{"name":"wp","href":"https:\/\/api.w.org\/{rel}","templated":true}]}}