{"id":30278,"date":"2020-05-05T18:20:06","date_gmt":"2020-05-05T16:20:06","guid":{"rendered":"https:\/\/www.orentees.com\/?post_type=product&#038;p=30278"},"modified":"2024-09-30T12:17:45","modified_gmt":"2024-09-30T10:17:45","slug":"location-matelas-oreiller-camping","status":"publish","type":"product","link":"https:\/\/www.orentees.com\/de\/product\/location-matelas-oreiller-camping\/","title":{"rendered":"Campingmatratzenverleih"},"content":{"rendered":"<h3><strong>TRIGANA aufblasbare Matratze<\/strong><\/h3>\n<p>Eine ideale aufblasbare Matratze f\u00fcr Sommercamping. Ihre gro\u00dfz\u00fcgigen Abmessungen und der wildlederartige Bezug garantieren einen erholsamen Schlaf.<\/p>","protected":false},"excerpt":{"rendered":"<p><strong>Pr\u00e4sentation:<\/strong><\/p>\n<p><span id=\"p163\">Die aufblasbare Matratze der Marke Trigano. Ideal zum Campen, dank ihrer gro\u00dfz\u00fcgigen Abmessungen und der samtigen Haptik ist sie sehr komfortabel.<\/span><\/p>\n<p>Eine Fu\u00dfpumpe zum Aufpumpen ist inklusive.<\/p>\n<hr \/>\n<p><em><strong>Nancys Meinung:<\/strong> \u201eDie ultimative Campingmatratze, sie ist besonders komfortabel dank ihrer gro\u00dfz\u00fcgigen Breite.\u201c<\/em><em>&#8220;<\/em><\/p>\n<hr \/>\n<p><em><span lang=\"fr\" xml:lang=\"fr\">* Foto nicht bindend<\/span><\/em><\/p>\n<p>** Basierend auf einer 8-t\u00e4gigen Miete<\/p>","protected":false},"featured_media":144633,"template":"","meta":{"_acf_changed":false},"product_brand":[],"product_cat":[3051,3685],"product_tag":[],"class_list":{"0":"post-30278","1":"product","2":"type-product","3":"status-publish","4":"has-post-thumbnail","6":"product_cat-accueil","7":"product_cat-location-materiel-camping","9":"first","10":"instock","11":"taxable","12":"shipping-taxable","13":"purchasable","14":"product-type-simple"},"bundled_by":["30227","30236"],"bundle_stock_status":"instock","bundle_stock_quantity":92,"bundle_virtual":false,"bundle_layout":"","bundle_add_to_cart_form_location":"","bundle_editable_in_cart":false,"bundle_sold_individually_context":"","bundle_item_grouping":"","bundle_min_size":"","bundle_max_size":"","bundled_items":[],"bundle_sell_ids":[],"_links":{"self":[{"href":"https:\/\/www.orentees.com\/de\/wp-json\/wp\/v2\/product\/30278","targetHints":{"allow":["GET"]}}],"collection":[{"href":"https:\/\/www.orentees.com\/de\/wp-json\/wp\/v2\/product"}],"about":[{"href":"https:\/\/www.orentees.com\/de\/wp-json\/wp\/v2\/types\/product"}],"version-history":[{"count":2,"href":"https:\/\/www.orentees.com\/de\/wp-json\/wp\/v2\/product\/30278\/revisions"}],"predecessor-version":[{"id":144701,"href":"https:\/\/www.orentees.com\/de\/wp-json\/wp\/v2\/product\/30278\/revisions\/144701"}],"wp:featuredmedia":[{"embeddable":true,"href":"https:\/\/www.orentees.com\/de\/wp-json\/wp\/v2\/media\/144633"}],"wp:attachment":[{"href":"https:\/\/www.orentees.com\/de\/wp-json\/wp\/v2\/media?parent=30278"}],"wp:term":[{"taxonomy":"product_brand","embeddable":true,"href":"https:\/\/www.orentees.com\/de\/wp-json\/wp\/v2\/product_brand?post=30278"},{"taxonomy":"product_cat","embeddable":true,"href":"https:\/\/www.orentees.com\/de\/wp-json\/wp\/v2\/product_cat?post=30278"},{"taxonomy":"product_tag","embeddable":true,"href":"https:\/\/www.orentees.com\/de\/wp-json\/wp\/v2\/product_tag?post=30278"}],"curies":[{"name":"wp","href":"https:\/\/api.w.org\/{rel}","templated":true}]}}