{"id":30280,"date":"2020-05-05T18:36:39","date_gmt":"2020-05-05T16:36:39","guid":{"rendered":"https:\/\/www.orentees.com\/?post_type=product&#038;p=30280"},"modified":"2024-10-08T13:12:19","modified_gmt":"2024-10-08T11:12:19","slug":"cuisine-etanche-10-litres-sea-to-summit","status":"publish","type":"product","link":"https:\/\/www.orentees.com\/de\/product\/cuisine-etanche-10-litres-sea-to-summit\/","title":{"rendered":"SEA TO SUMMIT 10 LITER WASSERDICHTE K\u00dcCHE"},"content":{"rendered":"<h3><strong>Sea to Summit Wasserdichte K\u00fcche<\/strong><\/h3>\n<p>Klappbares und freistehendes Waschbecken mit einem Fassungsverm\u00f6gen von 10 Litern <\/p>\n<p>Es ist best\u00e4ndig gegen Waschmittel sowie gegen kaltes und hei\u00dfes Wasser.<\/p>\n<p>Durch seine kompakte Gr\u00f6\u00dfe ist es ideal zum Trekking und Campen.<\/p>","protected":false},"excerpt":{"rendered":"<h3>Sea to Summit \u2013 wasserdichte K\u00fcchenvermietung.<\/h3>\n<ul>\n<li><span lang=\"fr\" xml:lang=\"fr\"> \u2013 Freistehend.<\/span><\/li>\n<li><span lang=\"fr\" xml:lang=\"fr\"> \u2013 Fassungsverm\u00f6gen von 10 Litern.<\/span><\/li>\n<li><span lang=\"fr\" xml:lang=\"fr\"> \u2013 Best\u00e4ndigkeit gegen hei\u00dfes Wasser<\/span><\/li>\n<\/ul>\n<hr \/>\n<p><em><strong>Pierres Meinung:<\/strong> \u201eSuper praktisch f\u00fcr die Zubereitung von Mahlzeiten bei Gruppenbiwaks. Gro\u00dfes Fassungsverm\u00f6gen bei kleiner Gr\u00f6\u00dfe \u2013 genau das, was man sich beim Biwakieren w\u00fcnscht!\u201c<\/em><\/p>\n<hr \/>\n<p><em><span lang=\"fr\" xml:lang=\"fr\">* Foto nicht bindend<\/span><\/em><\/p>\n<p>** Basierend auf einer 8-t\u00e4gigen Miete<\/p>","protected":false},"featured_media":144505,"template":"","meta":{"_acf_changed":false},"product_brand":[],"product_cat":[3649],"product_tag":[],"class_list":{"0":"post-30280","1":"product","2":"type-product","3":"status-publish","4":"has-post-thumbnail","6":"product_cat-location-materiel-bivouac","8":"first","9":"instock","10":"taxable","11":"shipping-taxable","12":"purchasable","13":"product-type-simple"},"bundled_by":["31803","35400","35403","35406","35417","35993","35997","36000","36036","36071","50795","92979","178911","178917","179951","186205"],"bundle_stock_status":"instock","bundle_stock_quantity":4,"bundle_virtual":false,"bundle_layout":"","bundle_add_to_cart_form_location":"","bundle_editable_in_cart":false,"bundle_sold_individually_context":"","bundle_item_grouping":"","bundle_min_size":"","bundle_max_size":"","bundled_items":[],"bundle_sell_ids":[],"_links":{"self":[{"href":"https:\/\/www.orentees.com\/de\/wp-json\/wp\/v2\/product\/30280","targetHints":{"allow":["GET"]}}],"collection":[{"href":"https:\/\/www.orentees.com\/de\/wp-json\/wp\/v2\/product"}],"about":[{"href":"https:\/\/www.orentees.com\/de\/wp-json\/wp\/v2\/types\/product"}],"version-history":[{"count":3,"href":"https:\/\/www.orentees.com\/de\/wp-json\/wp\/v2\/product\/30280\/revisions"}],"predecessor-version":[{"id":146671,"href":"https:\/\/www.orentees.com\/de\/wp-json\/wp\/v2\/product\/30280\/revisions\/146671"}],"wp:featuredmedia":[{"embeddable":true,"href":"https:\/\/www.orentees.com\/de\/wp-json\/wp\/v2\/media\/144505"}],"wp:attachment":[{"href":"https:\/\/www.orentees.com\/de\/wp-json\/wp\/v2\/media?parent=30280"}],"wp:term":[{"taxonomy":"product_brand","embeddable":true,"href":"https:\/\/www.orentees.com\/de\/wp-json\/wp\/v2\/product_brand?post=30280"},{"taxonomy":"product_cat","embeddable":true,"href":"https:\/\/www.orentees.com\/de\/wp-json\/wp\/v2\/product_cat?post=30280"},{"taxonomy":"product_tag","embeddable":true,"href":"https:\/\/www.orentees.com\/de\/wp-json\/wp\/v2\/product_tag?post=30280"}],"curies":[{"name":"wp","href":"https:\/\/api.w.org\/{rel}","templated":true}]}}