{"id":30284,"date":"2020-05-05T19:05:34","date_gmt":"2020-05-05T17:05:34","guid":{"rendered":"https:\/\/www.orentees.com\/?post_type=product&#038;p=30284"},"modified":"2024-12-04T13:36:40","modified_gmt":"2024-12-04T12:36:40","slug":"location-rechaud-camping","status":"publish","type":"product","link":"https:\/\/www.orentees.com\/de\/product\/location-rechaud-camping\/","title":{"rendered":"Campingkocher mieten"},"content":{"rendered":"<h3>Kocherverleih f\u00fcr Camping und Biwak<\/h3>\n<p>Ein unverzichtbarer Begleiter f\u00fcr die Zubereitung Ihrer warmen Mahlzeiten oder Ihres Morgenkaffees.<br \/>\nDer Herd ist sehr klein und passt in den Topf.<\/p>\n<p>Unsere Kocher werden ohne Gaskartuschen geliefert.<\/p>","protected":false},"excerpt":{"rendered":"<p style=\"text-align: left; font-size: 18px;\"><strong>Pr\u00e4sentation:<\/strong><\/p>\n<p>Unsere Kocher sind klein, aber unverzichtbar f\u00fcr Biwakwanderungen. Sie sind leistungsstark und k\u00f6nnen 1 Liter Wasser in weniger als 4 Minuten zum Kochen bringen.<\/p>\n<p>Sie funktionieren mit allen Gaskartuschen mit Gewindeventil f\u00fcr Schraubsystemkocher, Norm EN 417<\/p>\n<p>WICHTIG: LIEFERUNG OHNE GASKARTUSCHE<\/p>\n<hr \/>\n<p style=\"text-align: center;\"><em><strong>Pierres Meinung:<\/strong> \u201eSehr kompakt und leicht ist der Ofen der ideale Begleiter f\u00fcr ein gem\u00fctliches Essen. Wie w\u00e4re es mit einem kleinen Fondue mitten auf der Alm?\u201c<\/em><\/p>\n<hr \/>\n<p>&nbsp;<\/p>\n<p><em><span lang=\"fr\" style=\"font-size: 10pt; font-family: Verdana, sans-serif; color: #000000;\" xml:lang=\"fr\">* Foto nicht bindend<\/span><\/em><\/p>\n<p><span style=\"font-size: 10pt;\"> ** Basierend auf einer 8-t\u00e4gigen Miete<\/span><\/p>","protected":false},"featured_media":144579,"template":"","meta":{"_acf_changed":false},"product_brand":[],"product_cat":[3649,3685],"product_tag":[],"class_list":{"0":"post-30284","1":"product","2":"type-product","3":"status-publish","4":"has-post-thumbnail","6":"product_cat-location-materiel-bivouac","7":"product_cat-location-materiel-camping","9":"first","10":"instock","11":"taxable","12":"shipping-taxable","13":"purchasable","14":"product-type-simple"},"bundled_by":["30236","31803","32015","35406","35417","50940","179951","186205"],"bundle_stock_status":"instock","bundle_stock_quantity":5,"bundle_virtual":false,"bundle_layout":"","bundle_add_to_cart_form_location":"","bundle_editable_in_cart":false,"bundle_sold_individually_context":"","bundle_item_grouping":"","bundle_min_size":"","bundle_max_size":"","bundled_items":[],"bundle_sell_ids":[],"_links":{"self":[{"href":"https:\/\/www.orentees.com\/de\/wp-json\/wp\/v2\/product\/30284","targetHints":{"allow":["GET"]}}],"collection":[{"href":"https:\/\/www.orentees.com\/de\/wp-json\/wp\/v2\/product"}],"about":[{"href":"https:\/\/www.orentees.com\/de\/wp-json\/wp\/v2\/types\/product"}],"version-history":[{"count":2,"href":"https:\/\/www.orentees.com\/de\/wp-json\/wp\/v2\/product\/30284\/revisions"}],"predecessor-version":[{"id":144677,"href":"https:\/\/www.orentees.com\/de\/wp-json\/wp\/v2\/product\/30284\/revisions\/144677"}],"wp:featuredmedia":[{"embeddable":true,"href":"https:\/\/www.orentees.com\/de\/wp-json\/wp\/v2\/media\/144579"}],"wp:attachment":[{"href":"https:\/\/www.orentees.com\/de\/wp-json\/wp\/v2\/media?parent=30284"}],"wp:term":[{"taxonomy":"product_brand","embeddable":true,"href":"https:\/\/www.orentees.com\/de\/wp-json\/wp\/v2\/product_brand?post=30284"},{"taxonomy":"product_cat","embeddable":true,"href":"https:\/\/www.orentees.com\/de\/wp-json\/wp\/v2\/product_cat?post=30284"},{"taxonomy":"product_tag","embeddable":true,"href":"https:\/\/www.orentees.com\/de\/wp-json\/wp\/v2\/product_tag?post=30284"}],"curies":[{"name":"wp","href":"https:\/\/api.w.org\/{rel}","templated":true}]}}