{"id":31015,"date":"2020-06-10T14:02:17","date_gmt":"2020-06-10T12:02:17","guid":{"rendered":"https:\/\/www.orentees.com\/?post_type=product&#038;p=31015"},"modified":"2024-09-30T12:13:55","modified_gmt":"2024-09-30T10:13:55","slug":"location-lampe-lanterne-usb","status":"publish","type":"product","link":"https:\/\/www.orentees.com\/de\/product\/location-lampe-lanterne-usb\/","title":{"rendered":"USB-LATERNENLAMPE"},"content":{"rendered":"<h3>Vermietung einer wiederaufladbaren USB-Laternenlampe<\/h3>\n<p>Mit einer Leistung von 5 W bietet diese Laternenlampe eine 360-Grad-Beleuchtung.<\/p>\n<p>Es ist ideal zum Campen und verf\u00fcgt \u00fcber eine lange Akkulaufzeit von etwa 25 Stunden.<\/p>\n<p>Dank seines Tragegriffs l\u00e4sst es sich leicht transportieren.<\/p>\n<p>Die Intensit\u00e4t ist regulierbar und erm\u00f6glicht Ihnen, die Beleuchtung Ihren Bed\u00fcrfnissen anzupassen.<\/p>","protected":false},"excerpt":{"rendered":"<p style=\"text-align: left; font-size: 18px;\"><strong>Pr\u00e4sentation:<\/strong><\/p>\n<p><span id=\"p163\">Camping-Laternenlampe mit einer Akkulaufzeit von ca. 25 Stunden, wiederaufladbar \u00fcber USB.<\/span><\/p>\n<p>Die Beleuchtungsintensit\u00e4t ist einstellbar.<\/p>\n<hr \/>\n<p style=\"text-align: center;\"><em><strong>Nancys Meinung:<\/strong> \u201eIdeal f\u00fcr einen mondhellen Abend oder f\u00fcr im Zelt.<\/em><em>&#8220;<\/em><\/p>\n<hr \/>\n<p><em><span lang=\"fr\" style=\"font-size: 10pt; font-family: Verdana, sans-serif; color: #000000;\" xml:lang=\"fr\">* Foto nicht bindend<\/span><\/em><\/p>\n<p><span style=\"font-size: 10pt;\"> ** Basierend auf einer 8-t\u00e4gigen Miete<\/span><\/p>","protected":false},"featured_media":144651,"template":"","meta":{"_acf_changed":false},"product_brand":[],"product_cat":[3685],"product_tag":[],"class_list":{"0":"post-31015","1":"product","2":"type-product","3":"status-publish","4":"has-post-thumbnail","6":"product_cat-location-materiel-camping","8":"first","9":"instock","10":"taxable","11":"shipping-taxable","12":"purchasable","13":"product-type-simple"},"bundled_by":["30227","30236","32015","35438","50940"],"bundle_stock_status":"instock","bundle_stock_quantity":3,"bundle_virtual":false,"bundle_layout":"","bundle_add_to_cart_form_location":"","bundle_editable_in_cart":false,"bundle_sold_individually_context":"","bundle_item_grouping":"","bundle_min_size":"","bundle_max_size":"","bundled_items":[],"bundle_sell_ids":[],"_links":{"self":[{"href":"https:\/\/www.orentees.com\/de\/wp-json\/wp\/v2\/product\/31015","targetHints":{"allow":["GET"]}}],"collection":[{"href":"https:\/\/www.orentees.com\/de\/wp-json\/wp\/v2\/product"}],"about":[{"href":"https:\/\/www.orentees.com\/de\/wp-json\/wp\/v2\/types\/product"}],"version-history":[{"count":2,"href":"https:\/\/www.orentees.com\/de\/wp-json\/wp\/v2\/product\/31015\/revisions"}],"predecessor-version":[{"id":144679,"href":"https:\/\/www.orentees.com\/de\/wp-json\/wp\/v2\/product\/31015\/revisions\/144679"}],"wp:featuredmedia":[{"embeddable":true,"href":"https:\/\/www.orentees.com\/de\/wp-json\/wp\/v2\/media\/144651"}],"wp:attachment":[{"href":"https:\/\/www.orentees.com\/de\/wp-json\/wp\/v2\/media?parent=31015"}],"wp:term":[{"taxonomy":"product_brand","embeddable":true,"href":"https:\/\/www.orentees.com\/de\/wp-json\/wp\/v2\/product_brand?post=31015"},{"taxonomy":"product_cat","embeddable":true,"href":"https:\/\/www.orentees.com\/de\/wp-json\/wp\/v2\/product_cat?post=31015"},{"taxonomy":"product_tag","embeddable":true,"href":"https:\/\/www.orentees.com\/de\/wp-json\/wp\/v2\/product_tag?post=31015"}],"curies":[{"name":"wp","href":"https:\/\/api.w.org\/{rel}","templated":true}]}}