{"id":31016,"date":"2020-06-10T14:02:19","date_gmt":"2020-06-10T12:02:19","guid":{"rendered":"https:\/\/www.orentees.com\/?post_type=product&#038;p=31016"},"modified":"2024-09-30T12:12:27","modified_gmt":"2024-09-30T10:12:27","slug":"location-sac-glaciere-22l","status":"publish","type":"product","link":"https:\/\/www.orentees.com\/de\/product\/location-sac-glaciere-22l\/","title":{"rendered":"22L K\u00dcHLTASCHE"},"content":{"rendered":"<h3>22 LITER EISBEUTEL MIETEN<\/h3>\n<p>Ideal zum Campen, robust und praktisch: Diese K\u00fchltasche mit einem Fassungsverm\u00f6gen von 22 Litern erm\u00f6glicht es Ihnen, Ihre Speisen und Getr\u00e4nke fast 7 Stunden lang zwischen 5 und 15 Grad zu halten<\/p>\n<p>Es ist mit einer Rei\u00dfverschlusstasche sowie einem Netz ausgestattet.<\/p>\n<p>Dank des Schultergurts leicht zu transportieren.<\/p>","protected":false},"excerpt":{"rendered":"<p style=\"text-align: left; font-size: 18px;\"><strong>Pr\u00e4sentation:<\/strong><\/p>\n<p><span id=\"p163\">Die K\u00fchltasche ist beim Camping sehr n\u00fctzlich, um Lebensmittel effizient aufzubewahren.<\/span><\/p>\n<p>Es h\u00e4lt die K\u00e4lte f\u00fcr etwa 7 Stunden<\/p>\n<p>Mit seinem Tragegurt begleitet es Sie \u00fcberall hin, vom Strand bis zum Campingplatz<\/p>\n<hr \/>\n<p style=\"text-align: center;\"><em><strong>Pierres Meinung:<\/strong> \u201eSehr praktisch beim Camping, um Lebensmittel aufbewahren zu k\u00f6nnen.<\/em><em>&#8220;<\/em><\/p>\n<hr \/>\n<p><em><span lang=\"fr\" style=\"font-size: 10pt; font-family: Verdana, sans-serif; color: #000000;\" xml:lang=\"fr\">* Foto nicht bindend<\/span><\/em><\/p>\n<p><span style=\"font-size: 10pt;\"> ** Basierend auf einer 8-t\u00e4gigen Miete<\/span><\/p>","protected":false},"featured_media":144627,"template":"","meta":{"_acf_changed":false},"product_brand":[],"product_cat":[3685],"product_tag":[],"class_list":{"0":"post-31016","1":"product","2":"type-product","3":"status-publish","4":"has-post-thumbnail","6":"product_cat-location-materiel-camping","8":"first","9":"instock","10":"taxable","11":"shipping-taxable","12":"purchasable","13":"product-type-simple"},"bundled_by":["30227","30236","32015","35438","50940"],"bundle_stock_status":"instock","bundle_stock_quantity":5,"bundle_virtual":false,"bundle_layout":"","bundle_add_to_cart_form_location":"","bundle_editable_in_cart":false,"bundle_sold_individually_context":"","bundle_item_grouping":"","bundle_min_size":"","bundle_max_size":"","bundled_items":[],"bundle_sell_ids":[],"_links":{"self":[{"href":"https:\/\/www.orentees.com\/de\/wp-json\/wp\/v2\/product\/31016","targetHints":{"allow":["GET"]}}],"collection":[{"href":"https:\/\/www.orentees.com\/de\/wp-json\/wp\/v2\/product"}],"about":[{"href":"https:\/\/www.orentees.com\/de\/wp-json\/wp\/v2\/types\/product"}],"version-history":[{"count":2,"href":"https:\/\/www.orentees.com\/de\/wp-json\/wp\/v2\/product\/31016\/revisions"}],"predecessor-version":[{"id":144671,"href":"https:\/\/www.orentees.com\/de\/wp-json\/wp\/v2\/product\/31016\/revisions\/144671"}],"wp:featuredmedia":[{"embeddable":true,"href":"https:\/\/www.orentees.com\/de\/wp-json\/wp\/v2\/media\/144627"}],"wp:attachment":[{"href":"https:\/\/www.orentees.com\/de\/wp-json\/wp\/v2\/media?parent=31016"}],"wp:term":[{"taxonomy":"product_brand","embeddable":true,"href":"https:\/\/www.orentees.com\/de\/wp-json\/wp\/v2\/product_brand?post=31016"},{"taxonomy":"product_cat","embeddable":true,"href":"https:\/\/www.orentees.com\/de\/wp-json\/wp\/v2\/product_cat?post=31016"},{"taxonomy":"product_tag","embeddable":true,"href":"https:\/\/www.orentees.com\/de\/wp-json\/wp\/v2\/product_tag?post=31016"}],"curies":[{"name":"wp","href":"https:\/\/api.w.org\/{rel}","templated":true}]}}