{"id":31104,"date":"2020-06-12T14:53:22","date_gmt":"2020-06-12T12:53:22","guid":{"rendered":"https:\/\/www.orentees.com\/?post_type=product&#038;p=31104"},"modified":"2025-10-29T08:48:27","modified_gmt":"2025-10-29T07:48:27","slug":"assurance-tranquilite","status":"publish","type":"product","link":"https:\/\/www.orentees.com\/de\/product\/assurance-tranquilite\/","title":{"rendered":"SORGENFREIE VERSICHERUNG"},"content":{"rendered":"<p>Dank der Sorglos-Garantie sind Sie gegen kleinere, allt\u00e4gliche und reparierbare Sch\u00e4den (Flecken, kleine Risse usw.) abgesichert. Diese Garantie deckt jedoch keine Zerst\u00f6rung, irreparable Sch\u00e4den oder Verlust\/Diebstahl des Mietgegenstands ab.<\/p>","protected":false},"excerpt":{"rendered":"<p>Dank der Sorglos-Garantie sind Sie gegen kleinere, allt\u00e4gliche und reparierbare Sch\u00e4den (Flecken, kleine Risse usw.) abgesichert. Diese Garantie deckt jedoch keine Zerst\u00f6rung, irreparable Sch\u00e4den oder Verlust\/Diebstahl des Mietgegenstands ab.<\/p>","protected":false},"featured_media":0,"template":"","meta":{"_acf_changed":false},"product_brand":[],"product_cat":[3051],"product_tag":[],"class_list":{"0":"post-31104","1":"product","2":"type-product","3":"status-publish","5":"product_cat-accueil","7":"first","8":"instock","9":"virtual","10":"taxable","11":"purchasable","12":"product-type-simple"},"bundled_by":["30215","30227","30236","31341","31803","32015","35400","35403","35406","35417","35438","35993","35997","36000","36036","36071","36175","50565","50579","50770","50774","50778","50795","50940","57501","88539","88547","88549","92979","146053","31359","31360","31368","33069","33070","33074","33189","33218","38888","38904","58219","66997","67043","67045","97443","97463","97465","97491","97517","97533","97535","97597","97633","97651","97671","97679","97687","97717","97733","97735","97737","97739","97753","97779","97781","97783","97823","97825","97827","97869","97887","97905","97923","98103","98107","98111","98141","98149","98151","98201","98215","98217","98299","98303","98305","98335","98337","98339","98513","98515","98547","98551","98553","98587","98589","98617","98621","98623","98651","98653","98655","98693","98695","98801","98811","101881","101883","105555","105645","105647","105649","105651","105653","105907","105909","118511","135891","135975","135979","135983","135987","135991","135995","135999","136003","146057","149015","149087","149137","149199","149277","149363","149433","149509","149569","149635","149847","153613","154941","155029","159447","161265","161271","178911","178917","179951","186205","383401","384169","384209","384273","384287","384305","384314","384321","384326","384346","384368","384393","384421","384436","384443","384459","384909","384981","385029","387286","387301","387325","387346","387724","387767","387781","387796","387814","387844","387878","387902"],"bundle_stock_status":"instock","bundle_stock_quantity":null,"bundle_virtual":false,"bundle_layout":"","bundle_add_to_cart_form_location":"","bundle_editable_in_cart":false,"bundle_sold_individually_context":"","bundle_item_grouping":"","bundle_min_size":"","bundle_max_size":"","bundled_items":[],"bundle_sell_ids":[],"_links":{"self":[{"href":"https:\/\/www.orentees.com\/de\/wp-json\/wp\/v2\/product\/31104","targetHints":{"allow":["GET"]}}],"collection":[{"href":"https:\/\/www.orentees.com\/de\/wp-json\/wp\/v2\/product"}],"about":[{"href":"https:\/\/www.orentees.com\/de\/wp-json\/wp\/v2\/types\/product"}],"version-history":[{"count":6,"href":"https:\/\/www.orentees.com\/de\/wp-json\/wp\/v2\/product\/31104\/revisions"}],"predecessor-version":[{"id":384845,"href":"https:\/\/www.orentees.com\/de\/wp-json\/wp\/v2\/product\/31104\/revisions\/384845"}],"wp:attachment":[{"href":"https:\/\/www.orentees.com\/de\/wp-json\/wp\/v2\/media?parent=31104"}],"wp:term":[{"taxonomy":"product_brand","embeddable":true,"href":"https:\/\/www.orentees.com\/de\/wp-json\/wp\/v2\/product_brand?post=31104"},{"taxonomy":"product_cat","embeddable":true,"href":"https:\/\/www.orentees.com\/de\/wp-json\/wp\/v2\/product_cat?post=31104"},{"taxonomy":"product_tag","embeddable":true,"href":"https:\/\/www.orentees.com\/de\/wp-json\/wp\/v2\/product_tag?post=31104"}],"curies":[{"name":"wp","href":"https:\/\/api.w.org\/{rel}","templated":true}]}}