{"id":35326,"date":"2021-04-07T09:05:38","date_gmt":"2021-04-07T07:05:38","guid":{"rendered":"https:\/\/www.orentees.com\/?post_type=product&#038;p=35326"},"modified":"2024-12-04T13:36:45","modified_gmt":"2024-12-04T12:36:45","slug":"location-matelas-auto-gonflable-bivouac","status":"publish","type":"product","link":"https:\/\/www.orentees.com\/de\/product\/location-matelas-auto-gonflable-bivouac\/","title":{"rendered":"Verleih von selbstaufblasenden Biwakmatratzen"},"content":{"rendered":"<h3><strong>Sea to Summit Selbstaufblasende Luftmatratzenverleih<\/strong><\/h3>\n<p>Die selbstaufblasenden Matratzen von Sea To Summit bieten dank ihrer Dual-Technologie \u2013 Luft + Schaumstoff \u2013 maximalen Komfort. Sie sind zudem sehr robust, denn selbst bei Besch\u00e4digungen bleibt der Komfort des Schaumstoffs erhalten: ein wertvoller Vorteil in der Wildnis, wo Reparaturen nicht m\u00f6glich sind.<\/p>\n<p>Selbstaufblasende Matratzen sind sehr einfach aufzubauen: Einfach das Ventil \u00f6ffnen und ein paar Minuten warten, bis Luft in die Matratze gelangt. F\u00fcr ein schnelleres Aufblasen reichen ein paar Atemz\u00fcge, und die Matratze ist einsatzbereit.<\/p>\n<p>Die Dicke der Matratzen variiert je nach Modell\/Gr\u00f6\u00dfe zwischen 4 und 5 cm, wodurch sie unabh\u00e4ngig von der Schlafposition sehr bequem sind.<\/p>\n<p>Der R-Wert zwischen 3,1 und 4,2 macht sie zu einer echten 3-4-Jahreszeiten-Biwakmatratze.<\/p>\n<p>Die selbstaufblasenden Matratzen von Sea To Summit sind mit einer \u00e4u\u00dferst praktischen Antirutschbeschichtung ausgestattet, damit Sie nicht au\u00dferhalb des Zeltes landen!<\/p>\n<p>Dank seiner kompakten Gr\u00f6\u00dfe ist es der perfekte Begleiter f\u00fcr einen Wochenend-Campingausflug mit Familie oder Freunden.<\/p>","protected":false},"excerpt":{"rendered":"<p style=\"text-align: left; font-size: 18px;\"><strong>Pr\u00e4sentation:<\/strong><\/p>\n<p>Die selbstaufblasende Matratze SEA TO SUMMIT bietet optimalen Komfort und ist besonders benutzerfreundlich. Dank des Schaumstoffs und der aufblasbaren Luftzellen sind Liegekomfort und Liegegef\u00fchl garantiert: Die Matratze bl\u00e4st sich automatisch auf, indem man das Ventil abschraubt; nach wenigen Minuten ist sie einsatzbereit.<\/p>\n<p>Zusammengefaltet ist es so klein und leicht, dass man es vergisst.<\/p>\n<p>In puncto W\u00e4rmed\u00e4mmung liegt der R-Wert je nach Gr\u00f6\u00dfe und Modell zwischen 3,1 und 4,2, was die Matratze zu einer sehr guten 3-Jahreszeiten-Matratze macht.<\/p>\n<hr \/>\n<p style=\"text-align: center;\"><em><strong>Nancys Meinung:<\/strong> \u201eIch sch\u00e4tze die selbstaufblasenden Matratzen von Sea To Summit wegen ihres Komforts und ihrer kompakten Gr\u00f6\u00dfe. Dank des Bezugs und des Schaumstoffs ist die Matratze sehr leise. Aufgeblasen schlafe ich wie ein Baby!\u201c<\/em><\/p>\n<hr \/>\n<div style=\"float: left; width: 50%;\">\n<p><strong>Standardmodell (Comfort Light &amp; Camp SI)<\/strong><\/p>\n<ul>\n<li><span lang=\"fr\" xml:lang=\"fr\"> \u2013 Abmessungen: 184 x 51 cm.<\/span><\/li>\n<li><span lang=\"fr\" xml:lang=\"fr\"> \u2013 Gewicht: 650 g bis 880 g<\/span><\/li>\n<li><span lang=\"fr\" xml:lang=\"fr\"> \u2013 Dicke von 4 bis 5 cm.<\/span><\/li>\n<li><span lang=\"fr\" xml:lang=\"fr\"> \u2013 R-Wert: 3,1 bis 4,2<\/span><\/li>\n<\/ul>\n<\/div>\n<div style=\"float: left; width: 50%;\">\n<p><strong>Gro\u00dfes Modell (Camp SI)<\/strong><\/p>\n<ul>\n<li><span lang=\"fr\" xml:lang=\"fr\"> \u2013 Abmessungen: 201 x 64 cm.<\/span><\/li>\n<li><span lang=\"fr\" xml:lang=\"fr\"> \u2013 Gewicht: 1180 g<\/span><\/li>\n<li><span lang=\"fr\" xml:lang=\"fr\"> \u2013 Dicke von 4 cm.<\/span><\/li>\n<li><span lang=\"fr\" xml:lang=\"fr\"> \u2013 R-Wert: 4,2<\/span><\/li>\n<\/ul>\n<\/div>\n<p>&nbsp;<\/p>\n<p><em><span lang=\"fr\" style=\"font-size: 10pt; font-family: Verdana, sans-serif; color: #000000;\" xml:lang=\"fr\">* Foto nicht bindend<\/span><\/em><\/p>\n<p><span style=\"font-size: 10pt;\"> ** Basierend auf einer 8-t\u00e4gigen Miete<\/span><\/p>","protected":false},"featured_media":144525,"template":"","meta":{"_acf_changed":false},"product_brand":[],"product_cat":[3649],"product_tag":[],"class_list":{"0":"post-35326","1":"product","2":"type-product","3":"status-publish","4":"has-post-thumbnail","6":"product_cat-location-materiel-bivouac","7":"pa_dimension-large-201-x-64-cm","8":"pa_dimension-regular-183-x-51-cm","10":"first","11":"instock","12":"taxable","13":"shipping-taxable","14":"purchasable","15":"product-type-variable","16":"has-default-attributes"},"bundled_by":["35400","35403","35406","35417","35993","35997","36000","36036","36071","50770","50778","50795","87287","92979","178911","178917","179951","186205"],"bundle_stock_status":"instock","bundle_stock_quantity":null,"bundle_virtual":false,"bundle_layout":"","bundle_add_to_cart_form_location":"","bundle_editable_in_cart":false,"bundle_sold_individually_context":"","bundle_item_grouping":"","bundle_min_size":"","bundle_max_size":"","bundled_items":[],"bundle_sell_ids":[],"_links":{"self":[{"href":"https:\/\/www.orentees.com\/de\/wp-json\/wp\/v2\/product\/35326","targetHints":{"allow":["GET"]}}],"collection":[{"href":"https:\/\/www.orentees.com\/de\/wp-json\/wp\/v2\/product"}],"about":[{"href":"https:\/\/www.orentees.com\/de\/wp-json\/wp\/v2\/types\/product"}],"version-history":[{"count":3,"href":"https:\/\/www.orentees.com\/de\/wp-json\/wp\/v2\/product\/35326\/revisions"}],"predecessor-version":[{"id":146663,"href":"https:\/\/www.orentees.com\/de\/wp-json\/wp\/v2\/product\/35326\/revisions\/146663"}],"wp:featuredmedia":[{"embeddable":true,"href":"https:\/\/www.orentees.com\/de\/wp-json\/wp\/v2\/media\/144525"}],"wp:attachment":[{"href":"https:\/\/www.orentees.com\/de\/wp-json\/wp\/v2\/media?parent=35326"}],"wp:term":[{"taxonomy":"product_brand","embeddable":true,"href":"https:\/\/www.orentees.com\/de\/wp-json\/wp\/v2\/product_brand?post=35326"},{"taxonomy":"product_cat","embeddable":true,"href":"https:\/\/www.orentees.com\/de\/wp-json\/wp\/v2\/product_cat?post=35326"},{"taxonomy":"product_tag","embeddable":true,"href":"https:\/\/www.orentees.com\/de\/wp-json\/wp\/v2\/product_tag?post=35326"}],"curies":[{"name":"wp","href":"https:\/\/api.w.org\/{rel}","templated":true}]}}