{"id":35330,"date":"2021-04-07T14:21:01","date_gmt":"2021-04-07T12:21:01","guid":{"rendered":"https:\/\/www.orentees.com\/?post_type=product&#038;p=35330"},"modified":"2025-05-05T10:40:27","modified_gmt":"2025-05-05T08:40:27","slug":"location-sac-de-couchage-bivouac","status":"publish","type":"product","link":"https:\/\/www.orentees.com\/de\/product\/location-sac-de-couchage-bivouac\/","title":{"rendered":"Biwak-Schlafsackverleih"},"content":{"rendered":"<h3><strong>Biwak-Schlafsackverleih (+Bettlaken)<\/strong><\/h3>\n<p>Unsere Daunenschlafs\u00e4cke sind f\u00fcr Bergwanderungen konzipiert. Dank ihrer hohen F\u00fcllkraft sind sie sehr kompakt und sch\u00fctzen Sie effektiv vor K\u00e4lte.<\/p>\n<p>Unsere Auswahl konzentrierte sich auf weltbekannte Marken wie Millet und Sea To Summit mit den folgenden Modellen:<\/p>\n<ul>\n<li>Millet Light Down 5<\/li>\n<li>Millet Light Down 0<\/li>\n<li>Millet Light Down -5<\/li>\n<li>Sea To Summit Treeline TLI<\/li>\n<li>Millet Light Down -10<\/li>\n<\/ul>\n<p>Eine 3- und 4-Jahreszeiten-Reihe, die alle Arten von Trekking perfekt abdeckt.<\/p>\n<p>Unsere Biwakschlafs\u00e4cke werden grunds\u00e4tzlich mit einem passenden Innenschlafsack (Sea To Summit Polycotton) geliefert.<\/p>\n<p>Dank ihrer geringen Gr\u00f6\u00dfe und ihres minimalen Gewichts (von 600 bis 1260 g) sind sie beim Tragen ein Leichtes.<\/p>","protected":false},"excerpt":{"rendered":"<p style=\"text-align: left; font-size: 18px;\"><strong>Pr\u00e4sentation:<\/strong><\/p>\n<p>Die von uns ausgew\u00e4hlten nat\u00fcrlichen Entendaunenschlafs\u00e4cke eignen sich ideal f\u00fcr Biwakwanderungen von April bis Ende Oktober. Sie sind sehr einfach zu transportieren, da sie kompakt und leicht sind.<\/p>\n<p>Ihre Zusammensetzung aus Entendaunen sorgt f\u00fcr hervorragende Atmungsaktivit\u00e4t und Isolierung.<\/p>\n<p>Unsere Schlafs\u00e4cke von Millet und Sea To Summit sch\u00fctzen Sie mit ihrem Temperaturbereich von 5 bis -3 Grad (Komforttemperaturgrenze \u2013 Norm EN13537) effektiv vor K\u00e4lte.<\/p>\n<p>Alle Schlafs\u00e4cke werden mit einem Innenschlafsack (Sea To Summit Polycotton) geliefert.<\/p>\n<hr \/>\n<p style=\"text-align: center;\"><em><strong>Pierres Meinung:<\/strong> \u201eIch habe diese 3 Modelle ausgew\u00e4hlt, weil sie meiner Meinung nach Komfort und ein sehr angenehmes W\u00e4rmegef\u00fchl bieten, ohne Kompromisse bei Gewicht und Volumen einzugehen.\u201c<\/em><\/p>\n<hr \/>\n<div style=\"float: left; width: 50%;\">\n<p><strong> Komforttemperaturgrenze 5<\/strong><\/p>\n<ul>\n<li><span lang=\"fr\" xml:lang=\"fr\"> \u2013 Millet Light Down 5<\/span><\/li>\n<li><span lang=\"fr\" xml:lang=\"fr\"> \u2013 Gewicht: 600 gr<\/span><\/li>\n<li><span lang=\"fr\" xml:lang=\"fr\"> \u2013 Komforttemperatur: 10\u00b0C <\/span><\/li>\n<li><span lang=\"fr\" xml:lang=\"fr\"> \u2013 Komfort-Grenztemperatur: 5\u00b0C<\/span><\/li>\n<li><span lang=\"fr\" xml:lang=\"fr\"> \u2013 Gefaltet: 30 x 14 cm<\/span><\/li>\n<\/ul>\n<\/div>\n<div style=\"float: left; width: 50%;\">\n<p><strong> Komforttemperaturgrenze 0<\/strong><\/p>\n<ul>\n<li><span lang=\"fr\" xml:lang=\"fr\"> \u2013 Hirse Light Down 0<\/span><\/li>\n<li><span lang=\"fr\" xml:lang=\"fr\"> \u2013 Gewicht: 750 gr<\/span><\/li>\n<li><span lang=\"fr\" xml:lang=\"fr\"> \u2013 Komforttemperatur: 5\u00b0C <\/span><\/li>\n<li><span lang=\"fr\" xml:lang=\"fr\"> \u2013 Komfort-Grenztemperatur: 0\u00b0C<\/span><\/li>\n<li><span lang=\"fr\" xml:lang=\"fr\"> \u2013 Gefaltet: 30 x 16 cm<\/span><\/li>\n<\/ul>\n<\/div>\n<p>&nbsp;<\/p>\n<div style=\"float: left; width: 50%;\">\n<p><strong>Komforttemperaturgrenze -3<\/strong><\/p>\n<ul>\n<li><span lang=\"fr\" xml:lang=\"fr\"> \u2013 STS Treeline TLI.<\/span><\/li>\n<li><span lang=\"fr\" xml:lang=\"fr\"> \u2013 Gewicht: 970 gr<\/span><\/li>\n<li><span lang=\"fr\" xml:lang=\"fr\"> \u2013 Komforttemperatur: 2\u00b0C<\/span><\/li>\n<li><span lang=\"fr\" xml:lang=\"fr\"> \u2013 Komfort-Grenztemperatur: -3\u00b0C<\/span><\/li>\n<li><span lang=\"fr\" xml:lang=\"fr\"> \u2013 Gefaltet: 30 x 20 cm<\/span><\/li>\n<\/ul>\n<\/div>\n<div style=\"float: left; width: 50%;\">\n<p><strong> Komforttemperaturgrenze -10<\/strong><\/p>\n<ul>\n<li><span lang=\"fr\" xml:lang=\"fr\"> \u2013 Hirse Light Down -10<\/span><\/li>\n<li><span lang=\"fr\" xml:lang=\"fr\"> \u2013 Gewicht: 1260 gr<\/span><\/li>\n<li><span lang=\"fr\" xml:lang=\"fr\"> \u2013 Komforttemperatur: -4\u00b0C <\/span><\/li>\n<li><span lang=\"fr\" xml:lang=\"fr\"> \u2013 Komfort-Grenztemperatur: -10\u00b0C<\/span><\/li>\n<li><span lang=\"fr\" xml:lang=\"fr\"> \u2013 Gefaltet: 23 x 20 cm<\/span><\/li>\n<\/ul>\n<\/div>\n<p><em><span lang=\"fr\" style=\"font-size: 10pt; font-family: Verdana, sans-serif; color: #000000;\" xml:lang=\"fr\">* Foto nicht bindend<\/span><\/em><\/p>\n<p><span style=\"font-size: 10pt;\"> ** Basierend auf einer 8-t\u00e4gigen Miete<\/span><\/p>","protected":false},"featured_media":84295,"template":"","meta":{"_acf_changed":false},"product_brand":[],"product_cat":[3649],"product_tag":[],"class_list":{"0":"post-35330","1":"product","2":"type-product","3":"status-publish","4":"has-post-thumbnail","6":"product_cat-location-materiel-bivouac","7":"pa_dimension-temp-confort-limit-10","8":"pa_dimension-temp-confort-limit-3","9":"pa_dimension-temp-confort-limit-0","10":"pa_dimension-temp-confort-limit-5","12":"first","13":"instock","14":"taxable","15":"shipping-taxable","16":"purchasable","17":"product-type-variable","18":"has-default-attributes"},"bundled_by":["35400","35403","35406","35417","35993","35997","36000","36036","36071","50770","50774","50778","50795","87287","87891","87893","92979","178911","178917","179951","186205"],"bundle_stock_status":"instock","bundle_stock_quantity":null,"bundle_virtual":false,"bundle_layout":"","bundle_add_to_cart_form_location":"","bundle_editable_in_cart":false,"bundle_sold_individually_context":"","bundle_item_grouping":"","bundle_min_size":"","bundle_max_size":"","bundled_items":[],"bundle_sell_ids":[],"_links":{"self":[{"href":"https:\/\/www.orentees.com\/de\/wp-json\/wp\/v2\/product\/35330","targetHints":{"allow":["GET"]}}],"collection":[{"href":"https:\/\/www.orentees.com\/de\/wp-json\/wp\/v2\/product"}],"about":[{"href":"https:\/\/www.orentees.com\/de\/wp-json\/wp\/v2\/types\/product"}],"version-history":[{"count":5,"href":"https:\/\/www.orentees.com\/de\/wp-json\/wp\/v2\/product\/35330\/revisions"}],"predecessor-version":[{"id":182415,"href":"https:\/\/www.orentees.com\/de\/wp-json\/wp\/v2\/product\/35330\/revisions\/182415"}],"wp:featuredmedia":[{"embeddable":true,"href":"https:\/\/www.orentees.com\/de\/wp-json\/wp\/v2\/media\/84295"}],"wp:attachment":[{"href":"https:\/\/www.orentees.com\/de\/wp-json\/wp\/v2\/media?parent=35330"}],"wp:term":[{"taxonomy":"product_brand","embeddable":true,"href":"https:\/\/www.orentees.com\/de\/wp-json\/wp\/v2\/product_brand?post=35330"},{"taxonomy":"product_cat","embeddable":true,"href":"https:\/\/www.orentees.com\/de\/wp-json\/wp\/v2\/product_cat?post=35330"},{"taxonomy":"product_tag","embeddable":true,"href":"https:\/\/www.orentees.com\/de\/wp-json\/wp\/v2\/product_tag?post=35330"}],"curies":[{"name":"wp","href":"https:\/\/api.w.org\/{rel}","templated":true}]}}