{"id":35342,"date":"2021-04-08T11:58:21","date_gmt":"2021-04-08T09:58:21","guid":{"rendered":"https:\/\/www.orentees.com\/?post_type=product&#038;p=35342"},"modified":"2025-05-21T18:34:01","modified_gmt":"2025-05-21T16:34:01","slug":"location-sac-a-dos-randonnee-75l","status":"publish","type":"product","link":"https:\/\/www.orentees.com\/de\/product\/location-sac-a-dos-randonnee-75l\/","title":{"rendered":"75L Wanderrucksack mieten"},"content":{"rendered":"<h3><strong>65L+10 Rucksackverleih zum Wandern \u2013 Trekking<\/strong><\/h3>\n<p>Dieser Rucksack von Millet ist f\u00fcr lange Wanderungen und mehrt\u00e4gige Trekkingtouren konzipiert.<br \/>\nIhr Volumen ist beeindruckend, ihre Zug\u00e4nglichkeit optimal dank der \u201ekofferartigen\u201c \u00d6ffnung, die einen direkten Zugriff auf die Elemente in der Tasche erm\u00f6glicht.<\/p>\n<p>Was das Tragen betrifft, gibt es zahlreiche Einstellm\u00f6glichkeiten. Der R\u00fccken ist dank eines cleveren Klettverschlusssystems dreistufig verstellbar, der Tragegurt ist verst\u00e4rkt. Kurz gesagt: Seine St\u00e4rke ist der Tragekomfort.<\/p>\n<p>Der R\u00fccken ist bel\u00fcftet und erm\u00f6glicht eine optimale Schwei\u00dfableitung.<\/p>\n<p>Der Rucksack erm\u00f6glicht die schnelle und einfache Befestigung von Eispickeln und Wanderst\u00f6cken: sehr praktisch in der Anwendung.<\/p>\n<p>Sie ist mit einer Regenh\u00fclle (wasserdichte \u00dcbertasche) ausgestattet, die sehr einfach anzubringen ist und die Tasche und ihren Inhalt wirksam sch\u00fctzt.<\/p>\n<p>Einer seiner vielen Vorteile ist seine Vielseitigkeit, die ihn zu einem gro\u00dfvolumigen Rucksack macht, der sich gleicherma\u00dfen f\u00fcr mehrw\u00f6chige Trekkingtouren oder ausgedehnte Bergwanderungen eignet.<\/p>\n<p>&nbsp;<\/p>\n<p><strong>Kurz:<\/strong><\/p>\n<ul>\n<li>60+15 Liter Volumen,<\/li>\n<li>Gewicht 2,6 kg,<\/li>\n<li>Zentrale \u00d6ffnung, sehr praktisch,<\/li>\n<li>Regenschutz f\u00fcr optimalen Schutz vor schlechtem Wetter,<\/li>\n<li>Tragegriff vorne,<\/li>\n<li>Zahlreiche Rei\u00dfverschlusstaschen,<\/li>\n<li>\u201eHeavy Duty\u201c-G\u00fcrtel zur effektiven Entlastung des R\u00fcckens.<\/li>\n<\/ul>","protected":false},"excerpt":{"rendered":"<p style=\"text-align: left; font-size: 18px;\"><strong>Pr\u00e4sentation:<\/strong><\/p>\n<p><span id=\"p163\">Der Millet Rucksack <span id=\"169\">HANANG<\/span>\u00a065+10 ist <span style=\"text-decoration: underline;\"><strong>DER<\/strong><\/span> Rucksack f\u00fcr lange Wanderungen und Trekkingtouren. Er bietet viel Stauraum. Die praktische Koffer\u00f6ffnung erm\u00f6glicht den Zugriff auf alle Bereiche des Rucksacks.<\/span><\/p>\n<p><span id=\"p163\">Seine Hauptqualit\u00e4t ist der Tragekomfort, der durch zahlreiche Einstellm\u00f6glichkeiten erm\u00f6glicht wird.<\/span><\/p>\n<p><span id=\"p175\">Es ist mit einem Wetterschutz ausgestattet. Praktisch: Sie k\u00f6nnen viel Ausr\u00fcstung anbringen, was die Tragf\u00e4higkeit erh\u00f6ht.<\/span><span id=\"p177\">.<\/span><\/p>","protected":false},"featured_media":144557,"template":"","meta":{"_acf_changed":false},"product_brand":[],"product_cat":[3645],"product_tag":[],"class_list":{"0":"post-35342","1":"product","2":"type-product","3":"status-publish","4":"has-post-thumbnail","6":"product_cat-bagagerie-voyage","8":"first","9":"instock","10":"taxable","11":"shipping-taxable","12":"purchasable","13":"product-type-simple"},"bundled_by":["35400","35403","35406","35417","36071","50770","50778","92979","179951","186205"],"bundle_stock_status":"instock","bundle_stock_quantity":9,"bundle_virtual":false,"bundle_layout":"","bundle_add_to_cart_form_location":"","bundle_editable_in_cart":false,"bundle_sold_individually_context":"","bundle_item_grouping":"","bundle_min_size":"","bundle_max_size":"","bundled_items":[],"bundle_sell_ids":[],"_links":{"self":[{"href":"https:\/\/www.orentees.com\/de\/wp-json\/wp\/v2\/product\/35342","targetHints":{"allow":["GET"]}}],"collection":[{"href":"https:\/\/www.orentees.com\/de\/wp-json\/wp\/v2\/product"}],"about":[{"href":"https:\/\/www.orentees.com\/de\/wp-json\/wp\/v2\/types\/product"}],"version-history":[{"count":14,"href":"https:\/\/www.orentees.com\/de\/wp-json\/wp\/v2\/product\/35342\/revisions"}],"predecessor-version":[{"id":183367,"href":"https:\/\/www.orentees.com\/de\/wp-json\/wp\/v2\/product\/35342\/revisions\/183367"}],"wp:featuredmedia":[{"embeddable":true,"href":"https:\/\/www.orentees.com\/de\/wp-json\/wp\/v2\/media\/144557"}],"wp:attachment":[{"href":"https:\/\/www.orentees.com\/de\/wp-json\/wp\/v2\/media?parent=35342"}],"wp:term":[{"taxonomy":"product_brand","embeddable":true,"href":"https:\/\/www.orentees.com\/de\/wp-json\/wp\/v2\/product_brand?post=35342"},{"taxonomy":"product_cat","embeddable":true,"href":"https:\/\/www.orentees.com\/de\/wp-json\/wp\/v2\/product_cat?post=35342"},{"taxonomy":"product_tag","embeddable":true,"href":"https:\/\/www.orentees.com\/de\/wp-json\/wp\/v2\/product_tag?post=35342"}],"curies":[{"name":"wp","href":"https:\/\/api.w.org\/{rel}","templated":true}]}}