{"id":35367,"date":"2021-04-09T07:33:47","date_gmt":"2021-04-09T05:33:47","guid":{"rendered":"https:\/\/www.orentees.com\/?post_type=product&#038;p=35367"},"modified":"2025-03-14T16:57:02","modified_gmt":"2025-03-14T15:57:02","slug":"location-tente-bivouac-4-personnes","status":"publish","type":"product","link":"https:\/\/www.orentees.com\/de\/product\/location-tente-bivouac-4-personnes\/","title":{"rendered":"4-Personen-Biwakzeltvermietung"},"content":{"rendered":"<h2><strong>MSR Elixir 4 Biwakzelt mieten \u2013 Komfort und Platz f\u00fcr 4 Personen<\/strong><\/h2>\n<p><strong>Gehen Sie mit Familie oder Freunden biwakieren und nutzen Sie das MSR Elixir 4-Zelt, ein Ma\u00dfstab in Sachen Komfort und Zuverl\u00e4ssigkeit f\u00fcr Ihre N\u00e4chte in der freien Natur.<\/strong> Dieses Wanderzelt ist f\u00fcr bis zu vier Personen konzipiert und vereint Robustheit, Ger\u00e4umigkeit und einfachen Aufbau \u2013 ideal f\u00fcr erfolgreiche Aufenthalte im Freien.<\/p>\n<h3><strong>Warum sollten Sie das MSR Elixir 4-Zelt mieten?<\/strong><\/h3>\n<p>Entscheiden Sie sich f\u00fcr die <strong>Miete eines Biwakzeltes<\/strong> erm\u00f6glicht es Ihnen, hochwertige Ausr\u00fcstung zu genie\u00dfen, ohne in eine teure Anschaffung investieren zu m\u00fcssen. Es ist au\u00dferdem eine praktische und \u00f6kologische L\u00f6sung, die Unordnung reduziert und einen verantwortungsvollen Umgang mit Outdoor-Ausr\u00fcstung f\u00f6rdert.<\/p>\n<h3><strong>Merkmale des MSR Elixir 4 Zeltes<\/strong><\/h3>\n<ul>\n<li><strong>F\u00e4higkeit :<\/strong> 4 Personen \u2013 Ideal f\u00fcr Gruppen von Freunden und Familien, die sich einen komfortablen Raum teilen m\u00f6chten.<\/li>\n<li><strong>Optimiertes Gewicht:<\/strong> Ca. 4,2 kg, perfekt f\u00fcr leichtes Trekking und mehrt\u00e4gige Ausfl\u00fcge.<\/li>\n<li><strong>Gro\u00dfz\u00fcgiger Innenraum:<\/strong> Ausreichende Deckenh\u00f6he f\u00fcr mehr Komfort, zwei gro\u00dfe Apsiden zur Aufbewahrung von Ger\u00e4ten.<\/li>\n<li><strong>Bel\u00fcftung und Schutz:<\/strong> Doppeldach aus strapazierf\u00e4higem Polyester, integriertes Moskitonetz f\u00fcr gute Luftzirkulation.<\/li>\n<li><strong>Einfache Montage:<\/strong> Schnelles und intuitives Befestigungssystem, auch f\u00fcr Camping-Neulinge.<\/li>\n<li><strong>Wasserdichtigkeit und Widerstandsf\u00e4higkeit:<\/strong> Dank wasserabweisendem Gewebe und robuster Struktur perfekt f\u00fcr wechselnde Wetterbedingungen geeignet.<\/li>\n<\/ul>\n<h3><strong>Wo kann man in Frankreich mit dem MSR Elixir 4 Zelt campen?<\/strong><\/h3>\n<p>Frankreich ist voller herrlicher Orte, die f\u00fcr Familien und Biwak-Fans zug\u00e4nglich sind und sich perfekt dazu eignen, das Zelt MSR Elixir 4 in aller Ruhe zu testen.<\/p>\n<ul>\n<li><strong>See von Annecy \u2013 Hochebene von Gli\u00e8res<\/strong> : Dieser leicht zug\u00e4ngliche Ort bietet eine idyllische Umgebung mit au\u00dfergew\u00f6hnlichem Panoramablick auf den See und die Berge.<\/li>\n<li><strong>Pareloup-See \u2013 Aveyron<\/strong> : Ideal f\u00fcr Familiencamping, mit seinen ausgedehnten Wiesen und Wasserstellen, die sich f\u00fcr Wassersportaktivit\u00e4ten eignen.<\/li>\n<li><strong>Wald von Fontainebleau<\/strong> : Nur eine Stunde von Paris entfernt ist dieser Naturraum perfekt f\u00fcr eine Nacht im Freien unter den Sternen.<\/li>\n<li><strong>Zirkus Gavarnie \u2013 Pyren\u00e4en<\/strong> : Ein herrlicher Ort f\u00fcr ein immersives Biwak am Fu\u00dfe der majest\u00e4tischen Klippen.<\/li>\n<li><strong>Nationalpark Mercantour \u2013 Tal der Wunder<\/strong> : Dieser f\u00fcr Familien zug\u00e4ngliche Park bietet eine wilde und unber\u00fchrte Umgebung, ideal f\u00fcr Abenteuer.<\/li>\n<\/ul>\n<h3><strong>Warum sollten Sie Ihr Biwakzelt bei O&#039;rentees mieten?<\/strong><\/h3>\n<p>Im Haus von <strong>O&#039;rentees, Wanderzeltverleih<\/strong> wurde entwickelt, um Ihr Abenteuer zu vereinfachen:<\/p>\n<ul>\n<li><strong>Hochwertige, umweltfreundliche Ausr\u00fcstung<\/strong>, nach jedem Gebrauch gepflegt.<\/li>\n<li><strong>Einfache Buchung und Lieferung in ganz Frankreich<\/strong>, einschlie\u00dflich in Bergresorts, auf Campingpl\u00e4tzen und an Relaispunkten.<\/li>\n<li><strong>Ein pers\u00f6nlicher Beratungsservice<\/strong> um die f\u00fcr Ihre Expedition geeignete Ausr\u00fcstung auszuw\u00e4hlen.<\/li>\n<\/ul>\n<p>Lassen Sie sich durch den Kauf von Ausr\u00fcstung nicht von Ihren Abenteuerpl\u00e4nen abhalten! <strong>Mieten Sie Ihr MSR Elixir 4 Zelt und erkunden Sie die sch\u00f6nsten Biwakpl\u00e4tze Frankreichs.<\/strong><\/p>","protected":false},"excerpt":{"rendered":"<p style=\"text-align: left; font-size: 18px;\"><strong>Pr\u00e4sentation:<\/strong><\/p>\n<p data-start=\"196\" data-end=\"478\">W\u00e4hlen Sie das Symbol <strong data-start=\"210\" data-end=\"239\">Biwakzeltverleih<\/strong> MSR Elixir 4, ideal f\u00fcr Ihre Outdoor-Abenteuer. Dieses Rucksackzelt ist f\u00fcr 4 Personen konzipiert und bietet <strong data-start=\"373\" data-end=\"424\">leicht, einfach zu transportieren und schnell aufzubauen<\/strong>, unabh\u00e4ngig von den Wetterbedingungen.<\/p>\n<p data-start=\"480\" data-end=\"712\">Kommt mit einem <strong data-start=\"495\" data-end=\"511\">Fu\u00dfmatten<\/strong>, verbessert es den Komfort und verst\u00e4rkt gleichzeitig den Schutz vor <strong data-start=\"581\" data-end=\"604\">K\u00e4lte und Feuchtigkeit<\/strong>. Wirklich <strong data-start=\"620\" data-end=\"633\">3 Jahreszeiten<\/strong>garantiert Ihnen das MSR Elixir 4 optimalen Schutz vor schlechtem Wetter.<\/p>\n<p data-start=\"714\" data-end=\"843\">Selbsttragend und ausgestattet mit einem <strong data-start=\"741\" data-end=\"767\">gro\u00dfz\u00fcgiger Wohnraum<\/strong>bietet es einen komfortablen Unterschlupf f\u00fcr ruhige N\u00e4chte mitten in der Natur.<\/p>\n<p>Auch verf\u00fcgbar in <strong data-start=\"659\" data-end=\"690\">Miete in Form eines Pakets<\/strong> mit unserem <strong data-start=\"702\" data-end=\"717\">4-Personen-Biwakpaket<\/strong>, zu entdecken <a href=\"https:\/\/www.orentees.com\/de\/product\/location-pack-randonnee-bivouac-4-pers\/\">Hier<\/a><\/p>\n<hr \/>\n<p style=\"text-align: center;\"><em><strong>Nancys Meinung:<\/strong> \u201eIdeal f\u00fcr 3 oder 4 Personen, die mit leichtem Gep\u00e4ck reisen m\u00f6chten. Bei gro\u00dfen Matratzen sollten Sie jedoch auf die Abmessungen achten: Ab 2 Matratzen der Gr\u00f6\u00dfe \u201eLarge\u201c betr\u00e4gt die Kapazit\u00e4t 3 Personen.\u201c<\/em><\/p>\n<hr \/>\n<div style=\"float: left; width: 33%;\">\n<p><strong> MSR ELIXIR 4<\/strong><\/p>\n<ul>\n<li><span lang=\"fr\" xml:lang=\"fr\"> 4,3 kg<\/span><\/li>\n<li><span lang=\"fr\" xml:lang=\"fr\"> 223 x 223 cm<\/span><\/li>\n<li>56 x 17 cm (gefaltet)<\/li>\n<\/ul>\n<\/div>\n<div style=\"float: left; width: 33%;\">\n<p><strong> MARMOT VAPOR 4<\/strong><\/p>\n<ul>\n<li><span lang=\"fr\" xml:lang=\"fr\">4,1 kg<\/span><\/li>\n<li><span lang=\"fr\" xml:lang=\"fr\"> 236 x 208 cm<\/span><\/li>\n<li>61 x 23 cm (gefaltet)<\/li>\n<\/ul>\n<\/div>\n<div style=\"float: left; width: 34%;\">\n<p><strong>SALEWA DENALI IV<\/strong><\/p>\n<ul>\n<li><span lang=\"fr\" xml:lang=\"fr\">4,1 kg.<\/span><\/li>\n<li><span lang=\"fr\" xml:lang=\"fr\"> 220 x 210 cm<\/span><\/li>\n<li>55 x 22 x 16 (gefaltet)<\/li>\n<\/ul>\n<\/div>\n<p>&nbsp;<\/p>\n<p><em><span lang=\"fr\" style=\"font-size: 10pt; font-family: Verdana, sans-serif; color: #000000;\" xml:lang=\"fr\">* Foto nicht bindend<\/span><\/em><\/p>\n<p><span style=\"font-size: 10pt;\"> ** Basierend auf einer 8-t\u00e4gigen Miete<\/span><\/p>","protected":false},"featured_media":144567,"template":"","meta":{"_acf_changed":false},"product_brand":[],"product_cat":[3649,3705],"product_tag":[],"class_list":{"0":"post-35367","1":"product","2":"type-product","3":"status-publish","4":"has-post-thumbnail","6":"product_cat-location-materiel-bivouac","7":"product_cat-tente-bivouac","8":"pa_dimension-denali-iv","9":"pa_dimension-elixir-4","10":"pa_dimension-vapor-4","12":"first","13":"instock","14":"taxable","15":"shipping-taxable","16":"purchasable","17":"product-type-simple"},"bundled_by":["35406"],"bundle_stock_status":"instock","bundle_stock_quantity":9,"bundle_virtual":false,"bundle_layout":"","bundle_add_to_cart_form_location":"","bundle_editable_in_cart":false,"bundle_sold_individually_context":"","bundle_item_grouping":"","bundle_min_size":"","bundle_max_size":"","bundled_items":[],"bundle_sell_ids":[],"_links":{"self":[{"href":"https:\/\/www.orentees.com\/de\/wp-json\/wp\/v2\/product\/35367","targetHints":{"allow":["GET"]}}],"collection":[{"href":"https:\/\/www.orentees.com\/de\/wp-json\/wp\/v2\/product"}],"about":[{"href":"https:\/\/www.orentees.com\/de\/wp-json\/wp\/v2\/types\/product"}],"version-history":[{"count":8,"href":"https:\/\/www.orentees.com\/de\/wp-json\/wp\/v2\/product\/35367\/revisions"}],"predecessor-version":[{"id":179335,"href":"https:\/\/www.orentees.com\/de\/wp-json\/wp\/v2\/product\/35367\/revisions\/179335"}],"wp:featuredmedia":[{"embeddable":true,"href":"https:\/\/www.orentees.com\/de\/wp-json\/wp\/v2\/media\/144567"}],"wp:attachment":[{"href":"https:\/\/www.orentees.com\/de\/wp-json\/wp\/v2\/media?parent=35367"}],"wp:term":[{"taxonomy":"product_brand","embeddable":true,"href":"https:\/\/www.orentees.com\/de\/wp-json\/wp\/v2\/product_brand?post=35367"},{"taxonomy":"product_cat","embeddable":true,"href":"https:\/\/www.orentees.com\/de\/wp-json\/wp\/v2\/product_cat?post=35367"},{"taxonomy":"product_tag","embeddable":true,"href":"https:\/\/www.orentees.com\/de\/wp-json\/wp\/v2\/product_tag?post=35367"}],"curies":[{"name":"wp","href":"https:\/\/api.w.org\/{rel}","templated":true}]}}