{"id":35381,"date":"2021-04-09T12:21:49","date_gmt":"2021-04-09T10:21:49","guid":{"rendered":"https:\/\/www.orentees.com\/?post_type=product&#038;p=35381"},"modified":"2025-03-14T16:56:46","modified_gmt":"2025-03-14T15:56:46","slug":"location-tente-msr-hubba-hubba-nx","status":"publish","type":"product","link":"https:\/\/www.orentees.com\/de\/product\/location-tente-msr-hubba-hubba-nx\/","title":{"rendered":"MSR HUBBA HUBBA NX Zeltverleih"},"content":{"rendered":"<h2><strong>Vermietung von Biwakzelten MSR Hubba Hubba NX \u2013 2 Personen<\/strong><\/h2>\n<p>Bereiten Sie sich auf Ihre Outdoor-Abenteuer vor mit dem <strong>MSR Hubba Hubba NX 2-Personen-Zeltverleih<\/strong>, eine unverzichtbare Referenz f\u00fcr leichtes und leistungsstarkes Biwakieren. Dieses freistehende Zelt wurde f\u00fcr anspruchsvolle Wanderer entwickelt und vereint <strong>Kompaktheit, Leichtigkeit und Widerstandsf\u00e4higkeit<\/strong>, bietet zuverl\u00e4ssigen Schutz vor den Launen des Wetters. Egal, ob Sie auf eine <strong>Solo-Wandertour<\/strong> oder ein <strong>Duo-Trek<\/strong>garantiert Ihnen der MSR Hubba Hubba NX optimalen Komfort ohne Kompromisse beim Gewicht. Er ist die ideale Wahl f\u00fcr eine <strong>Biwak rund um den Mont Blanc<\/strong> oder eine Nacht in der freien Natur in der N\u00e4he <strong>Chamonix<\/strong>.<\/p>\n<h3><strong>Warum sollten Sie das MSR Hubba Hubba NX-Zelt f\u00fcr Ihr Biwak mieten?<\/strong><\/h3>\n<ul>\n<li><strong>Ultraleicht und kompakt<\/strong> : Mit einem Federgewicht von ca. 1,72 kg passt es problemlos in einen Rucksack, ideal f\u00fcr lange Wanderungen und <strong>Biwak in der freien Natur<\/strong>.<\/li>\n<li><strong>Schnelle und intuitive Montage<\/strong> : Sein doppeltes Aluminium-B\u00fcgelsystem erm\u00f6glicht eine einfache Montage in nur wenigen Minuten, perfekt nach einem Tag voller Wanderungen.<\/li>\n<li><strong>Widerstand und Schutz<\/strong> : Aus Ripstop-Gewebe mit einem Doppeldach aus Polyurethan und Silikon gefertigt, bietet es eine <strong>hervorragende Wasserdichtigkeit (1200 mm Wassers\u00e4ule)<\/strong>, ideal f\u00fcr schlechtes Wetter, insbesondere in der H\u00f6he.<\/li>\n<li><strong>Optimierte Bewohnbarkeit<\/strong> : Sein <strong>zwei Apsiden und zwei Eing\u00e4nge<\/strong> erleichtern den Zugang und bieten Stauraum f\u00fcr die Ausr\u00fcstung, ein echtes Plus f\u00fcr N\u00e4chte in den Bergen.<\/li>\n<li><strong>Effiziente Bel\u00fcftung<\/strong> : Dank seines durchdachten Designs wird die Kondensation begrenzt, sodass auch bei feuchten Bedingungen angenehmere N\u00e4chte m\u00f6glich sind.<\/li>\n<\/ul>\n<h3><strong>Wo kann man mit dem MSR Hubba Hubba NX in Frankreich campen?<\/strong><\/h3>\n<p>Dank der <strong>Biwakzeltverleih<\/strong>Erkunden Sie die sch\u00f6nsten Orte Frankreichs, ohne in teure Ausr\u00fcstung investieren zu m\u00fcssen. Erleben Sie ein Abenteuer auf legend\u00e4ren Routen und verbringen Sie die Nacht unter dem Sternenhimmel in au\u00dfergew\u00f6hnlichen Umgebungen:<\/p>\n<ul>\n<li><strong>Tour des Mont Blanc<\/strong> (TMB): Eine unverzichtbare Wanderung, die durch Frankreich, die Schweiz und Italien f\u00fchrt. <strong>MSR Hubba Hubba NX<\/strong> ist ideal f\u00fcr den Umgang mit klimatischen Schwankungen und steilem Gel\u00e4nde.<\/li>\n<li><strong>Chamonix und das Arvetal<\/strong> : Am Tor zum Massiv von <strong>Mont Blanc<\/strong>, genie\u00dfen Sie au\u00dfergew\u00f6hnliche Biwakpl\u00e4tze mit atemberaubender Aussicht auf Gletscher und legend\u00e4re Gipfel.<\/li>\n<li><strong>Allos-See (Mercantour Park)<\/strong> : Ein wilder Ort auf \u00fcber 2.200 m H\u00f6he, perfekt f\u00fcr ein Hochgebirgsbiwak.<\/li>\n<li><strong>Vercors-Hochebene<\/strong> : Ein ideales Land f\u00fcr eine <strong>Biwak in der freien Natur<\/strong>, zwischen Kalksteinfelsen und Kiefernw\u00e4ldern.<\/li>\n<li><strong>Capitello-See (Korsika)<\/strong> : Ein magischer Ort, der f\u00fcr erfahrene Wanderer zug\u00e4nglich ist und die perfekte Kulisse f\u00fcr eine Nacht im Zelt mit Blick auf die Berge bietet.<\/li>\n<li><strong>Clar\u00e9e-Tal<\/strong> : Eine gesch\u00fctzte Naturkulisse f\u00fcr eine <strong>Biwak in den franz\u00f6sischen Alpen<\/strong>, weit weg von den Massen.<\/li>\n<\/ul>\n<h3><strong>Mieten Sie ein Biwakzelt bei O&#039;Rentees<\/strong><\/h3>\n<p>Mit unserem Service von <strong>Wanderzeltverleih<\/strong>, genie\u00dfen Sie die beste Ausstattung, ohne Ihre Schr\u00e4nke zu \u00fcberladen. Reservieren Sie Ihre <strong>MSR Hubba Hubba NX Zelt<\/strong> und erhalten Sie es direkt zu Hause oder an Ihrem Abfahrtsbahnhof. Eine wirtschaftliche und \u00f6kologische L\u00f6sung, um die Freuden des Biwakierens in v\u00f6lliger Freiheit zu entdecken, sei es f\u00fcr eine <strong>Tour des Mont Blanc<\/strong>, A <strong>Wandern in Chamonix<\/strong>oder eine Wanderung in den franz\u00f6sischen Bergen.<\/p>\n<p><strong>Buchen Sie jetzt und starten Sie beruhigt ins Abenteuer!<\/strong><\/p>","protected":false},"excerpt":{"rendered":"<p style=\"text-align: left; font-size: 18px;\"><strong>Pr\u00e4sentation:<\/strong><\/p>\n<p data-start=\"202\" data-end=\"318\">Dort <strong data-start=\"205\" data-end=\"225\">Biwakzelt<\/strong> <strong data-start=\"226\" data-end=\"244\">Hubba Hubba NX<\/strong> von zu Hause <strong data-start=\"253\" data-end=\"260\">MSR<\/strong> Ost <strong data-start=\"265\" data-end=\"293\">das wesentliche Modell<\/strong> f\u00fcr Wanderer!<\/p>\n<p data-start=\"320\" data-end=\"429\">Es wurde mit Preisen ausgezeichnet und bietet hervorragende <strong data-start=\"378\" data-end=\"426\">Kompromiss zwischen Leichtigkeit und Wohnraum<\/strong>.<\/p>\n<p data-start=\"431\" data-end=\"527\"><strong data-start=\"431\" data-end=\"447\">Selbsttragend<\/strong>, es l\u00e4sst sich unter allen Bedingungen und auf jedem Gel\u00e4nde leicht montieren.<\/p>\n<p data-start=\"529\" data-end=\"633\">Entwickelt f\u00fcr <strong data-start=\"541\" data-end=\"558\">drei Jahreszeiten<\/strong>, dieses Zelt garantiert Ihnen einen wirksamen Schutz vor schlechtem Wetter.<\/p>\n<p data-start=\"635\" data-end=\"739\">Auch verf\u00fcgbar in <strong data-start=\"659\" data-end=\"690\">Miete in Form eines Pakets<\/strong> mit unserem <strong data-start=\"702\" data-end=\"717\">Bestseller<\/strong>, zu entdecken <a href=\"https:\/\/www.orentees.com\/de\/product\/location-pack-tente-bivouac-msr-hubba-hubba-nx\/\">Hier<\/a><\/p>\n<hr \/>\n<p style=\"text-align: center;\"><em><strong>Nancys Meinung:<\/strong> \u201eDas ist mein Lieblingszelt, wenn ich alleine oder zu zweit reise. Superleicht, ger\u00e4umig und sehr einfach aufzubauen.<\/em><em>Sie k\u00f6nnen es mit geschlossenen Augen mieten.\u201c<\/em><\/p>\n<hr \/>\n<p>&nbsp;<\/p>\n<p>&nbsp;<\/p>\n<p style=\"text-align: left; font-size: 12px; font family: Acier;\"><strong><a href=\"https:\/\/www.orentees.com\/de\/faq\/#retourtente\">WICHTIGE INFORMATIONEN ZUR R\u00dcCKGABE VON ZELTEN UND ARTIKELN: <span style=\"text-decoration: underline; font-size: 16px;\"> LESEN SIE HIER<\/span><\/a><\/strong><\/p>\n<p>&nbsp;<\/p>\n<p><em><span lang=\"fr\" style=\"font-size: 10pt; font-family: Verdana, sans-serif; color: #000000;\" xml:lang=\"fr\">* Foto nicht bindend<\/span><\/em><\/p>\n<p><span style=\"font-size: 10pt;\"> ** Basierend auf einer 8-t\u00e4gigen Miete<\/span><\/p>","protected":false},"featured_media":144573,"template":"","meta":{"_acf_changed":false},"product_brand":[],"product_cat":[3649,3763,3705],"product_tag":[],"class_list":{"0":"post-35381","1":"product","2":"type-product","3":"status-publish","4":"has-post-thumbnail","6":"product_cat-location-materiel-bivouac","7":"product_cat-tente-bikepacking","8":"product_cat-tente-bivouac","10":"first","11":"instock","12":"taxable","13":"shipping-taxable","14":"purchasable","15":"product-type-simple"},"bundled_by":["35403","36036","87287","92979"],"bundle_stock_status":"instock","bundle_stock_quantity":42,"bundle_virtual":false,"bundle_layout":"","bundle_add_to_cart_form_location":"","bundle_editable_in_cart":false,"bundle_sold_individually_context":"","bundle_item_grouping":"","bundle_min_size":"","bundle_max_size":"","bundled_items":[],"bundle_sell_ids":[],"_links":{"self":[{"href":"https:\/\/www.orentees.com\/de\/wp-json\/wp\/v2\/product\/35381","targetHints":{"allow":["GET"]}}],"collection":[{"href":"https:\/\/www.orentees.com\/de\/wp-json\/wp\/v2\/product"}],"about":[{"href":"https:\/\/www.orentees.com\/de\/wp-json\/wp\/v2\/types\/product"}],"version-history":[{"count":11,"href":"https:\/\/www.orentees.com\/de\/wp-json\/wp\/v2\/product\/35381\/revisions"}],"predecessor-version":[{"id":179329,"href":"https:\/\/www.orentees.com\/de\/wp-json\/wp\/v2\/product\/35381\/revisions\/179329"}],"wp:featuredmedia":[{"embeddable":true,"href":"https:\/\/www.orentees.com\/de\/wp-json\/wp\/v2\/media\/144573"}],"wp:attachment":[{"href":"https:\/\/www.orentees.com\/de\/wp-json\/wp\/v2\/media?parent=35381"}],"wp:term":[{"taxonomy":"product_brand","embeddable":true,"href":"https:\/\/www.orentees.com\/de\/wp-json\/wp\/v2\/product_brand?post=35381"},{"taxonomy":"product_cat","embeddable":true,"href":"https:\/\/www.orentees.com\/de\/wp-json\/wp\/v2\/product_cat?post=35381"},{"taxonomy":"product_tag","embeddable":true,"href":"https:\/\/www.orentees.com\/de\/wp-json\/wp\/v2\/product_tag?post=35381"}],"curies":[{"name":"wp","href":"https:\/\/api.w.org\/{rel}","templated":true}]}}