{"id":35437,"date":"2021-04-11T17:50:19","date_gmt":"2021-04-11T15:50:19","guid":{"rendered":"https:\/\/www.orentees.com\/?post_type=product&#038;p=35437"},"modified":"2024-12-04T13:36:49","modified_gmt":"2024-12-04T12:36:49","slug":"location-table-camping-helinox-table-one-hard-top","status":"publish","type":"product","link":"https:\/\/www.orentees.com\/de\/product\/location-table-camping-helinox-table-one-hard-top\/","title":{"rendered":"Mieten Sie Campingtisch Helinox Table one hard top"},"content":{"rendered":"<h3><strong>Campingtisch TABLE ONE HARD TOP HELINOX<\/strong><\/h3>\n<p>Dieser kompakte und leichte Tisch begleitet Sie auf all Ihren Ausfl\u00fcgen.<\/p>\n<p>Bei einer sehr kompakten Gr\u00f6\u00dfe (40 x 12 cm) und einem Gewicht von weniger als 1 kg bietet es eine gro\u00dfz\u00fcgige Oberfl\u00e4che von 76 x 57 cm.<\/p>\n<p>&nbsp;<\/p>","protected":false},"excerpt":{"rendered":"<p><strong>Pr\u00e4sentation:<\/strong><\/p>\n<p><span id=\"p163\">Der perfekte Tisch f\u00fcr Biwakieren und Camping f\u00fcr ein Premium-Erlebnis. Der HELINOX ONE HARD TOP LARGE Tisch besticht durch gro\u00dfz\u00fcgige Ma\u00dfe im ausgeklappten Zustand: 76 x 57 cm. <\/span><\/p>\n<p><span id=\"p163\">Zusammengeklappt wird es dank seiner geringen Gr\u00f6\u00dfe und seines Gewichts von weniger als 1 kg leicht vergessen.<\/span><\/p>\n<p>Es ist sehr robust und kann bis zu 110 kg tragen.<\/p>\n<hr \/>\n<p><em><strong>Pierres Meinung:<\/strong> \u201eDie perfekte Erg\u00e4nzung zum CHAIR ZERO Stuhl f\u00fcr ein schickes und stylisches Campingerlebnis!!\u201c<\/em><em>&#8220;<\/em><\/p>\n<hr \/>\n<p><em><span lang=\"fr\" xml:lang=\"fr\">* Foto nicht bindend<\/span><\/em><\/p>\n<p>** Basierend auf einer 8-t\u00e4gigen Miete<\/p>","protected":false},"featured_media":144643,"template":"","meta":{"_acf_changed":false},"product_brand":[],"product_cat":[3649,3685],"product_tag":[],"class_list":{"0":"post-35437","1":"product","2":"type-product","3":"status-publish","4":"has-post-thumbnail","6":"product_cat-location-materiel-bivouac","7":"product_cat-location-materiel-camping","8":"pa_dimension-large","9":"pa_dimension-regular","11":"first","12":"instock","13":"taxable","14":"shipping-taxable","15":"purchasable","16":"product-type-variable"},"bundled_by":["30227","30236","32015","35438","50940"],"bundle_stock_status":"instock","bundle_stock_quantity":null,"bundle_virtual":false,"bundle_layout":"","bundle_add_to_cart_form_location":"","bundle_editable_in_cart":false,"bundle_sold_individually_context":"","bundle_item_grouping":"","bundle_min_size":"","bundle_max_size":"","bundled_items":[],"bundle_sell_ids":[],"_links":{"self":[{"href":"https:\/\/www.orentees.com\/de\/wp-json\/wp\/v2\/product\/35437","targetHints":{"allow":["GET"]}}],"collection":[{"href":"https:\/\/www.orentees.com\/de\/wp-json\/wp\/v2\/product"}],"about":[{"href":"https:\/\/www.orentees.com\/de\/wp-json\/wp\/v2\/types\/product"}],"version-history":[{"count":2,"href":"https:\/\/www.orentees.com\/de\/wp-json\/wp\/v2\/product\/35437\/revisions"}],"predecessor-version":[{"id":144683,"href":"https:\/\/www.orentees.com\/de\/wp-json\/wp\/v2\/product\/35437\/revisions\/144683"}],"wp:featuredmedia":[{"embeddable":true,"href":"https:\/\/www.orentees.com\/de\/wp-json\/wp\/v2\/media\/144643"}],"wp:attachment":[{"href":"https:\/\/www.orentees.com\/de\/wp-json\/wp\/v2\/media?parent=35437"}],"wp:term":[{"taxonomy":"product_brand","embeddable":true,"href":"https:\/\/www.orentees.com\/de\/wp-json\/wp\/v2\/product_brand?post=35437"},{"taxonomy":"product_cat","embeddable":true,"href":"https:\/\/www.orentees.com\/de\/wp-json\/wp\/v2\/product_cat?post=35437"},{"taxonomy":"product_tag","embeddable":true,"href":"https:\/\/www.orentees.com\/de\/wp-json\/wp\/v2\/product_tag?post=35437"}],"curies":[{"name":"wp","href":"https:\/\/api.w.org\/{rel}","templated":true}]}}