{"id":35442,"date":"2021-04-11T21:22:38","date_gmt":"2021-04-11T19:22:38","guid":{"rendered":"https:\/\/www.orentees.com\/?post_type=product&#038;p=35442"},"modified":"2025-03-14T16:57:08","modified_gmt":"2025-03-14T15:57:08","slug":"location-tente-camping-bivouac-4-personnes","status":"publish","type":"product","link":"https:\/\/www.orentees.com\/de\/product\/location-tente-camping-bivouac-4-personnes\/","title":{"rendered":"4-Personen-Biwakzeltvermietung \/ 2-4-Personen-Campingplatz"},"content":{"rendered":"<h2><strong>MSR Habitude 4 Biwakzelt mieten \u2013 Der ideale Verb\u00fcndete f\u00fcr einen ger\u00e4umigen und komfortablen Campingplatz<\/strong><\/h2>\n<p><strong>Entscheiden Sie sich f\u00fcr die Miete des MSR Habitude 4-Zelts und genie\u00dfen Sie ein Biwak-Erlebnis in aller Ruhe.<\/strong> Dieses Zelt bietet Platz f\u00fcr bis zu vier Personen und ist die perfekte Wahl f\u00fcr Familien und Freundesgruppen, die einen ger\u00e4umigen und robusten Unterschlupf in der freien Natur suchen. Ob Camping, Trekking oder Basecamping am Fu\u00dfe einiger der sch\u00f6nsten Gipfel Frankreichs \u2013 dieses Zelt garantiert Komfort und Zuverl\u00e4ssigkeit.<\/p>\n<h3><strong>Warum sollten Sie das MSR Habitude 4-Zelt f\u00fcr Ihr Biwak mieten?<\/strong><\/h3>\n<p>Dort <strong>MSR-Gewohnheit 4<\/strong> ist ein robustes Biwakzelt, das f\u00fcr Abenteurer entwickelt wurde, die Platz und Schutz vor den Elementen suchen. Dank seines Designs in <strong>Doppelwand<\/strong>, sein wasserdichtes Gewebe und seine hohe Architektur bieten einen ger\u00e4umigen Innenraum, in dem man stehen kann. Seine <strong>intuitive Bearbeitung<\/strong> erm\u00f6glicht einen schnellen Aufbau, selbst nach einem langen Wander- oder Erkundungstag.<\/p>\n<p>Perfekt f\u00fcr N\u00e4chte in der freien Natur, dieses Zelt vereint beides <strong>Widerstand gegen starken Wind<\/strong>, <strong>Feuchtigkeitsschutz<\/strong> Und <strong>gro\u00dfe Bewohnbarkeit<\/strong>. Ihr <strong>integrierte Markise<\/strong> und seine zahlreichen Aufbewahrungstaschen sorgen f\u00fcr maximalen Komfort, auch bei l\u00e4ngeren Biwakbedingungen.<\/p>\n<h3><strong>Technische Eigenschaften des MSR Habitude 4 Zeltes:<\/strong><\/h3>\n<ul>\n<li><strong>F\u00e4higkeit<\/strong> : 4 Personen<\/li>\n<li><strong>Gewicht<\/strong> : 5,5 kg (ideal f\u00fcr ein festes Lager oder eine Gruppenwanderung)<\/li>\n<li><strong>Ma\u00dfe<\/strong> : Gro\u00dfz\u00fcgige H\u00f6he von 1,85 m f\u00fcr einen optimierten Wohnraum<\/li>\n<li><strong>Materialien<\/strong> : Wasserdichtes Gewebe mit PU-Beschichtung und verst\u00e4rkten N\u00e4hten<\/li>\n<li><strong>Reifen<\/strong> : Robustes Aluminium f\u00fcr hervorragende Windbest\u00e4ndigkeit<\/li>\n<li><strong>Schnelle Montage<\/strong> : Intuitives System mit farbcodierten Reifen<\/li>\n<li><strong>Optimierte Bel\u00fcftung<\/strong> : Gro\u00dfe Eingangst\u00fcr und Fenster zur Begrenzung der Kondensation<\/li>\n<li><strong>Markise<\/strong> : Gesch\u00fctzter Stauraum f\u00fcr Taschen und Schuhe<\/li>\n<\/ul>\n<h3><strong>Wo k\u00f6nnen Sie in Frankreich mit dem MSR Habitude 4-Zelt Ihr Biwak aufschlagen?<\/strong><\/h3>\n<p>Wenn Sie alle Vorteile eines <strong>Familien-Biwak-Wochenende<\/strong> oder unter Freunden, hier sind einige <strong>zug\u00e4ngliche Biwakpl\u00e4tze<\/strong> und passend f\u00fcr diesen Zelttyp:<\/p>\n<ul>\n<li><strong>Pareloup-See (Aveyron, Okzitanien)<\/strong> : Eine ruhige Umgebung f\u00fcr ein Biwak am Wasser mit wundersch\u00f6ner Aussicht auf den gr\u00f6\u00dften k\u00fcnstlichen See S\u00fcdfrankreichs.<\/li>\n<li><strong>Gli\u00e8res-Plateau (Haute-Savoie, Auvergne-Rh\u00f4ne-Alpes)<\/strong> : Dieser leicht zug\u00e4ngliche Ort ist ideal zum Campen mit Kindern in einer unber\u00fchrten Berglandschaft.<\/li>\n<li><strong>Vouglans-See (Jura, Burgund-Franche-Comt\u00e9)<\/strong> : Ein perfekter Ort zum Eintauchen in die Natur, mit Bereichen, die sich zum Wildcampen eignen.<\/li>\n<li><strong>Wald von Fontainebleau (\u00cele-de-France)<\/strong> : Einer der besten Orte f\u00fcr eine <strong>Familienbiwak in der N\u00e4he von Paris<\/strong>, im Herzen eines majest\u00e4tischen Waldes.<\/li>\n<li><strong>Clar\u00e9e-Tal (Hautes-Alpes, PACA)<\/strong> : Eine ideale alpine Kulisse f\u00fcr eine <strong>Langzeitbiwak im Basislager<\/strong>, perfekt zum Wandern in der Umgebung.<\/li>\n<\/ul>\n<h3><strong>Warum sollten Sie Ihr Biwakzelt mieten, anstatt es zu kaufen?<\/strong><\/h3>\n<p>Entscheiden Sie sich f\u00fcr die <strong>Biwakzeltverleih<\/strong> erm\u00f6glicht es dir, unverbindlich High-End-Ausr\u00fcstung zu genie\u00dfen. Dies vermeidet die Investition in ein teures Zelt und optimiert die Logistik deiner Abenteuer. Du erh\u00e4ltst deine Ausr\u00fcstung einsatzbereit und profitierst von perfekt gewarteter Ausr\u00fcstung f\u00fcr ein erfolgreiches Biwak-Erlebnis.<\/p>\n<p>Durch die Anmietung der <strong>MSR Habit 4 Zelt<\/strong>, Sie k\u00f6nnen sicher sein, dass Sie ein Qualit\u00e4tsprodukt erhalten, das f\u00fcr alle Arten von Sendungen geeignet ist: <strong>Familienwanderungen, Gruppentrekkings oder Wildcampingausfl\u00fcge<\/strong>Genie\u00dfen Sie die Natur ohne Einschr\u00e4nkungen und reservieren Sie jetzt Ihr Zelt f\u00fcr Ihr n\u00e4chstes Outdoor-Abenteuer.<\/p>\n<h3><strong>Reservieren Sie noch heute Ihr Biwakzelt!<\/strong><\/h3>\n<p>Bereiten Sie Ihren Aufenthalt in der freien Natur ganz einfach vor. <strong>Mieten Sie Ihr MSR Habit 4 Zelt<\/strong> und starten Sie beruhigt in Ihr Abenteuer, ohne sich um Lagerung oder Wartung k\u00fcmmern zu m\u00fcssen. Ideal f\u00fcr ein Wochenende in den Bergen, eine Expedition an einem See oder ein Trekking-Abenteuer \u2013 es begleitet Sie \u00fcberall hin.<\/p>\n<p><strong>Reisen Sie mit leichtem Gep\u00e4ck, campen Sie bequem und erkunden Sie grenzenlos die Welt mit unserem Biwakzelt-Mietservice.<\/strong><\/p>","protected":false},"excerpt":{"rendered":"<p style=\"text-align: left; font-size: 18px;\"><strong>Pr\u00e4sentation:<\/strong><\/p>\n<p data-start=\"237\" data-end=\"529\">W\u00e4hlen Sie das Symbol <strong data-start=\"251\" data-end=\"298\">Vermietung von Biwakzelten MSR Habitude 4<\/strong>, ein vielseitiges Modell, das sich sowohl an die <strong data-start=\"356\" data-end=\"376\">Familiencampingplatz<\/strong> dass bei <strong data-start=\"383\" data-end=\"408\">Basislager in den Bergen<\/strong>. Ihr <strong data-start=\"414\" data-end=\"443\">gro\u00dfz\u00fcgiger Innenraum<\/strong> und sein selbsttragendes Design machen es zu einem komfortablen Unterschlupf f\u00fcr <strong data-start=\"507\" data-end=\"526\">2 bis 4 Personen<\/strong>.<\/p>\n<p data-start=\"531\" data-end=\"894\" data-is-last-node=\"\" data-is-only-node=\"\">Einfach zu montieren und \u00e4u\u00dferst witterungsbest\u00e4ndig, <strong data-start=\"589\" data-end=\"608\">3-Jahreszeiten-Zelt<\/strong> sorgt f\u00fcr optimalen Schutz von <strong data-start=\"643\" data-end=\"662\">M\u00e4rz bis November<\/strong>. Sein Gewicht bleibt angemessen f\u00fcr eine <strong data-start=\"700\" data-end=\"725\">Trekking unterwegs<\/strong>, obwohl es besser geeignet ist f\u00fcr die <b>Biwak <\/b>In <strong data-start=\"786\" data-end=\"802\">Basislager<\/strong>, im Vergleich zu einem ultraleichten Zelt wie dem Elixir 4, ideal f\u00fcr Rucksacktouren mit Kindern.<\/p>\n<p>Auch verf\u00fcgbar in <strong data-start=\"659\" data-end=\"690\">Miete in Form eines Pakets<\/strong> mit unserem <strong data-start=\"702\" data-end=\"717\">Basecamp Biwakpaket 4 Personen<\/strong>, zu entdecken <a href=\"https:\/\/www.orentees.com\/de\/product\/location-pack-randonnee-bivouac-4-pers\/\">Hier<\/a> oder im Premium-Camping-Paket: <a href=\"https:\/\/www.orentees.com\/de\/product\/location-pack-tente-camping-4-places\/\">Hier<\/a><\/p>\n<hr \/>\n<p style=\"text-align: center;\"><em><strong>Pierres Meinung:<\/strong> \u201eBiwakzelt f\u00fcr 4 Personen. Ger\u00e4umig und mit sehr gutem Innenraumvolumen. Ein perfektes Zelt f\u00fcr Camping f\u00fcr 2 bis 4\/5 Personen.\u201c<\/em><\/p>\n<hr \/>\n<div>\n<p><strong> MSR-Gewohnheit 4<\/strong><\/p>\n<ul>\n<li><span lang=\"fr\" xml:lang=\"fr\">5,4 kg<\/span><\/li>\n<li><span lang=\"fr\" xml:lang=\"fr\"> 241 x 241 cm<\/span><\/li>\n<li>58 x 23 cm (gefaltet)<\/li>\n<\/ul>\n<\/div>\n<p>&nbsp;<\/p>\n<p style=\"text-align: left; font-size: 12px; font family: Acier;\"><strong><a href=\"https:\/\/www.orentees.com\/de\/faq\/#retourtente\">WICHTIGE INFORMATIONEN ZUR R\u00dcCKGABE VON ZELTEN UND ARTIKELN: <span style=\"text-decoration: underline; font-size: 16px;\"> LESEN SIE HIER<\/span><\/a><\/strong><\/p>\n<p>&nbsp;<\/p>\n<p><em><span lang=\"fr\" style=\"font-size: 10pt; font-family: Verdana, sans-serif; color: #000000;\" xml:lang=\"fr\">* Foto nicht bindend<\/span><\/em><\/p>\n<p><span style=\"font-size: 10pt;\"> ** Basierend auf einer 8-t\u00e4gigen Miete<\/span><\/p>","protected":false},"featured_media":144569,"template":"","meta":{"_acf_changed":false},"product_brand":[],"product_cat":[3649,3685,3687,3705],"product_tag":[],"class_list":{"0":"post-35442","1":"product","2":"type-product","3":"status-publish","4":"has-post-thumbnail","6":"product_cat-location-materiel-bivouac","7":"product_cat-location-materiel-camping","8":"product_cat-tente-camping","9":"product_cat-tente-bivouac","11":"first","12":"instock","13":"taxable","14":"shipping-taxable","15":"purchasable","16":"product-type-simple"},"bundled_by":["35438","186205"],"bundle_stock_status":"instock","bundle_stock_quantity":14,"bundle_virtual":false,"bundle_layout":"","bundle_add_to_cart_form_location":"","bundle_editable_in_cart":false,"bundle_sold_individually_context":"","bundle_item_grouping":"","bundle_min_size":"","bundle_max_size":"","bundled_items":[],"bundle_sell_ids":[],"_links":{"self":[{"href":"https:\/\/www.orentees.com\/de\/wp-json\/wp\/v2\/product\/35442","targetHints":{"allow":["GET"]}}],"collection":[{"href":"https:\/\/www.orentees.com\/de\/wp-json\/wp\/v2\/product"}],"about":[{"href":"https:\/\/www.orentees.com\/de\/wp-json\/wp\/v2\/types\/product"}],"version-history":[{"count":11,"href":"https:\/\/www.orentees.com\/de\/wp-json\/wp\/v2\/product\/35442\/revisions"}],"predecessor-version":[{"id":179337,"href":"https:\/\/www.orentees.com\/de\/wp-json\/wp\/v2\/product\/35442\/revisions\/179337"}],"wp:featuredmedia":[{"embeddable":true,"href":"https:\/\/www.orentees.com\/de\/wp-json\/wp\/v2\/media\/144569"}],"wp:attachment":[{"href":"https:\/\/www.orentees.com\/de\/wp-json\/wp\/v2\/media?parent=35442"}],"wp:term":[{"taxonomy":"product_brand","embeddable":true,"href":"https:\/\/www.orentees.com\/de\/wp-json\/wp\/v2\/product_brand?post=35442"},{"taxonomy":"product_cat","embeddable":true,"href":"https:\/\/www.orentees.com\/de\/wp-json\/wp\/v2\/product_cat?post=35442"},{"taxonomy":"product_tag","embeddable":true,"href":"https:\/\/www.orentees.com\/de\/wp-json\/wp\/v2\/product_tag?post=35442"}],"curies":[{"name":"wp","href":"https:\/\/api.w.org\/{rel}","templated":true}]}}