{"id":35948,"date":"2021-05-05T06:24:42","date_gmt":"2021-05-05T04:24:42","guid":{"rendered":"https:\/\/www.orentees.com\/?post_type=product&#038;p=35948"},"modified":"2024-12-04T13:36:47","modified_gmt":"2024-12-04T12:36:47","slug":"location-sacoche-de-selle-zefal-17-litres","status":"publish","type":"product","link":"https:\/\/www.orentees.com\/de\/product\/location-sacoche-de-selle-zefal-17-litres\/","title":{"rendered":"Mietsatteltasche ORTLIEB 16,5 Liter"},"content":{"rendered":"<h3><strong>ORTLIEB 16,5 L Bikepacking-Satteltasche<\/strong><\/h3>\n<p>Die ORTLIEB Satteltasche ist ideal f\u00fcr Bikepacker, die eine gro\u00dfe Transportl\u00f6sung suchen.<\/p>\n<p>Seine gro\u00dfen Abmessungen erm\u00f6glichen den Transport von Biwakausr\u00fcstung. Die Tasche kann bis zu 5 kg beladen werden.<\/p>\n<p>Praktisch, die Schn\u00fcre <span id=\"18\" class=\"s-rg-t\">au\u00dfen<\/span> Elastische B\u00e4nder erm\u00f6glichen die schnelle Befestigung zus\u00e4tzlicher Ausr\u00fcstung.<\/p>\n<p>&nbsp;<\/p>","protected":false},"excerpt":{"rendered":"<p><strong>Pr\u00e4sentation:<\/strong><\/p>\n<p><span id=\"p163\">Mit der ORTLIEB Satteltasche kannst du eine gro\u00dfe Menge an Produkten transportieren, ohne dass du einen Gep\u00e4cktr\u00e4ger ben\u00f6tigst. Die Befestigung erfolgt ganz einfach und ohne Werkzeug an der Sattelst\u00fctze deines Fahrrads.<\/span><\/p>\n<p>Sein Stauraum ist enorm und variabel: von 8 bis 16,5 Liter bei einem Gewicht von bis zu 5 kg.<\/p>\n<p>Die Ma\u00dfe sind gro\u00dfz\u00fcgig: 64 x 30 x 22 cm. Genug, um alles mitzunehmen, was Sie f\u00fcr Ihr Abenteuer brauchen.<\/p>\n<p>Ihre Sachen sind perfekt vor den Elementen gesch\u00fctzt, da die Satteltasche aus wasserdichtem Material mit hei\u00dfversiegelten N\u00e4hten besteht.<\/p>\n<p><span id=\"p163\">Der Ortlieb 16,5 L ist mit Reflektorstreifen und einer Kompressionskappe ausgestattet, um das Volumen optimal anzupassen.<\/span><\/p>\n<p>Passt auf jeden Fahrradtyp, ideal f\u00fcr vollgefederte Mountainbikes<\/p>","protected":false},"featured_media":145085,"template":"","meta":{"_acf_changed":false},"product_brand":[],"product_cat":[3767,3673],"product_tag":[],"class_list":{"0":"post-35948","1":"product","2":"type-product","3":"status-publish","4":"has-post-thumbnail","6":"product_cat-portage-bikepacking","7":"product_cat-location-bikepacking","8":"pa_dimension-64-x-30-x-22-cm","9":"pa_marque-ortlieb","10":"pa_modele-seat-pack-ps21r-16-5l","12":"first","13":"instock","14":"taxable","15":"shipping-taxable","16":"purchasable","17":"product-type-simple"},"bundled_by":["35993","35997","36000","36036","50795","178911","178917"],"bundle_stock_status":"instock","bundle_stock_quantity":9,"bundle_virtual":false,"bundle_layout":"","bundle_add_to_cart_form_location":"","bundle_editable_in_cart":false,"bundle_sold_individually_context":"","bundle_item_grouping":"","bundle_min_size":"","bundle_max_size":"","bundled_items":[],"bundle_sell_ids":[],"_links":{"self":[{"href":"https:\/\/www.orentees.com\/de\/wp-json\/wp\/v2\/product\/35948","targetHints":{"allow":["GET"]}}],"collection":[{"href":"https:\/\/www.orentees.com\/de\/wp-json\/wp\/v2\/product"}],"about":[{"href":"https:\/\/www.orentees.com\/de\/wp-json\/wp\/v2\/types\/product"}],"version-history":[{"count":2,"href":"https:\/\/www.orentees.com\/de\/wp-json\/wp\/v2\/product\/35948\/revisions"}],"predecessor-version":[{"id":145113,"href":"https:\/\/www.orentees.com\/de\/wp-json\/wp\/v2\/product\/35948\/revisions\/145113"}],"wp:featuredmedia":[{"embeddable":true,"href":"https:\/\/www.orentees.com\/de\/wp-json\/wp\/v2\/media\/145085"}],"wp:attachment":[{"href":"https:\/\/www.orentees.com\/de\/wp-json\/wp\/v2\/media?parent=35948"}],"wp:term":[{"taxonomy":"product_brand","embeddable":true,"href":"https:\/\/www.orentees.com\/de\/wp-json\/wp\/v2\/product_brand?post=35948"},{"taxonomy":"product_cat","embeddable":true,"href":"https:\/\/www.orentees.com\/de\/wp-json\/wp\/v2\/product_cat?post=35948"},{"taxonomy":"product_tag","embeddable":true,"href":"https:\/\/www.orentees.com\/de\/wp-json\/wp\/v2\/product_tag?post=35948"}],"curies":[{"name":"wp","href":"https:\/\/api.w.org\/{rel}","templated":true}]}}