{"id":35965,"date":"2021-05-05T11:11:07","date_gmt":"2021-05-05T09:11:07","guid":{"rendered":"https:\/\/www.orentees.com\/?post_type=product&#038;p=35965"},"modified":"2024-09-30T17:56:16","modified_gmt":"2024-09-30T15:56:16","slug":"location-porte-bagage-zefal-raider-r30","status":"publish","type":"product","link":"https:\/\/www.orentees.com\/de\/product\/location-porte-bagage-zefal-raider-r30\/","title":{"rendered":"ZEFAL Raider R30 Gep\u00e4cktr\u00e4ger mieten"},"content":{"rendered":"<h3><strong>ZEFAL Raider R30 Gep\u00e4cktr\u00e4ger<\/strong><\/h3>\n<p>Der Gep\u00e4cktr\u00e4ger von Zefal eignet sich ideal zum Transport der Ausr\u00fcstung f\u00fcr Ihre Radreise.<\/p>\n<p>Es ist anpassungsf\u00e4hig und besonders n\u00fctzlich f\u00fcr vollgefederte Mountainbikes. <\/p>\n<p>Aus verst\u00e4rktem Aluminium gefertigt, ist es \u00e4u\u00dferst widerstandsf\u00e4hig.<\/p>\n<p>Kann allein (zum Beispiel zum Transport eines Zeltes) oder mit Packtaschen verwendet werden.<\/p>\n<p>Einfach zu installieren, wird direkt an der Sattelst\u00fctze montiert (Durchmesser von 25,4 bis 31,8 mm)<br \/>\n&nbsp;<\/p>\n<p>&nbsp;<\/p>","protected":false},"excerpt":{"rendered":"<p><strong>Pr\u00e4sentation:<\/strong><\/p>\n<p>Der Gep\u00e4cktr\u00e4ger Raider R30 ist sehr praktisch, er l\u00e4sst sich werkzeuglos an jeder Fahrradsattelst\u00fctze mit einem Durchmesser von 25,4 mm bis 31,8 mm montieren, und das ohne Werkzeug.<br \/>\nEs kann allein zum Tragen eines Zeltes oder einer Tasche verwendet werden, kann aber auch mit Packtaschen verwendet werden.<\/p>\n<p>Gro\u00dfes Fassungsverm\u00f6gen: Dank seiner Nutzlast von 10 kg k\u00f6nnen Sie alles mitnehmen, was Sie f\u00fcr Ihre Radtour ben\u00f6tigen.<\/p>\n<p>Es wird besonders f\u00fcr vollgefederte Mountainbikes empfohlen.<\/p>","protected":false},"featured_media":145083,"template":"","meta":{"_acf_changed":false},"product_brand":[],"product_cat":[3767,3673],"product_tag":[],"class_list":{"0":"post-35965","1":"product","2":"type-product","3":"status-publish","4":"has-post-thumbnail","6":"product_cat-portage-bikepacking","7":"product_cat-location-bikepacking","9":"first","10":"instock","11":"taxable","12":"shipping-taxable","13":"purchasable","14":"product-type-simple"},"bundled_by":["35993","35997","36000","36036","50795","178911","178917"],"bundle_stock_status":"instock","bundle_stock_quantity":14,"bundle_virtual":false,"bundle_layout":"","bundle_add_to_cart_form_location":"","bundle_editable_in_cart":false,"bundle_sold_individually_context":"","bundle_item_grouping":"","bundle_min_size":"","bundle_max_size":"","bundled_items":[],"bundle_sell_ids":[],"_links":{"self":[{"href":"https:\/\/www.orentees.com\/de\/wp-json\/wp\/v2\/product\/35965","targetHints":{"allow":["GET"]}}],"collection":[{"href":"https:\/\/www.orentees.com\/de\/wp-json\/wp\/v2\/product"}],"about":[{"href":"https:\/\/www.orentees.com\/de\/wp-json\/wp\/v2\/types\/product"}],"version-history":[{"count":3,"href":"https:\/\/www.orentees.com\/de\/wp-json\/wp\/v2\/product\/35965\/revisions"}],"predecessor-version":[{"id":145103,"href":"https:\/\/www.orentees.com\/de\/wp-json\/wp\/v2\/product\/35965\/revisions\/145103"}],"wp:featuredmedia":[{"embeddable":true,"href":"https:\/\/www.orentees.com\/de\/wp-json\/wp\/v2\/media\/145083"}],"wp:attachment":[{"href":"https:\/\/www.orentees.com\/de\/wp-json\/wp\/v2\/media?parent=35965"}],"wp:term":[{"taxonomy":"product_brand","embeddable":true,"href":"https:\/\/www.orentees.com\/de\/wp-json\/wp\/v2\/product_brand?post=35965"},{"taxonomy":"product_cat","embeddable":true,"href":"https:\/\/www.orentees.com\/de\/wp-json\/wp\/v2\/product_cat?post=35965"},{"taxonomy":"product_tag","embeddable":true,"href":"https:\/\/www.orentees.com\/de\/wp-json\/wp\/v2\/product_tag?post=35965"}],"curies":[{"name":"wp","href":"https:\/\/api.w.org\/{rel}","templated":true}]}}