{"id":35979,"date":"2021-05-05T15:58:17","date_gmt":"2021-05-05T13:58:17","guid":{"rendered":"https:\/\/www.orentees.com\/?post_type=product&#038;p=35979"},"modified":"2024-09-30T18:03:16","modified_gmt":"2024-09-30T16:03:16","slug":"location-sac-a-dos-zefal-z-hydro-xc-6l","status":"publish","type":"product","link":"https:\/\/www.orentees.com\/de\/product\/location-sac-a-dos-zefal-z-hydro-xc-6l\/","title":{"rendered":"Zefal Z Hydro XC 6L Rucksackverleih"},"content":{"rendered":"<h3><strong>Rucksack mit Trinktasche<\/strong><\/h3>\n<p>Trinkrucksack mit 6 Litern Fassungsverm\u00f6gen inklusive 2 Liter BPA-freiem Wasserbeutel.<\/p>\n<p>&nbsp;<\/p>","protected":false},"excerpt":{"rendered":"<p><strong>Pr\u00e4sentation:<\/strong><\/p>\n<p>Der Z Hydro XC 6L Trinkrucksack von ZEFAL ist die perfekte Erg\u00e4nzung f\u00fcr die Ausr\u00fcstung eines Bikepackers.<\/p>\n<p>Es wird mit einem 2-Liter-Wasserbeutel (BPA-frei) geliefert. Au\u00dferdem k\u00f6nnen Sie darin einige Zubeh\u00f6rteile wie Werkzeuge, ein Telefon, eine Jacke usw. verstauen.<\/p>\n<p>Dank seiner zahlreichen Einstellm\u00f6glichkeiten passt es sich jeder K\u00f6rperform an.<\/p>\n<p><strong>Systematische Desinfektion zwischen jedem Gebrauch<\/strong><\/p>","protected":false},"featured_media":145075,"template":"","meta":{"_acf_changed":false},"product_brand":[],"product_cat":[3767,3673],"product_tag":[],"class_list":{"0":"post-35979","1":"product","2":"type-product","3":"status-publish","4":"has-post-thumbnail","6":"product_cat-portage-bikepacking","7":"product_cat-location-bikepacking","9":"first","10":"instock","11":"taxable","12":"shipping-taxable","13":"purchasable","14":"product-type-simple"},"bundled_by":["35993","35997","36000","36036","50795","178911","178917"],"bundle_stock_status":"instock","bundle_stock_quantity":2,"bundle_virtual":false,"bundle_layout":"","bundle_add_to_cart_form_location":"","bundle_editable_in_cart":false,"bundle_sold_individually_context":"","bundle_item_grouping":"","bundle_min_size":"","bundle_max_size":"","bundled_items":[],"bundle_sell_ids":[],"_links":{"self":[{"href":"https:\/\/www.orentees.com\/de\/wp-json\/wp\/v2\/product\/35979","targetHints":{"allow":["GET"]}}],"collection":[{"href":"https:\/\/www.orentees.com\/de\/wp-json\/wp\/v2\/product"}],"about":[{"href":"https:\/\/www.orentees.com\/de\/wp-json\/wp\/v2\/types\/product"}],"version-history":[{"count":2,"href":"https:\/\/www.orentees.com\/de\/wp-json\/wp\/v2\/product\/35979\/revisions"}],"predecessor-version":[{"id":145115,"href":"https:\/\/www.orentees.com\/de\/wp-json\/wp\/v2\/product\/35979\/revisions\/145115"}],"wp:featuredmedia":[{"embeddable":true,"href":"https:\/\/www.orentees.com\/de\/wp-json\/wp\/v2\/media\/145075"}],"wp:attachment":[{"href":"https:\/\/www.orentees.com\/de\/wp-json\/wp\/v2\/media?parent=35979"}],"wp:term":[{"taxonomy":"product_brand","embeddable":true,"href":"https:\/\/www.orentees.com\/de\/wp-json\/wp\/v2\/product_brand?post=35979"},{"taxonomy":"product_cat","embeddable":true,"href":"https:\/\/www.orentees.com\/de\/wp-json\/wp\/v2\/product_cat?post=35979"},{"taxonomy":"product_tag","embeddable":true,"href":"https:\/\/www.orentees.com\/de\/wp-json\/wp\/v2\/product_tag?post=35979"}],"curies":[{"name":"wp","href":"https:\/\/api.w.org\/{rel}","templated":true}]}}