{"id":36106,"date":"2021-05-10T11:47:43","date_gmt":"2021-05-10T09:47:43","guid":{"rendered":"https:\/\/www.orentees.com\/?post_type=product&#038;p=36106"},"modified":"2025-08-05T11:58:38","modified_gmt":"2025-08-05T09:58:38","slug":"gourde-isotherme-700ml-filtrante-lifestraw","status":"publish","type":"product","link":"https:\/\/www.orentees.com\/de\/product\/gourde-isotherme-700ml-filtrante-lifestraw\/","title":{"rendered":"Lifestraw 700 ml Filter-Isolierflasche"},"content":{"rendered":"<h3>LIFESTRAW GO 2 STUFEN EDELSTAHL 0,7L<\/h3>\n<p>Mit einem Fassungsverm\u00f6gen von 700 ml ist die Lifestraw-Flasche isoliert, sodass Sie w\u00e4hrend Ihrer Wanderung Wasser, das Sie an einer Wasserstelle gesammelt haben, mehrere Stunden lang aufbewahren k\u00f6nnen.<\/p>\n<p>Es filtert bis zu 0,2 Mikrometer und erm\u00f6glicht Ihnen, Wasser zu trinken, das frei von Bakterien, Parasiten, Pestiziden und anderen Mikroplastikpartikeln ist.<\/p>\n<p>Ein Muss f\u00fcr Wanderer!<\/p>\n<p>&nbsp;<\/p>","protected":false},"excerpt":{"rendered":"<h3>LIFESTRAW GO 2 Isolierflaschenverleih mit Filter.<\/h3>\n<ul>\n<li><span lang=\"fr\" xml:lang=\"fr\"> \u2013 Isotherm,\u00a0<\/span><\/li>\n<li>- Edelstahl,<\/li>\n<li><span lang=\"fr\" xml:lang=\"fr\">\u2013 Ultraleicht,<\/span><\/li>\n<li><span lang=\"fr\" xml:lang=\"fr\"> \u2013 Doppelte Filterung: Stroh und Aktivkohle, bis zu 4.000 Liter Wasser,<\/span><\/li>\n<li><span lang=\"fr\" xml:lang=\"fr\"> \u2013 Beseitigt 99,9999% der Bakterien, Parasiten sowie Pestizide und Plastikr\u00fcckst\u00e4nde.<\/span><\/li>\n<\/ul>\n<p style=\"text-align: center;\"><strong>ALLE UNSERE HYDRATIONSARTIKEL WERDEN ZWISCHEN JEDEM GEBRAUCH SYSTEMATISCH GEWASCHEN UND DESINFIZIERT.<\/strong><\/p>\n<hr \/>\n<p style=\"text-align: center;\"><em><strong>Nancys Meinung:<\/strong> \u201eIch liebe es, mit dem Lifestraw Go spazieren zu gehen: Es macht immer Spa\u00df (und ist sicher), an einem See oder Fluss anhalten und das frisch gesammelte Wasser trinken zu k\u00f6nnen.\u201c<\/em><\/p>\n<hr \/>\n<p><em><span lang=\"fr\" style=\"font-size: 10pt; font-family: Verdana, sans-serif; color: #000000;\" xml:lang=\"fr\">* Foto nicht bindend<\/span><\/em><\/p>\n<p><span style=\"font-size: 10pt;\"> ** Basierend auf einer 8-t\u00e4gigen Miete<\/span><\/p>","protected":false},"featured_media":144523,"template":"","meta":{"_acf_changed":false},"product_brand":[],"product_cat":[3051],"product_tag":[],"class_list":{"0":"post-36106","1":"product","2":"type-product","3":"status-publish","4":"has-post-thumbnail","6":"product_cat-accueil","7":"pa_poids-500-gr","9":"first","10":"instock","11":"taxable","12":"shipping-taxable","13":"purchasable","14":"product-type-simple"},"bundled_by":["30215","35400","35403","35406","35417","36071","36175","50565","50579","50770","50774","50778","92979","179951","186205"],"bundle_stock_status":"instock","bundle_stock_quantity":10,"bundle_virtual":false,"bundle_layout":"","bundle_add_to_cart_form_location":"","bundle_editable_in_cart":false,"bundle_sold_individually_context":"","bundle_item_grouping":"","bundle_min_size":"","bundle_max_size":"","bundled_items":[],"bundle_sell_ids":[],"_links":{"self":[{"href":"https:\/\/www.orentees.com\/de\/wp-json\/wp\/v2\/product\/36106","targetHints":{"allow":["GET"]}}],"collection":[{"href":"https:\/\/www.orentees.com\/de\/wp-json\/wp\/v2\/product"}],"about":[{"href":"https:\/\/www.orentees.com\/de\/wp-json\/wp\/v2\/types\/product"}],"version-history":[{"count":4,"href":"https:\/\/www.orentees.com\/de\/wp-json\/wp\/v2\/product\/36106\/revisions"}],"predecessor-version":[{"id":186831,"href":"https:\/\/www.orentees.com\/de\/wp-json\/wp\/v2\/product\/36106\/revisions\/186831"}],"wp:featuredmedia":[{"embeddable":true,"href":"https:\/\/www.orentees.com\/de\/wp-json\/wp\/v2\/media\/144523"}],"wp:attachment":[{"href":"https:\/\/www.orentees.com\/de\/wp-json\/wp\/v2\/media?parent=36106"}],"wp:term":[{"taxonomy":"product_brand","embeddable":true,"href":"https:\/\/www.orentees.com\/de\/wp-json\/wp\/v2\/product_brand?post=36106"},{"taxonomy":"product_cat","embeddable":true,"href":"https:\/\/www.orentees.com\/de\/wp-json\/wp\/v2\/product_cat?post=36106"},{"taxonomy":"product_tag","embeddable":true,"href":"https:\/\/www.orentees.com\/de\/wp-json\/wp\/v2\/product_tag?post=36106"}],"curies":[{"name":"wp","href":"https:\/\/api.w.org\/{rel}","templated":true}]}}