{"id":36882,"date":"2021-06-28T17:42:19","date_gmt":"2021-06-28T15:42:19","guid":{"rendered":"https:\/\/www.orentees.com\/?post_type=product&#038;p=36882"},"modified":"2024-09-30T17:56:12","modified_gmt":"2024-09-30T15:56:12","slug":"location-sacoche-de-cadre-zefal-console-pack-t3","status":"publish","type":"product","link":"https:\/\/www.orentees.com\/de\/product\/location-sacoche-de-cadre-zefal-console-pack-t3\/","title":{"rendered":"ZEFAL Console Pack T3 Rahmentasche Verleih"},"content":{"rendered":"<h3><strong>ZEFAL Console Pack T3 Rahmentasche<\/strong><\/h3>\n<p>Ein echtes 2-in-1: Sie haben Ihr Telefon immer im Blick (der Touchscreen bleibt erhalten) und k\u00f6nnen gleichzeitig alle f\u00fcr Reparaturen oder Snacks ben\u00f6tigten Kleinger\u00e4te mitnehmen.<\/p>\n<p>Es ist anpassungsf\u00e4hig und passt zu jedem Rahmentyp.<\/p>\n<p>Mit 1,8 Litern Fassungsverm\u00f6gen bietet es ein gutes Stauvolumen.<\/p>\n<p>Maximale Telefongr\u00f6\u00dfe: 175 x 80 mm<\/p>\n<p>&nbsp;<\/p>","protected":false},"excerpt":{"rendered":"<p><strong>Pr\u00e4sentation:<\/strong><\/p>\n<p>Die ZEFAL T3 Rahmentasche ist super praktisch, sie l\u00e4sst sich ohne Werkzeug an jedem Rahmen montieren.<\/p>\n<p>2 in 1, fungiert es auch als Telefonhalterung (Touchscreen) und als Rahmentasche zum Transportieren vieler kleiner Ausr\u00fcstungsgegenst\u00e4nde dank seines gro\u00dfz\u00fcgigen Volumens (Papiere, Werkzeuge, Nahrung usw.)<\/p>\n<p>Es ist mit einem wasserdichten Rei\u00dfverschluss ausgestattet, um Ihre Sachen effektiv zu sch\u00fctzen.<\/p>","protected":false},"featured_media":145091,"template":"","meta":{"_acf_changed":false},"product_brand":[],"product_cat":[3767,3673],"product_tag":[],"class_list":{"0":"post-36882","1":"product","2":"type-product","3":"status-publish","4":"has-post-thumbnail","6":"product_cat-portage-bikepacking","7":"product_cat-location-bikepacking","9":"first","10":"instock","11":"taxable","12":"shipping-taxable","13":"purchasable","14":"product-type-simple"},"bundled_by":["35993","35997","36000","36036","50795","178911","178917"],"bundle_stock_status":"instock","bundle_stock_quantity":20,"bundle_virtual":false,"bundle_layout":"","bundle_add_to_cart_form_location":"","bundle_editable_in_cart":false,"bundle_sold_individually_context":"","bundle_item_grouping":"","bundle_min_size":"","bundle_max_size":"","bundled_items":[],"bundle_sell_ids":[],"_links":{"self":[{"href":"https:\/\/www.orentees.com\/de\/wp-json\/wp\/v2\/product\/36882","targetHints":{"allow":["GET"]}}],"collection":[{"href":"https:\/\/www.orentees.com\/de\/wp-json\/wp\/v2\/product"}],"about":[{"href":"https:\/\/www.orentees.com\/de\/wp-json\/wp\/v2\/types\/product"}],"version-history":[{"count":2,"href":"https:\/\/www.orentees.com\/de\/wp-json\/wp\/v2\/product\/36882\/revisions"}],"predecessor-version":[{"id":145101,"href":"https:\/\/www.orentees.com\/de\/wp-json\/wp\/v2\/product\/36882\/revisions\/145101"}],"wp:featuredmedia":[{"embeddable":true,"href":"https:\/\/www.orentees.com\/de\/wp-json\/wp\/v2\/media\/145091"}],"wp:attachment":[{"href":"https:\/\/www.orentees.com\/de\/wp-json\/wp\/v2\/media?parent=36882"}],"wp:term":[{"taxonomy":"product_brand","embeddable":true,"href":"https:\/\/www.orentees.com\/de\/wp-json\/wp\/v2\/product_brand?post=36882"},{"taxonomy":"product_cat","embeddable":true,"href":"https:\/\/www.orentees.com\/de\/wp-json\/wp\/v2\/product_cat?post=36882"},{"taxonomy":"product_tag","embeddable":true,"href":"https:\/\/www.orentees.com\/de\/wp-json\/wp\/v2\/product_tag?post=36882"}],"curies":[{"name":"wp","href":"https:\/\/api.w.org\/{rel}","templated":true}]}}