{"id":387346,"date":"2025-12-08T18:17:31","date_gmt":"2025-12-08T17:17:31","guid":{"rendered":"https:\/\/www.orentees.com\/?post_type=product&#038;p=387346"},"modified":"2026-01-04T23:15:06","modified_gmt":"2026-01-04T22:15:06","slug":"location-tenue-ski-homme-rossignol-cieloalto-black","status":"publish","type":"product","link":"https:\/\/www.orentees.com\/de\/product\/location-tenue-ski-homme-rossignol-cieloalto-black\/","title":{"rendered":"VERMIETUNG VON ROSSIGNOL CIELOALTO SCHWARZER HERREN-SKIAUSR\u00dcSTUNG"},"content":{"rendered":"","protected":false},"excerpt":{"rendered":"<p><!-- Pr\u00e9sentation --><\/p>\n<p style=\"text-align: left; font-size: 18px;\"><strong>Pr\u00e4sentation<\/strong><\/p>\n<p>Dort <strong>Rossignol Cieloalto Herren-Skianzug, schwarz<\/strong> kombiniert eine technische Softshelljacke und eine <strong>isolierte Skihose<\/strong> F\u00fcr komfortable Tage auf der Piste. Die schwarze Cieloalto JKT Jacke bietet recycelte Primaloft\u00ae Black 100 % Isolierung, ein Merinowollfutter und eine 10.000\/10.000 Membran, um Sie warm und trocken zu halten, und profitiert gleichzeitig von einem 4-Wege-Stretchmaterial, das jede Ihrer Bewegungen mitmacht.<\/p>\n<p>Die schwarze Skihose erg\u00e4nzt das Outfit perfekt: Dank ihrer 20.000\/20.000-Membran, der leichten 40-g-Isolierung und der vollst\u00e4ndig wasserdichten N\u00e4hte h\u00e4lt sie auch starkem Schneefall stand. Abnehmbare Hosentr\u00e4ger, ein verstellbarer Bund und integrierte Gamaschen sorgen f\u00fcr Halt und Schutz.<\/p>\n<p>Verf\u00fcgbar in <strong>Rossignol Skibekleidungsverleih<\/strong> Bei O&#039;rentees ist dieses vielseitige Outfit ideal zum Skifahren in Val Thorens, Tignes, Chamonix oder Les Deux Alpes, ohne dass Sie durch Ihre Ausr\u00fcstung beschwert werden.<\/p>\n<h3 style=\"font-size: 23px; font-weight: 600;\">Vorteile<\/h3>\n<table style=\"text-align: center; vertical-align: middle; border-color: #c8d4d0;\" border=\"1\">\n<tbody>\n<tr>\n<th>Hitze<\/th>\n<th>Undurchl\u00e4ssigkeit<\/th>\n<th>Atmungsaktivit\u00e4t<\/th>\n<th>\u00d6ko-Hinweis<\/th>\n<\/tr>\n<tr style=\"font-size: 1.1em; color: #f59f40;\">\n<td>\u25cf\u25cf\u25cf\u25cf\u25cb<\/td>\n<td>\u25cf\u25cf\u25cf\u25cb\u25cb<\/td>\n<td>\u25cf\u25cf\u25cf\u25cb\u25cb<\/td>\n<td>\u25cf\u25cf\u25cf\u25cf\u25cb<\/td>\n<\/tr>\n<\/tbody>\n<\/table>","protected":false},"featured_media":389664,"template":"","meta":{"_acf_changed":false},"product_brand":[],"product_cat":[4481,3055,4185,1925],"product_tag":[],"class_list":{"0":"post-387346","1":"product","2":"type-product","3":"status-publish","4":"has-post-thumbnail","6":"product_cat-location-vetement-grand-froid","7":"product_cat-location-vetement-de-ski","8":"product_cat-location-vetement-ski-rossignol","9":"product_cat-homme","10":"pa_couleur-pantalon-noir","11":"pa_couleur-veste-noir","12":"pa_coupe-pantalon-regular","13":"pa_coupe-veste-regular","14":"pa_genre-homme","15":"pa_impermeabilite-10000-mm","16":"pa_marque-rossignol","17":"pa_respirabilite-10000-gr-m2","18":"pa_taille-s","19":"pa_taille-m","20":"pa_taille-l","21":"pa_taille-xl","22":"pa_type-produit-tenue-complete","24":"first","25":"instock","26":"sale","27":"virtual","28":"taxable","29":"purchasable","30":"product-type-bundle"},"bundled_by":[],"bundle_stock_status":"instock","bundle_stock_quantity":8,"bundle_virtual":false,"bundle_layout":"default","bundle_add_to_cart_form_location":"default","bundle_editable_in_cart":false,"bundle_sold_individually_context":"product","bundle_item_grouping":"parent","bundle_min_size":"","bundle_max_size":"","bundled_items":[{"bundled_item_id":24861,"product_id":387226,"menu_order":0,"quantity_min":1,"quantity_max":1,"quantity_default":1,"priced_individually":true,"shipped_individually":false,"override_title":true,"title":"Jacke","override_description":true,"description":"Gr\u00f6\u00dfe ausw\u00e4hlen:","optional":false,"hide_thumbnail":false,"discount":"","override_variations":false,"allowed_variations":[],"override_default_variation_attributes":false,"default_variation_attributes":[],"single_product_visibility":"visible","cart_visibility":"visible","order_visibility":"visible","single_product_price_visibility":"hidden","cart_price_visibility":"hidden","order_price_visibility":"hidden","stock_status":"in_stock"},{"bundled_item_id":24862,"product_id":98517,"menu_order":1,"quantity_min":1,"quantity_max":1,"quantity_default":1,"priced_individually":true,"shipped_individually":false,"override_title":true,"title":"Hose","override_description":true,"description":"Gr\u00f6\u00dfe ausw\u00e4hlen:","optional":false,"hide_thumbnail":false,"discount":"100","override_variations":false,"allowed_variations":[],"override_default_variation_attributes":false,"default_variation_attributes":[],"single_product_visibility":"visible","cart_visibility":"visible","order_visibility":"visible","single_product_price_visibility":"hidden","cart_price_visibility":"hidden","order_price_visibility":"hidden","stock_status":"in_stock"},{"bundled_item_id":24849,"product_id":33226,"menu_order":2,"quantity_min":1,"quantity_max":1,"quantity_default":1,"priced_individually":true,"shipped_individually":false,"override_title":true,"title":"Seconde couche Polaire \/ Fleece - MILLET -","override_description":false,"description":"16 \u20ac \/ location","optional":true,"hide_thumbnail":false,"discount":"","override_variations":false,"allowed_variations":[],"override_default_variation_attributes":false,"default_variation_attributes":[{"id":0,"name":"Gr\u00f6\u00dfe","option":"S"}],"single_product_visibility":"visible","cart_visibility":"visible","order_visibility":"visible","single_product_price_visibility":"hidden","cart_price_visibility":"hidden","order_price_visibility":"hidden","stock_status":"in_stock"},{"bundled_item_id":24850,"product_id":32868,"menu_order":3,"quantity_min":1,"quantity_max":1,"quantity_default":1,"priced_individually":true,"shipped_individually":false,"override_title":true,"title":"Masque Ski \/ Goggles -JULBO -","override_description":false,"description":"16 \u20ac \/ location","optional":true,"hide_thumbnail":false,"discount":"","override_variations":false,"allowed_variations":[],"override_default_variation_attributes":false,"default_variation_attributes":[],"single_product_visibility":"visible","cart_visibility":"visible","order_visibility":"visible","single_product_price_visibility":"hidden","cart_price_visibility":"hidden","order_price_visibility":"hidden","stock_status":"in_stock"},{"bundled_item_id":24851,"product_id":30102,"menu_order":4,"quantity_min":1,"quantity_max":1,"quantity_default":1,"priced_individually":true,"shipped_individually":false,"override_title":true,"title":"Gants \/ Gloves - RACER -","override_description":false,"description":"16 \u20ac \/ location","optional":true,"hide_thumbnail":false,"discount":"","override_variations":false,"allowed_variations":[],"override_default_variation_attributes":false,"default_variation_attributes":[],"single_product_visibility":"visible","cart_visibility":"visible","order_visibility":"visible","single_product_price_visibility":"hidden","cart_price_visibility":"hidden","order_price_visibility":"hidden","stock_status":"in_stock"},{"bundled_item_id":24852,"product_id":156143,"menu_order":5,"quantity_min":1,"quantity_max":1,"quantity_default":1,"priced_individually":true,"shipped_individually":false,"override_title":false,"title":"Bonnet ski - ROSSIGNOL -","override_description":false,"description":"","optional":true,"hide_thumbnail":false,"discount":"","override_variations":false,"allowed_variations":[],"override_default_variation_attributes":false,"default_variation_attributes":[],"single_product_visibility":"visible","cart_visibility":"visible","order_visibility":"visible","single_product_price_visibility":"hidden","cart_price_visibility":"hidden","order_price_visibility":"hidden","stock_status":"in_stock"},{"bundled_item_id":24853,"product_id":75247,"menu_order":6,"quantity_min":1,"quantity_max":1,"quantity_default":1,"priced_individually":true,"shipped_individually":false,"override_title":true,"title":"Tour de cou - Neck warmer","override_description":false,"description":"6 \u20ac \/ Miete","optional":true,"hide_thumbnail":false,"discount":"","override_variations":false,"allowed_variations":[],"override_default_variation_attributes":false,"default_variation_attributes":[],"single_product_visibility":"visible","cart_visibility":"visible","order_visibility":"visible","single_product_price_visibility":"hidden","cart_price_visibility":"hidden","order_price_visibility":"hidden","stock_status":"in_stock"},{"bundled_item_id":24854,"product_id":33243,"menu_order":7,"quantity_min":1,"quantity_max":2,"quantity_default":1,"priced_individually":true,"shipped_individually":false,"override_title":true,"title":"T-Shirt ML Active Wam - ODLO -","override_description":false,"description":"16 \u20ac \/ location","optional":true,"hide_thumbnail":false,"discount":"","override_variations":false,"allowed_variations":[],"override_default_variation_attributes":false,"default_variation_attributes":[],"single_product_visibility":"visible","cart_visibility":"visible","order_visibility":"visible","single_product_price_visibility":"hidden","cart_price_visibility":"hidden","order_price_visibility":"hidden","stock_status":"in_stock"},{"bundled_item_id":24855,"product_id":33258,"menu_order":8,"quantity_min":1,"quantity_max":2,"quantity_default":1,"priced_individually":true,"shipped_individually":false,"override_title":true,"title":"Collant long \/ Base layer pants Active Wam - ODLO -","override_description":false,"description":"16 \u20ac \/ location","optional":true,"hide_thumbnail":false,"discount":"","override_variations":false,"allowed_variations":[],"override_default_variation_attributes":false,"default_variation_attributes":[],"single_product_visibility":"visible","cart_visibility":"visible","order_visibility":"visible","single_product_price_visibility":"hidden","cart_price_visibility":"hidden","order_price_visibility":"hidden","stock_status":"in_stock"},{"bundled_item_id":24856,"product_id":33325,"menu_order":9,"quantity_min":1,"quantity_max":3,"quantity_default":1,"priced_individually":true,"shipped_individually":false,"override_title":true,"title":"Skisocken - MONNET -","override_description":false,"description":"6 \u20ac \/ Miete","optional":true,"hide_thumbnail":false,"discount":"","override_variations":false,"allowed_variations":[],"override_default_variation_attributes":false,"default_variation_attributes":[],"single_product_visibility":"visible","cart_visibility":"visible","order_visibility":"visible","single_product_price_visibility":"hidden","cart_price_visibility":"hidden","order_price_visibility":"hidden","stock_status":"in_stock"},{"bundled_item_id":24857,"product_id":29962,"menu_order":10,"quantity_min":1,"quantity_max":1,"quantity_default":1,"priced_individually":true,"shipped_individually":false,"override_title":true,"title":"Apr\u00e8s-Ski \/ Snow boots - SOREL -","override_description":false,"description":"36 \u20ac \/ location","optional":true,"hide_thumbnail":false,"discount":"","override_variations":false,"allowed_variations":[],"override_default_variation_attributes":false,"default_variation_attributes":[],"single_product_visibility":"visible","cart_visibility":"visible","order_visibility":"visible","single_product_price_visibility":"hidden","cart_price_visibility":"hidden","order_price_visibility":"hidden","stock_status":"in_stock"},{"bundled_item_id":24858,"product_id":156093,"menu_order":11,"quantity_min":1,"quantity_max":1,"quantity_default":1,"priced_individually":true,"shipped_individually":false,"override_title":false,"title":"Sac \u00e0 Dos ski 25 L - ROSSIGNOL -","override_description":false,"description":"","optional":true,"hide_thumbnail":false,"discount":"","override_variations":false,"allowed_variations":[],"override_default_variation_attributes":false,"default_variation_attributes":[],"single_product_visibility":"visible","cart_visibility":"visible","order_visibility":"visible","single_product_price_visibility":"hidden","cart_price_visibility":"hidden","order_price_visibility":"hidden","stock_status":"in_stock"},{"bundled_item_id":24859,"product_id":31106,"menu_order":12,"quantity_min":1,"quantity_max":1,"quantity_default":1,"priced_individually":true,"shipped_individually":true,"override_title":false,"title":"Reiser\u00fccktrittsversicherung","override_description":false,"description":"","optional":true,"hide_thumbnail":true,"discount":"","override_variations":false,"allowed_variations":[],"override_default_variation_attributes":false,"default_variation_attributes":[],"single_product_visibility":"visible","cart_visibility":"visible","order_visibility":"visible","single_product_price_visibility":"hidden","cart_price_visibility":"hidden","order_price_visibility":"hidden","stock_status":"in_stock"},{"bundled_item_id":24860,"product_id":31104,"menu_order":13,"quantity_min":1,"quantity_max":1,"quantity_default":1,"priced_individually":true,"shipped_individually":true,"override_title":false,"title":"SORGENFREIE VERSICHERUNG","override_description":false,"description":"","optional":true,"hide_thumbnail":true,"discount":"","override_variations":false,"allowed_variations":[],"override_default_variation_attributes":false,"default_variation_attributes":[],"single_product_visibility":"visible","cart_visibility":"visible","order_visibility":"visible","single_product_price_visibility":"hidden","cart_price_visibility":"hidden","order_price_visibility":"hidden","stock_status":"in_stock"}],"bundle_sell_ids":[],"_links":{"self":[{"href":"https:\/\/www.orentees.com\/de\/wp-json\/wp\/v2\/product\/387346","targetHints":{"allow":["GET"]}}],"collection":[{"href":"https:\/\/www.orentees.com\/de\/wp-json\/wp\/v2\/product"}],"about":[{"href":"https:\/\/www.orentees.com\/de\/wp-json\/wp\/v2\/types\/product"}],"version-history":[{"count":6,"href":"https:\/\/www.orentees.com\/de\/wp-json\/wp\/v2\/product\/387346\/revisions"}],"predecessor-version":[{"id":389685,"href":"https:\/\/www.orentees.com\/de\/wp-json\/wp\/v2\/product\/387346\/revisions\/389685"}],"wp:featuredmedia":[{"embeddable":true,"href":"https:\/\/www.orentees.com\/de\/wp-json\/wp\/v2\/media\/389664"}],"wp:attachment":[{"href":"https:\/\/www.orentees.com\/de\/wp-json\/wp\/v2\/media?parent=387346"}],"wp:term":[{"taxonomy":"product_brand","embeddable":true,"href":"https:\/\/www.orentees.com\/de\/wp-json\/wp\/v2\/product_brand?post=387346"},{"taxonomy":"product_cat","embeddable":true,"href":"https:\/\/www.orentees.com\/de\/wp-json\/wp\/v2\/product_cat?post=387346"},{"taxonomy":"product_tag","embeddable":true,"href":"https:\/\/www.orentees.com\/de\/wp-json\/wp\/v2\/product_tag?post=387346"}],"curies":[{"name":"wp","href":"https:\/\/api.w.org\/{rel}","templated":true}]}}