{"id":50565,"date":"2022-04-22T17:28:35","date_gmt":"2022-04-22T15:28:35","guid":{"rendered":"https:\/\/www.orentees.com\/?post_type=product&#038;p=50565"},"modified":"2025-08-22T07:14:02","modified_gmt":"2025-08-22T05:14:02","slug":"pack-rando-journee-homme","status":"publish","type":"product","link":"https:\/\/www.orentees.com\/de\/product\/pack-rando-journee-homme\/","title":{"rendered":"Wanderrucksack f\u00fcr Herren"},"content":{"rendered":"<h2><strong>Wanderpaket f\u00fcr den Herrentag<\/strong><\/h2>\n<h2>Verleih von Wander- und Trekkingausr\u00fcstung und -material f\u00fcr Herren<\/h2>\n<p>Der Tageswanderrucksack ist ein individuell anpassbarer Rucksack, der auf dem Rucksack basiert <strong>Hirse UBIC 30<\/strong>Mit einer Kapazit\u00e4t von <strong>30 Liter<\/strong>, ist er ideal, um alles zu transportieren, was Sie f\u00fcr einen Tag in der freien Natur ben\u00f6tigen. Er ist bequem und praktisch und erm\u00f6glicht Ihnen, ein Maximum an Ausr\u00fcstung mitzunehmen.<\/p>\n<p>Das Paket kann vervollst\u00e4ndigt werden durch:<\/p>\n<h4>GORETEX Wanderjacke:<\/h4>\n<ul>\n<li>Modell <strong>JAIPUR GTX<\/strong> F\u00fcr <strong>M\u00e4nner<\/strong>, Gore-Tex-Jacke von <strong>Lafuma<\/strong> Es ist ideal f\u00fcr 3-Jahreszeiten-Wanderungen\/Trekking. Leicht, atmungsaktiv und wasserdicht, wird es in Ihrem Rucksack vergessen.<\/li>\n<\/ul>\n<p>&nbsp;<\/p>\n<h4>GORETEX Wander\u00fcberhose:<\/h4>\n<ul>\n<li>Modell <strong>BEWEGUNG\u00a0<\/strong> auch f\u00fcr <strong>M\u00e4nner <\/strong>Und <strong>Frauen<\/strong> , diese \u00dcberhose aus Gore-Tex-Gewebe von <strong>Lafuma<\/strong> ist sehr praktisch: leicht und dank seitlicher Rei\u00dfverschl\u00fcsse sehr einfach anzuziehen.<\/li>\n<\/ul>\n<h4>Wanderschuhe von Millet:<\/h4>\n<ul>\n<li style=\"list-style-type: none;\">\n<ul>\n<li style=\"list-style-type: none;\">\n<ul>\n<li>Modell <strong>Super Trident<\/strong> f\u00fcr die <strong>M\u00e4nner<\/strong>, sie sind mittelhoch, perfekt f\u00fcr Wandern, Trekking und Bergsteigen. Sie <strong>ausr\u00fcsten<\/strong> neben dem <strong>Chamonix-F\u00fchrer<\/strong>! Sehr bequem, die Schuhe <strong>Millet<\/strong> sind in <strong>Goretex<\/strong> , die griffige Sohle ist in <strong>Vibram<\/strong>.<\/li>\n<\/ul>\n<\/li>\n<\/ul>\n<\/li>\n<\/ul>\n<p>&nbsp;<\/p>\n<h4>Fl\u00fcssigkeitszufuhr:<\/h4>\n<ul>\n<li style=\"list-style-type: none;\">\n<ul>\n<li style=\"list-style-type: none;\">\n<ul>\n<li>Dort <strong>Filterstrohhalm<\/strong> von <strong>Lebensstraw<\/strong>, praktisch, <strong>minimalistisch<\/strong>, kann es um den Hals vergessen oder am Rucksack aufgeh\u00e4ngt werden. Der Filterstrohhalm erm\u00f6glicht es Ihnen, sich mit Wasser aus Seen oder B\u00e4chen zu erfrischen. Es <strong>gefiltert<\/strong> <strong>99,99% Verunreinigungen.<\/strong><\/li>\n<\/ul>\n<\/li>\n<\/ul>\n<\/li>\n<\/ul>\n<h4>Gehen:<\/h4>\n<ul>\n<li style=\"list-style-type: none;\">\n<ul>\n<li style=\"list-style-type: none;\">\n<ul>\n<li><strong>Poncho<\/strong>: Der Poncho \/ die Plane von <strong>Vom Meer zum Gipfel<\/strong> bietet eine <strong>Schutz<\/strong> optimaler Schutz vor schlechtem Wetter. Sie und Ihre Ausr\u00fcstung werden gesch\u00fctzt <strong>gegen den Regen<\/strong>. Seine Gr\u00f6\u00dfe erm\u00f6glicht die Umwandlung in ein <strong>provisorische Unterkunft<\/strong> und so Schutz f\u00fcr die kleine Gruppe schaffen, w\u00e4hrend auf eine Verbesserung der Bedingungen gewartet wird.<\/li>\n<\/ul>\n<\/li>\n<\/ul>\n<\/li>\n<\/ul>\n<p>&nbsp;<\/p>\n<ul>\n<li style=\"list-style-type: none;\">\n<ul>\n<li style=\"list-style-type: none;\">\n<ul>\n<li><strong>Spazierst\u00f6cke<\/strong>: <strong>Komperdell<\/strong> in 3 Str\u00e4ngen, sind extrem widerstandsf\u00e4hig und <strong>an alle anpassbar<\/strong>Das Gehen mit Wanderst\u00f6cken bietet einen wirklich sp\u00fcrbaren Komfort. <strong>Probieren Sie sie aus und Sie werden sie lieben!<\/strong><\/li>\n<\/ul>\n<\/li>\n<\/ul>\n<\/li>\n<\/ul>\n<p>&nbsp;<\/p>","protected":false},"excerpt":{"rendered":"<p style=\"text-align: left; font-size: 18px;\"><strong>Pr\u00e4sentation:<\/strong><\/p>\n<p>Unser Tageswanderpaket: Damit Sie f\u00fcr Ihre Wanderungen bestens ger\u00fcstet sind<\/p>\n<p><strong>Passen Sie Ihren Wanderrucksack individuell an, indem Sie aus den zahlreichen Optionen die gew\u00fcnschten Artikel hinzuf\u00fcgen:<\/strong><\/p>\n<ul>\n<li>Wanderrucks\u00e4cke,<\/li>\n<li>GORE-TEX Wanderjacke,<\/li>\n<li>GORE-TEX Wanderhose,<\/li>\n<li>Fl\u00fcssigkeitszufuhr: Isolierflasche, Filterstrohhalm usw.<\/li>\n<li>Poncho,<\/li>\n<li>Spazierst\u00f6cke,<\/li>\n<li>Wanderschuhe<\/li>\n<\/ul>\n<p><strong>Weitere Informationen zu den Produkten erhalten Sie <\/strong>Klicken Sie auf das Symbol <img loading=\"lazy\" decoding=\"async\" class=\"wp-image-35744 alignnone\" src=\"https:\/\/lespetitsmontagnards.com\/wp-content\/uploads\/Icone-detail-low-300x300.jpg\" alt=\"\" width=\"22\" height=\"22\" \/> bei der Auswahl.<\/p>","protected":false},"featured_media":179241,"template":"","meta":{"_acf_changed":false},"product_brand":[],"product_cat":[3051,3671],"product_tag":[],"class_list":{"0":"post-50565","1":"product","2":"type-product","3":"status-publish","4":"has-post-thumbnail","6":"product_cat-accueil","7":"product_cat-location-materiel-randonnee","9":"first","10":"instock","11":"virtual","12":"taxable","13":"purchasable","14":"product-type-bundle"},"bundled_by":[],"bundle_stock_status":"instock","bundle_stock_quantity":"","bundle_virtual":false,"bundle_layout":"default","bundle_add_to_cart_form_location":"default","bundle_editable_in_cart":false,"bundle_sold_individually_context":"product","bundle_item_grouping":"parent","bundle_min_size":"","bundle_max_size":"","bundled_items":[{"bundled_item_id":3143,"product_id":30148,"menu_order":0,"quantity_min":1,"quantity_max":2,"quantity_default":1,"priced_individually":true,"shipped_individually":false,"override_title":true,"title":"","override_description":true,"description":"","optional":true,"hide_thumbnail":false,"discount":"","override_variations":false,"allowed_variations":[],"override_default_variation_attributes":false,"default_variation_attributes":[],"single_product_visibility":"visible","cart_visibility":"visible","order_visibility":"visible","single_product_price_visibility":"hidden","cart_price_visibility":"hidden","order_price_visibility":"hidden","stock_status":"in_stock"},{"bundled_item_id":3145,"product_id":50532,"menu_order":1,"quantity_min":1,"quantity_max":1,"quantity_default":1,"priced_individually":true,"shipped_individually":false,"override_title":true,"title":"Veste Homme Gore-Tex Lafuma","override_description":true,"description":"7,50 \u20ac \/ Tag **","optional":true,"hide_thumbnail":false,"discount":"","override_variations":false,"allowed_variations":[],"override_default_variation_attributes":true,"default_variation_attributes":[{"id":0,"name":"Gr\u00f6\u00dfe","option":"S"}],"single_product_visibility":"visible","cart_visibility":"visible","order_visibility":"visible","single_product_price_visibility":"hidden","cart_price_visibility":"hidden","order_price_visibility":"hidden","stock_status":"in_stock"},{"bundled_item_id":3147,"product_id":50548,"menu_order":2,"quantity_min":1,"quantity_max":1,"quantity_default":1,"priced_individually":true,"shipped_individually":false,"override_title":true,"title":"Surpantalon  Gore-Tex Lafuma Unisexe","override_description":true,"description":"3 \u20ac \/ Tag **","optional":true,"hide_thumbnail":false,"discount":"","override_variations":false,"allowed_variations":[],"override_default_variation_attributes":true,"default_variation_attributes":[{"id":0,"name":"Gr\u00f6\u00dfe","option":"S"}],"single_product_visibility":"visible","cart_visibility":"visible","order_visibility":"visible","single_product_price_visibility":"hidden","cart_price_visibility":"hidden","order_price_visibility":"hidden","stock_status":"in_stock"},{"bundled_item_id":3149,"product_id":30167,"menu_order":3,"quantity_min":1,"quantity_max":1,"quantity_default":1,"priced_individually":true,"shipped_individually":false,"override_title":true,"title":"Chaussures Randonn\u00e9e Homme","override_description":true,"description":"6,75 \u20ac\/Tag **","optional":true,"hide_thumbnail":false,"discount":"","override_variations":false,"allowed_variations":[],"override_default_variation_attributes":false,"default_variation_attributes":[],"single_product_visibility":"visible","cart_visibility":"visible","order_visibility":"visible","single_product_price_visibility":"hidden","cart_price_visibility":"hidden","order_price_visibility":"hidden","stock_status":"in_stock"},{"bundled_item_id":3151,"product_id":30192,"menu_order":4,"quantity_min":1,"quantity_max":2,"quantity_default":1,"priced_individually":true,"shipped_individually":false,"override_title":true,"title":"Wanderst\u00f6cke","override_description":true,"description":"1,50 \u20ac \/ Tag **","optional":true,"hide_thumbnail":false,"discount":"","override_variations":false,"allowed_variations":[],"override_default_variation_attributes":false,"default_variation_attributes":[],"single_product_visibility":"visible","cart_visibility":"visible","order_visibility":"visible","single_product_price_visibility":"hidden","cart_price_visibility":"hidden","order_price_visibility":"hidden","stock_status":"in_stock"},{"bundled_item_id":3153,"product_id":36112,"menu_order":5,"quantity_min":1,"quantity_max":2,"quantity_default":1,"priced_individually":true,"shipped_individually":false,"override_title":true,"title":"Gourde SIGG Original 750ml","override_description":true,"description":"2 \u20ac \/ Tag **","optional":true,"hide_thumbnail":false,"discount":"","override_variations":false,"allowed_variations":[],"override_default_variation_attributes":false,"default_variation_attributes":[],"single_product_visibility":"visible","cart_visibility":"visible","order_visibility":"visible","single_product_price_visibility":"hidden","cart_price_visibility":"hidden","order_price_visibility":"hidden","stock_status":"in_stock"},{"bundled_item_id":3155,"product_id":36106,"menu_order":6,"quantity_min":1,"quantity_max":2,"quantity_default":1,"priced_individually":true,"shipped_individually":false,"override_title":true,"title":"Gourde Isotherme Filtrante 700ml","override_description":true,"description":"2 \u20ac \/ Tag **","optional":true,"hide_thumbnail":false,"discount":"","override_variations":false,"allowed_variations":[],"override_default_variation_attributes":false,"default_variation_attributes":[],"single_product_visibility":"visible","cart_visibility":"visible","order_visibility":"visible","single_product_price_visibility":"hidden","cart_price_visibility":"hidden","order_price_visibility":"hidden","stock_status":"in_stock"},{"bundled_item_id":3157,"product_id":30290,"menu_order":7,"quantity_min":1,"quantity_max":2,"quantity_default":1,"priced_individually":true,"shipped_individually":false,"override_title":true,"title":"Paille filtrante","override_description":true,"description":"1 \u20ac \/ Tag **","optional":true,"hide_thumbnail":false,"discount":"","override_variations":false,"allowed_variations":[],"override_default_variation_attributes":false,"default_variation_attributes":[],"single_product_visibility":"visible","cart_visibility":"visible","order_visibility":"visible","single_product_price_visibility":"hidden","cart_price_visibility":"hidden","order_price_visibility":"hidden","stock_status":"in_stock"},{"bundled_item_id":3159,"product_id":30190,"menu_order":8,"quantity_min":1,"quantity_max":2,"quantity_default":1,"priced_individually":true,"shipped_individually":false,"override_title":true,"title":"Poncho - tarp","override_description":true,"description":"1,25 \u20ac\/Tag **","optional":true,"hide_thumbnail":false,"discount":"","override_variations":false,"allowed_variations":[],"override_default_variation_attributes":false,"default_variation_attributes":[],"single_product_visibility":"visible","cart_visibility":"visible","order_visibility":"visible","single_product_price_visibility":"hidden","cart_price_visibility":"hidden","order_price_visibility":"hidden","stock_status":"in_stock"},{"bundled_item_id":3161,"product_id":36169,"menu_order":9,"quantity_min":1,"quantity_max":2,"quantity_default":1,"priced_individually":true,"shipped_individually":false,"override_title":true,"title":"Erste-Hilfe-Kasten","override_description":true,"description":"2 \u20ac \/ Tag **","optional":true,"hide_thumbnail":false,"discount":"","override_variations":false,"allowed_variations":[],"override_default_variation_attributes":false,"default_variation_attributes":[],"single_product_visibility":"visible","cart_visibility":"visible","order_visibility":"visible","single_product_price_visibility":"hidden","cart_price_visibility":"hidden","order_price_visibility":"hidden","stock_status":"in_stock"},{"bundled_item_id":3163,"product_id":31104,"menu_order":10,"quantity_min":1,"quantity_max":1,"quantity_default":1,"priced_individually":true,"shipped_individually":true,"override_title":true,"title":"SORGENVERSICHERUNG (+\u20ac10)","override_description":false,"description":"","optional":true,"hide_thumbnail":true,"discount":"","override_variations":false,"allowed_variations":[],"override_default_variation_attributes":false,"default_variation_attributes":[],"single_product_visibility":"visible","cart_visibility":"visible","order_visibility":"visible","single_product_price_visibility":"hidden","cart_price_visibility":"hidden","order_price_visibility":"hidden","stock_status":"in_stock"},{"bundled_item_id":3165,"product_id":31106,"menu_order":11,"quantity_min":1,"quantity_max":1,"quantity_default":1,"priced_individually":true,"shipped_individually":true,"override_title":true,"title":"Reiser\u00fccktrittsversicherung (+\u20ac10)","override_description":false,"description":"","optional":true,"hide_thumbnail":true,"discount":"","override_variations":false,"allowed_variations":[],"override_default_variation_attributes":false,"default_variation_attributes":[],"single_product_visibility":"visible","cart_visibility":"visible","order_visibility":"visible","single_product_price_visibility":"hidden","cart_price_visibility":"hidden","order_price_visibility":"hidden","stock_status":"in_stock"}],"bundle_sell_ids":[],"_links":{"self":[{"href":"https:\/\/www.orentees.com\/de\/wp-json\/wp\/v2\/product\/50565","targetHints":{"allow":["GET"]}}],"collection":[{"href":"https:\/\/www.orentees.com\/de\/wp-json\/wp\/v2\/product"}],"about":[{"href":"https:\/\/www.orentees.com\/de\/wp-json\/wp\/v2\/types\/product"}],"version-history":[{"count":7,"href":"https:\/\/www.orentees.com\/de\/wp-json\/wp\/v2\/product\/50565\/revisions"}],"predecessor-version":[{"id":188039,"href":"https:\/\/www.orentees.com\/de\/wp-json\/wp\/v2\/product\/50565\/revisions\/188039"}],"wp:featuredmedia":[{"embeddable":true,"href":"https:\/\/www.orentees.com\/de\/wp-json\/wp\/v2\/media\/179241"}],"wp:attachment":[{"href":"https:\/\/www.orentees.com\/de\/wp-json\/wp\/v2\/media?parent=50565"}],"wp:term":[{"taxonomy":"product_brand","embeddable":true,"href":"https:\/\/www.orentees.com\/de\/wp-json\/wp\/v2\/product_brand?post=50565"},{"taxonomy":"product_cat","embeddable":true,"href":"https:\/\/www.orentees.com\/de\/wp-json\/wp\/v2\/product_cat?post=50565"},{"taxonomy":"product_tag","embeddable":true,"href":"https:\/\/www.orentees.com\/de\/wp-json\/wp\/v2\/product_tag?post=50565"}],"curies":[{"name":"wp","href":"https:\/\/api.w.org\/{rel}","templated":true}]}}