{"id":50766,"date":"2022-05-05T17:01:42","date_gmt":"2022-05-05T15:01:42","guid":{"rendered":"https:\/\/www.orentees.com\/?post_type=product&#038;p=50766"},"modified":"2024-09-30T17:08:44","modified_gmt":"2024-09-30T15:08:44","slug":"location-hachette-multi-fonction","status":"publish","type":"product","link":"https:\/\/www.orentees.com\/de\/product\/location-hachette-multi-fonction\/","title":{"rendered":"Hachette Multifunktionsvermietung"},"content":{"rendered":"<h3><strong>Hachette Multifunktions-SOL-Vermietung<\/strong><\/h3>\n<p>Unverzichtbar f\u00fcr angehende Holzf\u00e4ller-Wanderer.<\/p>","protected":false},"excerpt":{"rendered":"<p style=\"text-align: left; font-size: 18px;\"><strong>Pr\u00e4sentation:<\/strong><\/p>\n<p>Das SOL-Mehrzweckbeil ist der unverzichtbare Begleiter f\u00fcr alle, die in der Wildnis \u00fcberleben wollen. Damit k\u00f6nnen Sie Ihr Feuer vorbereiten und Ihr Lager aufschlagen.<\/p>\n<p>Es ist multifunktional und mit einem Kabelschneider, 3 Sechskantschl\u00fcsseln, einem Flaschen\u00f6ffner usw. ausgestattet.<\/p>\n<p>Nur als Paket erh\u00e4ltlich.<\/p>\n<hr \/>\n<p style=\"text-align: center;\"><em><strong>Pierres Meinung:<\/strong> \u201eIch gebe zu, ich liebe es, mit dieser kleinen Axt umzugehen, ich f\u00fchle mich, als w\u00e4re ich auf Koh Lanta!<\/em><em>&#8220;<\/em><\/p>\n<hr \/>\n<p>&nbsp;<\/p>\n<p>&nbsp;<\/p>\n<p><em><span lang=\"fr\" style=\"font-size: 10pt; font-family: Verdana, sans-serif; color: #000000;\" xml:lang=\"fr\">* Foto nicht bindend<\/span><\/em><\/p>\n<p><span style=\"font-size: 10pt;\"> ** Basierend auf einer 8-t\u00e4gigen Miete<\/span><\/p>","protected":false},"featured_media":144993,"template":"","meta":{"_acf_changed":false},"product_brand":[],"product_cat":[3051],"product_tag":[],"class_list":{"0":"post-50766","1":"product","2":"type-product","3":"status-publish","4":"has-post-thumbnail","6":"product_cat-accueil","7":"pa_marque-sol","8":"pa_poids-385-gr","10":"first","11":"instock","12":"taxable","13":"shipping-taxable","14":"purchasable","15":"product-type-simple"},"bundled_by":["50770","50774","50778"],"bundle_stock_status":"instock","bundle_stock_quantity":5,"bundle_virtual":false,"bundle_layout":"","bundle_add_to_cart_form_location":"","bundle_editable_in_cart":false,"bundle_sold_individually_context":"","bundle_item_grouping":"","bundle_min_size":"","bundle_max_size":"","bundled_items":[],"bundle_sell_ids":[],"_links":{"self":[{"href":"https:\/\/www.orentees.com\/de\/wp-json\/wp\/v2\/product\/50766","targetHints":{"allow":["GET"]}}],"collection":[{"href":"https:\/\/www.orentees.com\/de\/wp-json\/wp\/v2\/product"}],"about":[{"href":"https:\/\/www.orentees.com\/de\/wp-json\/wp\/v2\/types\/product"}],"version-history":[{"count":2,"href":"https:\/\/www.orentees.com\/de\/wp-json\/wp\/v2\/product\/50766\/revisions"}],"predecessor-version":[{"id":145031,"href":"https:\/\/www.orentees.com\/de\/wp-json\/wp\/v2\/product\/50766\/revisions\/145031"}],"wp:featuredmedia":[{"embeddable":true,"href":"https:\/\/www.orentees.com\/de\/wp-json\/wp\/v2\/media\/144993"}],"wp:attachment":[{"href":"https:\/\/www.orentees.com\/de\/wp-json\/wp\/v2\/media?parent=50766"}],"wp:term":[{"taxonomy":"product_brand","embeddable":true,"href":"https:\/\/www.orentees.com\/de\/wp-json\/wp\/v2\/product_brand?post=50766"},{"taxonomy":"product_cat","embeddable":true,"href":"https:\/\/www.orentees.com\/de\/wp-json\/wp\/v2\/product_cat?post=50766"},{"taxonomy":"product_tag","embeddable":true,"href":"https:\/\/www.orentees.com\/de\/wp-json\/wp\/v2\/product_tag?post=50766"}],"curies":[{"name":"wp","href":"https:\/\/api.w.org\/{rel}","templated":true}]}}