{"id":50770,"date":"2022-05-05T17:57:55","date_gmt":"2022-05-05T15:57:55","guid":{"rendered":"https:\/\/www.orentees.com\/?post_type=product&#038;p=50770"},"modified":"2025-03-14T15:35:51","modified_gmt":"2025-03-14T14:35:51","slug":"pack-bushcraft-survie","status":"publish","type":"product","link":"https:\/\/www.orentees.com\/de\/product\/pack-bushcraft-survie\/","title":{"rendered":"BUSHCRAFT SOLO-PAKET"},"content":{"rendered":"<p>&nbsp;<\/p>\n<h2><strong>BUSHCRAFT-Paket f\u00fcr 1 Person<\/strong><\/h2>\n<h2>Survival- und Bushcraft-Ausr\u00fcstung zum Mieten<\/h2>\n<p>Mit diesem Paket k\u00f6nnen Sie Ihre \u00dcberlebensf\u00e4higkeiten erlernen oder verbessern. Also keine Angst, brechen Sie zu einem Abenteuer im Wald oder in den Bergen auf.<\/p>\n<p>&nbsp;<\/p>\n<p>Die von uns ausgew\u00e4hlten Marken sind f\u00fcr die Qualit\u00e4t ihrer Produkte bekannt.<\/p>\n<p><strong>Sea To Summit, Hirse <\/strong>\u00a0f\u00fcr Tarps und Biwaks<\/p>\n<p><strong>Millet, Sea To Summit\u00a0<\/strong> f\u00fcr Schlafs\u00e4cke, Wanderrucks\u00e4cke, Wanderschuhe<\/p>\n<p><strong>Thermarest, MSR, Sea To Summit<\/strong> f\u00fcr Matratzen, Kissen, Schlafsacklaken, Schlafs\u00e4cke, Kocht\u00f6pfe,<\/p>\n<p><strong>JetBoil,<\/strong>\u00a0<strong>Grad 360 und MSR<\/strong> f\u00fcr die \u00d6fen.<\/p>\n<p>Alle unsere Produkte werden nach jeder Vermietung mit gr\u00f6\u00dfter Sorgfalt gepr\u00fcft, gereinigt und desinfiziert.<\/p>\n<p>Ihr Komfort und Ihre Sicherheit haben f\u00fcr uns Priorit\u00e4t.<\/p>\n<p>&nbsp;<\/p>\n<h4><span style=\"font-size: 19px;\">Schlafsackauswahl:<\/span><\/h4>\n<p><span style=\"text-decoration: underline;\"><strong>Die verschiedenen Eigenschaften:<\/strong><\/span><\/p>\n<h5><span style=\"text-decoration: underline;\"><strong>Arten der Isolierung:<\/strong><\/span><\/h5>\n<ul>\n<li>Daune: leicht, kompakt, bessere Isolierung<\/li>\n<li>Synthetik: langlebig, gute Isolierung auch bei N\u00e4sse, pflegeleicht<\/li>\n<\/ul>\n<p>&nbsp;<\/p>\n<h5><span style=\"text-decoration: underline;\"><strong>Betriebstemperatur:<\/strong><\/span><\/h5>\n<p>Es werden 3 Arten von Temperaturen angezeigt:<\/p>\n<ul>\n<li>Komforttemperatur: Dies entspricht der Gebrauchstemperatur, ohne K\u00e4ltegef\u00fchl, mit optimalem Komfort<\/li>\n<li>Komfort-Grenztemperatur: entspricht den Temperaturen, die man im zusammengerollten Zustand ertragen kann.<\/li>\n<li>Extreme Temperatur: entspricht tats\u00e4chlich der Grenztemperatur f\u00fcr den Einsatz unter extremen Bedingungen. Dar\u00fcber hinaus ist das Risiko einer Unterk\u00fchlung sehr hoch.<\/li>\n<\/ul>\n<p><span style=\"text-decoration: underline;\"><strong>Gewicht:<\/strong><\/span><\/p>\n<p>Das Gewicht eines Schlafsacks ist ein wichtiger Faktor beim Wandern\/Trekking. Ein paar hundert Gramm k\u00f6nnen auf einer langen und anstrengenden Wanderung einen gro\u00dfen Unterschied machen.<\/p>\n<h4><\/h4>\n<h4><span style=\"font-size: 19px;\">Matratzenauswahl:<\/span><\/h4>\n<p><span style=\"text-decoration: underline;\"><strong>Die verschiedenen Eigenschaften:<\/strong><\/span><\/p>\n<h5><span style=\"text-decoration: underline;\"><strong>Verschiedene Designarten:<\/strong><\/span><\/h5>\n<ul>\n<li>Schaumstoff: leicht, widerstandsf\u00e4hig<\/li>\n<li>Selbstaufblasend: Schneller Aufbau, bequem, isolierend<\/li>\n<li>Aufblasbar: leicht, kompakt,<\/li>\n<\/ul>\n<h5><span style=\"text-decoration: underline;\"><strong>Dicke:<\/strong><\/span><\/h5>\n<p>Die Dicke ist ein wichtiger Faktor f\u00fcr den Komfort. Je dicker die Matratze, desto komfortabler ist sie. Der Nachteil, insbesondere bei selbstaufblasenden Matratzen, ist, dass die Dicke das Gewicht der Matratze beeinflusst.<\/p>\n<h5><span style=\"text-decoration: underline;\"><strong>Isolationsindex:<\/strong><\/span><\/h5>\n<p>Der Isolationsindex wird mit dem R-Wert gemessen: Je h\u00f6her dieser ist, desto besser ist die Isolierung (gegen die vom Boden kommende K\u00e4lte).<\/p>\n<h5><span style=\"text-decoration: underline;\"><strong>Form:<\/strong><\/span><\/h5>\n<p>Matratzen gibt es in verschiedenen Formen: rechteckig, Sarkophag usw. Die Wahl ist eine ganz pers\u00f6nliche Angelegenheit, aber als allgemeine Regel gilt: Je besser die Form zur K\u00f6rperform passt (Sarkophag), desto geringer ist das Gewicht und desto komfortabler ist die Matratze, je nachdem, wie Sie schlafen (ob Sie sich viel bewegen oder nicht).<\/p>\n<p><span style=\"text-decoration: underline;\"><strong>Gewicht:<\/strong><\/span><\/p>\n<p>Das Gewicht einer Matratze ist ein wichtiger Faktor, der beim Wandern\/Trekking ber\u00fccksichtigt werden muss.<\/p>","protected":false},"excerpt":{"rendered":"<p style=\"text-align: left; font-size: 18px;\"><strong>Pr\u00e4sentation:<\/strong><\/p>\n<p>Unser Paket <strong>Bushcraft\u00a0<\/strong> ist ideal f\u00fcr <strong>um anzufangen<\/strong> zum <strong>\u00dcberleben<\/strong> ob im Training oder alleine. Das Paket besteht aus grundlegenden \u00dcberlebensgegenst\u00e4nden, die Sie durch zus\u00e4tzliche Gegenst\u00e4nde erg\u00e4nzen k\u00f6nnen:<\/p>\n<p><span style=\"text-decoration: underline;\">Grundelemente <strong>Bushcraft<\/strong> im Paket enthalten:<\/span><\/p>\n<ul>\n<li>Multifunktionsschaufel<\/li>\n<li>Multifunktionsbeil<\/li>\n<li>\u00dcberlebensmesser<\/li>\n<li>Kompass<\/li>\n<li>Firestone<\/li>\n<li>Biwaksack (Schlafsackh\u00fclle)<\/li>\n<\/ul>\n<p><span style=\"text-decoration: underline;\">Zus\u00e4tzliche Bushcraft-Elemente, die Sie je nach Bedarf hinzuf\u00fcgen k\u00f6nnen:<\/span><\/p>\n<ul>\n<li>Plane<\/li>\n<li>Schaumstoffmatratze<\/li>\n<li>Campinglampe<\/li>\n<\/ul>\n<p>Dann <strong>anpassen<\/strong> dein <strong>Pack<\/strong> Bushcraft, indem Sie die ben\u00f6tigten Gegenst\u00e4nde aus dem <strong>viele Optionen<\/strong>:<\/p>\n<div style=\"float: left; width: 50%;\">\n<ul>\n<li>Wanderrucks\u00e4cke<\/li>\n<li>Selbstaufblasende Matratze \/ Aufblasbar<\/li>\n<li>Kissen<\/li>\n<li>Schlafs\u00e4cke<\/li>\n<\/ul>\n<\/div>\n<div style=\"float: left; width: 50%;\">\n<ul>\n<li>Herd &amp; Kochgeschirr<\/li>\n<li>K\u00fcchenzubeh\u00f6r<\/li>\n<li>Fl\u00fcssigkeitszufuhr<\/li>\n<li>Wanderzubeh\u00f6r<\/li>\n<\/ul>\n<\/div>\n<p>&nbsp;<\/p>\n<p><strong>Weitere Informationen zu den Produkten erhalten Sie <\/strong>Klicken Sie auf das Symbol <img loading=\"lazy\" decoding=\"async\" class=\"wp-image-35744 alignnone\" src=\"https:\/\/lespetitsmontagnards.com\/wp-content\/uploads\/Icone-detail-low-300x300.jpg\" alt=\"\" width=\"22\" height=\"22\" \/> bei der Auswahl<\/p>","protected":false},"featured_media":179251,"template":"","meta":{"_acf_changed":false},"product_brand":[],"product_cat":[1555],"product_tag":[],"class_list":{"0":"post-50770","1":"product","2":"type-product","3":"status-publish","4":"has-post-thumbnail","6":"product_cat-pack-bushcraft-survie","8":"first","9":"instock","10":"taxable","11":"shipping-taxable","12":"purchasable","13":"product-type-bundle"},"bundled_by":[],"bundle_stock_status":"instock","bundle_stock_quantity":5,"bundle_virtual":false,"bundle_layout":"default","bundle_add_to_cart_form_location":"default","bundle_editable_in_cart":false,"bundle_sold_individually_context":"product","bundle_item_grouping":"parent","bundle_min_size":"","bundle_max_size":"","bundled_items":[{"bundled_item_id":3191,"product_id":50746,"menu_order":0,"quantity_min":1,"quantity_max":1,"quantity_default":1,"priced_individually":true,"shipped_individually":false,"override_title":true,"title":"Pelle Multi Fonction:","override_description":true,"description":"1,75 \u20ac\/Tag **","optional":false,"hide_thumbnail":false,"discount":"","override_variations":false,"allowed_variations":[],"override_default_variation_attributes":false,"default_variation_attributes":[],"single_product_visibility":"visible","cart_visibility":"visible","order_visibility":"visible","single_product_price_visibility":"hidden","cart_price_visibility":"hidden","order_price_visibility":"hidden","stock_status":"in_stock"},{"bundled_item_id":3193,"product_id":50766,"menu_order":1,"quantity_min":1,"quantity_max":1,"quantity_default":1,"priced_individually":true,"shipped_individually":false,"override_title":true,"title":"Hachette Multi fonction","override_description":true,"description":"1,25 \u20ac\/Tag **","optional":false,"hide_thumbnail":false,"discount":"","override_variations":false,"allowed_variations":[],"override_default_variation_attributes":false,"default_variation_attributes":[],"single_product_visibility":"visible","cart_visibility":"visible","order_visibility":"visible","single_product_price_visibility":"hidden","cart_price_visibility":"hidden","order_price_visibility":"hidden","stock_status":"in_stock"},{"bundled_item_id":3195,"product_id":50741,"menu_order":2,"quantity_min":1,"quantity_max":1,"quantity_default":1,"priced_individually":true,"shipped_individually":false,"override_title":true,"title":"BIVY Bag (sursac de couchage)","override_description":true,"description":"3,75 \u20ac\/Tag **","optional":false,"hide_thumbnail":false,"discount":"","override_variations":false,"allowed_variations":[],"override_default_variation_attributes":false,"default_variation_attributes":[],"single_product_visibility":"visible","cart_visibility":"visible","order_visibility":"visible","single_product_price_visibility":"hidden","cart_price_visibility":"hidden","order_price_visibility":"hidden","stock_status":"in_stock"},{"bundled_item_id":3197,"product_id":50767,"menu_order":3,"quantity_min":1,"quantity_max":1,"quantity_default":1,"priced_individually":true,"shipped_individually":false,"override_title":true,"title":"\u00dcberlebensmesser","override_description":true,"description":"1 \u20ac \/ Tag **","optional":false,"hide_thumbnail":false,"discount":"","override_variations":false,"allowed_variations":[],"override_default_variation_attributes":false,"default_variation_attributes":[],"single_product_visibility":"visible","cart_visibility":"visible","order_visibility":"visible","single_product_price_visibility":"hidden","cart_price_visibility":"hidden","order_price_visibility":"hidden","stock_status":"in_stock"},{"bundled_item_id":3199,"product_id":50768,"menu_order":4,"quantity_min":1,"quantity_max":1,"quantity_default":1,"priced_individually":true,"shipped_individually":false,"override_title":true,"title":"Boussole cartographique & Miroir","override_description":true,"description":"0,75 \u20ac \/ Tag **","optional":false,"hide_thumbnail":false,"discount":"","override_variations":false,"allowed_variations":[],"override_default_variation_attributes":false,"default_variation_attributes":[],"single_product_visibility":"visible","cart_visibility":"visible","order_visibility":"visible","single_product_price_visibility":"hidden","cart_price_visibility":"hidden","order_price_visibility":"hidden","stock_status":"in_stock"},{"bundled_item_id":3201,"product_id":50765,"menu_order":5,"quantity_min":1,"quantity_max":1,"quantity_default":1,"priced_individually":true,"shipped_individually":false,"override_title":true,"title":"Firestone","override_description":true,"description":"1 \u20ac \/ Tag **","optional":false,"hide_thumbnail":false,"discount":"","override_variations":false,"allowed_variations":[],"override_default_variation_attributes":false,"default_variation_attributes":[],"single_product_visibility":"visible","cart_visibility":"visible","order_visibility":"visible","single_product_price_visibility":"hidden","cart_price_visibility":"hidden","order_price_visibility":"hidden","stock_status":"in_stock"},{"bundled_item_id":3203,"product_id":30148,"menu_order":6,"quantity_min":1,"quantity_max":1,"quantity_default":1,"priced_individually":true,"shipped_individually":false,"override_title":true,"title":"Sac \u00e0 dos 30 L :","override_description":true,"description":"4 \u20ac \/ Tag **","optional":true,"hide_thumbnail":false,"discount":"","override_variations":false,"allowed_variations":[],"override_default_variation_attributes":false,"default_variation_attributes":[],"single_product_visibility":"visible","cart_visibility":"visible","order_visibility":"visible","single_product_price_visibility":"hidden","cart_price_visibility":"hidden","order_price_visibility":"hidden","stock_status":"in_stock"},{"bundled_item_id":3205,"product_id":30152,"menu_order":7,"quantity_min":1,"quantity_max":1,"quantity_default":1,"priced_individually":true,"shipped_individually":false,"override_title":true,"title":"Sac \u00e0 dos 50 L","override_description":true,"description":"4,75 \u20ac\/Tag **","optional":true,"hide_thumbnail":false,"discount":"","override_variations":false,"allowed_variations":[],"override_default_variation_attributes":false,"default_variation_attributes":[],"single_product_visibility":"visible","cart_visibility":"visible","order_visibility":"visible","single_product_price_visibility":"hidden","cart_price_visibility":"hidden","order_price_visibility":"hidden","stock_status":"in_stock"},{"bundled_item_id":3207,"product_id":35342,"menu_order":8,"quantity_min":1,"quantity_max":1,"quantity_default":1,"priced_individually":true,"shipped_individually":false,"override_title":true,"title":"Sac \u00e0 dos 75 L","override_description":true,"description":"5,25 \u20ac\/Tag **","optional":true,"hide_thumbnail":false,"discount":"","override_variations":false,"allowed_variations":[],"override_default_variation_attributes":false,"default_variation_attributes":[],"single_product_visibility":"visible","cart_visibility":"visible","order_visibility":"visible","single_product_price_visibility":"hidden","cart_price_visibility":"hidden","order_price_visibility":"hidden","stock_status":"in_stock"},{"bundled_item_id":3209,"product_id":50759,"menu_order":9,"quantity_min":1,"quantity_max":1,"quantity_default":1,"priced_individually":true,"shipped_individually":false,"override_title":true,"title":"Tarp \/ Bache de protection","override_description":true,"description":"4 \u20ac \/ Tag **","optional":true,"hide_thumbnail":false,"discount":"","override_variations":false,"allowed_variations":[],"override_default_variation_attributes":false,"default_variation_attributes":[],"single_product_visibility":"visible","cart_visibility":"visible","order_visibility":"visible","single_product_price_visibility":"hidden","cart_price_visibility":"hidden","order_price_visibility":"hidden","stock_status":"in_stock"},{"bundled_item_id":3211,"product_id":50760,"menu_order":10,"quantity_min":1,"quantity_max":1,"quantity_default":1,"priced_individually":true,"shipped_individually":false,"override_title":true,"title":"Couverture de survie","override_description":true,"description":"0,75 \u20ac \/ Tag **","optional":true,"hide_thumbnail":false,"discount":"","override_variations":false,"allowed_variations":[],"override_default_variation_attributes":false,"default_variation_attributes":[],"single_product_visibility":"visible","cart_visibility":"visible","order_visibility":"visible","single_product_price_visibility":"hidden","cart_price_visibility":"hidden","order_price_visibility":"hidden","stock_status":"in_stock"},{"bundled_item_id":3213,"product_id":136073,"menu_order":11,"quantity_min":1,"quantity_max":1,"quantity_default":1,"priced_individually":true,"shipped_individually":false,"override_title":true,"title":"Schaumstoffmatratze","override_description":true,"description":"2 \u20ac \/ Tag **","optional":true,"hide_thumbnail":false,"discount":"","override_variations":false,"allowed_variations":[],"override_default_variation_attributes":false,"default_variation_attributes":[],"single_product_visibility":"visible","cart_visibility":"visible","order_visibility":"visible","single_product_price_visibility":"hidden","cart_price_visibility":"hidden","order_price_visibility":"hidden","stock_status":"in_stock"},{"bundled_item_id":3215,"product_id":35326,"menu_order":12,"quantity_min":1,"quantity_max":1,"quantity_default":1,"priced_individually":true,"shipped_individually":false,"override_title":true,"title":"Matelas auto-gonflable","override_description":true,"description":"4,25 \u20ac\/Tag **","optional":true,"hide_thumbnail":false,"discount":"","override_variations":false,"allowed_variations":[],"override_default_variation_attributes":false,"default_variation_attributes":[],"single_product_visibility":"visible","cart_visibility":"visible","order_visibility":"visible","single_product_price_visibility":"hidden","cart_price_visibility":"hidden","order_price_visibility":"hidden","stock_status":"in_stock"},{"bundled_item_id":3217,"product_id":35319,"menu_order":13,"quantity_min":1,"quantity_max":1,"quantity_default":1,"priced_individually":true,"shipped_individually":false,"override_title":true,"title":"Matelas gonflable","override_description":true,"description":"4,75 \u20ac\/Tag **","optional":true,"hide_thumbnail":false,"discount":"","override_variations":false,"allowed_variations":[],"override_default_variation_attributes":false,"default_variation_attributes":[],"single_product_visibility":"visible","cart_visibility":"visible","order_visibility":"visible","single_product_price_visibility":"hidden","cart_price_visibility":"hidden","order_price_visibility":"hidden","stock_status":"in_stock"},{"bundled_item_id":3219,"product_id":35330,"menu_order":14,"quantity_min":1,"quantity_max":1,"quantity_default":1,"priced_individually":true,"shipped_individually":false,"override_title":true,"title":"Sac de couchage (details ici)","override_description":true,"description":"4,50 \u20ac \/ Tag **","optional":true,"hide_thumbnail":false,"discount":"","override_variations":false,"allowed_variations":[],"override_default_variation_attributes":false,"default_variation_attributes":[],"single_product_visibility":"visible","cart_visibility":"visible","order_visibility":"visible","single_product_price_visibility":"hidden","cart_price_visibility":"hidden","order_price_visibility":"hidden","stock_status":"in_stock"},{"bundled_item_id":3221,"product_id":30196,"menu_order":15,"quantity_min":1,"quantity_max":1,"quantity_default":1,"priced_individually":true,"shipped_individually":false,"override_title":true,"title":"Scheinwerfer","override_description":true,"description":"1 \u20ac \/ Tag **","optional":true,"hide_thumbnail":false,"discount":"","override_variations":false,"allowed_variations":[],"override_default_variation_attributes":false,"default_variation_attributes":[],"single_product_visibility":"visible","cart_visibility":"visible","order_visibility":"visible","single_product_price_visibility":"hidden","cart_price_visibility":"hidden","order_price_visibility":"hidden","stock_status":"in_stock"},{"bundled_item_id":3223,"product_id":136069,"menu_order":16,"quantity_min":1,"quantity_max":1,"quantity_default":1,"priced_individually":true,"shipped_individually":false,"override_title":true,"title":"Lampe de camp - Batterie externe USB","override_description":true,"description":"1,75 \u20ac\/Tag **","optional":true,"hide_thumbnail":false,"discount":"","override_variations":false,"allowed_variations":[],"override_default_variation_attributes":false,"default_variation_attributes":[],"single_product_visibility":"visible","cart_visibility":"visible","order_visibility":"visible","single_product_price_visibility":"hidden","cart_price_visibility":"hidden","order_price_visibility":"hidden","stock_status":"in_stock"},{"bundled_item_id":3225,"product_id":35350,"menu_order":17,"quantity_min":1,"quantity_max":1,"quantity_default":1,"priced_individually":true,"shipped_individually":false,"override_title":true,"title":"Kit R\u00e9chaud & Popote","override_description":true,"description":"3 \u20ac \/ Tag **","optional":true,"hide_thumbnail":false,"discount":"","override_variations":false,"allowed_variations":[],"override_default_variation_attributes":false,"default_variation_attributes":[],"single_product_visibility":"visible","cart_visibility":"visible","order_visibility":"visible","single_product_price_visibility":"hidden","cart_price_visibility":"hidden","order_price_visibility":"hidden","stock_status":"in_stock"},{"bundled_item_id":3227,"product_id":35359,"menu_order":18,"quantity_min":1,"quantity_max":1,"quantity_default":1,"priced_individually":true,"shipped_individually":false,"override_title":true,"title":"Po\u00eble - Faitout","override_description":true,"description":"3,15 \u20ac\/Tag **","optional":true,"hide_thumbnail":false,"discount":"","override_variations":false,"allowed_variations":[],"override_default_variation_attributes":false,"default_variation_attributes":[],"single_product_visibility":"visible","cart_visibility":"visible","order_visibility":"visible","single_product_price_visibility":"hidden","cart_price_visibility":"hidden","order_price_visibility":"hidden","stock_status":"in_stock"},{"bundled_item_id":3229,"product_id":35361,"menu_order":19,"quantity_min":1,"quantity_max":1,"quantity_default":1,"priced_individually":true,"shipped_individually":false,"override_title":true,"title":"R\u00e9servoir eau","override_description":true,"description":"1 \u20ac \/ Tag **","optional":true,"hide_thumbnail":false,"discount":"","override_variations":false,"allowed_variations":[],"override_default_variation_attributes":false,"default_variation_attributes":[],"single_product_visibility":"visible","cart_visibility":"visible","order_visibility":"visible","single_product_price_visibility":"hidden","cart_price_visibility":"hidden","order_price_visibility":"hidden","stock_status":"in_stock"},{"bundled_item_id":3231,"product_id":30290,"menu_order":20,"quantity_min":1,"quantity_max":1,"quantity_default":1,"priced_individually":true,"shipped_individually":false,"override_title":true,"title":"Paille filtrante","override_description":true,"description":"1 \u20ac \/ Tag **","optional":true,"hide_thumbnail":false,"discount":"","override_variations":false,"allowed_variations":[],"override_default_variation_attributes":false,"default_variation_attributes":[],"single_product_visibility":"visible","cart_visibility":"visible","order_visibility":"visible","single_product_price_visibility":"hidden","cart_price_visibility":"hidden","order_price_visibility":"hidden","stock_status":"in_stock"},{"bundled_item_id":3233,"product_id":36106,"menu_order":21,"quantity_min":1,"quantity_max":1,"quantity_default":1,"priced_individually":true,"shipped_individually":false,"override_title":true,"title":"Gourde Isotherme Filtrante 700ml","override_description":true,"description":"2 \u20ac \/ Tag **","optional":true,"hide_thumbnail":false,"discount":"","override_variations":false,"allowed_variations":[],"override_default_variation_attributes":false,"default_variation_attributes":[],"single_product_visibility":"visible","cart_visibility":"visible","order_visibility":"visible","single_product_price_visibility":"hidden","cart_price_visibility":"hidden","order_price_visibility":"hidden","stock_status":"in_stock"},{"bundled_item_id":3235,"product_id":30190,"menu_order":22,"quantity_min":1,"quantity_max":1,"quantity_default":1,"priced_individually":true,"shipped_individually":false,"override_title":true,"title":"Poncho - tarp","override_description":true,"description":"1,25 \u20ac\/Tag **","optional":true,"hide_thumbnail":false,"discount":"","override_variations":false,"allowed_variations":[],"override_default_variation_attributes":false,"default_variation_attributes":[],"single_product_visibility":"visible","cart_visibility":"visible","order_visibility":"visible","single_product_price_visibility":"hidden","cart_price_visibility":"hidden","order_price_visibility":"hidden","stock_status":"in_stock"},{"bundled_item_id":3237,"product_id":30192,"menu_order":23,"quantity_min":1,"quantity_max":1,"quantity_default":1,"priced_individually":true,"shipped_individually":false,"override_title":true,"title":"Wanderst\u00f6cke","override_description":true,"description":"1,50 \u20ac \/ Tag **","optional":true,"hide_thumbnail":false,"discount":"","override_variations":false,"allowed_variations":[],"override_default_variation_attributes":false,"default_variation_attributes":[],"single_product_visibility":"visible","cart_visibility":"visible","order_visibility":"visible","single_product_price_visibility":"hidden","cart_price_visibility":"hidden","order_price_visibility":"visible","stock_status":"in_stock"},{"bundled_item_id":3239,"product_id":36169,"menu_order":24,"quantity_min":1,"quantity_max":1,"quantity_default":1,"priced_individually":true,"shipped_individually":false,"override_title":true,"title":"Erste-Hilfe-Kasten","override_description":true,"description":"2 \u20ac \/ Tag **","optional":true,"hide_thumbnail":false,"discount":"","override_variations":false,"allowed_variations":[],"override_default_variation_attributes":false,"default_variation_attributes":[],"single_product_visibility":"visible","cart_visibility":"visible","order_visibility":"visible","single_product_price_visibility":"hidden","cart_price_visibility":"hidden","order_price_visibility":"hidden","stock_status":"in_stock"},{"bundled_item_id":3241,"product_id":31104,"menu_order":25,"quantity_min":1,"quantity_max":1,"quantity_default":1,"priced_individually":true,"shipped_individually":true,"override_title":true,"title":"SORGENVERSICHERUNG (+\u20ac10)","override_description":false,"description":"","optional":true,"hide_thumbnail":true,"discount":"","override_variations":false,"allowed_variations":[],"override_default_variation_attributes":false,"default_variation_attributes":[],"single_product_visibility":"visible","cart_visibility":"visible","order_visibility":"visible","single_product_price_visibility":"hidden","cart_price_visibility":"hidden","order_price_visibility":"hidden","stock_status":"in_stock"},{"bundled_item_id":3243,"product_id":31106,"menu_order":26,"quantity_min":1,"quantity_max":1,"quantity_default":1,"priced_individually":true,"shipped_individually":true,"override_title":true,"title":"Reiser\u00fccktrittsversicherung (+\u20ac10)","override_description":false,"description":"","optional":true,"hide_thumbnail":true,"discount":"","override_variations":false,"allowed_variations":[],"override_default_variation_attributes":false,"default_variation_attributes":[],"single_product_visibility":"visible","cart_visibility":"visible","order_visibility":"visible","single_product_price_visibility":"hidden","cart_price_visibility":"hidden","order_price_visibility":"hidden","stock_status":"in_stock"}],"bundle_sell_ids":[],"_links":{"self":[{"href":"https:\/\/www.orentees.com\/de\/wp-json\/wp\/v2\/product\/50770","targetHints":{"allow":["GET"]}}],"collection":[{"href":"https:\/\/www.orentees.com\/de\/wp-json\/wp\/v2\/product"}],"about":[{"href":"https:\/\/www.orentees.com\/de\/wp-json\/wp\/v2\/types\/product"}],"version-history":[{"count":5,"href":"https:\/\/www.orentees.com\/de\/wp-json\/wp\/v2\/product\/50770\/revisions"}],"predecessor-version":[{"id":179275,"href":"https:\/\/www.orentees.com\/de\/wp-json\/wp\/v2\/product\/50770\/revisions\/179275"}],"wp:featuredmedia":[{"embeddable":true,"href":"https:\/\/www.orentees.com\/de\/wp-json\/wp\/v2\/media\/179251"}],"wp:attachment":[{"href":"https:\/\/www.orentees.com\/de\/wp-json\/wp\/v2\/media?parent=50770"}],"wp:term":[{"taxonomy":"product_brand","embeddable":true,"href":"https:\/\/www.orentees.com\/de\/wp-json\/wp\/v2\/product_brand?post=50770"},{"taxonomy":"product_cat","embeddable":true,"href":"https:\/\/www.orentees.com\/de\/wp-json\/wp\/v2\/product_cat?post=50770"},{"taxonomy":"product_tag","embeddable":true,"href":"https:\/\/www.orentees.com\/de\/wp-json\/wp\/v2\/product_tag?post=50770"}],"curies":[{"name":"wp","href":"https:\/\/api.w.org\/{rel}","templated":true}]}}