{"id":87081,"date":"2023-03-31T10:57:16","date_gmt":"2023-03-31T08:57:16","guid":{"rendered":"https:\/\/www.orentees.com\/?post_type=product&#038;p=87081"},"modified":"2024-12-10T15:44:46","modified_gmt":"2024-12-10T14:44:46","slug":"porte-bebe-voyage-osprey-poco-ltx","status":"publish","type":"product","link":"https:\/\/www.orentees.com\/de\/product\/porte-bebe-voyage-osprey-poco-ltx\/","title":{"rendered":"OSPREY POCO LTx Reise-Babytrage"},"content":{"rendered":"<p>Das Modell POCO LT von Osprey ist speziell f\u00fcr <strong>Spazierg\u00e4nge<\/strong>, DER <strong>Besuche\u00a0<\/strong> und die <strong>Reise<\/strong>.<\/p>\n<p>Ideal f\u00fcr Kinder bis 18 kg<\/p>\n<p class=\"MsoNormal\">Der Poco LT bietet optimalen Komfort bei minimalem Volumen. Die Babytrage bietet eine Vielzahl von Anpassungsm\u00f6glichkeiten f\u00fcr den Komfort sowohl des Kindes als auch des Tr\u00e4gers.<\/p>\n<p>Der POCO LT bietet eine integrierte Sonnenblende, die Ihr Baby effektiv sch\u00fctzt. (UPF 50)<\/p>\n<p class=\"MsoNormal\">Dieses Modell ist gewidmet <strong>Genusswanderungen<\/strong> aber vor allem dank seiner sehr geringen Gr\u00f6\u00dfe und seines Gewichts \u2013 weniger als 2,5 kg \u2013 wird es Ihr Verb\u00fcndeter sein <strong>Stadtrundfahrten<\/strong> und andere <strong>Reisen<\/strong>.<\/p>\n<p class=\"MsoNormal\">Er ist sehr gut ausgestattet und bietet au\u00dferdem ein 14-Liter-Innenfach, mehr als genug, um alles mitzunehmen, was Sie f\u00fcr den Tag brauchen.<\/p>","protected":false},"excerpt":{"rendered":"<p style=\"text-align: left; font-size: 18px;\"><strong>Pr\u00e4sentation:<\/strong><\/p>\n<p><strong>Der POCO LT Babytrage-Rucksack von Osprey:<\/strong><\/p>\n<ul>\n<li>Kompakt, leicht, ideal f\u00fcr Reisen, St\u00e4dtetouren und Freizeitspazierg\u00e4nge, \u2026<\/li>\n<li>Integrierte Sonnenblende mit UPF 50,<\/li>\n<li>Tragen f\u00fcr Erwachsene: hervorragende Bel\u00fcftung und absolute Bewegungsfreiheit,<\/li>\n<li>Sehr sicherer Kindersitz mit Hosentr\u00e4gergurt<\/li>\n<li>14 Liter Staufach<\/li>\n<li>Leergewicht: 2,43 kg<\/li>\n<li>Reduzierter Platzbedarf: 77 cm x 34 cm x 11 cm (gefaltet)<\/li>\n<li>Kindergewicht bis 18 kg<\/li>\n<\/ul>","protected":false},"featured_media":109741,"template":"","meta":{"_acf_changed":false},"product_brand":[],"product_cat":[3787,3179],"product_tag":[],"class_list":{"0":"post-87081","1":"product","2":"type-product","3":"status-publish","4":"has-post-thumbnail","6":"product_cat-porte-bebe-voyage","7":"product_cat-porte-bebe-location-materiel-bivouac","8":"pa_dimension-61-x-34-x-37-cm","9":"pa_dimension-pliee-77-x-34-x-11-cm","10":"pa_marque-osprey","11":"pa_modele-poco-lt","13":"first","14":"instock","15":"taxable","16":"shipping-taxable","17":"purchasable","18":"product-type-simple"},"bundled_by":["88549"],"bundle_stock_status":"instock","bundle_stock_quantity":10,"bundle_virtual":false,"bundle_layout":"","bundle_add_to_cart_form_location":"","bundle_editable_in_cart":false,"bundle_sold_individually_context":"","bundle_item_grouping":"","bundle_min_size":"","bundle_max_size":"","bundled_items":[],"bundle_sell_ids":[],"_links":{"self":[{"href":"https:\/\/www.orentees.com\/de\/wp-json\/wp\/v2\/product\/87081","targetHints":{"allow":["GET"]}}],"collection":[{"href":"https:\/\/www.orentees.com\/de\/wp-json\/wp\/v2\/product"}],"about":[{"href":"https:\/\/www.orentees.com\/de\/wp-json\/wp\/v2\/types\/product"}],"version-history":[{"count":7,"href":"https:\/\/www.orentees.com\/de\/wp-json\/wp\/v2\/product\/87081\/revisions"}],"predecessor-version":[{"id":161597,"href":"https:\/\/www.orentees.com\/de\/wp-json\/wp\/v2\/product\/87081\/revisions\/161597"}],"wp:featuredmedia":[{"embeddable":true,"href":"https:\/\/www.orentees.com\/de\/wp-json\/wp\/v2\/media\/109741"}],"wp:attachment":[{"href":"https:\/\/www.orentees.com\/de\/wp-json\/wp\/v2\/media?parent=87081"}],"wp:term":[{"taxonomy":"product_brand","embeddable":true,"href":"https:\/\/www.orentees.com\/de\/wp-json\/wp\/v2\/product_brand?post=87081"},{"taxonomy":"product_cat","embeddable":true,"href":"https:\/\/www.orentees.com\/de\/wp-json\/wp\/v2\/product_cat?post=87081"},{"taxonomy":"product_tag","embeddable":true,"href":"https:\/\/www.orentees.com\/de\/wp-json\/wp\/v2\/product_tag?post=87081"}],"curies":[{"name":"wp","href":"https:\/\/api.w.org\/{rel}","templated":true}]}}