{"id":87089,"date":"2023-03-31T11:46:05","date_gmt":"2023-03-31T09:46:05","guid":{"rendered":"https:\/\/www.orentees.com\/?post_type=product&#038;p=87089"},"modified":"2024-12-04T13:36:48","modified_gmt":"2024-12-04T12:36:48","slug":"location-sac-de-guidon-ortlieb-15-l","status":"publish","type":"product","link":"https:\/\/www.orentees.com\/de\/product\/location-sac-de-guidon-ortlieb-15-l\/","title":{"rendered":"ORTLIEB 15 L Lenkertasche zum Verleih"},"content":{"rendered":"<h3><strong>BIKEPACKING ORTLIEB 15 LITER Lenkertasche <\/strong><\/h3>\n<p>Die Lenkertasche bietet viel Stauraum und erm\u00f6glicht den Transport einer Vielzahl von Gegenst\u00e4nden, einschlie\u00dflich Zelten. Sie kann bis zu 5 kg Last tragen.<\/p>\n<p>Absolut wasserdicht, Ihre Sachen bleiben trocken.<\/p>\n<p>Universell einsetzbar, passt es sich dank seiner verstellbaren Haken an alle Fahrr\u00e4der an.<\/p>\n<p>&nbsp;<\/p>\n<p>&nbsp;<\/p>","protected":false},"excerpt":{"rendered":"<p><strong>Pr\u00e4sentation:<\/strong><\/p>\n<p><span id=\"p163\">Die ORTLIEB Lenkertasche 15 Liter passt dank verstellbarer Gurte an jedes Fahrrad. F\u00fcr die Montage ist kein Werkzeug erforderlich.<\/span><\/p>\n<p>Es bietet ein hervorragendes Fassungsverm\u00f6gen (15 Liter und 5 kg) und erm\u00f6glicht au\u00dferdem die Befestigung eines Zeltes zum Biwakieren.<\/p>\n<p>Zur Sicherheit ist es mit 3M-Reflexstreifen und einer Schlaufe zur Befestigung einer Lampe ausgestattet.<span id=\"p163\"><\/span><\/p>\n<p>Absolut wasserdicht \u2013 IP 64 \u2013 Ihr Hab und Gut bleibt gesch\u00fctzt.<\/p>","protected":false},"featured_media":145081,"template":"","meta":{"_acf_changed":false},"product_brand":[],"product_cat":[3767,3673],"product_tag":[],"class_list":{"0":"post-87089","1":"product","2":"type-product","3":"status-publish","4":"has-post-thumbnail","6":"product_cat-portage-bikepacking","7":"product_cat-location-bikepacking","8":"pa_dimension-58-x-20-x-20-cm","9":"pa_marque-ortlieb","10":"pa_modele-handlebar-pack-ps21r-15l","12":"first","13":"instock","14":"taxable","15":"shipping-taxable","16":"purchasable","17":"product-type-simple"},"bundled_by":["35993","35997","36000","36036","50795"],"bundle_stock_status":"instock","bundle_stock_quantity":9,"bundle_virtual":false,"bundle_layout":"","bundle_add_to_cart_form_location":"","bundle_editable_in_cart":false,"bundle_sold_individually_context":"","bundle_item_grouping":"","bundle_min_size":"","bundle_max_size":"","bundled_items":[],"bundle_sell_ids":[],"_links":{"self":[{"href":"https:\/\/www.orentees.com\/de\/wp-json\/wp\/v2\/product\/87089","targetHints":{"allow":["GET"]}}],"collection":[{"href":"https:\/\/www.orentees.com\/de\/wp-json\/wp\/v2\/product"}],"about":[{"href":"https:\/\/www.orentees.com\/de\/wp-json\/wp\/v2\/types\/product"}],"version-history":[{"count":2,"href":"https:\/\/www.orentees.com\/de\/wp-json\/wp\/v2\/product\/87089\/revisions"}],"predecessor-version":[{"id":145111,"href":"https:\/\/www.orentees.com\/de\/wp-json\/wp\/v2\/product\/87089\/revisions\/145111"}],"wp:featuredmedia":[{"embeddable":true,"href":"https:\/\/www.orentees.com\/de\/wp-json\/wp\/v2\/media\/145081"}],"wp:attachment":[{"href":"https:\/\/www.orentees.com\/de\/wp-json\/wp\/v2\/media?parent=87089"}],"wp:term":[{"taxonomy":"product_brand","embeddable":true,"href":"https:\/\/www.orentees.com\/de\/wp-json\/wp\/v2\/product_brand?post=87089"},{"taxonomy":"product_cat","embeddable":true,"href":"https:\/\/www.orentees.com\/de\/wp-json\/wp\/v2\/product_cat?post=87089"},{"taxonomy":"product_tag","embeddable":true,"href":"https:\/\/www.orentees.com\/de\/wp-json\/wp\/v2\/product_tag?post=87089"}],"curies":[{"name":"wp","href":"https:\/\/api.w.org\/{rel}","templated":true}]}}