{"id":87163,"date":"2023-03-31T17:13:10","date_gmt":"2023-03-31T15:13:10","guid":{"rendered":"https:\/\/www.orentees.com\/?post_type=product&#038;p=87163"},"modified":"2024-09-30T18:58:32","modified_gmt":"2024-09-30T16:58:32","slug":"location-duffel-110-l","status":"publish","type":"product","link":"https:\/\/www.orentees.com\/de\/product\/location-duffel-110-l\/","title":{"rendered":"110 L Reisetasche mieten"},"content":{"rendered":"","protected":false},"excerpt":{"rendered":"<p style=\"text-align: left; font-size: 18px;\"><strong>Pr\u00e4sentation:<\/strong><\/p>\n<p><span id=\"p163\">Rolltasche, The Duffel 110 L von <strong>ORTLIEB<\/strong> \u00a0ist bereit, Sie auf Expeditionen oder auf einer mehrw\u00f6chigen Reise zu begleiten. Vollst\u00e4ndig wasserdicht, sind Ihre Sachen vor Staub und Wasser gesch\u00fctzt (IP67).<\/span><\/p>\n<p><span id=\"p163\">Abnehmbare, gepolsterte Schultergurte, k\u00f6nnen als Tragegriff oder Rucksackfunktion verwendet werden.\u00a0<\/span><\/p>\n<p>Sein Stauraum von 110 Litern macht ihn zum idealen Begleiter f\u00fcr sehr lange Soloreisen oder Familienausfl\u00fcge.<\/p>\n<p><span id=\"p163\">Es kann mit einem kleinen Diebstahlsicherungskabel (nicht im Lieferumfang enthalten) verschlossen werden.<\/span><\/p>","protected":false},"featured_media":145149,"template":"","meta":{"_acf_changed":false},"product_brand":[],"product_cat":[3645,3643],"product_tag":[],"class_list":{"0":"post-87163","1":"product","2":"type-product","3":"status-publish","4":"has-post-thumbnail","6":"product_cat-bagagerie-voyage","7":"product_cat-location-equipement-voyage","8":"pa_dimension-86-x-45-x-33-cm","9":"pa_marque-ortlieb","10":"pa_volume-sac-a-dos-en-litre-4005","12":"first","13":"instock","14":"taxable","15":"shipping-taxable","16":"purchasable","17":"product-type-simple"},"bundled_by":["88539","88547","88549"],"bundle_stock_status":"instock","bundle_stock_quantity":1,"bundle_virtual":false,"bundle_layout":"","bundle_add_to_cart_form_location":"","bundle_editable_in_cart":false,"bundle_sold_individually_context":"","bundle_item_grouping":"","bundle_min_size":"","bundle_max_size":"","bundled_items":[],"bundle_sell_ids":[],"_links":{"self":[{"href":"https:\/\/www.orentees.com\/de\/wp-json\/wp\/v2\/product\/87163","targetHints":{"allow":["GET"]}}],"collection":[{"href":"https:\/\/www.orentees.com\/de\/wp-json\/wp\/v2\/product"}],"about":[{"href":"https:\/\/www.orentees.com\/de\/wp-json\/wp\/v2\/types\/product"}],"version-history":[{"count":2,"href":"https:\/\/www.orentees.com\/de\/wp-json\/wp\/v2\/product\/87163\/revisions"}],"predecessor-version":[{"id":145159,"href":"https:\/\/www.orentees.com\/de\/wp-json\/wp\/v2\/product\/87163\/revisions\/145159"}],"wp:featuredmedia":[{"embeddable":true,"href":"https:\/\/www.orentees.com\/de\/wp-json\/wp\/v2\/media\/145149"}],"wp:attachment":[{"href":"https:\/\/www.orentees.com\/de\/wp-json\/wp\/v2\/media?parent=87163"}],"wp:term":[{"taxonomy":"product_brand","embeddable":true,"href":"https:\/\/www.orentees.com\/de\/wp-json\/wp\/v2\/product_brand?post=87163"},{"taxonomy":"product_cat","embeddable":true,"href":"https:\/\/www.orentees.com\/de\/wp-json\/wp\/v2\/product_cat?post=87163"},{"taxonomy":"product_tag","embeddable":true,"href":"https:\/\/www.orentees.com\/de\/wp-json\/wp\/v2\/product_tag?post=87163"}],"curies":[{"name":"wp","href":"https:\/\/api.w.org\/{rel}","templated":true}]}}