{"id":87177,"date":"2023-03-31T17:41:36","date_gmt":"2023-03-31T15:41:36","guid":{"rendered":"https:\/\/www.orentees.com\/?post_type=product&#038;p=87177"},"modified":"2024-12-04T13:36:48","modified_gmt":"2024-12-04T12:36:48","slug":"location-panneau-solaire-65-watt","status":"publish","type":"product","link":"https:\/\/www.orentees.com\/de\/product\/location-panneau-solaire-65-watt\/","title":{"rendered":"Solarpanel-Vermietung, 6,5 Watt"},"content":{"rendered":"<h3><strong>Mieten Sie ein SUNMOOVE 6,5-Watt-Solarladeger\u00e4t von Solar Brother<\/strong><\/h3>\n<p>Ideal f\u00fcr alle Outdoor-Ausfl\u00fcge, l\u00e4sst es sich mit Karabinern an Ihrem Fahrrad, Rucksack, Kajak befestigen <\/p>","protected":false},"excerpt":{"rendered":"<p style=\"text-align: left; font-size: 18px;\"><strong>Pr\u00e4sentation:<\/strong><\/p>\n<p>Das Solar Brother Solarpanel, eine kleinere Version des 16-Watt-Modells, aber angesichts seiner Gr\u00f6\u00dfe genauso effizient, bietet eine Leistung von 6,5 Watt. Es kann ein Smartphone in 3 Stunden (bei voller Sonneneinstrahlung) aufladen.<\/p>\n<p>Die Ausgangsleistung betr\u00e4gt 1300 mA, die Energieerzeugung ist 25 bis 35 % leistungsst\u00e4rker als bei herk\u00f6mmlichen Zellen.<\/p>\n<p>Es wird mit 2 Karabinern geliefert, sodass Sie es an einem Rucksack oder einem anderen Trageger\u00e4t befestigen k\u00f6nnen.<\/p>\n<p>Es erm\u00f6glicht Ihnen auch, tags\u00fcber eine Batterie aufzuladen (separat zu mieten)<\/p>\n<p>Das Solarladeger\u00e4t ist mit allen USB-Ladekabeln kompatibel, es wird mit einem USB-C \/ Micro USB \/ iPhone-Kabel geliefert. Es kann Smartphones, Mini-Actionkameras, SAT-Telefone und andere 5V-Ger\u00e4te aufladen.<\/p>\n<p><strong>ACHTUNG: Der USB-Stecker ist nicht wasserdicht, lassen Sie ihn nicht im Wasser liegen<\/strong><\/p>\n<p>Nur als Paket erh\u00e4ltlich.<\/p>\n<hr \/>\n<p style=\"text-align: center;\"><em><strong>Pierres Meinung:<\/strong> \u201eNimmt (fast) keinen Platz ein und erm\u00f6glicht es Ihnen, Ihr Handy oder eine externe Batterie tags\u00fcber aufzuladen.\u201c<\/em><em>&#8220;<\/em><\/p>\n<hr \/>\n<p>&nbsp;<\/p>\n<p>&nbsp;<\/p>\n<p><em><span lang=\"fr\" style=\"font-size: 10pt; font-family: Verdana, sans-serif; color: #000000;\" xml:lang=\"fr\">* Foto nicht bindend<\/span><\/em><\/p>\n<p><span style=\"font-size: 10pt;\"> ** Basierend auf einer 8-t\u00e4gigen Miete<\/span><\/p>","protected":false},"featured_media":144539,"template":"","meta":{"_acf_changed":false},"product_brand":[],"product_cat":[3051],"product_tag":[],"class_list":{"0":"post-87177","1":"product","2":"type-product","3":"status-publish","4":"has-post-thumbnail","6":"product_cat-accueil","7":"pa_dimension-14-x-40-x-15-cm","8":"pa_marque-solar-brother","9":"pa_poids-190-gr","11":"first","12":"instock","13":"taxable","14":"shipping-taxable","15":"purchasable","16":"product-type-simple"},"bundled_by":["35400","35403","35406","35417","35993","35997","36000","36036","36071","50795","88539","88547","88549","92979","178911","178917","179951","186205"],"bundle_stock_status":"instock","bundle_stock_quantity":6,"bundle_virtual":false,"bundle_layout":"","bundle_add_to_cart_form_location":"","bundle_editable_in_cart":false,"bundle_sold_individually_context":"","bundle_item_grouping":"","bundle_min_size":"","bundle_max_size":"","bundled_items":[],"bundle_sell_ids":[],"_links":{"self":[{"href":"https:\/\/www.orentees.com\/de\/wp-json\/wp\/v2\/product\/87177","targetHints":{"allow":["GET"]}}],"collection":[{"href":"https:\/\/www.orentees.com\/de\/wp-json\/wp\/v2\/product"}],"about":[{"href":"https:\/\/www.orentees.com\/de\/wp-json\/wp\/v2\/types\/product"}],"version-history":[{"count":3,"href":"https:\/\/www.orentees.com\/de\/wp-json\/wp\/v2\/product\/87177\/revisions"}],"predecessor-version":[{"id":146685,"href":"https:\/\/www.orentees.com\/de\/wp-json\/wp\/v2\/product\/87177\/revisions\/146685"}],"wp:featuredmedia":[{"embeddable":true,"href":"https:\/\/www.orentees.com\/de\/wp-json\/wp\/v2\/media\/144539"}],"wp:attachment":[{"href":"https:\/\/www.orentees.com\/de\/wp-json\/wp\/v2\/media?parent=87177"}],"wp:term":[{"taxonomy":"product_brand","embeddable":true,"href":"https:\/\/www.orentees.com\/de\/wp-json\/wp\/v2\/product_brand?post=87177"},{"taxonomy":"product_cat","embeddable":true,"href":"https:\/\/www.orentees.com\/de\/wp-json\/wp\/v2\/product_cat?post=87177"},{"taxonomy":"product_tag","embeddable":true,"href":"https:\/\/www.orentees.com\/de\/wp-json\/wp\/v2\/product_tag?post=87177"}],"curies":[{"name":"wp","href":"https:\/\/api.w.org\/{rel}","templated":true}]}}