{"id":87185,"date":"2023-04-01T07:47:37","date_gmt":"2023-04-01T05:47:37","guid":{"rendered":"https:\/\/www.orentees.com\/?post_type=product&#038;p=87185"},"modified":"2025-07-17T09:47:37","modified_gmt":"2025-07-17T07:47:37","slug":"location-lanterne-batterie-externe-10000ma","status":"publish","type":"product","link":"https:\/\/www.orentees.com\/de\/product\/location-lanterne-batterie-externe-10000ma\/","title":{"rendered":"Vermietung einer externen, batteriebetriebenen Laterne mit 10.000 mA"},"content":{"rendered":"<h3><strong>Solar Brother Sun Sun 10.000 mAh Laterne und Akku-Verleih<\/strong><\/h3>\n<p>Ideal f\u00fcr alle Outdoor-Aktivit\u00e4ten, l\u00e4sst es sich mit Karabinern an Fahrrad, Rucksack oder Kajak befestigen. Es ist die perfekte Erg\u00e4nzung zu Solarmodulen.<\/p>","protected":false},"excerpt":{"rendered":"<p style=\"text-align: left; font-size: 18px;\"><strong>Pr\u00e4sentation:<\/strong><\/p>\n<p>Die SunSun-Laterne von Solar Brother (einem franz\u00f6sischen Start-up-Unternehmen, das f\u00fcr seine Solarprodukte bekannt ist) ist sowohl ein 10.000-mAh-USB-Akku als auch eine leistungsstarke 200-Lumen-LED-Laterne.<\/p>\n<p>Es ist sowohl kompakt als auch wasserdicht (IP-IP67) und somit der perfekte Begleiter f\u00fcr Ihre Outdoor-Abenteuer.<\/p>\n<p>Es erg\u00e4nzt die separat gemieteten Solarpaneele perfekt: Tags\u00fcber l\u00e4dt es sich auf und gibt abends den Strom wieder ab, um Ihnen den Weg zu beleuchten und Ihre Ger\u00e4te aufzuladen.<\/p>\n<p>Die Ausgangsleistung betr\u00e4gt 1300 mA, die Energieerzeugung ist 25 bis 35 % leistungsst\u00e4rker als bei herk\u00f6mmlichen Zellen.<\/p>\n<p>&nbsp;<\/p>\n<hr \/>\n<p style=\"text-align: center;\"><em><strong>Pierres Meinung:<\/strong> \u201eEine perfekte Erg\u00e4nzung zu Solarmodulen, ich habe keine Angst mehr, meine GPS-Aufzeichnung zu verlieren!\u201c<\/em><em>&#8220;<\/em><\/p>\n<hr \/>\n<p>&nbsp;<\/p>\n<p>&nbsp;<\/p>\n<p><em><span lang=\"fr\" style=\"font-size: 10pt; font-family: Verdana, sans-serif; color: #000000;\" xml:lang=\"fr\">* Foto nicht bindend<\/span><\/em><\/p>\n<p><span style=\"font-size: 10pt;\"> ** Basierend auf einer 8-t\u00e4gigen Miete<\/span><\/p>","protected":false},"featured_media":144521,"template":"","meta":{"_acf_changed":false},"product_brand":[],"product_cat":[3051],"product_tag":[],"class_list":{"0":"post-87185","1":"product","2":"type-product","3":"status-publish","4":"has-post-thumbnail","6":"product_cat-accueil","7":"pa_dimension-20-x-9-x-3-cm","8":"pa_marque-solar-brother","9":"pa_poids-400-g","11":"first","12":"instock","13":"taxable","14":"shipping-taxable","15":"purchasable","16":"product-type-simple"},"bundled_by":["35400","35403","35406","35417","35993","35997","36000","36036","36071","50795","88539","88547","88549","92979","178911","178917","179951","186205"],"bundle_stock_status":"instock","bundle_stock_quantity":4,"bundle_virtual":false,"bundle_layout":"","bundle_add_to_cart_form_location":"","bundle_editable_in_cart":false,"bundle_sold_individually_context":"","bundle_item_grouping":"","bundle_min_size":"","bundle_max_size":"","bundled_items":[],"bundle_sell_ids":[],"_links":{"self":[{"href":"https:\/\/www.orentees.com\/de\/wp-json\/wp\/v2\/product\/87185","targetHints":{"allow":["GET"]}}],"collection":[{"href":"https:\/\/www.orentees.com\/de\/wp-json\/wp\/v2\/product"}],"about":[{"href":"https:\/\/www.orentees.com\/de\/wp-json\/wp\/v2\/types\/product"}],"version-history":[{"count":5,"href":"https:\/\/www.orentees.com\/de\/wp-json\/wp\/v2\/product\/87185\/revisions"}],"predecessor-version":[{"id":185843,"href":"https:\/\/www.orentees.com\/de\/wp-json\/wp\/v2\/product\/87185\/revisions\/185843"}],"wp:featuredmedia":[{"embeddable":true,"href":"https:\/\/www.orentees.com\/de\/wp-json\/wp\/v2\/media\/144521"}],"wp:attachment":[{"href":"https:\/\/www.orentees.com\/de\/wp-json\/wp\/v2\/media?parent=87185"}],"wp:term":[{"taxonomy":"product_brand","embeddable":true,"href":"https:\/\/www.orentees.com\/de\/wp-json\/wp\/v2\/product_brand?post=87185"},{"taxonomy":"product_cat","embeddable":true,"href":"https:\/\/www.orentees.com\/de\/wp-json\/wp\/v2\/product_cat?post=87185"},{"taxonomy":"product_tag","embeddable":true,"href":"https:\/\/www.orentees.com\/de\/wp-json\/wp\/v2\/product_tag?post=87185"}],"curies":[{"name":"wp","href":"https:\/\/api.w.org\/{rel}","templated":true}]}}