{"id":88549,"date":"2023-04-28T12:08:55","date_gmt":"2023-04-28T10:08:55","guid":{"rendered":"https:\/\/www.orentees.com\/?post_type=product&#038;p=88549"},"modified":"2024-09-10T21:15:41","modified_gmt":"2024-09-10T19:15:41","slug":"pack-voyage-family","status":"publish","type":"product","link":"https:\/\/www.orentees.com\/de\/product\/pack-voyage-family\/","title":{"rendered":"Familienreisepaket"},"content":{"rendered":"","protected":false},"excerpt":{"rendered":"<p><strong>Pr\u00e4sentation:<\/strong><\/p>\n<p>Unser Reisepaket <b>Familie <\/b>f\u00fcr die Reisen<b> am Ende der Welt <\/b>Oder <b>die gro\u00dfen Reisen <\/b>ist vollst\u00e4ndig an Ihre Bed\u00fcrfnisse anpassbar:<\/p>\n<ul>\n<li>Reise-Babytrage <strong>FISCHADLER<\/strong> beide hyper <strong>kompakt<\/strong> und gro\u00dfartig <strong>komfortabel<\/strong><\/li>\n<li>Gep\u00e4ck mit einer Auswahl an Sees\u00e4cken <strong>ORTLIEB<\/strong> superstabil und mit einem Fassungsverm\u00f6gen von 40 bis 110 Litern f\u00fcr die Habseligkeiten der ganzen Familie.<\/li>\n<li><span lang=\"fr\" xml:lang=\"fr\">Schlafgelegenheiten mit der M\u00f6glichkeit, Luftmatratzen und Schlafs\u00e4cke zu mieten, ideal f\u00fcr den Urlaub unternehmungslustiger Familien!<\/span><\/li>\n<li><span lang=\"fr\" xml:lang=\"fr\">Tragbare Elektronik mit der M\u00f6glichkeit, Ihre Ger\u00e4te dank unserer Solarmodule aufzuladen oder Ihre unvergesslichen Momente mit der Action Cam 2 von zu filmen <strong>DJI<\/strong><\/span><\/li>\n<\/ul>\n<p>Hinweis: Schlafs\u00e4cke werden gestellt <span style=\"text-decoration: underline;\"><strong>mit<\/strong> <\/span>Bettw\u00e4sche (Schlafsack)<\/p>\n<p>&nbsp;<\/p>\n<hr \/>\n<p><em><strong>Pierres Meinung:<\/strong> \u201ePerfekt geeignet, um die gesamte Ausr\u00fcstung des \u201ekleinen\u201c Stammes sicher zu transportieren!<\/em><em>&#8220;<\/em><\/p>\n<hr \/>\n<p>&nbsp;<\/p>\n<p><em><span lang=\"fr\" xml:lang=\"fr\">* Foto nicht bindend<\/span><\/em><\/p>","protected":false},"featured_media":134425,"template":"","meta":{"_acf_changed":false},"product_brand":[],"product_cat":[3643],"product_tag":[],"class_list":{"0":"post-88549","1":"product","2":"type-product","3":"status-publish","4":"has-post-thumbnail","6":"product_cat-location-equipement-voyage","8":"first","9":"instock","10":"taxable","11":"shipping-taxable","12":"purchasable","13":"product-type-bundle"},"bundled_by":[],"bundle_stock_status":"instock","bundle_stock_quantity":"","bundle_virtual":false,"bundle_layout":"default","bundle_add_to_cart_form_location":"default","bundle_editable_in_cart":false,"bundle_sold_individually_context":"product","bundle_item_grouping":"parent","bundle_min_size":"","bundle_max_size":"","bundled_items":[{"bundled_item_id":3603,"product_id":87081,"menu_order":0,"quantity_min":1,"quantity_max":2,"quantity_default":1,"priced_individually":true,"shipped_individually":false,"override_title":true,"title":"Porte-b\u00e9b\u00e9 de voyage - OSPREY -","override_description":true,"description":"10 \u20ac \/ Tag **","optional":true,"hide_thumbnail":false,"discount":"","override_variations":false,"allowed_variations":[],"override_default_variation_attributes":false,"default_variation_attributes":[],"single_product_visibility":"visible","cart_visibility":"visible","order_visibility":"visible","single_product_price_visibility":"hidden","cart_price_visibility":"hidden","order_price_visibility":"hidden","stock_status":"in_stock"},{"bundled_item_id":3605,"product_id":87163,"menu_order":1,"quantity_min":1,"quantity_max":1,"quantity_default":1,"priced_individually":true,"shipped_individually":false,"override_title":true,"title":"Duffel 110 Litres - ORTLIEB -","override_description":true,"description":"8,75 \u20ac \/ Tag **","optional":true,"hide_thumbnail":false,"discount":"","override_variations":false,"allowed_variations":[],"override_default_variation_attributes":false,"default_variation_attributes":[],"single_product_visibility":"visible","cart_visibility":"visible","order_visibility":"visible","single_product_price_visibility":"hidden","cart_price_visibility":"hidden","order_price_visibility":"hidden","stock_status":"in_stock"},{"bundled_item_id":3607,"product_id":87151,"menu_order":2,"quantity_min":1,"quantity_max":1,"quantity_default":1,"priced_individually":true,"shipped_individually":false,"override_title":true,"title":"Duffel 85 Litres - ORTLIEB -","override_description":true,"description":"7,18 \u20ac \/ Tag **","optional":true,"hide_thumbnail":false,"discount":"","override_variations":false,"allowed_variations":[],"override_default_variation_attributes":false,"default_variation_attributes":[],"single_product_visibility":"visible","cart_visibility":"visible","order_visibility":"visible","single_product_price_visibility":"hidden","cart_price_visibility":"hidden","order_price_visibility":"hidden","stock_status":"in_stock"},{"bundled_item_id":3609,"product_id":87137,"menu_order":3,"quantity_min":1,"quantity_max":1,"quantity_default":1,"priced_individually":true,"shipped_individually":false,"override_title":true,"title":"Duffel 60 Litres - ORTLIEB -","override_description":true,"description":"5,20 \u20ac \/ Tag **","optional":true,"hide_thumbnail":false,"discount":"","override_variations":false,"allowed_variations":[],"override_default_variation_attributes":false,"default_variation_attributes":[],"single_product_visibility":"visible","cart_visibility":"visible","order_visibility":"visible","single_product_price_visibility":"hidden","cart_price_visibility":"hidden","order_price_visibility":"hidden","stock_status":"in_stock"},{"bundled_item_id":3611,"product_id":87127,"menu_order":4,"quantity_min":1,"quantity_max":1,"quantity_default":1,"priced_individually":true,"shipped_individually":false,"override_title":true,"title":"Duffel 40 Litres - ORTLIEB -","override_description":true,"description":"4,37 \u20ac \/ Tag **","optional":true,"hide_thumbnail":false,"discount":"","override_variations":false,"allowed_variations":[],"override_default_variation_attributes":false,"default_variation_attributes":[],"single_product_visibility":"visible","cart_visibility":"visible","order_visibility":"visible","single_product_price_visibility":"hidden","cart_price_visibility":"hidden","order_price_visibility":"hidden","stock_status":"in_stock"},{"bundled_item_id":3613,"product_id":35423,"menu_order":5,"quantity_min":1,"quantity_max":6,"quantity_default":1,"priced_individually":true,"shipped_individually":false,"override_title":true,"title":"Matelas et oreiller gonflable Premium","override_description":true,"description":"3,75 \u20ac\/Tag **","optional":true,"hide_thumbnail":false,"discount":"","override_variations":false,"allowed_variations":[],"override_default_variation_attributes":false,"default_variation_attributes":[],"single_product_visibility":"visible","cart_visibility":"visible","order_visibility":"visible","single_product_price_visibility":"hidden","cart_price_visibility":"hidden","order_price_visibility":"hidden","stock_status":"in_stock"},{"bundled_item_id":3615,"product_id":50808,"menu_order":6,"quantity_min":1,"quantity_max":6,"quantity_default":1,"priced_individually":true,"shipped_individually":false,"override_title":true,"title":"Sac de couchage et drap","override_description":true,"description":"3,75 \u20ac\/Tag **","optional":true,"hide_thumbnail":false,"discount":"","override_variations":false,"allowed_variations":[],"override_default_variation_attributes":false,"default_variation_attributes":[],"single_product_visibility":"visible","cart_visibility":"visible","order_visibility":"visible","single_product_price_visibility":"hidden","cart_price_visibility":"hidden","order_price_visibility":"hidden","stock_status":"in_stock"},{"bundled_item_id":3617,"product_id":87325,"menu_order":7,"quantity_min":1,"quantity_max":1,"quantity_default":1,"priced_individually":true,"shipped_individually":false,"override_title":true,"title":"Cam\u00e9ra DJI Action 2","override_description":true,"description":"9,38 \u20ac \/ Tag **","optional":true,"hide_thumbnail":false,"discount":"","override_variations":false,"allowed_variations":[],"override_default_variation_attributes":false,"default_variation_attributes":[],"single_product_visibility":"visible","cart_visibility":"visible","order_visibility":"visible","single_product_price_visibility":"hidden","cart_price_visibility":"hidden","order_price_visibility":"hidden","stock_status":"in_stock"},{"bundled_item_id":3619,"product_id":87177,"menu_order":8,"quantity_min":1,"quantity_max":6,"quantity_default":1,"priced_individually":true,"shipped_individually":false,"override_title":true,"title":"Panneau Solaire 6,5 W - Solar Brother -","override_description":true,"description":"3,75 \u20ac\/Tag **","optional":true,"hide_thumbnail":false,"discount":"","override_variations":false,"allowed_variations":[],"override_default_variation_attributes":false,"default_variation_attributes":[],"single_product_visibility":"visible","cart_visibility":"visible","order_visibility":"visible","single_product_price_visibility":"hidden","cart_price_visibility":"hidden","order_price_visibility":"hidden","stock_status":"in_stock"},{"bundled_item_id":3621,"product_id":87165,"menu_order":9,"quantity_min":1,"quantity_max":6,"quantity_default":1,"priced_individually":true,"shipped_individually":false,"override_title":true,"title":"Panneau Solaire 16 W - Solar Brother -","override_description":true,"description":"6,62 \u20ac \/ Tag **","optional":true,"hide_thumbnail":false,"discount":"","override_variations":false,"allowed_variations":[],"override_default_variation_attributes":false,"default_variation_attributes":[],"single_product_visibility":"visible","cart_visibility":"visible","order_visibility":"visible","single_product_price_visibility":"hidden","cart_price_visibility":"hidden","order_price_visibility":"hidden","stock_status":"in_stock"},{"bundled_item_id":3623,"product_id":87185,"menu_order":10,"quantity_min":1,"quantity_max":2,"quantity_default":1,"priced_individually":true,"shipped_individually":false,"override_title":true,"title":"Lampe - Batterie USB 10'000mA - Solar Brother -","override_description":true,"description":"3 \u20ac \/ Tag **","optional":true,"hide_thumbnail":false,"discount":"","override_variations":false,"allowed_variations":[],"override_default_variation_attributes":false,"default_variation_attributes":[],"single_product_visibility":"visible","cart_visibility":"visible","order_visibility":"visible","single_product_price_visibility":"hidden","cart_price_visibility":"hidden","order_price_visibility":"hidden","stock_status":"in_stock"},{"bundled_item_id":3625,"product_id":31104,"menu_order":11,"quantity_min":1,"quantity_max":1,"quantity_default":1,"priced_individually":true,"shipped_individually":true,"override_title":true,"title":"ASSURANCE TRANQUILITE (+30 \u20ac)","override_description":false,"description":"","optional":true,"hide_thumbnail":false,"discount":"","override_variations":false,"allowed_variations":[],"override_default_variation_attributes":false,"default_variation_attributes":[],"single_product_visibility":"visible","cart_visibility":"visible","order_visibility":"visible","single_product_price_visibility":"hidden","cart_price_visibility":"hidden","order_price_visibility":"hidden","stock_status":"in_stock"},{"bundled_item_id":3627,"product_id":31106,"menu_order":12,"quantity_min":1,"quantity_max":1,"quantity_default":1,"priced_individually":true,"shipped_individually":true,"override_title":true,"title":"ASSURANCE ANNULATION (+30 \u20ac)","override_description":false,"description":"","optional":true,"hide_thumbnail":false,"discount":"","override_variations":false,"allowed_variations":[],"override_default_variation_attributes":false,"default_variation_attributes":[],"single_product_visibility":"visible","cart_visibility":"visible","order_visibility":"visible","single_product_price_visibility":"hidden","cart_price_visibility":"hidden","order_price_visibility":"hidden","stock_status":"in_stock"}],"bundle_sell_ids":[],"_links":{"self":[{"href":"https:\/\/www.orentees.com\/de\/wp-json\/wp\/v2\/product\/88549","targetHints":{"allow":["GET"]}}],"collection":[{"href":"https:\/\/www.orentees.com\/de\/wp-json\/wp\/v2\/product"}],"about":[{"href":"https:\/\/www.orentees.com\/de\/wp-json\/wp\/v2\/types\/product"}],"version-history":[{"count":1,"href":"https:\/\/www.orentees.com\/de\/wp-json\/wp\/v2\/product\/88549\/revisions"}],"predecessor-version":[{"id":134743,"href":"https:\/\/www.orentees.com\/de\/wp-json\/wp\/v2\/product\/88549\/revisions\/134743"}],"wp:featuredmedia":[{"embeddable":true,"href":"https:\/\/www.orentees.com\/de\/wp-json\/wp\/v2\/media\/134425"}],"wp:attachment":[{"href":"https:\/\/www.orentees.com\/de\/wp-json\/wp\/v2\/media?parent=88549"}],"wp:term":[{"taxonomy":"product_brand","embeddable":true,"href":"https:\/\/www.orentees.com\/de\/wp-json\/wp\/v2\/product_brand?post=88549"},{"taxonomy":"product_cat","embeddable":true,"href":"https:\/\/www.orentees.com\/de\/wp-json\/wp\/v2\/product_cat?post=88549"},{"taxonomy":"product_tag","embeddable":true,"href":"https:\/\/www.orentees.com\/de\/wp-json\/wp\/v2\/product_tag?post=88549"}],"curies":[{"name":"wp","href":"https:\/\/api.w.org\/{rel}","templated":true}]}}