{"id":92935,"date":"2023-06-29T10:56:12","date_gmt":"2023-06-29T08:56:12","guid":{"rendered":"https:\/\/www.orentees.com\/?post_type=product&#038;p=92935"},"modified":"2024-12-04T13:36:48","modified_gmt":"2024-12-04T12:36:48","slug":"repas-deshydrate-pates-orzo-a-la-bolognaise","status":"publish","type":"product","link":"https:\/\/www.orentees.com\/de\/product\/repas-deshydrate-pates-orzo-a-la-bolognaise\/","title":{"rendered":"Dehydrierte Mahlzeit \u2013 Orzo-Nudeln Bolognese"},"content":{"rendered":"<h3><strong>Dehydrierte Mahlzeit: Orzo-Nudeln Bolognese<\/strong><\/h3>\n<p>Entdecken Sie die gefriergetrockneten Markenbeutel <strong>FEUERTOPF<\/strong>, und tauchen Sie bei Ihren Outdoor-Abenteuern in ein beispielloses kulinarisches Erlebnis ein. Mit dem Rezept \u201eOrzo Pasta Bolognese\u201c, <strong>FEUERTOPF<\/strong> bietet eine praktische und leckere L\u00f6sung, um Ihren Gaumen auch mitten in der Natur zu verw\u00f6hnen. Dieses laktosefreie Gericht ist speziell f\u00fcr Abenteuerlustige konzipiert, die eine leckere und energiegeladene Alternative suchen. Mit 635 Kalorien pro Beutel hilft es Ihnen, neue Energie zu tanken und Ihre Outdoor-Aktivit\u00e4ten in vollen Z\u00fcgen zu genie\u00dfen.<\/p>\n<p><strong>In wenigen Worten:<\/strong><br \/>\nDer gefriergetrocknete Beutel <strong>FEUERTOPF<\/strong> \u201eOrzo Pasta Bolognese\u201c ist die perfekte Kombination aus italienischem Geschmack und praktischer Handhabung f\u00fcr Outdoor-Fans. Dieses Gericht wird sorgf\u00e4ltig aus hochwertigen Zutaten zubereitet und ist laktosefrei. Jeder Beutel ist speziell konzipiert, um selbst unter extremsten Bedingungen ein au\u00dfergew\u00f6hnliches Geschmackserlebnis zu bieten.<\/p>\n<p>Mit einem Energiegehalt von 635 Kalorien pro Beutel ist \u201eOrzo Pasta Bolognese\u201c von <strong>FEUERTOPF<\/strong> versorgt dich mit der n\u00f6tigen Energie f\u00fcr deine Outdoor-Abenteuer. Egal ob beim Wandern, Camping oder auf Expedition \u2013 dieses Gericht hilft dir, neue Kraft zu tanken und dein Aktivit\u00e4tslevel zu halten.<\/p>\n<p>Dar\u00fcber hinaus ist dieses Essen <strong>frei von wichtigen Allergenen au\u00dfer Weizen,<\/strong> Dadurch ist es f\u00fcr viele Di\u00e4ten geeignet. FIREPOT ist bestrebt, Qualit\u00e4tsprodukte anzubieten und gleichzeitig individuelle Vorlieben und di\u00e4tetische Einschr\u00e4nkungen zu ber\u00fccksichtigen.<\/p>\n<p>Gefriergetrocknete Beutel <strong>FIREPOT \u201eOrzo Pasta Bolognese\u201c<\/strong> sind die <strong>ideale Erg\u00e4nzung zum Verleih von Biwakausr\u00fcstung.<\/strong> Wenn Sie auf Reisen gehen, suchen Sie nach praktischen und leichten L\u00f6sungen f\u00fcr Ihre Mahlzeiten. FIREPOT Taschen <strong>Antwort<\/strong> diesen Anforderungen gerecht zu werden, indem wir <strong>leckere und einfach zuzubereitende Gerichte<\/strong>.<\/p>\n<p>Dank ihrer gefriergetrockneten Beschaffenheit sind diese Beutel leicht, kompakt und<strong> leicht zu tragen<\/strong>Sie k\u00f6nnen sie problemlos in Ihren Rucksack oder Biwaksack stecken, ohne sich um zus\u00e4tzlichen Platz oder Gewicht sorgen zu m\u00fcssen.<\/p>\n<p>Mit \u201eOrzo Pasta Bolognese\u201c von <strong>FEUERTOPF<\/strong>, m\u00fcssen Sie sich w\u00e4hrend Ihres Outdoor-Abenteuers keine Gedanken \u00fcber die Essenszubereitung machen. Geben Sie einfach hei\u00dfes Wasser in den Beutel, verschlie\u00dfen Sie ihn und lassen Sie ihn einige Minuten ruhen. Dann k\u00f6nnen Sie eine leckere und nahrhafte Mahlzeit genie\u00dfen, die Sie auf Ihre n\u00e4chste Expedition begleitet.<\/p>\n<p><strong>Abschlie\u00dfend:<\/strong><br \/>\nGefriergetrocknete Beutel <strong>FIREPOT \u201eOrzo Pasta Bolognese\u201c<\/strong> sind die <strong>perfekte L\u00f6sung<\/strong> F\u00fcr Abenteuerlustige, die eine k\u00f6stliche und ausgewogene Mahlzeit im Freien genie\u00dfen m\u00f6chten. Mit ihrem hohen Energiegehalt von 635 Kalorien pro Beutel und ihrer laktosefreien Zusammensetzung bieten sie ein s\u00e4ttigendes und gesundes Speiseerlebnis. F\u00fcgen Sie sie zu Ihrer Campingausr\u00fcstung hinzu und genie\u00dfen Sie Ihre Outdoor-Ausfl\u00fcge in vollen Z\u00fcgen, ohne sich um die Essenszubereitung k\u00fcmmern zu m\u00fcssen.<\/p>","protected":false},"excerpt":{"rendered":"<p style=\"text-align: left; font-size: 18px;\"><strong>Pr\u00e4sentation:<\/strong><\/p>\n<p>Entdecken Sie das authentische Rezept f\u00fcr <strong>Orzo-Nudeln Bolognese<\/strong>, ein Gericht, das Tradition und italienische Aromen vereint. Diese perfekt ausgewogene Mischung aus al dente gekochten Orzo-Nudeln und hausgemachter Bolognese-Sauce wird Ihren Gaumen verw\u00f6hnen. Jeder Bissen versetzt Sie in die gesch\u00e4ftigen Stra\u00dfen Italiens, wo sich die k\u00f6stlichen Aromen der italienischen K\u00fcche harmonisch vermischen.<\/p>\n<p><span style=\"text-decoration: underline;\"><strong>Gebrauchsanweisung:<\/strong><\/span><br \/>\nVerw\u00f6hnen Sie sich mit der einfachen Zubereitung von <strong>Orzo-Nudeln Bolognese<\/strong>. Sie m\u00fcssen nur hinzuf\u00fcgen, etwa <strong>400 ml kochendes Wasser<\/strong> zur Zubereitung. Beutel verschlie\u00dfen und 15 Minuten ruhen lassen <strong>15 Minuten<\/strong>Vor dem Probieren gut verr\u00fchren, bis eine homogene Konsistenz entsteht und diese italienische K\u00f6stlichkeit genie\u00dfen.<\/p>\n<p><span style=\"text-decoration: underline;\"><strong>Zutaten:<\/strong><\/span><br \/>\nOrzo Pasta Bolognese wird sorgf\u00e4ltig aus erstklassigen Zutaten zubereitet. <strong>FEUERTOPF<\/strong> sorgf\u00e4ltig ausgew\u00e4hltes Rinderhackfleisch, Orzo-Nudeln aus Hartweizengrie\u00df, saftige Tomaten, w\u00fcrzige Zwiebeln, frischer Knoblauch, hochwertiges Tomatenp\u00fcree, duftendes Oliven\u00f6l, sorgf\u00e4ltig ausgew\u00e4hlte Gew\u00fcrze wie Lorbeerbl\u00e4tter, Oregano und Sternanis sowie Rinderbr\u00fche zur Geschmacksverfeinerung. All diese Zutaten ergeben zusammen ein k\u00f6stlich authentisches Gericht.<\/p>\n<p><em><span style=\"text-decoration: underline;\"><strong>Allergene: Weizen.<\/strong><\/span><\/em><\/p>\n<hr \/>\n<p style=\"text-align: center;\"><em><strong>Nancys Meinung:<\/strong> \u201eNach einem sch\u00f6nen Wandertag ist dieses Essen meine Belohnung mit einem Geschmack, der fast wie \u201ahausgemacht\u2018 schmeckt. <\/em><em>&#8220;<\/em><\/p>\n<hr \/>\n<p>&nbsp;<\/p>\n<p><em><span lang=\"fr\" style=\"font-size: 10pt; font-family: Verdana, sans-serif; color: #000000;\" xml:lang=\"fr\">* Foto nicht bindend<\/span><\/em><\/p>","protected":false},"featured_media":109847,"template":"","meta":{"_acf_changed":false},"product_brand":[],"product_cat":[3051],"product_tag":[],"class_list":{"0":"post-92935","1":"product","2":"type-product","3":"status-publish","4":"has-post-thumbnail","6":"product_cat-accueil","7":"pa_marque-firepot","9":"first","10":"instock","11":"taxable","12":"shipping-taxable","13":"purchasable","14":"product-type-simple"},"bundled_by":["92979"],"bundle_stock_status":"instock","bundle_stock_quantity":7,"bundle_virtual":false,"bundle_layout":"","bundle_add_to_cart_form_location":"","bundle_editable_in_cart":false,"bundle_sold_individually_context":"","bundle_item_grouping":"","bundle_min_size":"","bundle_max_size":"","bundled_items":[],"bundle_sell_ids":[],"_links":{"self":[{"href":"https:\/\/www.orentees.com\/de\/wp-json\/wp\/v2\/product\/92935","targetHints":{"allow":["GET"]}}],"collection":[{"href":"https:\/\/www.orentees.com\/de\/wp-json\/wp\/v2\/product"}],"about":[{"href":"https:\/\/www.orentees.com\/de\/wp-json\/wp\/v2\/types\/product"}],"version-history":[{"count":1,"href":"https:\/\/www.orentees.com\/de\/wp-json\/wp\/v2\/product\/92935\/revisions"}],"predecessor-version":[{"id":109845,"href":"https:\/\/www.orentees.com\/de\/wp-json\/wp\/v2\/product\/92935\/revisions\/109845"}],"wp:featuredmedia":[{"embeddable":true,"href":"https:\/\/www.orentees.com\/de\/wp-json\/wp\/v2\/media\/109847"}],"wp:attachment":[{"href":"https:\/\/www.orentees.com\/de\/wp-json\/wp\/v2\/media?parent=92935"}],"wp:term":[{"taxonomy":"product_brand","embeddable":true,"href":"https:\/\/www.orentees.com\/de\/wp-json\/wp\/v2\/product_brand?post=92935"},{"taxonomy":"product_cat","embeddable":true,"href":"https:\/\/www.orentees.com\/de\/wp-json\/wp\/v2\/product_cat?post=92935"},{"taxonomy":"product_tag","embeddable":true,"href":"https:\/\/www.orentees.com\/de\/wp-json\/wp\/v2\/product_tag?post=92935"}],"curies":[{"name":"wp","href":"https:\/\/api.w.org\/{rel}","templated":true}]}}